{"id":44497,"date":"2026-03-27T10:03:14","date_gmt":"2026-03-27T09:03:14","guid":{"rendered":"https:\/\/treurer.com\/producto\/summer-concert-2026\/"},"modified":"2026-03-27T10:03:14","modified_gmt":"2026-03-27T09:03:14","slug":"summer-concert-2026","status":"publish","type":"product","link":"https:\/\/treurer.com\/en\/producto\/summer-concert-2026\/","title":{"rendered":"Summer Concert 2026"},"content":{"rendered":"<p class=\"font-claude-response-body break-words whitespace-normal leading-[1.7]\">A complete musical experience in the heart of Mallorca.<\/p>\n<p class=\"font-claude-response-body break-words whitespace-normal leading-[1.7]\">At nightfall, at 9:30 pm, music will take center stage. The string quartet formed by Nina Heidenreich (violin), Ariadna Ferrer (violin), Hanga Feh\u00e9r (viola) and Lloren\u00e7 Rosal (cello) will perform a program ranging from the great classical masters &#8211; Haydn, Mozart, Brahms, Saint-Sa\u00ebns and Kreisler &#8211; to the passionate melodies of Piazzola, Gardel and Monti, without forgetting Gershwin and Revaux. <\/p>\n<p class=\"font-claude-response-body break-words whitespace-normal leading-[1.7]\">Live music in the incomparable setting of Finca Treurer. A night to remember. <\/p>\n","protected":false},"excerpt":{"rendered":"<p>Welcome cocktail<\/p>\n<p>On June 12, at 21:30 pm the chamber group composed of musicians Nina Heidenreich, violin, Ariadna Ferrer, violin, Hanga Feh\u00e9r, viola and Llorenc Rosal, cello will offer a concert with music by:<\/p>\n<ul>\n<li>Haydn<\/li>\n<li>Kreisler<\/li>\n<li>Saint Saens<\/li>\n<li>Brahms<\/li>\n<li>Mozart<\/li>\n<li>Revaux<\/li>\n<li>Piazzola<\/li>\n<li>Gershwin<\/li>\n<li>Gardel<\/li>\n<li>Monti<\/li>\n<\/ul>\n<p>If you wish to attend the dinner and concert, <a href=\"https:\/\/treurer.com\/en\/producto\/summer-dinner-and-concert-2026\/\">purchase your tickets on this other page<\/a>.<\/p>\n","protected":false},"featured_media":44473,"comment_status":"closed","ping_status":"closed","template":"","meta":{"_acf_changed":false,"content-type":"","_joinchat":[]},"product_brand":[],"product_cat":[639],"product_tag":[],"class_list":{"0":"post-44497","1":"product","2":"type-product","3":"status-publish","4":"has-post-thumbnail","6":"product_cat-kurzurlaube","8":"first","9":"instock","10":"virtual","11":"taxable","12":"purchasable","13":"product-type-simple"},"acf":[],"_links":{"self":[{"href":"https:\/\/treurer.com\/en\/wp-json\/wp\/v2\/product\/44497","targetHints":{"allow":["GET"]}}],"collection":[{"href":"https:\/\/treurer.com\/en\/wp-json\/wp\/v2\/product"}],"about":[{"href":"https:\/\/treurer.com\/en\/wp-json\/wp\/v2\/types\/product"}],"replies":[{"embeddable":true,"href":"https:\/\/treurer.com\/en\/wp-json\/wp\/v2\/comments?post=44497"}],"version-history":[{"count":0,"href":"https:\/\/treurer.com\/en\/wp-json\/wp\/v2\/product\/44497\/revisions"}],"wp:featuredmedia":[{"embeddable":true,"href":"https:\/\/treurer.com\/en\/wp-json\/wp\/v2\/media\/44473"}],"wp:attachment":[{"href":"https:\/\/treurer.com\/en\/wp-json\/wp\/v2\/media?parent=44497"}],"wp:term":[{"taxonomy":"product_brand","embeddable":true,"href":"https:\/\/treurer.com\/en\/wp-json\/wp\/v2\/product_brand?post=44497"},{"taxonomy":"product_cat","embeddable":true,"href":"https:\/\/treurer.com\/en\/wp-json\/wp\/v2\/product_cat?post=44497"},{"taxonomy":"product_tag","embeddable":true,"href":"https:\/\/treurer.com\/en\/wp-json\/wp\/v2\/product_tag?post=44497"}],"curies":[{"name":"wp","href":"https:\/\/api.w.org\/{rel}","templated":true}]}}