{"id":23251,"date":"2023-01-25T14:46:53","date_gmt":"2023-01-25T13:46:53","guid":{"rendered":"https:\/\/www.treurer.com\/?page_id=23251"},"modified":"2023-07-17T10:44:40","modified_gmt":"2023-07-17T08:44:40","slug":"why-beneficial-health-include-extra-virgin-olive-oil-diet","status":"publish","type":"page","link":"https:\/\/treurer.com\/en\/why-beneficial-health-include-extra-virgin-olive-oil-diet\/","title":{"rendered":"Landing &#8211; Why is it beneficial for your health to include extra virgin olive oil in your diet ?"},"content":{"rendered":"\t\t<div data-elementor-type=\"wp-page\" data-elementor-id=\"23251\" class=\"elementor elementor-23251 elementor-23250\" data-elementor-post-type=\"page\">\n\t\t\t\t\t\t<section class=\"elementor-section elementor-top-section elementor-element elementor-element-a757dcc elementor-section-height-min-height elementor-section-boxed elementor-section-height-default elementor-section-items-middle\" data-id=\"a757dcc\" data-element_type=\"section\" data-settings=\"{&quot;background_background&quot;:&quot;classic&quot;}\">\n\t\t\t\t\t\t\t<div class=\"elementor-background-overlay\"><\/div>\n\t\t\t\t\t\t\t<div class=\"elementor-container elementor-column-gap-default\">\n\t\t\t\t\t<div class=\"elementor-column elementor-col-100 elementor-top-column elementor-element elementor-element-2b92d00\" data-id=\"2b92d00\" data-element_type=\"column\" data-settings=\"{&quot;background_background&quot;:&quot;classic&quot;}\">\n\t\t\t<div class=\"elementor-widget-wrap\">\n\t\t\t\t\t\t\t<\/div>\n\t\t<\/div>\n\t\t\t\t\t<\/div>\n\t\t<\/section>\n\t\t\t\t<section class=\"elementor-section elementor-top-section elementor-element elementor-element-4b04fed elementor-section-boxed elementor-section-height-default elementor-section-height-default\" data-id=\"4b04fed\" data-element_type=\"section\" data-settings=\"{&quot;background_background&quot;:&quot;classic&quot;}\">\n\t\t\t\t\t\t<div class=\"elementor-container elementor-column-gap-default\">\n\t\t\t\t\t<div class=\"elementor-column elementor-col-100 elementor-top-column elementor-element elementor-element-5581124\" data-id=\"5581124\" data-element_type=\"column\">\n\t\t\t<div class=\"elementor-widget-wrap elementor-element-populated\">\n\t\t\t\t\t\t<div class=\"elementor-element elementor-element-077dd43 elementor-widget elementor-widget-heading\" data-id=\"077dd43\" data-element_type=\"widget\" data-widget_type=\"heading.default\">\n\t\t\t\t<div class=\"elementor-widget-container\">\n\t\t\t\t\t<h1 class=\"elementor-heading-title elementor-size-default\">Por que es beneficioso para la salud incluir el aceite de oliva virgen extra en la dieta.<\/h1>\t\t\t\t<\/div>\n\t\t\t\t<\/div>\n\t\t\t\t<div class=\"elementor-element elementor-element-e5d1b56 elementor-widget-divider--view-line elementor-widget elementor-widget-divider\" data-id=\"e5d1b56\" data-element_type=\"widget\" data-widget_type=\"divider.default\">\n\t\t\t\t<div class=\"elementor-widget-container\">\n\t\t\t\t\t\t\t<div class=\"elementor-divider\">\n\t\t\t<span class=\"elementor-divider-separator\">\n\t\t\t\t\t\t<\/span>\n\t\t<\/div>\n\t\t\t\t\t\t<\/div>\n\t\t\t\t<\/div>\n\t\t\t\t<section class=\"elementor-section elementor-inner-section elementor-element elementor-element-491f853 elementor-section-boxed elementor-section-height-default elementor-section-height-default\" data-id=\"491f853\" data-element_type=\"section\">\n\t\t\t\t\t\t<div class=\"elementor-container elementor-column-gap-default\">\n\t\t\t\t\t<div class=\"elementor-column elementor-col-100 elementor-inner-column elementor-element elementor-element-7407d65\" data-id=\"7407d65\" data-element_type=\"column\">\n\t\t\t<div class=\"elementor-widget-wrap elementor-element-populated\">\n\t\t\t\t\t\t<div class=\"elementor-element elementor-element-28dc876 mw800 elementor-widget elementor-widget-text-editor\" data-id=\"28dc876\" data-element_type=\"widget\" data-widget_type=\"text-editor.default\">\n\t\t\t\t<div class=\"elementor-widget-container\">\n\t\t\t\t\t\t\t\t\t<p>Incluir el aceite de oliva virgen de forma equilibrada a la alimentaci\u00f3n puede ayudar a prevenir enfermedades, a sentirse saciado y a tener la energ\u00eda que el cuerpo necesita. Existen muchos estudios que prueban sus beneficios para la salud, que resumimos a continuaci\u00f3n.<\/p>\n\t\t\t\t\t\t\t\t<\/div>\n\t\t\t\t<\/div>\n\t\t\t\t\t<\/div>\n\t\t<\/div>\n\t\t\t\t\t<\/div>\n\t\t<\/section>\n\t\t\t\t<div class=\"elementor-element elementor-element-eedb2ab elementor-align-center elementor-widget elementor-widget-button\" data-id=\"eedb2ab\" data-element_type=\"widget\" data-widget_type=\"button.default\">\n\t\t\t\t<div class=\"elementor-widget-container\">\n\t\t\t\t\t\t\t\t\t<div class=\"elementor-button-wrapper\">\n\t\t\t\t\t<a class=\"elementor-button elementor-button-link elementor-size-xs\" href=\"https:\/\/treurer.com\/en\/producto\/box-of-6-bottles-of-500-ml-of-treurer-extra-virgin-olive-oil\/\">\n\t\t\t\t\t\t<span class=\"elementor-button-content-wrapper\">\n\t\t\t\t\t\t\t\t\t<span class=\"elementor-button-text\">Tarifa plana en gastos de env\u00edo.<br>Compra ahora<\/span>\n\t\t\t\t\t<\/span>\n\t\t\t\t\t<\/a>\n\t\t\t\t<\/div>\n\t\t\t\t\t\t\t\t<\/div>\n\t\t\t\t<\/div>\n\t\t\t\t<section class=\"elementor-section elementor-inner-section elementor-element elementor-element-05317c3 elementor-section-boxed elementor-section-height-default elementor-section-height-default\" data-id=\"05317c3\" data-element_type=\"section\">\n\t\t\t\t\t\t<div class=\"elementor-container elementor-column-gap-default\">\n\t\t\t\t\t<div class=\"elementor-column elementor-col-100 elementor-inner-column elementor-element elementor-element-8f63250\" data-id=\"8f63250\" data-element_type=\"column\">\n\t\t\t<div class=\"elementor-widget-wrap elementor-element-populated\">\n\t\t\t\t\t\t<div class=\"elementor-element elementor-element-c1abda3 elementor-widget elementor-widget-image\" data-id=\"c1abda3\" data-element_type=\"widget\" data-widget_type=\"image.default\">\n\t\t\t\t<div class=\"elementor-widget-container\">\n\t\t\t\t\t\t\t\t\t\t\t\t\t\t\t\t<a href=\"https:\/\/treurer.com\/en\/producto\/box-of-6-bottles-of-500-ml-of-treurer-extra-virgin-olive-oil\/\">\n\t\t\t\t\t\t\t<img fetchpriority=\"high\" decoding=\"async\" width=\"1735\" height=\"1151\" src=\"https:\/\/treurer.com\/wp-content\/uploads\/Imagen-1.jpg\" class=\"attachment-large size-large wp-image-23263\" alt=\"\" srcset=\"https:\/\/treurer.com\/wp-content\/uploads\/Imagen-1.jpg 1735w, https:\/\/treurer.com\/wp-content\/uploads\/Imagen-1-768x509.jpg 768w, https:\/\/treurer.com\/wp-content\/uploads\/Imagen-1-1536x1019.jpg 1536w, https:\/\/treurer.com\/wp-content\/uploads\/Imagen-1-300x199.jpg 300w, https:\/\/treurer.com\/wp-content\/uploads\/Imagen-1-600x398.jpg 600w, https:\/\/treurer.com\/wp-content\/uploads\/Imagen-1-64x42.jpg 64w\" sizes=\"(max-width: 1735px) 100vw, 1735px\" title=\"\">\t\t\t\t\t\t\t\t<\/a>\n\t\t\t\t\t\t\t\t\t\t\t\t\t\t\t<\/div>\n\t\t\t\t<\/div>\n\t\t\t\t\t<\/div>\n\t\t<\/div>\n\t\t\t\t\t<\/div>\n\t\t<\/section>\n\t\t\t\t<section class=\"elementor-section elementor-inner-section elementor-element elementor-element-670e13c elementor-section-boxed elementor-section-height-default elementor-section-height-default\" data-id=\"670e13c\" data-element_type=\"section\">\n\t\t\t\t\t\t<div class=\"elementor-container elementor-column-gap-default\">\n\t\t\t\t\t<div class=\"elementor-column elementor-col-100 elementor-inner-column elementor-element elementor-element-0a5e325\" data-id=\"0a5e325\" data-element_type=\"column\">\n\t\t\t<div class=\"elementor-widget-wrap elementor-element-populated\">\n\t\t\t\t\t\t<div class=\"elementor-element elementor-element-4c48a24 mw800 elementor-widget__width-inherit elementor-widget elementor-widget-text-editor\" data-id=\"4c48a24\" data-element_type=\"widget\" data-widget_type=\"text-editor.default\">\n\t\t\t\t<div class=\"elementor-widget-container\">\n\t\t\t\t\t\t\t\t\t<ol>\n<li style=\"text-align: left;\">Es fuente de vitaminas E y polifenoles que junto a los \u00e1cidos grasos tienen una gran capacidad antioxidante por lo que protegen del envejecimiento.<\/li>\n<li style=\"text-align: left;\">Adem\u00e1s, el \u00e1cido oleico y los antioxidantes ayudan a prevenir la aparici\u00f3n de c\u00e9lulas cancerosas.<\/li>\n<li style=\"text-align: left;\">Estos mismos antioxidantes ayudan a mejorar la respuesta inmune, as\u00ed como evitar el estr\u00e9s oxidativo (especialmente \u00fatil para los deportistas.)<\/li>\n<li style=\"text-align: left;\">Tambi\u00e9n contiene componentes saludables como el hidroxitirosol o el oleocantal que, por ejemplo, act\u00faa como un antiinflamatorio natural.<\/li>\n<li style=\"text-align: left;\">Su consumo ayuda a regular la producci\u00f3n de insulina pancre\u00e1tica, controlando los niveles de glucosa en sangre, muy beneficioso en pacientes con Diabetes.<\/li>\n<li style=\"text-align: left;\">Sustituir otro tipo de grasas saturadas por este el aceite permite reducir los niveles de colesterol malo (LDL). Por esta misma raz\u00f3n, es un alimento que favorece la prevenci\u00f3n de enfermedades cardiovasculares y arteriosclerosis.<\/li>\n<li style=\"text-align: left;\">Interviene activamente en las funciones digestivas del organismo ayudan en la absorci\u00f3n de nutrientes y calcio incluso desde la infancia.<\/li>\n<li style=\"text-align: left;\">El aceite de oliva virgen extra cuya composici\u00f3n de grasas monoinsaturadas y poliinsaturadas es m\u00e1s resistente a las altas temperaturas por lo que al usarlo para freir, las cadenas que lo forman no se rompen evitando que el aceite entre dentro del alimento lo que podr\u00eda hacer que est\u00e9 fuera m\u00e1s graso y dif\u00edcil de digerir, adem\u00e1s de menos sabroso.<\/li>\n<li style=\"text-align: left;\">El aceite de oliva virgen extra es una grasa 100% natural y de origen vegetal, por lo que es apta para todo tipo de dieta, sin exclusiones.<\/li>\n<\/ol>\n\t\t\t\t\t\t\t\t<\/div>\n\t\t\t\t<\/div>\n\t\t\t\t\t<\/div>\n\t\t<\/div>\n\t\t\t\t\t<\/div>\n\t\t<\/section>\n\t\t\t\t<div class=\"elementor-element elementor-element-481e878 elementor-align-center elementor-widget elementor-widget-button\" data-id=\"481e878\" data-element_type=\"widget\" data-widget_type=\"button.default\">\n\t\t\t\t<div class=\"elementor-widget-container\">\n\t\t\t\t\t\t\t\t\t<div class=\"elementor-button-wrapper\">\n\t\t\t\t\t<a class=\"elementor-button elementor-button-link elementor-size-xs\" href=\"https:\/\/treurer.com\/en\/producto\/box-of-6-bottles-of-500-ml-of-treurer-extra-virgin-olive-oil\/\">\n\t\t\t\t\t\t<span class=\"elementor-button-content-wrapper\">\n\t\t\t\t\t\t\t\t\t<span class=\"elementor-button-text\">Pensamos en ti, te lo llevamos a casa<\/span>\n\t\t\t\t\t<\/span>\n\t\t\t\t\t<\/a>\n\t\t\t\t<\/div>\n\t\t\t\t\t\t\t\t<\/div>\n\t\t\t\t<\/div>\n\t\t\t\t\t<\/div>\n\t\t<\/div>\n\t\t\t\t\t<\/div>\n\t\t<\/section>\n\t\t\t\t<section class=\"elementor-section elementor-top-section elementor-element elementor-element-0ed3b36 elementor-section-boxed elementor-section-height-default elementor-section-height-default\" data-id=\"0ed3b36\" data-element_type=\"section\" data-settings=\"{&quot;background_background&quot;:&quot;classic&quot;}\">\n\t\t\t\t\t\t<div class=\"elementor-container elementor-column-gap-default\">\n\t\t\t\t\t<div class=\"elementor-column elementor-col-100 elementor-top-column elementor-element elementor-element-2c0f885\" data-id=\"2c0f885\" data-element_type=\"column\">\n\t\t\t<div class=\"elementor-widget-wrap elementor-element-populated\">\n\t\t\t\t\t\t<section class=\"elementor-section elementor-inner-section elementor-element elementor-element-8abf766 elementor-section-boxed elementor-section-height-default elementor-section-height-default\" data-id=\"8abf766\" data-element_type=\"section\">\n\t\t\t\t\t\t<div class=\"elementor-container elementor-column-gap-default\">\n\t\t\t\t\t<div class=\"elementor-column elementor-col-100 elementor-inner-column elementor-element elementor-element-2b38950\" data-id=\"2b38950\" data-element_type=\"column\">\n\t\t\t<div class=\"elementor-widget-wrap elementor-element-populated\">\n\t\t\t\t\t\t<div class=\"elementor-element elementor-element-359fd52 elementor-widget elementor-widget-image\" data-id=\"359fd52\" data-element_type=\"widget\" data-widget_type=\"image.default\">\n\t\t\t\t<div class=\"elementor-widget-container\">\n\t\t\t\t\t\t\t\t\t\t\t\t\t\t\t\t<a href=\"https:\/\/treurer.com\/en\/producto\/box-of-6-bottles-of-500-ml-of-treurer-extra-virgin-olive-oil\/\">\n\t\t\t\t\t\t\t<img decoding=\"async\" width=\"1735\" height=\"1151\" src=\"https:\/\/treurer.com\/wp-content\/uploads\/Botella-caja-treurer.jpg\" class=\"attachment-large size-large wp-image-23133\" alt=\"\" srcset=\"https:\/\/treurer.com\/wp-content\/uploads\/Botella-caja-treurer.jpg 1735w, https:\/\/treurer.com\/wp-content\/uploads\/Botella-caja-treurer-768x509.jpg 768w, https:\/\/treurer.com\/wp-content\/uploads\/Botella-caja-treurer-1536x1019.jpg 1536w, https:\/\/treurer.com\/wp-content\/uploads\/Botella-caja-treurer-300x199.jpg 300w, https:\/\/treurer.com\/wp-content\/uploads\/Botella-caja-treurer-600x398.jpg 600w, https:\/\/treurer.com\/wp-content\/uploads\/Botella-caja-treurer-64x42.jpg 64w\" sizes=\"(max-width: 1735px) 100vw, 1735px\" title=\"\">\t\t\t\t\t\t\t\t<\/a>\n\t\t\t\t\t\t\t\t\t\t\t\t\t\t\t<\/div>\n\t\t\t\t<\/div>\n\t\t\t\t\t<\/div>\n\t\t<\/div>\n\t\t\t\t\t<\/div>\n\t\t<\/section>\n\t\t\t\t<section class=\"elementor-section elementor-inner-section elementor-element elementor-element-a12d1f6 elementor-section-boxed elementor-section-height-default elementor-section-height-default\" data-id=\"a12d1f6\" data-element_type=\"section\">\n\t\t\t\t\t\t<div class=\"elementor-container elementor-column-gap-default\">\n\t\t\t\t\t<div class=\"elementor-column elementor-col-100 elementor-inner-column elementor-element elementor-element-98fff62\" data-id=\"98fff62\" data-element_type=\"column\">\n\t\t\t<div class=\"elementor-widget-wrap elementor-element-populated\">\n\t\t\t\t\t\t<div class=\"elementor-element elementor-element-908f315 mw800 elementor-widget__width-inherit elementor-widget elementor-widget-text-editor\" data-id=\"908f315\" data-element_type=\"widget\" data-widget_type=\"text-editor.default\">\n\t\t\t\t<div class=\"elementor-widget-container\">\n\t\t\t\t\t\t\t\t\t<p style=\"text-align: justify;\">Treurer es un AOVEE hecho solamente con aceitunas de nuestra propia finca y en nuestra propia almazara, eso, sumado a nuestras t\u00e9cnicas de cultivo y a nuestras t\u00e9cnicas de conservaci\u00f3n, a temperatura constante y en ausencia de ox\u00edgeno; hacen que elaboremos un aceite de oliva virgen extra de la m\u00e1xima calidad. No s\u00f3lo a nivel organol\u00e9ptico, sino que tambi\u00e9n elaboramos un aceite de oliva virgen extra que conserva desde el primer d\u00eda y hasta su consumo, todas aquellas sustancias como los polifenoles y vitaminas que lo hacen un alimento sano y que ayuda a preservar la salud.<\/p>\n\t\t\t\t\t\t\t\t<\/div>\n\t\t\t\t<\/div>\n\t\t\t\t\t<\/div>\n\t\t<\/div>\n\t\t\t\t\t<\/div>\n\t\t<\/section>\n\t\t\t\t\t<\/div>\n\t\t<\/div>\n\t\t\t\t\t<\/div>\n\t\t<\/section>\n\t\t\t\t<section class=\"elementor-section elementor-top-section elementor-element elementor-element-58e8deb elementor-section-boxed elementor-section-height-default elementor-section-height-default\" data-id=\"58e8deb\" data-element_type=\"section\" data-settings=\"{&quot;background_background&quot;:&quot;classic&quot;}\">\n\t\t\t\t\t\t<div class=\"elementor-container elementor-column-gap-default\">\n\t\t\t\t\t<div class=\"elementor-column elementor-col-100 elementor-top-column elementor-element elementor-element-a0ce147\" data-id=\"a0ce147\" data-element_type=\"column\">\n\t\t\t<div class=\"elementor-widget-wrap elementor-element-populated\">\n\t\t\t\t\t\t<section class=\"elementor-section elementor-inner-section elementor-element elementor-element-e987f62 elementor-section-full_width elementor-section-height-default elementor-section-height-default\" data-id=\"e987f62\" data-element_type=\"section\">\n\t\t\t\t\t\t<div class=\"elementor-container elementor-column-gap-default\">\n\t\t\t\t\t<div class=\"elementor-column elementor-col-100 elementor-inner-column elementor-element elementor-element-76a01c7\" data-id=\"76a01c7\" data-element_type=\"column\">\n\t\t\t<div class=\"elementor-widget-wrap elementor-element-populated\">\n\t\t\t\t\t\t<div class=\"elementor-element elementor-element-dc81488 elementor-widget elementor-widget-text-editor\" data-id=\"dc81488\" data-element_type=\"widget\" data-widget_type=\"text-editor.default\">\n\t\t\t\t<div class=\"elementor-widget-container\">\n\t\t\t\t\t\t\t\t\t<p style=\"text-align: center;\">Your vacations in our agritourism<\/p>\n\t\t\t\t\t\t\t\t<\/div>\n\t\t\t\t<\/div>\n\t\t\t\t\t<\/div>\n\t\t<\/div>\n\t\t\t\t\t<\/div>\n\t\t<\/section>\n\t\t\t\t<div class=\"elementor-element elementor-element-d93268e elementor-widget elementor-widget-text-editor\" data-id=\"d93268e\" data-element_type=\"widget\" data-widget_type=\"text-editor.default\">\n\t\t\t\t<div class=\"elementor-widget-container\">\n\t\t\t\t\t\t\t\t\t<p>Live a special Majorca spending your holidays in our Finca Hotel in Treurer. Here you can enjoy your rest surrounded by olive trees and in a very pleasant and relaxed environment.<\/p>\n\t\t\t\t\t\t\t\t<\/div>\n\t\t\t\t<\/div>\n\t\t\t\t<div class=\"elementor-element elementor-element-9ca087b elementor-align-center elementor-widget elementor-widget-button\" data-id=\"9ca087b\" data-element_type=\"widget\" data-widget_type=\"button.default\">\n\t\t\t\t<div class=\"elementor-widget-container\">\n\t\t\t\t\t\t\t\t\t<div class=\"elementor-button-wrapper\">\n\t\t\t\t\t<a class=\"elementor-button elementor-button-link elementor-size-sm\" href=\"https:\/\/treurer.com\/en\/hotel-majorca-treurer\/\">\n\t\t\t\t\t\t<span class=\"elementor-button-content-wrapper\">\n\t\t\t\t\t\t\t\t\t<span class=\"elementor-button-text\">Conoce nuestro agroturismo<\/span>\n\t\t\t\t\t<\/span>\n\t\t\t\t\t<\/a>\n\t\t\t\t<\/div>\n\t\t\t\t\t\t\t\t<\/div>\n\t\t\t\t<\/div>\n\t\t\t\t<section class=\"elementor-section elementor-inner-section elementor-element elementor-element-731ce74 elementor-section-boxed elementor-section-height-default elementor-section-height-default\" data-id=\"731ce74\" data-element_type=\"section\">\n\t\t\t\t\t\t<div class=\"elementor-container elementor-column-gap-default\">\n\t\t\t\t\t<div class=\"elementor-column elementor-col-50 elementor-inner-column elementor-element elementor-element-18a5f3e\" data-id=\"18a5f3e\" data-element_type=\"column\">\n\t\t\t<div class=\"elementor-widget-wrap elementor-element-populated\">\n\t\t\t\t\t\t<div class=\"elementor-element elementor-element-489f504 elementor-widget elementor-widget-image\" data-id=\"489f504\" data-element_type=\"widget\" data-widget_type=\"image.default\">\n\t\t\t\t<div class=\"elementor-widget-container\">\n\t\t\t\t\t\t\t\t\t\t\t\t\t\t\t<img decoding=\"async\" width=\"1920\" height=\"1081\" src=\"https:\/\/treurer.com\/wp-content\/uploads\/Treurer-Agroturisme-Projecte-Interiorisme-Hall--scaled.jpg\" class=\"attachment-large size-large wp-image-18909\" alt=\"\" title=\"\">\t\t\t\t\t\t\t\t\t\t\t\t\t\t\t<\/div>\n\t\t\t\t<\/div>\n\t\t\t\t\t<\/div>\n\t\t<\/div>\n\t\t\t\t<div class=\"elementor-column elementor-col-50 elementor-inner-column elementor-element elementor-element-9503dd8\" data-id=\"9503dd8\" data-element_type=\"column\">\n\t\t\t<div class=\"elementor-widget-wrap elementor-element-populated\">\n\t\t\t\t\t\t<div class=\"elementor-element elementor-element-fae4764 elementor-widget elementor-widget-image\" data-id=\"fae4764\" data-element_type=\"widget\" data-widget_type=\"image.default\">\n\t\t\t\t<div class=\"elementor-widget-container\">\n\t\t\t\t\t\t\t\t\t\t\t\t\t\t\t<img decoding=\"async\" src=\"https:\/\/treurer.com\/wp-content\/uploads\/Habitacion-Hotel-Mallorca-Randa-02.jpg\" title=\"\" alt=\"\" loading=\"lazy\">\t\t\t\t\t\t\t\t\t\t\t\t\t\t\t<\/div>\n\t\t\t\t<\/div>\n\t\t\t\t\t<\/div>\n\t\t<\/div>\n\t\t\t\t\t<\/div>\n\t\t<\/section>\n\t\t\t\t\t<\/div>\n\t\t<\/div>\n\t\t\t\t\t<\/div>\n\t\t<\/section>\n\t\t\t\t<\/div>\n\t\t","protected":false},"excerpt":{"rendered":"<p>Por que es beneficioso para la salud incluir el aceite de oliva virgen extra en la dieta. Incluir el aceite de oliva virgen de forma equilibrada a la alimentaci\u00f3n puede ayudar a prevenir enfermedades, a sentirse saciado y a tener la energ\u00eda que el cuerpo necesita. Existen muchos estudios que prueban sus beneficios para la [&hellip;]<\/p>\n","protected":false},"author":3,"featured_media":0,"parent":0,"menu_order":0,"comment_status":"closed","ping_status":"closed","template":"elementor_header_footer","meta":{"_acf_changed":false,"content-type":"","_joinchat":[],"footnotes":""},"class_list":["post-23251","page","type-page","status-publish","hentry"],"acf":[],"_links":{"self":[{"href":"https:\/\/treurer.com\/en\/wp-json\/wp\/v2\/pages\/23251","targetHints":{"allow":["GET"]}}],"collection":[{"href":"https:\/\/treurer.com\/en\/wp-json\/wp\/v2\/pages"}],"about":[{"href":"https:\/\/treurer.com\/en\/wp-json\/wp\/v2\/types\/page"}],"author":[{"embeddable":true,"href":"https:\/\/treurer.com\/en\/wp-json\/wp\/v2\/users\/3"}],"replies":[{"embeddable":true,"href":"https:\/\/treurer.com\/en\/wp-json\/wp\/v2\/comments?post=23251"}],"version-history":[{"count":4,"href":"https:\/\/treurer.com\/en\/wp-json\/wp\/v2\/pages\/23251\/revisions"}],"predecessor-version":[{"id":27848,"href":"https:\/\/treurer.com\/en\/wp-json\/wp\/v2\/pages\/23251\/revisions\/27848"}],"wp:attachment":[{"href":"https:\/\/treurer.com\/en\/wp-json\/wp\/v2\/media?parent=23251"}],"curies":[{"name":"wp","href":"https:\/\/api.w.org\/{rel}","templated":true}]}}