{"id":22365,"date":"2023-01-07T23:09:49","date_gmt":"2023-01-07T22:09:49","guid":{"rendered":"https:\/\/www.treurer.com\/?page_id=22365"},"modified":"2023-12-29T12:57:13","modified_gmt":"2023-12-29T11:57:13","slug":"arturo-guillan","status":"publish","type":"page","link":"https:\/\/treurer.com\/en\/the-team\/arturo-guillan\/","title":{"rendered":"Arturo Guillan"},"content":{"rendered":"\t\t<div data-elementor-type=\"wp-page\" data-elementor-id=\"22365\" class=\"elementor elementor-22365 elementor-22362\" data-elementor-post-type=\"page\">\n\t\t\t\t\t\t<section class=\"elementor-section elementor-top-section elementor-element elementor-element-90cb5b8 elementor-section-height-full elementor-section-boxed elementor-section-height-default elementor-section-items-middle\" data-id=\"90cb5b8\" data-element_type=\"section\" data-settings=\"{&quot;background_background&quot;:&quot;classic&quot;}\">\n\t\t\t\t\t\t\t<div class=\"elementor-background-overlay\"><\/div>\n\t\t\t\t\t\t\t<div class=\"elementor-container elementor-column-gap-default\">\n\t\t\t\t\t<div class=\"elementor-column elementor-col-100 elementor-top-column elementor-element elementor-element-c785182\" data-id=\"c785182\" data-element_type=\"column\" data-settings=\"{&quot;background_background&quot;:&quot;classic&quot;}\">\n\t\t\t<div class=\"elementor-widget-wrap elementor-element-populated\">\n\t\t\t\t\t\t<div class=\"elementor-element elementor-element-dd0c791 elementor-widget elementor-widget-heading\" data-id=\"dd0c791\" data-element_type=\"widget\" data-widget_type=\"heading.default\">\n\t\t\t\t<div class=\"elementor-widget-container\">\n\t\t\t\t\t<h2 class=\"elementor-heading-title elementor-size-default\">Arturo Guillan<\/h2>\t\t\t\t<\/div>\n\t\t\t\t<\/div>\n\t\t\t\t\t<\/div>\n\t\t<\/div>\n\t\t\t\t\t<\/div>\n\t\t<\/section>\n\t\t\t\t<section class=\"elementor-section elementor-top-section elementor-element elementor-element-46904f3 elementor-section-boxed elementor-section-height-default elementor-section-height-default\" data-id=\"46904f3\" data-element_type=\"section\" data-settings=\"{&quot;background_background&quot;:&quot;classic&quot;}\">\n\t\t\t\t\t\t<div class=\"elementor-container elementor-column-gap-default\">\n\t\t\t\t\t<div class=\"elementor-column elementor-col-100 elementor-top-column elementor-element elementor-element-662482b\" data-id=\"662482b\" data-element_type=\"column\" data-settings=\"{&quot;background_background&quot;:&quot;classic&quot;}\">\n\t\t\t<div class=\"elementor-widget-wrap elementor-element-populated\">\n\t\t\t\t\t\t<section class=\"elementor-section elementor-inner-section elementor-element elementor-element-ce0941d elementor-section-boxed elementor-section-height-default elementor-section-height-default\" data-id=\"ce0941d\" data-element_type=\"section\">\n\t\t\t\t\t\t<div class=\"elementor-container elementor-column-gap-default\">\n\t\t\t\t\t<div class=\"elementor-column elementor-col-33 elementor-inner-column elementor-element elementor-element-790a55a\" data-id=\"790a55a\" data-element_type=\"column\">\n\t\t\t<div class=\"elementor-widget-wrap\">\n\t\t\t\t\t\t\t<\/div>\n\t\t<\/div>\n\t\t\t\t<div class=\"elementor-column elementor-col-33 elementor-inner-column elementor-element elementor-element-7aa9239\" data-id=\"7aa9239\" data-element_type=\"column\" data-settings=\"{&quot;background_background&quot;:&quot;classic&quot;}\">\n\t\t\t<div class=\"elementor-widget-wrap elementor-element-populated\">\n\t\t\t\t\t\t<div class=\"elementor-element elementor-element-4e15409 elementor-widget elementor-widget-text-editor\" data-id=\"4e15409\" data-element_type=\"widget\" data-widget_type=\"text-editor.default\">\n\t\t\t\t<div class=\"elementor-widget-container\">\n\t\t\t\t\t\t\t\t\t<p><script class=\"kas_online_reception\" src=\"https:\/\/wubook.net\/js\/nebk\/bwidget.jgz\" data-wid=\"087a99d2-0e2d-4398-bbd7-a92ca05df55c\"><\/script><\/p>\n\t\t\t\t\t\t\t\t<\/div>\n\t\t\t\t<\/div>\n\t\t\t\t\t<\/div>\n\t\t<\/div>\n\t\t\t\t<div class=\"elementor-column elementor-col-33 elementor-inner-column elementor-element elementor-element-a093d92\" data-id=\"a093d92\" data-element_type=\"column\">\n\t\t\t<div class=\"elementor-widget-wrap\">\n\t\t\t\t\t\t\t<\/div>\n\t\t<\/div>\n\t\t\t\t\t<\/div>\n\t\t<\/section>\n\t\t\t\t\t<\/div>\n\t\t<\/div>\n\t\t\t\t\t<\/div>\n\t\t<\/section>\n\t\t\t\t<section class=\"elementor-section elementor-top-section elementor-element elementor-element-33fd139 elementor-section-boxed elementor-section-height-default elementor-section-height-default\" data-id=\"33fd139\" data-element_type=\"section\" data-settings=\"{&quot;background_background&quot;:&quot;classic&quot;}\">\n\t\t\t\t\t\t<div class=\"elementor-container elementor-column-gap-default\">\n\t\t\t\t\t<div class=\"elementor-column elementor-col-100 elementor-top-column elementor-element elementor-element-67db26d\" data-id=\"67db26d\" data-element_type=\"column\">\n\t\t\t<div class=\"elementor-widget-wrap elementor-element-populated\">\n\t\t\t\t\t\t<div class=\"elementor-element elementor-element-4ed148f elementor-widget elementor-widget-menu-anchor\" data-id=\"4ed148f\" data-element_type=\"widget\" data-widget_type=\"menu-anchor.default\">\n\t\t\t\t<div class=\"elementor-widget-container\">\n\t\t\t\t\t\t\t<div class=\"elementor-menu-anchor\" id=\"equipo\"><\/div>\n\t\t\t\t\t\t<\/div>\n\t\t\t\t<\/div>\n\t\t\t\t\t<\/div>\n\t\t<\/div>\n\t\t\t\t\t<\/div>\n\t\t<\/section>\n\t\t\t\t<section class=\"elementor-section elementor-top-section elementor-element elementor-element-ae99f00 elementor-section-boxed elementor-section-height-default elementor-section-height-default\" data-id=\"ae99f00\" data-element_type=\"section\" data-settings=\"{&quot;background_background&quot;:&quot;classic&quot;}\">\n\t\t\t\t\t\t<div class=\"elementor-container elementor-column-gap-default\">\n\t\t\t\t\t<div class=\"elementor-column elementor-col-100 elementor-top-column elementor-element elementor-element-cc938f6\" data-id=\"cc938f6\" data-element_type=\"column\">\n\t\t\t<div class=\"elementor-widget-wrap elementor-element-populated\">\n\t\t\t\t\t\t<section class=\"elementor-section elementor-inner-section elementor-element elementor-element-777a179 elementor-section-boxed elementor-section-height-default elementor-section-height-default\" data-id=\"777a179\" data-element_type=\"section\">\n\t\t\t\t\t\t<div class=\"elementor-container elementor-column-gap-wider\">\n\t\t\t\t\t<div class=\"elementor-column elementor-col-50 elementor-inner-column elementor-element elementor-element-8a0d755\" data-id=\"8a0d755\" data-element_type=\"column\">\n\t\t\t<div class=\"elementor-widget-wrap elementor-element-populated\">\n\t\t\t\t\t\t<div class=\"elementor-element elementor-element-686dbc8 elementor-widget elementor-widget-image\" data-id=\"686dbc8\" data-element_type=\"widget\" data-widget_type=\"image.default\">\n\t\t\t\t<div class=\"elementor-widget-container\">\n\t\t\t\t\t\t\t\t\t\t\t\t\t\t\t<img fetchpriority=\"high\" decoding=\"async\" width=\"1920\" height=\"1920\" src=\"https:\/\/treurer.com\/wp-content\/uploads\/Arturo.jpg\" class=\"attachment-full size-full wp-image-22234\" alt=\"\" srcset=\"https:\/\/treurer.com\/wp-content\/uploads\/Arturo.jpg 1920w, https:\/\/treurer.com\/wp-content\/uploads\/Arturo-768x768.jpg 768w, https:\/\/treurer.com\/wp-content\/uploads\/Arturo-1536x1536.jpg 1536w, https:\/\/treurer.com\/wp-content\/uploads\/Arturo-300x300.jpg 300w, https:\/\/treurer.com\/wp-content\/uploads\/Arturo-600x600.jpg 600w, https:\/\/treurer.com\/wp-content\/uploads\/Arturo-100x100.jpg 100w, https:\/\/treurer.com\/wp-content\/uploads\/Arturo-64x64.jpg 64w\" sizes=\"(max-width: 1920px) 100vw, 1920px\" title=\"\">\t\t\t\t\t\t\t\t\t\t\t\t\t\t\t<\/div>\n\t\t\t\t<\/div>\n\t\t\t\t\t<\/div>\n\t\t<\/div>\n\t\t\t\t<div class=\"elementor-column elementor-col-50 elementor-inner-column elementor-element elementor-element-a8eb3b2\" data-id=\"a8eb3b2\" data-element_type=\"column\">\n\t\t\t<div class=\"elementor-widget-wrap elementor-element-populated\">\n\t\t\t\t\t\t<div class=\"elementor-element elementor-element-b40ca40 elementor-widget elementor-widget-heading\" data-id=\"b40ca40\" data-element_type=\"widget\" data-widget_type=\"heading.default\">\n\t\t\t\t<div class=\"elementor-widget-container\">\n\t\t\t\t\t<h2 class=\"elementor-heading-title elementor-size-default\">Arturo Guillan<\/h2>\t\t\t\t<\/div>\n\t\t\t\t<\/div>\n\t\t\t\t<div class=\"elementor-element elementor-element-cb9aedc elementor-widget elementor-widget-heading\" data-id=\"cb9aedc\" data-element_type=\"widget\" data-widget_type=\"heading.default\">\n\t\t\t\t<div class=\"elementor-widget-container\">\n\t\t\t\t\t<h2 class=\"elementor-heading-title elementor-size-default\">Responsable de mantenimiento<\/h2>\t\t\t\t<\/div>\n\t\t\t\t<\/div>\n\t\t\t\t<div class=\"elementor-element elementor-element-be14d26 elementor-widget elementor-widget-text-editor\" data-id=\"be14d26\" data-element_type=\"widget\" data-widget_type=\"text-editor.default\">\n\t\t\t\t<div class=\"elementor-widget-container\">\n\t\t\t\t\t\t\t\t\t<p><strong>No hay gran proyecto sin una persona para todo y en Treurer \u00e9ste es Arturo.<\/strong><\/p>\n<p>Ligado a Treurer desde hace tiempo. Es el responsable del mantenimiento de las instalaciones y de apoyo en el servicio.<\/p>\n<p>Arturo siempre est\u00e1 atento a lo que sucede y dispuesto a intervenir d\u00f3nde se le necesite. Con avidez de aprendizaje, ni se le escapa, ni se le resiste nada, siempre encuentra una soluci\u00f3n para cualquier situaci\u00f3n.<\/p>\n<p>Podemos definir a Arturo como polivalente y detallista, y \u00e9l se encarga de poner ambas caracter\u00edsticas en el d\u00eda a d\u00eda de Treurer.\u00a0<\/p>\n\t\t\t\t\t\t\t\t<\/div>\n\t\t\t\t<\/div>\n\t\t\t\t\t<\/div>\n\t\t<\/div>\n\t\t\t\t\t<\/div>\n\t\t<\/section>\n\t\t\t\t\t<\/div>\n\t\t<\/div>\n\t\t\t\t\t<\/div>\n\t\t<\/section>\n\t\t\t\t<section class=\"elementor-section elementor-top-section elementor-element elementor-element-eb84e69 elementor-section-boxed elementor-section-height-default elementor-section-height-default\" data-id=\"eb84e69\" data-element_type=\"section\">\n\t\t\t\t\t\t<div class=\"elementor-container elementor-column-gap-default\">\n\t\t\t\t\t<div class=\"elementor-column elementor-col-100 elementor-top-column elementor-element elementor-element-822c9a9\" data-id=\"822c9a9\" data-element_type=\"column\">\n\t\t\t<div class=\"elementor-widget-wrap elementor-element-populated\">\n\t\t\t\t\t\t<div class=\"elementor-element elementor-element-acfefd8 mw300 elementor-widget__width-inherit elementor-widget elementor-widget-heading\" data-id=\"acfefd8\" data-element_type=\"widget\" data-widget_type=\"heading.default\">\n\t\t\t\t<div class=\"elementor-widget-container\">\n\t\t\t\t\t<h2 class=\"elementor-heading-title elementor-size-default\">\u00bfPodemos ayudarte?<\/h2>\t\t\t\t<\/div>\n\t\t\t\t<\/div>\n\t\t\t\t<div class=\"elementor-element elementor-element-d99c19e elementor-widget elementor-widget-text-editor\" data-id=\"d99c19e\" data-element_type=\"widget\" data-widget_type=\"text-editor.default\">\n\t\t\t\t<div class=\"elementor-widget-container\">\n\t\t\t\t\t\t\t\t\t<p style=\"text-align: center;\">D\u00e9janos tu consulta y te responderemos antes de 24h.<\/p>\n\t\t\t\t\t\t\t\t<\/div>\n\t\t\t\t<\/div>\n\t\t\t\t<section class=\"elementor-section elementor-inner-section elementor-element elementor-element-9af1f9d elementor-section-boxed elementor-section-height-default elementor-section-height-default\" data-id=\"9af1f9d\" data-element_type=\"section\">\n\t\t\t\t\t\t<div class=\"elementor-container elementor-column-gap-default\">\n\t\t\t\t\t<div class=\"elementor-column elementor-col-100 elementor-inner-column elementor-element elementor-element-7470986\" data-id=\"7470986\" data-element_type=\"column\">\n\t\t\t<div class=\"elementor-widget-wrap elementor-element-populated\">\n\t\t\t\t\t\t<div class=\"elementor-element elementor-element-f6b3403 elementor-widget elementor-widget-text-editor\" data-id=\"f6b3403\" data-element_type=\"widget\" data-widget_type=\"text-editor.default\">\n\t\t\t\t<div class=\"elementor-widget-container\">\n\t\t\t\t\t\t\t\t\t\n\t\t\t\t\t\t<script>\n\t\t\t\t\t\t\twindow.hsFormsOnReady = window.hsFormsOnReady || [];\n\t\t\t\t\t\t\twindow.hsFormsOnReady.push(()=>{\n\t\t\t\t\t\t\t\thbspt.forms.create({\n\t\t\t\t\t\t\t\t\tportalId: 7873078,\n\t\t\t\t\t\t\t\t\tformId: \"bcb89868-4c9d-41f5-8c6f-f231dcfe5f61\",\n\t\t\t\t\t\t\t\t\ttarget: \"#hbspt-form-1776172500000-1071106944\",\n\t\t\t\t\t\t\t\t\tregion: \"na1\",\n\t\t\t\t\t\t\t\t\t\n\t\t\t\t\t\t\t})});\n\t\t\t\t\t\t<\/script>\n\t\t\t\t\t\t<div class=\"hbspt-form\" id=\"hbspt-form-1776172500000-1071106944\"><\/div>\n\t\t\t\t\t\t\t\t<\/div>\n\t\t\t\t<\/div>\n\t\t\t\t\t<\/div>\n\t\t<\/div>\n\t\t\t\t\t<\/div>\n\t\t<\/section>\n\t\t\t\t\t<\/div>\n\t\t<\/div>\n\t\t\t\t\t<\/div>\n\t\t<\/section>\n\t\t\t\t<section class=\"elementor-section elementor-top-section elementor-element elementor-element-80dbf50 elementor-section-boxed elementor-section-height-default elementor-section-height-default\" data-id=\"80dbf50\" data-element_type=\"section\" data-settings=\"{&quot;background_background&quot;:&quot;classic&quot;}\">\n\t\t\t\t\t\t<div class=\"elementor-container elementor-column-gap-default\">\n\t\t\t\t\t<div class=\"elementor-column elementor-col-100 elementor-top-column elementor-element elementor-element-9e5eec4\" data-id=\"9e5eec4\" data-element_type=\"column\">\n\t\t\t<div class=\"elementor-widget-wrap elementor-element-populated\">\n\t\t\t\t\t\t<section class=\"elementor-section elementor-inner-section elementor-element elementor-element-2460207 elementor-section-full_width elementor-section-height-default elementor-section-height-default\" data-id=\"2460207\" data-element_type=\"section\">\n\t\t\t\t\t\t<div class=\"elementor-container elementor-column-gap-default\">\n\t\t\t\t\t<div class=\"elementor-column elementor-col-100 elementor-inner-column elementor-element elementor-element-0724957\" data-id=\"0724957\" data-element_type=\"column\">\n\t\t\t<div class=\"elementor-widget-wrap elementor-element-populated\">\n\t\t\t\t\t\t<div class=\"elementor-element elementor-element-ad29af1 elementor-widget elementor-widget-text-editor\" data-id=\"ad29af1\" data-element_type=\"widget\" data-widget_type=\"text-editor.default\">\n\t\t\t\t<div class=\"elementor-widget-container\">\n\t\t\t\t\t\t\t\t\t<p style=\"text-align: center;\"><strong>Your vacations in our Finca-Hotel<\/strong><\/p>\t\t\t\t\t\t\t\t<\/div>\n\t\t\t\t<\/div>\n\t\t\t\t\t<\/div>\n\t\t<\/div>\n\t\t\t\t\t<\/div>\n\t\t<\/section>\n\t\t\t\t<div class=\"elementor-element elementor-element-6a6f878 elementor-widget elementor-widget-text-editor\" data-id=\"6a6f878\" data-element_type=\"widget\" data-widget_type=\"text-editor.default\">\n\t\t\t\t<div class=\"elementor-widget-container\">\n\t\t\t\t\t\t\t\t\t<p style=\"text-align: center;\">Live a special Majorca spending your holidays in our Finca Hotel in Treurer. Here you can enjoy your rest surrounded by olive trees and in a very pleasant and relaxed environment.<\/p>\t\t\t\t\t\t\t\t<\/div>\n\t\t\t\t<\/div>\n\t\t\t\t<div class=\"elementor-element elementor-element-2418d1c elementor-align-center elementor-widget elementor-widget-button\" data-id=\"2418d1c\" data-element_type=\"widget\" data-widget_type=\"button.default\">\n\t\t\t\t<div class=\"elementor-widget-container\">\n\t\t\t\t\t\t\t\t\t<div class=\"elementor-button-wrapper\">\n\t\t\t\t\t<a class=\"elementor-button elementor-button-link elementor-size-sm\" href=\"https:\/\/treurer.com\/en\/hotel-majorca-treurer\/\">\n\t\t\t\t\t\t<span class=\"elementor-button-content-wrapper\">\n\t\t\t\t\t\t\t\t\t<span class=\"elementor-button-text\">Get to know our finca-hotel<\/span>\n\t\t\t\t\t<\/span>\n\t\t\t\t\t<\/a>\n\t\t\t\t<\/div>\n\t\t\t\t\t\t\t\t<\/div>\n\t\t\t\t<\/div>\n\t\t\t\t<section class=\"elementor-section elementor-inner-section elementor-element elementor-element-64d7845 elementor-section-boxed elementor-section-height-default elementor-section-height-default\" data-id=\"64d7845\" data-element_type=\"section\">\n\t\t\t\t\t\t<div class=\"elementor-container elementor-column-gap-default\">\n\t\t\t\t\t<div class=\"elementor-column elementor-col-50 elementor-inner-column elementor-element elementor-element-bc1611f\" data-id=\"bc1611f\" data-element_type=\"column\">\n\t\t\t<div class=\"elementor-widget-wrap elementor-element-populated\">\n\t\t\t\t\t\t<div class=\"elementor-element elementor-element-cd36522 elementor-widget elementor-widget-image\" data-id=\"cd36522\" data-element_type=\"widget\" data-widget_type=\"image.default\">\n\t\t\t\t<div class=\"elementor-widget-container\">\n\t\t\t\t\t\t\t\t\t\t\t\t\t\t\t<img decoding=\"async\" width=\"1920\" height=\"1280\" src=\"https:\/\/treurer.com\/wp-content\/uploads\/Junior-Suite-Olivar-12-1.jpg\" class=\"attachment-large size-large wp-image-31673\" alt=\"\" srcset=\"https:\/\/treurer.com\/wp-content\/uploads\/Junior-Suite-Olivar-12-1.jpg 1920w, https:\/\/treurer.com\/wp-content\/uploads\/Junior-Suite-Olivar-12-1-768x512.jpg 768w, https:\/\/treurer.com\/wp-content\/uploads\/Junior-Suite-Olivar-12-1-1536x1024.jpg 1536w, https:\/\/treurer.com\/wp-content\/uploads\/Junior-Suite-Olivar-12-1-300x200.jpg 300w, https:\/\/treurer.com\/wp-content\/uploads\/Junior-Suite-Olivar-12-1-600x400.jpg 600w, https:\/\/treurer.com\/wp-content\/uploads\/Junior-Suite-Olivar-12-1-64x43.jpg 64w\" sizes=\"(max-width: 1920px) 100vw, 1920px\" title=\"\">\t\t\t\t\t\t\t\t\t\t\t\t\t\t\t<\/div>\n\t\t\t\t<\/div>\n\t\t\t\t\t<\/div>\n\t\t<\/div>\n\t\t\t\t<div class=\"elementor-column elementor-col-50 elementor-inner-column elementor-element elementor-element-20ac22a\" data-id=\"20ac22a\" data-element_type=\"column\">\n\t\t\t<div class=\"elementor-widget-wrap elementor-element-populated\">\n\t\t\t\t\t\t<div class=\"elementor-element elementor-element-57d5237 elementor-widget elementor-widget-image\" data-id=\"57d5237\" data-element_type=\"widget\" data-widget_type=\"image.default\">\n\t\t\t\t<div class=\"elementor-widget-container\">\n\t\t\t\t\t\t\t\t\t\t\t\t\t\t\t<img decoding=\"async\" width=\"1920\" height=\"1280\" src=\"https:\/\/treurer.com\/wp-content\/uploads\/Habitacion-doble-vistas-Randa-b-5.jpg\" class=\"attachment-large size-large wp-image-31761\" alt=\"\" srcset=\"https:\/\/treurer.com\/wp-content\/uploads\/Habitacion-doble-vistas-Randa-b-5.jpg 1920w, https:\/\/treurer.com\/wp-content\/uploads\/Habitacion-doble-vistas-Randa-b-5-768x512.jpg 768w, https:\/\/treurer.com\/wp-content\/uploads\/Habitacion-doble-vistas-Randa-b-5-1536x1024.jpg 1536w, https:\/\/treurer.com\/wp-content\/uploads\/Habitacion-doble-vistas-Randa-b-5-300x200.jpg 300w, https:\/\/treurer.com\/wp-content\/uploads\/Habitacion-doble-vistas-Randa-b-5-600x400.jpg 600w, https:\/\/treurer.com\/wp-content\/uploads\/Habitacion-doble-vistas-Randa-b-5-64x43.jpg 64w\" sizes=\"(max-width: 1920px) 100vw, 1920px\" title=\"\">\t\t\t\t\t\t\t\t\t\t\t\t\t\t\t<\/div>\n\t\t\t\t<\/div>\n\t\t\t\t\t<\/div>\n\t\t<\/div>\n\t\t\t\t\t<\/div>\n\t\t<\/section>\n\t\t\t\t\t<\/div>\n\t\t<\/div>\n\t\t\t\t\t<\/div>\n\t\t<\/section>\n\t\t\t\t<\/div>\n\t\t","protected":false},"excerpt":{"rendered":"<p>Arturo Guillan Arturo Guillan Responsable de mantenimiento No hay gran proyecto sin una persona para todo y en Treurer \u00e9ste es Arturo. Ligado a Treurer desde hace tiempo. Es el responsable del mantenimiento de las instalaciones y de apoyo en el servicio. Arturo siempre est\u00e1 atento a lo que sucede y dispuesto a intervenir d\u00f3nde [&hellip;]<\/p>\n","protected":false},"author":3,"featured_media":1364,"parent":22200,"menu_order":0,"comment_status":"closed","ping_status":"closed","template":"","meta":{"_acf_changed":false,"content-type":"","_joinchat":[],"footnotes":""},"class_list":["post-22365","page","type-page","status-publish","has-post-thumbnail","hentry"],"acf":[],"_links":{"self":[{"href":"https:\/\/treurer.com\/en\/wp-json\/wp\/v2\/pages\/22365","targetHints":{"allow":["GET"]}}],"collection":[{"href":"https:\/\/treurer.com\/en\/wp-json\/wp\/v2\/pages"}],"about":[{"href":"https:\/\/treurer.com\/en\/wp-json\/wp\/v2\/types\/page"}],"author":[{"embeddable":true,"href":"https:\/\/treurer.com\/en\/wp-json\/wp\/v2\/users\/3"}],"replies":[{"embeddable":true,"href":"https:\/\/treurer.com\/en\/wp-json\/wp\/v2\/comments?post=22365"}],"version-history":[{"count":14,"href":"https:\/\/treurer.com\/en\/wp-json\/wp\/v2\/pages\/22365\/revisions"}],"predecessor-version":[{"id":32135,"href":"https:\/\/treurer.com\/en\/wp-json\/wp\/v2\/pages\/22365\/revisions\/32135"}],"up":[{"embeddable":true,"href":"https:\/\/treurer.com\/en\/wp-json\/wp\/v2\/pages\/22200"}],"wp:featuredmedia":[{"embeddable":true,"href":"https:\/\/treurer.com\/en\/wp-json\/wp\/v2\/media\/1364"}],"wp:attachment":[{"href":"https:\/\/treurer.com\/en\/wp-json\/wp\/v2\/media?parent=22365"}],"curies":[{"name":"wp","href":"https:\/\/api.w.org\/{rel}","templated":true}]}}