{"id":22345,"date":"2023-01-07T23:04:08","date_gmt":"2023-01-07T22:04:08","guid":{"rendered":"https:\/\/www.treurer.com\/?page_id=22345"},"modified":"2023-12-29T12:57:04","modified_gmt":"2023-12-29T11:57:04","slug":"xisco-blas","status":"publish","type":"page","link":"https:\/\/treurer.com\/en\/the-team\/xisco-blas\/","title":{"rendered":"Xisco Blas"},"content":{"rendered":"\t\t<div data-elementor-type=\"wp-page\" data-elementor-id=\"22345\" class=\"elementor elementor-22345 elementor-22342\" data-elementor-post-type=\"page\">\n\t\t\t\t\t\t<section class=\"elementor-section elementor-top-section elementor-element elementor-element-c18890e elementor-section-height-full elementor-section-boxed elementor-section-height-default elementor-section-items-middle\" data-id=\"c18890e\" data-element_type=\"section\" data-settings=\"{&quot;background_background&quot;:&quot;classic&quot;}\">\n\t\t\t\t\t\t\t<div class=\"elementor-background-overlay\"><\/div>\n\t\t\t\t\t\t\t<div class=\"elementor-container elementor-column-gap-default\">\n\t\t\t\t\t<div class=\"elementor-column elementor-col-100 elementor-top-column elementor-element elementor-element-b6213c4\" data-id=\"b6213c4\" data-element_type=\"column\" data-settings=\"{&quot;background_background&quot;:&quot;classic&quot;}\">\n\t\t\t<div class=\"elementor-widget-wrap elementor-element-populated\">\n\t\t\t\t\t\t<div class=\"elementor-element elementor-element-4affa67 elementor-widget elementor-widget-heading\" data-id=\"4affa67\" data-element_type=\"widget\" data-widget_type=\"heading.default\">\n\t\t\t\t<div class=\"elementor-widget-container\">\n\t\t\t\t\t<h2 class=\"elementor-heading-title elementor-size-default\">Xisco Blas<\/h2>\t\t\t\t<\/div>\n\t\t\t\t<\/div>\n\t\t\t\t\t<\/div>\n\t\t<\/div>\n\t\t\t\t\t<\/div>\n\t\t<\/section>\n\t\t\t\t<section class=\"elementor-section elementor-top-section elementor-element elementor-element-9bc915e elementor-section-boxed elementor-section-height-default elementor-section-height-default\" data-id=\"9bc915e\" data-element_type=\"section\" data-settings=\"{&quot;background_background&quot;:&quot;classic&quot;}\">\n\t\t\t\t\t\t<div class=\"elementor-container elementor-column-gap-default\">\n\t\t\t\t\t<div class=\"elementor-column elementor-col-100 elementor-top-column elementor-element elementor-element-f27664e\" data-id=\"f27664e\" data-element_type=\"column\" data-settings=\"{&quot;background_background&quot;:&quot;classic&quot;}\">\n\t\t\t<div class=\"elementor-widget-wrap elementor-element-populated\">\n\t\t\t\t\t\t<section class=\"elementor-section elementor-inner-section elementor-element elementor-element-7751da3 elementor-section-boxed elementor-section-height-default elementor-section-height-default\" data-id=\"7751da3\" data-element_type=\"section\">\n\t\t\t\t\t\t<div class=\"elementor-container elementor-column-gap-default\">\n\t\t\t\t\t<div class=\"elementor-column elementor-col-33 elementor-inner-column elementor-element elementor-element-e8f894d\" data-id=\"e8f894d\" data-element_type=\"column\">\n\t\t\t<div class=\"elementor-widget-wrap\">\n\t\t\t\t\t\t\t<\/div>\n\t\t<\/div>\n\t\t\t\t<div class=\"elementor-column elementor-col-33 elementor-inner-column elementor-element elementor-element-e611e6f\" data-id=\"e611e6f\" data-element_type=\"column\" data-settings=\"{&quot;background_background&quot;:&quot;classic&quot;}\">\n\t\t\t<div class=\"elementor-widget-wrap elementor-element-populated\">\n\t\t\t\t\t\t<div class=\"elementor-element elementor-element-d1b65fb elementor-widget elementor-widget-text-editor\" data-id=\"d1b65fb\" data-element_type=\"widget\" data-widget_type=\"text-editor.default\">\n\t\t\t\t<div class=\"elementor-widget-container\">\n\t\t\t\t\t\t\t\t\t<p><script class=\"kas_online_reception\" src=\"https:\/\/wubook.net\/js\/nebk\/bwidget.jgz\" data-wid=\"087a99d2-0e2d-4398-bbd7-a92ca05df55c\"><\/script><\/p>\n\t\t\t\t\t\t\t\t<\/div>\n\t\t\t\t<\/div>\n\t\t\t\t\t<\/div>\n\t\t<\/div>\n\t\t\t\t<div class=\"elementor-column elementor-col-33 elementor-inner-column elementor-element elementor-element-476f4ee\" data-id=\"476f4ee\" data-element_type=\"column\">\n\t\t\t<div class=\"elementor-widget-wrap\">\n\t\t\t\t\t\t\t<\/div>\n\t\t<\/div>\n\t\t\t\t\t<\/div>\n\t\t<\/section>\n\t\t\t\t\t<\/div>\n\t\t<\/div>\n\t\t\t\t\t<\/div>\n\t\t<\/section>\n\t\t\t\t<section class=\"elementor-section elementor-top-section elementor-element elementor-element-33fd139 elementor-section-boxed elementor-section-height-default elementor-section-height-default\" data-id=\"33fd139\" data-element_type=\"section\" data-settings=\"{&quot;background_background&quot;:&quot;classic&quot;}\">\n\t\t\t\t\t\t<div class=\"elementor-container elementor-column-gap-default\">\n\t\t\t\t\t<div class=\"elementor-column elementor-col-100 elementor-top-column elementor-element elementor-element-67db26d\" data-id=\"67db26d\" data-element_type=\"column\">\n\t\t\t<div class=\"elementor-widget-wrap elementor-element-populated\">\n\t\t\t\t\t\t<div class=\"elementor-element elementor-element-4ed148f elementor-widget elementor-widget-menu-anchor\" data-id=\"4ed148f\" data-element_type=\"widget\" data-widget_type=\"menu-anchor.default\">\n\t\t\t\t<div class=\"elementor-widget-container\">\n\t\t\t\t\t\t\t<div class=\"elementor-menu-anchor\" id=\"equipo\"><\/div>\n\t\t\t\t\t\t<\/div>\n\t\t\t\t<\/div>\n\t\t\t\t\t<\/div>\n\t\t<\/div>\n\t\t\t\t\t<\/div>\n\t\t<\/section>\n\t\t\t\t<section class=\"elementor-section elementor-top-section elementor-element elementor-element-ae99f00 elementor-section-boxed elementor-section-height-default elementor-section-height-default\" data-id=\"ae99f00\" data-element_type=\"section\" data-settings=\"{&quot;background_background&quot;:&quot;classic&quot;}\">\n\t\t\t\t\t\t<div class=\"elementor-container elementor-column-gap-default\">\n\t\t\t\t\t<div class=\"elementor-column elementor-col-100 elementor-top-column elementor-element elementor-element-cc938f6\" data-id=\"cc938f6\" data-element_type=\"column\">\n\t\t\t<div class=\"elementor-widget-wrap elementor-element-populated\">\n\t\t\t\t\t\t<section class=\"elementor-section elementor-inner-section elementor-element elementor-element-777a179 elementor-section-boxed elementor-section-height-default elementor-section-height-default\" data-id=\"777a179\" data-element_type=\"section\">\n\t\t\t\t\t\t<div class=\"elementor-container elementor-column-gap-wider\">\n\t\t\t\t\t<div class=\"elementor-column elementor-col-50 elementor-inner-column elementor-element elementor-element-8a0d755\" data-id=\"8a0d755\" data-element_type=\"column\">\n\t\t\t<div class=\"elementor-widget-wrap elementor-element-populated\">\n\t\t\t\t\t\t<div class=\"elementor-element elementor-element-686dbc8 elementor-widget elementor-widget-image\" data-id=\"686dbc8\" data-element_type=\"widget\" data-widget_type=\"image.default\">\n\t\t\t\t<div class=\"elementor-widget-container\">\n\t\t\t\t\t\t\t\t\t\t\t\t\t\t\t<img fetchpriority=\"high\" decoding=\"async\" width=\"1973\" height=\"1973\" src=\"https:\/\/treurer.com\/wp-content\/uploads\/Xisco.jpg\" class=\"attachment-full size-full wp-image-22210\" alt=\"\" srcset=\"https:\/\/treurer.com\/wp-content\/uploads\/Xisco.jpg 1973w, https:\/\/treurer.com\/wp-content\/uploads\/Xisco-768x768.jpg 768w, https:\/\/treurer.com\/wp-content\/uploads\/Xisco-1536x1536.jpg 1536w, https:\/\/treurer.com\/wp-content\/uploads\/Xisco-300x300.jpg 300w, https:\/\/treurer.com\/wp-content\/uploads\/Xisco-600x600.jpg 600w, https:\/\/treurer.com\/wp-content\/uploads\/Xisco-100x100.jpg 100w, https:\/\/treurer.com\/wp-content\/uploads\/Xisco-64x64.jpg 64w\" sizes=\"(max-width: 1973px) 100vw, 1973px\" title=\"\">\t\t\t\t\t\t\t\t\t\t\t\t\t\t\t<\/div>\n\t\t\t\t<\/div>\n\t\t\t\t\t<\/div>\n\t\t<\/div>\n\t\t\t\t<div class=\"elementor-column elementor-col-50 elementor-inner-column elementor-element elementor-element-a8eb3b2\" data-id=\"a8eb3b2\" data-element_type=\"column\">\n\t\t\t<div class=\"elementor-widget-wrap elementor-element-populated\">\n\t\t\t\t\t\t<div class=\"elementor-element elementor-element-b40ca40 elementor-widget elementor-widget-heading\" data-id=\"b40ca40\" data-element_type=\"widget\" data-widget_type=\"heading.default\">\n\t\t\t\t<div class=\"elementor-widget-container\">\n\t\t\t\t\t<h2 class=\"elementor-heading-title elementor-size-default\">Xisco Blas<\/h2>\t\t\t\t<\/div>\n\t\t\t\t<\/div>\n\t\t\t\t<div class=\"elementor-element elementor-element-cb9aedc elementor-widget elementor-widget-heading\" data-id=\"cb9aedc\" data-element_type=\"widget\" data-widget_type=\"heading.default\">\n\t\t\t\t<div class=\"elementor-widget-container\">\n\t\t\t\t\t<h2 class=\"elementor-heading-title elementor-size-default\">Responsable de operaciones y marketing<\/h2>\t\t\t\t<\/div>\n\t\t\t\t<\/div>\n\t\t\t\t<div class=\"elementor-element elementor-element-be14d26 elementor-widget elementor-widget-text-editor\" data-id=\"be14d26\" data-element_type=\"widget\" data-widget_type=\"text-editor.default\">\n\t\t\t\t<div class=\"elementor-widget-container\">\n\t\t\t\t\t\t\t\t\t<p><b>Hay trabajos que requieren iniciativa y autonom\u00eda, y ah\u00ed est\u00e1 Xisco.<\/b><\/p>\n<p>Xisco se incopor\u00f3 al proyecto en el a\u00f1o 2022. Es el responsable de marketing, ventas y operaciones.<\/p>\n<p>Su experiencia en diferentes \u00e1mbitos le permite asumir sus responsabilidades desde una perspectiva global, cualidad muy importante en una peque\u00f1a empresa familiar como Treurer. Su curiosidad le lleva a ver cualquier dificultad como un reto. <\/p>\n<p>La ilusi\u00f3n y el esmero que pone Xisco en su trabajo, se alinean a la perfecci\u00f3n con los valores que rigen en Treurer.<\/p>\n\t\t\t\t\t\t\t\t<\/div>\n\t\t\t\t<\/div>\n\t\t\t\t\t<\/div>\n\t\t<\/div>\n\t\t\t\t\t<\/div>\n\t\t<\/section>\n\t\t\t\t\t<\/div>\n\t\t<\/div>\n\t\t\t\t\t<\/div>\n\t\t<\/section>\n\t\t\t\t<section class=\"elementor-section elementor-top-section elementor-element elementor-element-f31d2f1 elementor-section-boxed elementor-section-height-default elementor-section-height-default\" data-id=\"f31d2f1\" data-element_type=\"section\">\n\t\t\t\t\t\t<div class=\"elementor-container elementor-column-gap-default\">\n\t\t\t\t\t<div class=\"elementor-column elementor-col-100 elementor-top-column elementor-element elementor-element-935f100\" data-id=\"935f100\" data-element_type=\"column\">\n\t\t\t<div class=\"elementor-widget-wrap elementor-element-populated\">\n\t\t\t\t\t\t<div class=\"elementor-element elementor-element-358c54a mw300 elementor-widget__width-inherit elementor-widget elementor-widget-heading\" data-id=\"358c54a\" data-element_type=\"widget\" data-widget_type=\"heading.default\">\n\t\t\t\t<div class=\"elementor-widget-container\">\n\t\t\t\t\t<h2 class=\"elementor-heading-title elementor-size-default\">\u00bfPodemos ayudarte?<\/h2>\t\t\t\t<\/div>\n\t\t\t\t<\/div>\n\t\t\t\t<div class=\"elementor-element elementor-element-820d1e4 elementor-widget elementor-widget-text-editor\" data-id=\"820d1e4\" data-element_type=\"widget\" data-widget_type=\"text-editor.default\">\n\t\t\t\t<div class=\"elementor-widget-container\">\n\t\t\t\t\t\t\t\t\t<p style=\"text-align: center;\">D\u00e9janos tu consulta y te responderemos antes de 24h.<\/p>\n\t\t\t\t\t\t\t\t<\/div>\n\t\t\t\t<\/div>\n\t\t\t\t<section class=\"elementor-section elementor-inner-section elementor-element elementor-element-8da2a07 elementor-section-boxed elementor-section-height-default elementor-section-height-default\" data-id=\"8da2a07\" data-element_type=\"section\">\n\t\t\t\t\t\t<div class=\"elementor-container elementor-column-gap-default\">\n\t\t\t\t\t<div class=\"elementor-column elementor-col-100 elementor-inner-column elementor-element elementor-element-b852676\" data-id=\"b852676\" data-element_type=\"column\">\n\t\t\t<div class=\"elementor-widget-wrap elementor-element-populated\">\n\t\t\t\t\t\t<div class=\"elementor-element elementor-element-f5544d8 elementor-widget elementor-widget-text-editor\" data-id=\"f5544d8\" data-element_type=\"widget\" data-widget_type=\"text-editor.default\">\n\t\t\t\t<div class=\"elementor-widget-container\">\n\t\t\t\t\t\t\t\t\t\n\t\t\t\t\t\t<script>\n\t\t\t\t\t\t\twindow.hsFormsOnReady = window.hsFormsOnReady || [];\n\t\t\t\t\t\t\twindow.hsFormsOnReady.push(()=>{\n\t\t\t\t\t\t\t\thbspt.forms.create({\n\t\t\t\t\t\t\t\t\tportalId: 7873078,\n\t\t\t\t\t\t\t\t\tformId: \"bcb89868-4c9d-41f5-8c6f-f231dcfe5f61\",\n\t\t\t\t\t\t\t\t\ttarget: \"#hbspt-form-1777000445000-3193223319\",\n\t\t\t\t\t\t\t\t\tregion: \"na1\",\n\t\t\t\t\t\t\t\t\t\n\t\t\t\t\t\t\t})});\n\t\t\t\t\t\t<\/script>\n\t\t\t\t\t\t<div class=\"hbspt-form\" id=\"hbspt-form-1777000445000-3193223319\"><\/div>\n\t\t\t\t\t\t\t\t<\/div>\n\t\t\t\t<\/div>\n\t\t\t\t\t<\/div>\n\t\t<\/div>\n\t\t\t\t\t<\/div>\n\t\t<\/section>\n\t\t\t\t\t<\/div>\n\t\t<\/div>\n\t\t\t\t\t<\/div>\n\t\t<\/section>\n\t\t\t\t<section class=\"elementor-section elementor-top-section elementor-element elementor-element-d81a61b elementor-section-boxed elementor-section-height-default elementor-section-height-default\" data-id=\"d81a61b\" data-element_type=\"section\" data-settings=\"{&quot;background_background&quot;:&quot;classic&quot;}\">\n\t\t\t\t\t\t<div class=\"elementor-container elementor-column-gap-default\">\n\t\t\t\t\t<div class=\"elementor-column elementor-col-100 elementor-top-column elementor-element elementor-element-7fc6819\" data-id=\"7fc6819\" data-element_type=\"column\">\n\t\t\t<div class=\"elementor-widget-wrap elementor-element-populated\">\n\t\t\t\t\t\t<section class=\"elementor-section elementor-inner-section elementor-element elementor-element-0f6f155 elementor-section-full_width elementor-section-height-default elementor-section-height-default\" data-id=\"0f6f155\" data-element_type=\"section\">\n\t\t\t\t\t\t<div class=\"elementor-container elementor-column-gap-default\">\n\t\t\t\t\t<div class=\"elementor-column elementor-col-100 elementor-inner-column elementor-element elementor-element-5035944\" data-id=\"5035944\" data-element_type=\"column\">\n\t\t\t<div class=\"elementor-widget-wrap elementor-element-populated\">\n\t\t\t\t\t\t<div class=\"elementor-element elementor-element-42dce83 elementor-widget elementor-widget-text-editor\" data-id=\"42dce83\" data-element_type=\"widget\" data-widget_type=\"text-editor.default\">\n\t\t\t\t<div class=\"elementor-widget-container\">\n\t\t\t\t\t\t\t\t\t<p style=\"text-align: center;\"><strong>Your vacations in our Finca-Hotel<\/strong><\/p>\t\t\t\t\t\t\t\t<\/div>\n\t\t\t\t<\/div>\n\t\t\t\t\t<\/div>\n\t\t<\/div>\n\t\t\t\t\t<\/div>\n\t\t<\/section>\n\t\t\t\t<div class=\"elementor-element elementor-element-fa2451d elementor-widget elementor-widget-text-editor\" data-id=\"fa2451d\" data-element_type=\"widget\" data-widget_type=\"text-editor.default\">\n\t\t\t\t<div class=\"elementor-widget-container\">\n\t\t\t\t\t\t\t\t\t<p style=\"text-align: center;\">Live a special Majorca spending your holidays in our Finca Hotel in Treurer. Here you can enjoy your rest surrounded by olive trees and in a very pleasant and relaxed environment.<\/p>\t\t\t\t\t\t\t\t<\/div>\n\t\t\t\t<\/div>\n\t\t\t\t<div class=\"elementor-element elementor-element-52a227d elementor-align-center elementor-widget elementor-widget-button\" data-id=\"52a227d\" data-element_type=\"widget\" data-widget_type=\"button.default\">\n\t\t\t\t<div class=\"elementor-widget-container\">\n\t\t\t\t\t\t\t\t\t<div class=\"elementor-button-wrapper\">\n\t\t\t\t\t<a class=\"elementor-button elementor-button-link elementor-size-sm\" href=\"https:\/\/treurer.com\/en\/hotel-majorca-treurer\/\">\n\t\t\t\t\t\t<span class=\"elementor-button-content-wrapper\">\n\t\t\t\t\t\t\t\t\t<span class=\"elementor-button-text\">Get to know our finca-hotel<\/span>\n\t\t\t\t\t<\/span>\n\t\t\t\t\t<\/a>\n\t\t\t\t<\/div>\n\t\t\t\t\t\t\t\t<\/div>\n\t\t\t\t<\/div>\n\t\t\t\t<section class=\"elementor-section elementor-inner-section elementor-element elementor-element-f7f614b elementor-section-boxed elementor-section-height-default elementor-section-height-default\" data-id=\"f7f614b\" data-element_type=\"section\">\n\t\t\t\t\t\t<div class=\"elementor-container elementor-column-gap-default\">\n\t\t\t\t\t<div class=\"elementor-column elementor-col-50 elementor-inner-column elementor-element elementor-element-eb33289\" data-id=\"eb33289\" data-element_type=\"column\">\n\t\t\t<div class=\"elementor-widget-wrap elementor-element-populated\">\n\t\t\t\t\t\t<div class=\"elementor-element elementor-element-21c5767 elementor-widget elementor-widget-image\" data-id=\"21c5767\" data-element_type=\"widget\" data-widget_type=\"image.default\">\n\t\t\t\t<div class=\"elementor-widget-container\">\n\t\t\t\t\t\t\t\t\t\t\t\t\t\t\t<img decoding=\"async\" width=\"1920\" height=\"1280\" src=\"https:\/\/treurer.com\/wp-content\/uploads\/Junior-Suite-Olivar-12-1.jpg\" class=\"attachment-large size-large wp-image-31673\" alt=\"\" srcset=\"https:\/\/treurer.com\/wp-content\/uploads\/Junior-Suite-Olivar-12-1.jpg 1920w, https:\/\/treurer.com\/wp-content\/uploads\/Junior-Suite-Olivar-12-1-768x512.jpg 768w, https:\/\/treurer.com\/wp-content\/uploads\/Junior-Suite-Olivar-12-1-1536x1024.jpg 1536w, https:\/\/treurer.com\/wp-content\/uploads\/Junior-Suite-Olivar-12-1-300x200.jpg 300w, https:\/\/treurer.com\/wp-content\/uploads\/Junior-Suite-Olivar-12-1-600x400.jpg 600w, https:\/\/treurer.com\/wp-content\/uploads\/Junior-Suite-Olivar-12-1-64x43.jpg 64w\" sizes=\"(max-width: 1920px) 100vw, 1920px\" title=\"\">\t\t\t\t\t\t\t\t\t\t\t\t\t\t\t<\/div>\n\t\t\t\t<\/div>\n\t\t\t\t\t<\/div>\n\t\t<\/div>\n\t\t\t\t<div class=\"elementor-column elementor-col-50 elementor-inner-column elementor-element elementor-element-63403d5\" data-id=\"63403d5\" data-element_type=\"column\">\n\t\t\t<div class=\"elementor-widget-wrap elementor-element-populated\">\n\t\t\t\t\t\t<div class=\"elementor-element elementor-element-ac5bb3d elementor-widget elementor-widget-image\" data-id=\"ac5bb3d\" data-element_type=\"widget\" data-widget_type=\"image.default\">\n\t\t\t\t<div class=\"elementor-widget-container\">\n\t\t\t\t\t\t\t\t\t\t\t\t\t\t\t<img decoding=\"async\" width=\"1920\" height=\"1280\" src=\"https:\/\/treurer.com\/wp-content\/uploads\/Habitacion-doble-vistas-Randa-b-5.jpg\" class=\"attachment-large size-large wp-image-31761\" alt=\"\" srcset=\"https:\/\/treurer.com\/wp-content\/uploads\/Habitacion-doble-vistas-Randa-b-5.jpg 1920w, https:\/\/treurer.com\/wp-content\/uploads\/Habitacion-doble-vistas-Randa-b-5-768x512.jpg 768w, https:\/\/treurer.com\/wp-content\/uploads\/Habitacion-doble-vistas-Randa-b-5-1536x1024.jpg 1536w, https:\/\/treurer.com\/wp-content\/uploads\/Habitacion-doble-vistas-Randa-b-5-300x200.jpg 300w, https:\/\/treurer.com\/wp-content\/uploads\/Habitacion-doble-vistas-Randa-b-5-600x400.jpg 600w, https:\/\/treurer.com\/wp-content\/uploads\/Habitacion-doble-vistas-Randa-b-5-64x43.jpg 64w\" sizes=\"(max-width: 1920px) 100vw, 1920px\" title=\"\">\t\t\t\t\t\t\t\t\t\t\t\t\t\t\t<\/div>\n\t\t\t\t<\/div>\n\t\t\t\t\t<\/div>\n\t\t<\/div>\n\t\t\t\t\t<\/div>\n\t\t<\/section>\n\t\t\t\t\t<\/div>\n\t\t<\/div>\n\t\t\t\t\t<\/div>\n\t\t<\/section>\n\t\t\t\t<\/div>\n\t\t","protected":false},"excerpt":{"rendered":"<p>Xisco Blas Xisco Blas Responsable de operaciones y marketing Hay trabajos que requieren iniciativa y autonom\u00eda, y ah\u00ed est\u00e1 Xisco. Xisco se incopor\u00f3 al proyecto en el a\u00f1o 2022. Es el responsable de marketing, ventas y operaciones. Su experiencia en diferentes \u00e1mbitos le permite asumir sus responsabilidades desde una perspectiva global, cualidad muy importante en [&hellip;]<\/p>\n","protected":false},"author":3,"featured_media":1364,"parent":22200,"menu_order":0,"comment_status":"closed","ping_status":"closed","template":"","meta":{"_acf_changed":false,"content-type":"","_joinchat":[],"footnotes":""},"class_list":["post-22345","page","type-page","status-publish","has-post-thumbnail","hentry"],"acf":[],"_links":{"self":[{"href":"https:\/\/treurer.com\/en\/wp-json\/wp\/v2\/pages\/22345","targetHints":{"allow":["GET"]}}],"collection":[{"href":"https:\/\/treurer.com\/en\/wp-json\/wp\/v2\/pages"}],"about":[{"href":"https:\/\/treurer.com\/en\/wp-json\/wp\/v2\/types\/page"}],"author":[{"embeddable":true,"href":"https:\/\/treurer.com\/en\/wp-json\/wp\/v2\/users\/3"}],"replies":[{"embeddable":true,"href":"https:\/\/treurer.com\/en\/wp-json\/wp\/v2\/comments?post=22345"}],"version-history":[{"count":19,"href":"https:\/\/treurer.com\/en\/wp-json\/wp\/v2\/pages\/22345\/revisions"}],"predecessor-version":[{"id":32132,"href":"https:\/\/treurer.com\/en\/wp-json\/wp\/v2\/pages\/22345\/revisions\/32132"}],"up":[{"embeddable":true,"href":"https:\/\/treurer.com\/en\/wp-json\/wp\/v2\/pages\/22200"}],"wp:featuredmedia":[{"embeddable":true,"href":"https:\/\/treurer.com\/en\/wp-json\/wp\/v2\/media\/1364"}],"wp:attachment":[{"href":"https:\/\/treurer.com\/en\/wp-json\/wp\/v2\/media?parent=22345"}],"curies":[{"name":"wp","href":"https:\/\/api.w.org\/{rel}","templated":true}]}}