{"id":22299,"date":"2023-01-07T22:42:38","date_gmt":"2023-01-07T21:42:38","guid":{"rendered":"https:\/\/www.treurer.com\/?page_id=22299"},"modified":"2023-12-29T12:56:51","modified_gmt":"2023-12-29T11:56:51","slug":"joan-miralles","status":"publish","type":"page","link":"https:\/\/treurer.com\/en\/the-team\/joan-miralles\/","title":{"rendered":"Joan Miralles"},"content":{"rendered":"\t\t<div data-elementor-type=\"wp-page\" data-elementor-id=\"22299\" class=\"elementor elementor-22299 elementor-22296\" data-elementor-post-type=\"page\">\n\t\t\t\t\t\t<section class=\"elementor-section elementor-top-section elementor-element elementor-element-f132984 elementor-section-height-full elementor-section-boxed elementor-section-height-default elementor-section-items-middle\" data-id=\"f132984\" data-element_type=\"section\" data-settings=\"{&quot;background_background&quot;:&quot;classic&quot;}\">\n\t\t\t\t\t\t\t<div class=\"elementor-background-overlay\"><\/div>\n\t\t\t\t\t\t\t<div class=\"elementor-container elementor-column-gap-default\">\n\t\t\t\t\t<div class=\"elementor-column elementor-col-100 elementor-top-column elementor-element elementor-element-06bf314\" data-id=\"06bf314\" data-element_type=\"column\" data-settings=\"{&quot;background_background&quot;:&quot;classic&quot;}\">\n\t\t\t<div class=\"elementor-widget-wrap elementor-element-populated\">\n\t\t\t\t\t\t<div class=\"elementor-element elementor-element-b3be488 elementor-widget elementor-widget-heading\" data-id=\"b3be488\" data-element_type=\"widget\" data-widget_type=\"heading.default\">\n\t\t\t\t<div class=\"elementor-widget-container\">\n\t\t\t\t\t<h2 class=\"elementor-heading-title elementor-size-default\">Joan Miralles<\/h2>\t\t\t\t<\/div>\n\t\t\t\t<\/div>\n\t\t\t\t\t<\/div>\n\t\t<\/div>\n\t\t\t\t\t<\/div>\n\t\t<\/section>\n\t\t\t\t<section class=\"elementor-section elementor-top-section elementor-element elementor-element-f29fa4c elementor-section-boxed elementor-section-height-default elementor-section-height-default\" data-id=\"f29fa4c\" data-element_type=\"section\" data-settings=\"{&quot;background_background&quot;:&quot;classic&quot;}\">\n\t\t\t\t\t\t<div class=\"elementor-container elementor-column-gap-default\">\n\t\t\t\t\t<div class=\"elementor-column elementor-col-100 elementor-top-column elementor-element elementor-element-10de87a\" data-id=\"10de87a\" data-element_type=\"column\" data-settings=\"{&quot;background_background&quot;:&quot;classic&quot;}\">\n\t\t\t<div class=\"elementor-widget-wrap elementor-element-populated\">\n\t\t\t\t\t\t<section class=\"elementor-section elementor-inner-section elementor-element elementor-element-7f4a093 elementor-section-boxed elementor-section-height-default elementor-section-height-default\" data-id=\"7f4a093\" data-element_type=\"section\">\n\t\t\t\t\t\t<div class=\"elementor-container elementor-column-gap-default\">\n\t\t\t\t\t<div class=\"elementor-column elementor-col-33 elementor-inner-column elementor-element elementor-element-1cf912e\" data-id=\"1cf912e\" data-element_type=\"column\">\n\t\t\t<div class=\"elementor-widget-wrap\">\n\t\t\t\t\t\t\t<\/div>\n\t\t<\/div>\n\t\t\t\t<div class=\"elementor-column elementor-col-33 elementor-inner-column elementor-element elementor-element-6858781\" data-id=\"6858781\" data-element_type=\"column\" data-settings=\"{&quot;background_background&quot;:&quot;classic&quot;}\">\n\t\t\t<div class=\"elementor-widget-wrap elementor-element-populated\">\n\t\t\t\t\t\t<div class=\"elementor-element elementor-element-029688e elementor-widget elementor-widget-text-editor\" data-id=\"029688e\" data-element_type=\"widget\" data-widget_type=\"text-editor.default\">\n\t\t\t\t<div class=\"elementor-widget-container\">\n\t\t\t\t\t\t\t\t\t<p><script class=\"kas_online_reception\" src=\"https:\/\/wubook.net\/js\/nebk\/bwidget.jgz\" data-wid=\"087a99d2-0e2d-4398-bbd7-a92ca05df55c\"><\/script><\/p>\n\t\t\t\t\t\t\t\t<\/div>\n\t\t\t\t<\/div>\n\t\t\t\t\t<\/div>\n\t\t<\/div>\n\t\t\t\t<div class=\"elementor-column elementor-col-33 elementor-inner-column elementor-element elementor-element-84ce39d\" data-id=\"84ce39d\" data-element_type=\"column\">\n\t\t\t<div class=\"elementor-widget-wrap\">\n\t\t\t\t\t\t\t<\/div>\n\t\t<\/div>\n\t\t\t\t\t<\/div>\n\t\t<\/section>\n\t\t\t\t\t<\/div>\n\t\t<\/div>\n\t\t\t\t\t<\/div>\n\t\t<\/section>\n\t\t\t\t<section class=\"elementor-section elementor-top-section elementor-element elementor-element-33fd139 elementor-section-boxed elementor-section-height-default elementor-section-height-default\" data-id=\"33fd139\" data-element_type=\"section\" data-settings=\"{&quot;background_background&quot;:&quot;classic&quot;}\">\n\t\t\t\t\t\t<div class=\"elementor-container elementor-column-gap-default\">\n\t\t\t\t\t<div class=\"elementor-column elementor-col-100 elementor-top-column elementor-element elementor-element-67db26d\" data-id=\"67db26d\" data-element_type=\"column\">\n\t\t\t<div class=\"elementor-widget-wrap elementor-element-populated\">\n\t\t\t\t\t\t<div class=\"elementor-element elementor-element-4ed148f elementor-widget elementor-widget-menu-anchor\" data-id=\"4ed148f\" data-element_type=\"widget\" data-widget_type=\"menu-anchor.default\">\n\t\t\t\t<div class=\"elementor-widget-container\">\n\t\t\t\t\t\t\t<div class=\"elementor-menu-anchor\" id=\"equipo\"><\/div>\n\t\t\t\t\t\t<\/div>\n\t\t\t\t<\/div>\n\t\t\t\t\t<\/div>\n\t\t<\/div>\n\t\t\t\t\t<\/div>\n\t\t<\/section>\n\t\t\t\t<section class=\"elementor-section elementor-top-section elementor-element elementor-element-ae99f00 elementor-section-boxed elementor-section-height-default elementor-section-height-default\" data-id=\"ae99f00\" data-element_type=\"section\" data-settings=\"{&quot;background_background&quot;:&quot;classic&quot;}\">\n\t\t\t\t\t\t<div class=\"elementor-container elementor-column-gap-default\">\n\t\t\t\t\t<div class=\"elementor-column elementor-col-100 elementor-top-column elementor-element elementor-element-cc938f6\" data-id=\"cc938f6\" data-element_type=\"column\">\n\t\t\t<div class=\"elementor-widget-wrap elementor-element-populated\">\n\t\t\t\t\t\t<section class=\"elementor-section elementor-inner-section elementor-element elementor-element-777a179 elementor-section-boxed elementor-section-height-default elementor-section-height-default\" data-id=\"777a179\" data-element_type=\"section\">\n\t\t\t\t\t\t<div class=\"elementor-container elementor-column-gap-wider\">\n\t\t\t\t\t<div class=\"elementor-column elementor-col-50 elementor-inner-column elementor-element elementor-element-8a0d755\" data-id=\"8a0d755\" data-element_type=\"column\">\n\t\t\t<div class=\"elementor-widget-wrap elementor-element-populated\">\n\t\t\t\t\t\t<div class=\"elementor-element elementor-element-686dbc8 elementor-widget elementor-widget-image\" data-id=\"686dbc8\" data-element_type=\"widget\" data-widget_type=\"image.default\">\n\t\t\t\t<div class=\"elementor-widget-container\">\n\t\t\t\t\t\t\t\t\t\t\t\t\t\t\t<img fetchpriority=\"high\" decoding=\"async\" width=\"1935\" height=\"1935\" src=\"https:\/\/treurer.com\/wp-content\/uploads\/Joan.jpg\" class=\"attachment-full size-full wp-image-22226\" alt=\"\" srcset=\"https:\/\/treurer.com\/wp-content\/uploads\/Joan.jpg 1935w, https:\/\/treurer.com\/wp-content\/uploads\/Joan-768x768.jpg 768w, https:\/\/treurer.com\/wp-content\/uploads\/Joan-1536x1536.jpg 1536w, https:\/\/treurer.com\/wp-content\/uploads\/Joan-300x300.jpg 300w, https:\/\/treurer.com\/wp-content\/uploads\/Joan-600x600.jpg 600w, https:\/\/treurer.com\/wp-content\/uploads\/Joan-100x100.jpg 100w, https:\/\/treurer.com\/wp-content\/uploads\/Joan-64x64.jpg 64w\" sizes=\"(max-width: 1935px) 100vw, 1935px\" title=\"\">\t\t\t\t\t\t\t\t\t\t\t\t\t\t\t<\/div>\n\t\t\t\t<\/div>\n\t\t\t\t\t<\/div>\n\t\t<\/div>\n\t\t\t\t<div class=\"elementor-column elementor-col-50 elementor-inner-column elementor-element elementor-element-a8eb3b2\" data-id=\"a8eb3b2\" data-element_type=\"column\">\n\t\t\t<div class=\"elementor-widget-wrap elementor-element-populated\">\n\t\t\t\t\t\t<div class=\"elementor-element elementor-element-b40ca40 elementor-widget elementor-widget-heading\" data-id=\"b40ca40\" data-element_type=\"widget\" data-widget_type=\"heading.default\">\n\t\t\t\t<div class=\"elementor-widget-container\">\n\t\t\t\t\t<h2 class=\"elementor-heading-title elementor-size-default\">Joan Miralles<\/h2>\t\t\t\t<\/div>\n\t\t\t\t<\/div>\n\t\t\t\t<div class=\"elementor-element elementor-element-cb9aedc elementor-widget elementor-widget-heading\" data-id=\"cb9aedc\" data-element_type=\"widget\" data-widget_type=\"heading.default\">\n\t\t\t\t<div class=\"elementor-widget-container\">\n\t\t\t\t\t<h2 class=\"elementor-heading-title elementor-size-default\">Propietario y fundador<\/h2>\t\t\t\t<\/div>\n\t\t\t\t<\/div>\n\t\t\t\t<div class=\"elementor-element elementor-element-be14d26 elementor-widget elementor-widget-text-editor\" data-id=\"be14d26\" data-element_type=\"widget\" data-widget_type=\"text-editor.default\">\n\t\t\t\t<div class=\"elementor-widget-container\">\n\t\t\t\t\t\t\t\t\t<p><b>Todo tiene un alma, y Joan es el alma de Treurer<\/b><\/p>\n<p>Propietario y creador de Treurer, empez\u00f3 con este proyecto en el a\u00f1o 2000 cuando compr\u00f3 la finca de Treurer.<\/p>\n<p>Toda una vida dedicada al turismo, que decidi\u00f3 finalizar en el a\u00f1o 2007 cuando por fin dio el pistoletazo de salida a este proyecto al plantar nuestros olivos. S\u00f3lo la tenazidad, la capacidad de estudio y el trabajo de Joan, pod\u00edan hacer que un proyecto como Treurer viera la luz y se situara a la cabeza como referente del aceite de Mallorca.<\/p>\n<p>No en vano exportamos a m\u00e1s de diez pa\u00edses.<\/p>\n<p>Hombre apasionado y amante de los desaf\u00edos, a\u00fan nos regala su sabidur\u00eda cuando la necesitamos.<\/p>\n\t\t\t\t\t\t\t\t<\/div>\n\t\t\t\t<\/div>\n\t\t\t\t\t<\/div>\n\t\t<\/div>\n\t\t\t\t\t<\/div>\n\t\t<\/section>\n\t\t\t\t\t<\/div>\n\t\t<\/div>\n\t\t\t\t\t<\/div>\n\t\t<\/section>\n\t\t\t\t<section class=\"elementor-section elementor-top-section elementor-element elementor-element-da6bb83 elementor-section-boxed elementor-section-height-default elementor-section-height-default\" data-id=\"da6bb83\" data-element_type=\"section\">\n\t\t\t\t\t\t<div class=\"elementor-container elementor-column-gap-default\">\n\t\t\t\t\t<div class=\"elementor-column elementor-col-100 elementor-top-column elementor-element elementor-element-f86e62a\" data-id=\"f86e62a\" data-element_type=\"column\">\n\t\t\t<div class=\"elementor-widget-wrap elementor-element-populated\">\n\t\t\t\t\t\t<div class=\"elementor-element elementor-element-acb339c mw300 elementor-widget__width-inherit elementor-widget elementor-widget-heading\" data-id=\"acb339c\" data-element_type=\"widget\" data-widget_type=\"heading.default\">\n\t\t\t\t<div class=\"elementor-widget-container\">\n\t\t\t\t\t<h2 class=\"elementor-heading-title elementor-size-default\">\u00bfPodemos ayudarte?<\/h2>\t\t\t\t<\/div>\n\t\t\t\t<\/div>\n\t\t\t\t<div class=\"elementor-element elementor-element-4ebdfc4 elementor-widget elementor-widget-text-editor\" data-id=\"4ebdfc4\" data-element_type=\"widget\" data-widget_type=\"text-editor.default\">\n\t\t\t\t<div class=\"elementor-widget-container\">\n\t\t\t\t\t\t\t\t\t<p style=\"text-align: center;\">D\u00e9janos tu consulta y te responderemos antes de 24h.<\/p>\n\t\t\t\t\t\t\t\t<\/div>\n\t\t\t\t<\/div>\n\t\t\t\t<section class=\"elementor-section elementor-inner-section elementor-element elementor-element-27a4095 elementor-section-boxed elementor-section-height-default elementor-section-height-default\" data-id=\"27a4095\" data-element_type=\"section\">\n\t\t\t\t\t\t<div class=\"elementor-container elementor-column-gap-default\">\n\t\t\t\t\t<div class=\"elementor-column elementor-col-100 elementor-inner-column elementor-element elementor-element-bff8f89\" data-id=\"bff8f89\" data-element_type=\"column\">\n\t\t\t<div class=\"elementor-widget-wrap elementor-element-populated\">\n\t\t\t\t\t\t<div class=\"elementor-element elementor-element-047cd73 elementor-widget elementor-widget-text-editor\" data-id=\"047cd73\" data-element_type=\"widget\" data-widget_type=\"text-editor.default\">\n\t\t\t\t<div class=\"elementor-widget-container\">\n\t\t\t\t\t\t\t\t\t\n\t\t\t\t\t\t<script>\n\t\t\t\t\t\t\twindow.hsFormsOnReady = window.hsFormsOnReady || [];\n\t\t\t\t\t\t\twindow.hsFormsOnReady.push(()=>{\n\t\t\t\t\t\t\t\thbspt.forms.create({\n\t\t\t\t\t\t\t\t\tportalId: 7873078,\n\t\t\t\t\t\t\t\t\tformId: \"bcb89868-4c9d-41f5-8c6f-f231dcfe5f61\",\n\t\t\t\t\t\t\t\t\ttarget: \"#hbspt-form-1778524015000-0256489216\",\n\t\t\t\t\t\t\t\t\tregion: \"na1\",\n\t\t\t\t\t\t\t\t\t\n\t\t\t\t\t\t\t})});\n\t\t\t\t\t\t<\/script>\n\t\t\t\t\t\t<div class=\"hbspt-form\" id=\"hbspt-form-1778524015000-0256489216\"><\/div>\n\t\t\t\t\t\t\t\t<\/div>\n\t\t\t\t<\/div>\n\t\t\t\t\t<\/div>\n\t\t<\/div>\n\t\t\t\t\t<\/div>\n\t\t<\/section>\n\t\t\t\t\t<\/div>\n\t\t<\/div>\n\t\t\t\t\t<\/div>\n\t\t<\/section>\n\t\t\t\t<section class=\"elementor-section elementor-top-section elementor-element elementor-element-ca39505 elementor-section-boxed elementor-section-height-default elementor-section-height-default\" data-id=\"ca39505\" data-element_type=\"section\" data-settings=\"{&quot;background_background&quot;:&quot;classic&quot;}\">\n\t\t\t\t\t\t<div class=\"elementor-container elementor-column-gap-default\">\n\t\t\t\t\t<div class=\"elementor-column elementor-col-100 elementor-top-column elementor-element elementor-element-1aa25ed\" data-id=\"1aa25ed\" data-element_type=\"column\">\n\t\t\t<div class=\"elementor-widget-wrap elementor-element-populated\">\n\t\t\t\t\t\t<section class=\"elementor-section elementor-inner-section elementor-element elementor-element-84eebea elementor-section-full_width elementor-section-height-default elementor-section-height-default\" data-id=\"84eebea\" data-element_type=\"section\">\n\t\t\t\t\t\t<div class=\"elementor-container elementor-column-gap-default\">\n\t\t\t\t\t<div class=\"elementor-column elementor-col-100 elementor-inner-column elementor-element elementor-element-bda6744\" data-id=\"bda6744\" data-element_type=\"column\">\n\t\t\t<div class=\"elementor-widget-wrap elementor-element-populated\">\n\t\t\t\t\t\t<div class=\"elementor-element elementor-element-633c82b elementor-widget elementor-widget-text-editor\" data-id=\"633c82b\" data-element_type=\"widget\" data-widget_type=\"text-editor.default\">\n\t\t\t\t<div class=\"elementor-widget-container\">\n\t\t\t\t\t\t\t\t\t<p style=\"text-align: center;\"><strong>Your vacations in our Finca-Hotel<\/strong><\/p>\t\t\t\t\t\t\t\t<\/div>\n\t\t\t\t<\/div>\n\t\t\t\t\t<\/div>\n\t\t<\/div>\n\t\t\t\t\t<\/div>\n\t\t<\/section>\n\t\t\t\t<div class=\"elementor-element elementor-element-001c2fb elementor-widget elementor-widget-text-editor\" data-id=\"001c2fb\" data-element_type=\"widget\" data-widget_type=\"text-editor.default\">\n\t\t\t\t<div class=\"elementor-widget-container\">\n\t\t\t\t\t\t\t\t\t<p style=\"text-align: center;\">Live a special Majorca spending your holidays in our Finca Hotel in Treurer. Here you can enjoy your rest surrounded by olive trees and in a very pleasant and relaxed environment.<\/p>\t\t\t\t\t\t\t\t<\/div>\n\t\t\t\t<\/div>\n\t\t\t\t<div class=\"elementor-element elementor-element-84059dc elementor-align-center elementor-widget elementor-widget-button\" data-id=\"84059dc\" data-element_type=\"widget\" data-widget_type=\"button.default\">\n\t\t\t\t<div class=\"elementor-widget-container\">\n\t\t\t\t\t\t\t\t\t<div class=\"elementor-button-wrapper\">\n\t\t\t\t\t<a class=\"elementor-button elementor-button-link elementor-size-sm\" href=\"https:\/\/treurer.com\/en\/hotel-majorca-treurer\/\">\n\t\t\t\t\t\t<span class=\"elementor-button-content-wrapper\">\n\t\t\t\t\t\t\t\t\t<span class=\"elementor-button-text\">Get to know our finca-hotel<\/span>\n\t\t\t\t\t<\/span>\n\t\t\t\t\t<\/a>\n\t\t\t\t<\/div>\n\t\t\t\t\t\t\t\t<\/div>\n\t\t\t\t<\/div>\n\t\t\t\t<section class=\"elementor-section elementor-inner-section elementor-element elementor-element-064c230 elementor-section-boxed elementor-section-height-default elementor-section-height-default\" data-id=\"064c230\" data-element_type=\"section\">\n\t\t\t\t\t\t<div class=\"elementor-container elementor-column-gap-default\">\n\t\t\t\t\t<div class=\"elementor-column elementor-col-50 elementor-inner-column elementor-element elementor-element-b297126\" data-id=\"b297126\" data-element_type=\"column\">\n\t\t\t<div class=\"elementor-widget-wrap elementor-element-populated\">\n\t\t\t\t\t\t<div class=\"elementor-element elementor-element-ea147eb elementor-widget elementor-widget-image\" data-id=\"ea147eb\" data-element_type=\"widget\" data-widget_type=\"image.default\">\n\t\t\t\t<div class=\"elementor-widget-container\">\n\t\t\t\t\t\t\t\t\t\t\t\t\t\t\t<img decoding=\"async\" width=\"1920\" height=\"1280\" src=\"https:\/\/treurer.com\/wp-content\/uploads\/Junior-Suite-Olivar-12-1.jpg\" class=\"attachment-large size-large wp-image-31673\" alt=\"\" srcset=\"https:\/\/treurer.com\/wp-content\/uploads\/Junior-Suite-Olivar-12-1.jpg 1920w, https:\/\/treurer.com\/wp-content\/uploads\/Junior-Suite-Olivar-12-1-768x512.jpg 768w, https:\/\/treurer.com\/wp-content\/uploads\/Junior-Suite-Olivar-12-1-1536x1024.jpg 1536w, https:\/\/treurer.com\/wp-content\/uploads\/Junior-Suite-Olivar-12-1-300x200.jpg 300w, https:\/\/treurer.com\/wp-content\/uploads\/Junior-Suite-Olivar-12-1-600x400.jpg 600w, https:\/\/treurer.com\/wp-content\/uploads\/Junior-Suite-Olivar-12-1-64x43.jpg 64w\" sizes=\"(max-width: 1920px) 100vw, 1920px\" title=\"\">\t\t\t\t\t\t\t\t\t\t\t\t\t\t\t<\/div>\n\t\t\t\t<\/div>\n\t\t\t\t\t<\/div>\n\t\t<\/div>\n\t\t\t\t<div class=\"elementor-column elementor-col-50 elementor-inner-column elementor-element elementor-element-0bda1ea\" data-id=\"0bda1ea\" data-element_type=\"column\">\n\t\t\t<div class=\"elementor-widget-wrap elementor-element-populated\">\n\t\t\t\t\t\t<div class=\"elementor-element elementor-element-6297e70 elementor-widget elementor-widget-image\" data-id=\"6297e70\" data-element_type=\"widget\" data-widget_type=\"image.default\">\n\t\t\t\t<div class=\"elementor-widget-container\">\n\t\t\t\t\t\t\t\t\t\t\t\t\t\t\t<img decoding=\"async\" width=\"1920\" height=\"1280\" src=\"https:\/\/treurer.com\/wp-content\/uploads\/Habitacion-doble-vistas-Randa-b-5.jpg\" class=\"attachment-large size-large wp-image-31761\" alt=\"\" srcset=\"https:\/\/treurer.com\/wp-content\/uploads\/Habitacion-doble-vistas-Randa-b-5.jpg 1920w, https:\/\/treurer.com\/wp-content\/uploads\/Habitacion-doble-vistas-Randa-b-5-768x512.jpg 768w, https:\/\/treurer.com\/wp-content\/uploads\/Habitacion-doble-vistas-Randa-b-5-1536x1024.jpg 1536w, https:\/\/treurer.com\/wp-content\/uploads\/Habitacion-doble-vistas-Randa-b-5-300x200.jpg 300w, https:\/\/treurer.com\/wp-content\/uploads\/Habitacion-doble-vistas-Randa-b-5-600x400.jpg 600w, https:\/\/treurer.com\/wp-content\/uploads\/Habitacion-doble-vistas-Randa-b-5-64x43.jpg 64w\" sizes=\"(max-width: 1920px) 100vw, 1920px\" title=\"\">\t\t\t\t\t\t\t\t\t\t\t\t\t\t\t<\/div>\n\t\t\t\t<\/div>\n\t\t\t\t\t<\/div>\n\t\t<\/div>\n\t\t\t\t\t<\/div>\n\t\t<\/section>\n\t\t\t\t\t<\/div>\n\t\t<\/div>\n\t\t\t\t\t<\/div>\n\t\t<\/section>\n\t\t\t\t<\/div>\n\t\t","protected":false},"excerpt":{"rendered":"<p>Joan Miralles Joan Miralles Propietario y fundador Todo tiene un alma, y Joan es el alma de Treurer Propietario y creador de Treurer, empez\u00f3 con este proyecto en el a\u00f1o 2000 cuando compr\u00f3 la finca de Treurer. Toda una vida dedicada al turismo, que decidi\u00f3 finalizar en el a\u00f1o 2007 cuando por fin dio el [&hellip;]<\/p>\n","protected":false},"author":4,"featured_media":1364,"parent":22200,"menu_order":0,"comment_status":"closed","ping_status":"closed","template":"","meta":{"_acf_changed":false,"content-type":"","_joinchat":[],"footnotes":""},"class_list":["post-22299","page","type-page","status-publish","has-post-thumbnail","hentry"],"acf":[],"_links":{"self":[{"href":"https:\/\/treurer.com\/en\/wp-json\/wp\/v2\/pages\/22299","targetHints":{"allow":["GET"]}}],"collection":[{"href":"https:\/\/treurer.com\/en\/wp-json\/wp\/v2\/pages"}],"about":[{"href":"https:\/\/treurer.com\/en\/wp-json\/wp\/v2\/types\/page"}],"author":[{"embeddable":true,"href":"https:\/\/treurer.com\/en\/wp-json\/wp\/v2\/users\/4"}],"replies":[{"embeddable":true,"href":"https:\/\/treurer.com\/en\/wp-json\/wp\/v2\/comments?post=22299"}],"version-history":[{"count":22,"href":"https:\/\/treurer.com\/en\/wp-json\/wp\/v2\/pages\/22299\/revisions"}],"predecessor-version":[{"id":32124,"href":"https:\/\/treurer.com\/en\/wp-json\/wp\/v2\/pages\/22299\/revisions\/32124"}],"up":[{"embeddable":true,"href":"https:\/\/treurer.com\/en\/wp-json\/wp\/v2\/pages\/22200"}],"wp:featuredmedia":[{"embeddable":true,"href":"https:\/\/treurer.com\/en\/wp-json\/wp\/v2\/media\/1364"}],"wp:attachment":[{"href":"https:\/\/treurer.com\/en\/wp-json\/wp\/v2\/media?parent=22299"}],"curies":[{"name":"wp","href":"https:\/\/api.w.org\/{rel}","templated":true}]}}