{"id":44492,"date":"2026-03-27T10:03:14","date_gmt":"2026-03-27T09:03:14","guid":{"rendered":"https:\/\/treurer.com\/producto\/sommerkonzert-2026\/"},"modified":"2026-04-07T17:32:29","modified_gmt":"2026-04-07T15:32:29","slug":"sommerkonzert-2026","status":"publish","type":"product","link":"https:\/\/treurer.com\/de\/producto\/sommerkonzert-2026\/","title":{"rendered":"Sommerkonzert 2026"},"content":{"rendered":"<p class=\"font-claude-response-body break-words whitespace-normal leading-[1.7]\">Ein umfassendes Musikerlebnis im Herzen Mallorcas.<\/p>\n<p class=\"font-claude-response-body break-words whitespace-normal leading-[1.7]\">Al caer la noche, a las 21:30h, la m\u00fasica tomar\u00e1 el protagonismo. El cuarteto de cuerda formado por Nina Heidenreich (viol\u00edn), Ariadna Ferrer (viol\u00edn), Hanga Feh\u00e9r (viola) y Lloren\u00e7 Rosal (violonchelo) interpretar\u00e1 un programa que recorre desde los grandes maestros cl\u00e1sicos \u2014 Haydn, Mozart, Brahms, Saint-Sa\u00ebns y Kreisler \u2014 hasta las melod\u00edas apasionadas de Piazzola, Gardel y Monti, sin olvidar a Gershwin y Revaux.<\/p>\n<p class=\"font-claude-response-body break-words whitespace-normal leading-[1.7]\">M\u00fasica en vivo en el incomparable marco de Finca Treurer. Una noche para recordar.<\/p>\n","protected":false},"excerpt":{"rendered":"<p>Begr\u00fc\u00dfungscocktail<\/p>\n<p>Am 12. Juni um 21:30 Uhr gibt das Kammerensemble, bestehend aus den Musikerinnen Nina Heidenreich (Violine), Ariadna Ferrer (Violine), Hanga Feh\u00e9r (Viola) und Llorenc Rosal (Cello), ein Konzert mit Werken von:<\/p>\n<ul>\n<li>Haydn<\/li>\n<li>Kreisler<\/li>\n<li>Saint Saens<\/li>\n<li>Brahms<\/li>\n<li>Mozart<\/li>\n<li>Revaux<\/li>\n<li>Piazzola<\/li>\n<li>Gershwin<\/li>\n<li>Gardel<\/li>\n<li>Monti<\/li>\n<\/ul>\n<p>Wenn Sie am Abendessen und Konzert teilnehmen m\u00f6chten, kaufen Sie Ihre Eintrittskarten <a href=\"https:\/\/treurer.com\/de\/producto\/abendessen-und-sommerkonzert-2026\/\">bitte auf dieser anderen Seite.<\/a><\/p>\n","protected":false},"featured_media":44481,"comment_status":"closed","ping_status":"closed","template":"","meta":{"_acf_changed":false,"content-type":"","_joinchat":[]},"product_brand":[],"product_cat":[639],"product_tag":[],"class_list":{"0":"post-44492","1":"product","2":"type-product","3":"status-publish","4":"has-post-thumbnail","6":"product_cat-kurzurlaube","8":"first","9":"instock","10":"virtual","11":"taxable","12":"purchasable","13":"product-type-simple"},"acf":[],"_links":{"self":[{"href":"https:\/\/treurer.com\/de\/wp-json\/wp\/v2\/product\/44492","targetHints":{"allow":["GET"]}}],"collection":[{"href":"https:\/\/treurer.com\/de\/wp-json\/wp\/v2\/product"}],"about":[{"href":"https:\/\/treurer.com\/de\/wp-json\/wp\/v2\/types\/product"}],"replies":[{"embeddable":true,"href":"https:\/\/treurer.com\/de\/wp-json\/wp\/v2\/comments?post=44492"}],"version-history":[{"count":1,"href":"https:\/\/treurer.com\/de\/wp-json\/wp\/v2\/product\/44492\/revisions"}],"predecessor-version":[{"id":44498,"href":"https:\/\/treurer.com\/de\/wp-json\/wp\/v2\/product\/44492\/revisions\/44498"}],"wp:featuredmedia":[{"embeddable":true,"href":"https:\/\/treurer.com\/de\/wp-json\/wp\/v2\/media\/44481"}],"wp:attachment":[{"href":"https:\/\/treurer.com\/de\/wp-json\/wp\/v2\/media?parent=44492"}],"wp:term":[{"taxonomy":"product_brand","embeddable":true,"href":"https:\/\/treurer.com\/de\/wp-json\/wp\/v2\/product_brand?post=44492"},{"taxonomy":"product_cat","embeddable":true,"href":"https:\/\/treurer.com\/de\/wp-json\/wp\/v2\/product_cat?post=44492"},{"taxonomy":"product_tag","embeddable":true,"href":"https:\/\/treurer.com\/de\/wp-json\/wp\/v2\/product_tag?post=44492"}],"curies":[{"name":"wp","href":"https:\/\/api.w.org\/{rel}","templated":true}]}}