{"id":44487,"date":"2026-03-26T17:40:52","date_gmt":"2026-03-26T16:40:52","guid":{"rendered":"https:\/\/treurer.com\/?post_type=product&#038;p=44487"},"modified":"2026-04-07T16:27:18","modified_gmt":"2026-04-07T14:27:18","slug":"abendessen-und-sommerkonzert-2026","status":"publish","type":"product","link":"https:\/\/treurer.com\/de\/producto\/abendessen-und-sommerkonzert-2026\/","title":{"rendered":"Abendessen und Sommerkonzert 2026"},"content":{"rendered":"","protected":false},"excerpt":{"rendered":"<p>Begr\u00fc\u00dfungscocktail Am 12. Juni beginnt das Abendessen um 19:30 Uhr mit einem siebeng\u00e4ngigen Degustationsmen\u00fc, bei dem stilles Wasser inbegriffen ist. Um 21:30 Uhr gibt das Kammerensemble, bestehend aus den Musikerinnen Nina Heidenreich (Violine), Ariadna Ferrer (Violine), Hanga Feh\u00e9r (Viola) und Llorenc Rosal (Cello), ein Konzert mit Werken von:<\/p>\n<ul>\n<li>Haydn<\/li>\n<li>Kreisler<\/li>\n<li>Saint-Sa\u00ebns<\/li>\n<li>Brahms<\/li>\n<li>Mozart<\/li>\n<li>Revaux<\/li>\n<li>Piazzola<\/li>\n<li>Gershwin<\/li>\n<li>Gardel<\/li>\n<li>Monti<\/li>\n<\/ul>\n<p>Wenn Sie nur das Konzert besuchen m\u00f6chten, <a href=\"https:\/\/treurer.com\/de\/producto\/sommerkonzert-2026\/\">erwerben Sie Ihre Eintrittskarten auf dieser anderen Seite<\/a>.<\/p>\n","protected":false},"featured_media":44481,"comment_status":"closed","ping_status":"closed","template":"","meta":{"_acf_changed":false,"content-type":"","_joinchat":[]},"product_brand":[],"product_cat":[639],"product_tag":[],"class_list":{"0":"post-44487","1":"product","2":"type-product","3":"status-publish","4":"has-post-thumbnail","6":"product_cat-kurzurlaube","8":"first","9":"instock","10":"virtual","11":"taxable","12":"purchasable","13":"product-type-simple"},"acf":[],"_links":{"self":[{"href":"https:\/\/treurer.com\/de\/wp-json\/wp\/v2\/product\/44487","targetHints":{"allow":["GET"]}}],"collection":[{"href":"https:\/\/treurer.com\/de\/wp-json\/wp\/v2\/product"}],"about":[{"href":"https:\/\/treurer.com\/de\/wp-json\/wp\/v2\/types\/product"}],"replies":[{"embeddable":true,"href":"https:\/\/treurer.com\/de\/wp-json\/wp\/v2\/comments?post=44487"}],"version-history":[{"count":5,"href":"https:\/\/treurer.com\/de\/wp-json\/wp\/v2\/product\/44487\/revisions"}],"predecessor-version":[{"id":44490,"href":"https:\/\/treurer.com\/de\/wp-json\/wp\/v2\/product\/44487\/revisions\/44490"}],"wp:featuredmedia":[{"embeddable":true,"href":"https:\/\/treurer.com\/de\/wp-json\/wp\/v2\/media\/44481"}],"wp:attachment":[{"href":"https:\/\/treurer.com\/de\/wp-json\/wp\/v2\/media?parent=44487"}],"wp:term":[{"taxonomy":"product_brand","embeddable":true,"href":"https:\/\/treurer.com\/de\/wp-json\/wp\/v2\/product_brand?post=44487"},{"taxonomy":"product_cat","embeddable":true,"href":"https:\/\/treurer.com\/de\/wp-json\/wp\/v2\/product_cat?post=44487"},{"taxonomy":"product_tag","embeddable":true,"href":"https:\/\/treurer.com\/de\/wp-json\/wp\/v2\/product_tag?post=44487"}],"curies":[{"name":"wp","href":"https:\/\/api.w.org\/{rel}","templated":true}]}}