{"id":43661,"date":"2026-02-26T11:36:04","date_gmt":"2026-02-26T10:36:04","guid":{"rendered":"https:\/\/treurer.com\/?post_type=product&#038;p=43661"},"modified":"2026-03-03T14:54:25","modified_gmt":"2026-03-03T13:54:25","slug":"gefuhrter-besuch-mit-ol-und-weinverkostung","status":"publish","type":"product","link":"https:\/\/treurer.com\/de\/producto\/gefuhrter-besuch-mit-ol-und-weinverkostung\/","title":{"rendered":"F\u00fchrung mit \u00d6l- und Weinverkostung"},"content":{"rendered":"<h3><strong>Haben Sie Lust auf ein Oliven\u00f6l- und Weinerlebnis in Treurer?<\/strong><\/h3>\n<p>Wir haben eine <strong>F\u00fchrung mit Oliven\u00f6l- und Weinverkostung<\/strong> f\u00fcr diejenigen zusammengestellt, die mehr \u00fcber die Kultur des <strong>nativen Oliven\u00f6ls extra<\/strong> erfahren und gleichzeitig <strong>den Weinreichtum Mallorcas<\/strong> entdecken m\u00f6chten, und das alles in der nat\u00fcrlichen Umgebung unserer Finca.<\/p>\n<p>Das Erlebnis verbindet <strong>Wissen, Landschaft und Gastronomie<\/strong> und ist so konzipiert, dass Sie es ohne Eile genie\u00dfen k\u00f6nnen, mit Zeit zum Verstehen, Probieren und Plaudern. Es ist eine Aktivit\u00e4t, die Spuren hinterl\u00e4sst und Sie aus einer authentischen und nahen Perspektive mit der Insel verbindet.<\/p>\n<h3><strong>Was beinhaltet der Besuch mit Oliven\u00f6l- und Weinverkostung?<\/strong><\/h3>\n<p>Wir beginnen mit der <strong>Ankunft auf der Finca und einer pers\u00f6nlichen Begr\u00fc\u00dfung<\/strong>, bei der wir Ihnen die <strong>Entstehung des Treurer-Projekts<\/strong> und unsere Sichtweise auf die Arbeit auf dem Feld n\u00e4herbringen.<\/p>\n<p>Wir machen einen <strong>Spaziergang durch den Olivenhain<\/strong> und erkl\u00e4ren Ihnen die <strong>landwirtschaftlichen Praktiken<\/strong> und die nat\u00fcrliche Umgebung, in der die Olivenb\u00e4ume wachsen.<\/p>\n<p>Wir besuchen die <strong>\u00d6lm\u00fchle, den Produktionsbereich und die Abf\u00fcllanlage<\/strong>, wo wir den <strong>gesamten Herstellungsprozess<\/strong> von der Olive bis zum fertigen \u00d6l detailliert erl\u00e4utern.<\/p>\n<p>Wir beginnen mit einer <strong>Einf\u00fchrung in die \u00d6lverkostung<\/strong> und lernen, <strong>\u00d6lsorten, -varianten und -qualit\u00e4ten<\/strong> zu unterscheiden, wobei wir besonders darauf achten, wie man ein <strong>natives Oliven\u00f6l extra<\/strong> erkennt.<\/p>\n<p>Das Erlebnis wird mit einer <strong>Verkostung mallorquinischer Weine<\/strong> fortgesetzt, begleitet von einem <strong>Imbiss aus lokalen Produkten<\/strong>, darunter:<\/p>\n<ul>\n<li><strong>Natives Oliven\u00f6l extra Treurer<\/strong><\/li>\n<li><strong>Mallorquinische Coca der Saison<\/strong><\/li>\n<li><strong>Pa amb oli mit K\u00e4se oder Schinken<\/strong><\/li>\n<li><strong>Mallorquinisches Brot oder Kekse mit Sobrasada<\/strong><\/li>\n<li><strong>Mallorquinische Oliven<\/strong><\/li>\n<li><strong>Orangen mit Honig, Zimt und Oliven\u00f6l Treurer<\/strong><\/li>\n<\/ul>\n<p>Die Verkostung umfasst <strong>vier Gl\u00e4ser mallorquinischer Weine<\/strong> sowie <strong>stilles Wasser<\/strong>.<\/p>\n<p>Die Weinverkostung beginnt mit einem <strong>kurzen praktischen Workshop<\/strong> \u00fcber die <strong>Zubereitung, das \u00d6ffnen der Flasche und das Servieren<\/strong>. Anschlie\u00dfend stellen wir jeden Wein vor und f\u00fchren eine <strong>gef\u00fchrte Analyse- und Orientierungs\u00fcbung<\/strong> durch, wobei jedes Glas zusammen mit dem entsprechenden Gericht serviert wird. Die Verkostung umfasst <strong>ein Glas pro Wein<\/strong>.<\/p>\n<h3><strong>Wie lange dauert das Erlebnis?<\/strong><\/h3>\n<p>Die Dauer betr\u00e4gt ca. <strong>3 Stunden<\/strong>, sodass Sie jeden Teil des Besuchs in Ruhe genie\u00dfen k\u00f6nnen.<\/p>\n<h3><strong>Wann findet der Besuch statt?<\/strong><\/h3>\n<p>Die Aktivit\u00e4t wird <strong>Mittwochs und Samstags<\/strong> von <strong>11:00 bis 14:00 Uhr<\/strong> angeboten.<\/p>\n<h3><strong>Wieviel kostet die Veranstaltung?<\/strong><\/h3>\n<ul>\n<li><strong>Erwachsene:<\/strong> 79,50 \u20ac (inkl. MwSt.)<\/li>\n<li><strong>Kinder von 6 bis 14 Jahren:<\/strong> 23,70 \u20ac (inkl. MwSt.)<\/li>\n<\/ul>\n<h3><strong>Praktische Informationen<\/strong><\/h3>\n<p>Das Anwesen verf\u00fcgt \u00fcber einen <strong>eigenen Parkplatz<\/strong>.<\/p>\n<p>Die Besichtigung <strong>ist aufgrund des unebenen Gel\u00e4ndes und der H\u00f6henunterschiede nicht f\u00fcr Personen mit eingeschr\u00e4nkter Mobilit\u00e4t<\/strong> zu empfehlen.<\/p>\n<p>Wenn Sie <strong>besondere Ern\u00e4hrungsbed\u00fcrfnisse<\/strong> haben \u2013 Vegetarismus, Allergien oder Unvertr\u00e4glichkeiten \u2013, bitten wir Sie, uns dies im Voraus mitzuteilen, damit wir den Imbiss an Ihre Bed\u00fcrfnisse anpassen k\u00f6nnen.<\/p>\n<h3><strong>\u00c4nderungs- und Stornierungsbedingungen \u2013 F\u00fchrung<\/strong><\/h3>\n<p><strong>Reservierungen und Best\u00e4tigung<\/strong><\/p>\n<p>Die Reservierung der F\u00fchrung wird best\u00e4tigt, sobald der Kaufvorgang \u00fcber eine der autorisierten Verkaufsplattformen oder direkt beim Veranstalter abgeschlossen ist.<\/p>\n<p><strong>\u00c4nderungen des Datums oder der Uhrzeit durch den Kunden<\/strong><\/p>\n<ul>\n<li>\u00c4nderungen des Datums k\u00f6nnen bis zu 24 Stunden vor Beginn der F\u00fchrung ohne zus\u00e4tzliche Kosten beantragt werden.<\/li>\n<li>\u00c4nderungen unterliegen immer der Verf\u00fcgbarkeit, aber der Veranstalter wird sich bem\u00fchen, einen neuen Termin anzubieten, der den Bed\u00fcrfnissen des Kunden entspricht.<\/li>\n<li>Wenn Sie am vorgeschlagenen neuen Termin nicht teilnehmen k\u00f6nnen, gelten die entsprechenden Stornierungsbedingungen.<\/li>\n<\/ul>\n<p><strong>Stornierungen durch den Kunden<\/strong><\/p>\n<ul>\n<li>Stornierungen mehr als 24 Stunden im Voraus: vollst\u00e4ndige R\u00fcckerstattung des gezahlten Betrags.<\/li>\n<li>Stornierungen weniger als 24 Stunden im Voraus oder Nichterscheinen (No-Show): keine R\u00fcckerstattung.<\/li>\n<\/ul>\n<p><strong>Stornierungen oder \u00c4nderungen durch den Veranstalter<\/strong><\/p>\n<p>Im Falle h\u00f6herer Gewalt, widriger Wetterbedingungen oder unvorhergesehener Ereignisse, die die Durchf\u00fchrung der Aktivit\u00e4t verhindern, bietet der Veranstalter:<\/p>\n<ul>\n<li>einen neuen Termin oder<\/li>\n<li>die vollst\u00e4ndige R\u00fcckerstattung des gezahlten Betrags.<\/li>\n<\/ul>\n<p><strong>R\u00fcckerstattungen<\/strong><\/p>\n<p>R\u00fcckerstattungen erfolgen, sofern zutreffend, innerhalb von maximal 7 Werktagen unter Verwendung derselben Zahlungsmethode, die bei der Buchung verwendet wurde.<\/p>\n<h3><strong>Haben Sie Fragen? Lassen Sie es uns wissen.<\/strong><\/h3>\n\n\t\t\t\t\t\t<script>\n\t\t\t\t\t\t\twindow.hsFormsOnReady = window.hsFormsOnReady || [];\n\t\t\t\t\t\t\twindow.hsFormsOnReady.push(()=>{\n\t\t\t\t\t\t\t\thbspt.forms.create({\n\t\t\t\t\t\t\t\t\tportalId: 7873078,\n\t\t\t\t\t\t\t\t\tformId: \"0e282d99-d192-46df-84a6-b338b409a49f\",\n\t\t\t\t\t\t\t\t\ttarget: \"#hbspt-form-1776066729000-5095329502\",\n\t\t\t\t\t\t\t\t\tregion: \"na1\",\n\t\t\t\t\t\t\t\t\t\n\t\t\t\t\t\t\t})});\n\t\t\t\t\t\t<\/script>\n\t\t\t\t\t\t<div class=\"hbspt-form\" id=\"hbspt-form-1776066729000-5095329502\"><\/div>\n<p>&nbsp;<\/p>\n","protected":false},"excerpt":{"rendered":"<p>Besuch der Finca \u201eTreurer\u201c mit <strong>einer Dauer von 3 Stunden<\/strong>, einschlie\u00dflich einer Verkostung eines mallorquinischen Aperitifs mit Oliven\u00f6l. Die F\u00fchrung kann auf Spanisch, Katalanisch, Englisch und Deutsch durchgef\u00fchrt werden.<\/p>\n<p><strong>Die Kosten f\u00fcr den Besuch betragen 79,50 \u20ac pro Erwachsenem, 49,50 \u20ac pro Jugendlichen zwischen 15 und 17 Jahren und 23,00 \u20ac pro Kind zwischen 6 und 14 Jahren.<\/strong> Der Eintritt ist f\u00fcr Kinder unter 6 Jahren kostenlos.<\/p>\n<div>\n<!-- FareHarbor calendar of item #709248 --><br \/>\n<script src=\"https:\/\/fareharbor.com\/embeds\/script\/calendar-small\/treurer\/items\/709248\/?fallback=simple&#038;full-items=yes&#038;flow=1579301\"><\/script>\n<\/div>\n","protected":false},"featured_media":43583,"comment_status":"closed","ping_status":"closed","template":"","meta":{"_acf_changed":false,"content-type":"","_joinchat":[]},"product_brand":[],"product_cat":[221,207],"product_tag":[],"class_list":{"0":"post-43661","1":"product","2":"type-product","3":"status-publish","4":"has-post-thumbnail","6":"product_cat-geplanter-besuch","7":"product_cat-olivenoeltourismus","9":"first","10":"outofstock","11":"virtual","12":"taxable","13":"product-type-simple"},"acf":[],"_links":{"self":[{"href":"https:\/\/treurer.com\/de\/wp-json\/wp\/v2\/product\/43661","targetHints":{"allow":["GET"]}}],"collection":[{"href":"https:\/\/treurer.com\/de\/wp-json\/wp\/v2\/product"}],"about":[{"href":"https:\/\/treurer.com\/de\/wp-json\/wp\/v2\/types\/product"}],"replies":[{"embeddable":true,"href":"https:\/\/treurer.com\/de\/wp-json\/wp\/v2\/comments?post=43661"}],"version-history":[{"count":12,"href":"https:\/\/treurer.com\/de\/wp-json\/wp\/v2\/product\/43661\/revisions"}],"predecessor-version":[{"id":43741,"href":"https:\/\/treurer.com\/de\/wp-json\/wp\/v2\/product\/43661\/revisions\/43741"}],"wp:featuredmedia":[{"embeddable":true,"href":"https:\/\/treurer.com\/de\/wp-json\/wp\/v2\/media\/43583"}],"wp:attachment":[{"href":"https:\/\/treurer.com\/de\/wp-json\/wp\/v2\/media?parent=43661"}],"wp:term":[{"taxonomy":"product_brand","embeddable":true,"href":"https:\/\/treurer.com\/de\/wp-json\/wp\/v2\/product_brand?post=43661"},{"taxonomy":"product_cat","embeddable":true,"href":"https:\/\/treurer.com\/de\/wp-json\/wp\/v2\/product_cat?post=43661"},{"taxonomy":"product_tag","embeddable":true,"href":"https:\/\/treurer.com\/de\/wp-json\/wp\/v2\/product_tag?post=43661"}],"curies":[{"name":"wp","href":"https:\/\/api.w.org\/{rel}","templated":true}]}}