{"id":41182,"date":"2025-08-21T11:33:27","date_gmt":"2025-08-21T09:33:27","guid":{"rendered":"https:\/\/treurer.com\/?post_type=product&#038;p=41182"},"modified":"2026-03-03T15:16:38","modified_gmt":"2026-03-03T14:16:38","slug":"besuch-der-finca-mit-terminabsprache-de-de","status":"publish","type":"product","link":"https:\/\/treurer.com\/de\/producto\/besuch-der-finca-mit-terminabsprache-de-de\/","title":{"rendered":"Besuch der Finca mit Terminabsprache"},"content":{"rendered":"<h3>M\u00f6chten Sie unsere Finca besuchen?<\/h3>\n<p>Bei dem Besuch unserer Finca werden <strong>Spa\u00df und Lernen miteinander verbunden<\/strong>. <strong>Sie werden sicherlich \u00fcberrascht sein<\/strong> und eine unvergessliche Erinnerung von Ihrem Aufenthalt auf der Insel mit nach Hause nehmen. Eine Erfahrung, die kulturell bereichert und eine <strong>praktische Anwendung im t\u00e4glichen Leben<\/strong> hat, sodass sie \u00fcber Ihre R\u00fcckkehr hinaus bleiben wird.<\/p>\n<h3>Was beinhaltet ein Besuch in unseren Einrichtungen?<\/h3>\n<p>Lernen Sie den Olivenhain, seine Flora und Fauna kennen, und spazieren Sie zwischen Olivenb\u00e4umen.<br \/>\nErfahren Sie mehr \u00fcber das Herstellungsverfahren von Oliven\u00f6l<br \/>\nErkennen Sie ein natives Oliven\u00f6l extra<br \/>\nProbieren Sie die mit Oliven\u00f6l verbundene mallorquinische K\u00fcche<br \/>\nLernen Sie die mallorquinischen Traditionen der Bauernschaft kennen<br \/>\nLernen Sie die Familie kennen<br \/>\nBesuchen Sie das Landesinnere von Mallorca<\/p>\n<h3>Wie lange dauert der Besuch?<\/h3>\n<p>Zwischen <strong>1,5 und 2 Stunden<\/strong><\/p>\n<h3>Wann kann man die Finca besichtigen?<\/h3>\n<p>Montags bis samstags um 11:00 Uhr <b>\u2013 Eine vorherige Anmeldung ist erforderlich.<\/b><\/p>\n<h3>In welchen Sprachen findet der Besuch statt?<\/h3>\n<p>Auf <b>Deutsch, Englisch, Spanisch oder Katalanisch.<\/b><strong>\u00a0<\/strong>Die Besichtigung kann gleichzeitig in mehreren Sprachen durchgef\u00fchrt werden, falls Besucher unterschiedlicher Herkunft zusammentreffen.<\/p>\n<h3>F\u00fcr wen ist dieser Besuch interessant?<\/h3>\n<p>Der Oliven\u00f6l-Tourismus ist speziell f\u00fcr Personen geeignet, die sich f\u00fcr die <strong>mediterrane K\u00fcche<\/strong>, die <strong>Welt des Oliven\u00f6ls<\/strong> und im Allgemeinen f\u00fcr die Geschichte und die <strong>Produkte der Insel Mallorca<\/strong> interessieren.<\/p>\n<h3>Weitere Themen<\/h3>\n<p><strong>Parkplatz vorhanden <\/strong>auf der eigenen Finca.<\/p>\n<p>Der Besuch ist aufgrund der Unebenheiten des Gel\u00e4ndes f\u00fcr Menschen mit <strong>eingeschr\u00e4nkter Mobilit\u00e4t<\/strong> nicht geeignet.<\/p>\n<p>Wenn Sie <strong>besondere Ern\u00e4hrungsanforderungen<\/strong> haben (z.\u202fB. vegetarisch, Allergien oder Unvertr\u00e4glichkeiten), informieren Sie uns bitte im Voraus, damit wir Ihren Snack entsprechend anpassen k\u00f6nnen.<\/p>\n<h3><strong>\u00c4nderungs- und Stornierungsbedingungen \u2014 F\u00fchrungen<\/strong><\/h3>\n<p><strong>Buchungen und Best\u00e4tigung<\/strong><br \/>\nDie Buchung der F\u00fchrung gilt als best\u00e4tigt, sobald der Kaufvorgang \u00fcber eine der autorisierten Verkaufsplattformen oder direkt beim Anbieter abgeschlossen wurde.<\/p>\n<p><strong>\u00c4nderung von Datum oder Uhrzeit durch den Kunden<\/strong><\/p>\n<ul>\n<li>Termin\u00e4nderungen k\u00f6nnen bis 24 Stunden vor Beginn der F\u00fchrung kostenlos beantragt werden.<\/li>\n<li>\u00c4nderungen unterliegen stets der Verf\u00fcgbarkeit, doch der Anbieter wird sich bem\u00fchen, ein alternatives Datum anzubieten, das den Bed\u00fcrfnissen des Kunden entspricht.<\/li>\n<li>Wenn der Kunde am neuen Termin nicht teilnehmen kann, gelten die entsprechenden Stornierungsbedingungen.<\/li>\n<\/ul>\n<p><strong>Stornierungen durch den Kunden<\/strong><\/p>\n<ul>\n<li>Stornierungen mehr als 24 Stunden vor Beginn: volle R\u00fcckerstattung des gezahlten Betrags.<\/li>\n<li>Stornierungen weniger als 24 Stunden vor Beginn oder Nicht-Erscheinen (No-Show): keine R\u00fcckerstattung.<\/li>\n<\/ul>\n<p><strong>Stornierungen oder \u00c4nderungen durch den Anbieter<\/strong><br \/>\nIm Falle h\u00f6herer Gewalt, widriger Wetterbedingungen oder unvorhergesehener Umst\u00e4nde, die die Durchf\u00fchrung der F\u00fchrung verhindern, bietet der Veranstalter:<\/p>\n<ul>\n<li>ein alternatives Datum, oder<\/li>\n<li>die vollst\u00e4ndige R\u00fcckerstattung des gezahlten Betrags.<\/li>\n<\/ul>\n<p><strong>R\u00fcckerstattungen<\/strong><br \/>\nR\u00fcckerstattungen werden, sofern zutreffend, innerhalb von maximal 7 Werktagen \u00fcber dasselbe Zahlungsmittel vorgenommen, das bei der Buchung verwendet wurde.<\/p>\n<p>&nbsp;<\/p>\n<h3>Haben Sie Fragen? Lassen Sie es uns wissen.<\/h3>\n<p>&nbsp;<\/p>\n\n\t\t\t\t\t\t<script>\n\t\t\t\t\t\t\twindow.hsFormsOnReady = window.hsFormsOnReady || [];\n\t\t\t\t\t\t\twindow.hsFormsOnReady.push(()=>{\n\t\t\t\t\t\t\t\thbspt.forms.create({\n\t\t\t\t\t\t\t\t\tportalId: 7873078,\n\t\t\t\t\t\t\t\t\tformId: \"fb3d6c24-f4b1-46a5-8ed9-96d3ce9488fb\",\n\t\t\t\t\t\t\t\t\ttarget: \"#hbspt-form-1776025619000-8127265230\",\n\t\t\t\t\t\t\t\t\tregion: \"na1\",\n\t\t\t\t\t\t\t\t\t\n\t\t\t\t\t\t\t})});\n\t\t\t\t\t\t<\/script>\n\t\t\t\t\t\t<div class=\"hbspt-form\" id=\"hbspt-form-1776025619000-8127265230\"><\/div>\n","protected":false},"excerpt":{"rendered":"<p>Besichtigung des Weinguts \u201eTreurer\u201c von 1,5 bis 2 Stunden, einschlie\u00dflich Verkostung eines mallorquinischen Aperitifs mit Oliven\u00f6l. Die Besichtigung kann auf <b>Deutsch, Englisch, Spanisch oder Katalanisch<\/b> durchgef\u00fchrt werden.<\/p>\n<p>Die Kosten f\u00fcr den Besuch betragen 49,5\u20ac pro Erwachsenem und 23,70\u20ac pro Kind zwischen 6 und 14 Jahren. F\u00fcr Kinder unter 6 Jahren ist der Eintritt frei.<\/p>\n<div>\n<!-- FareHarbor calendar of item #709225 --><br \/>\n<script src=\"https:\/\/fareharbor.com\/embeds\/script\/calendar-small\/treurer\/items\/709225\/?fallback=simple&#038;full-items=yes&#038;flow=1579301\"><\/script>\n<\/div>\n","protected":false},"featured_media":18022,"comment_status":"closed","ping_status":"closed","template":"","meta":{"_acf_changed":false,"content-type":"","_joinchat":[]},"product_brand":[],"product_cat":[221,207],"product_tag":[],"class_list":{"0":"post-41182","1":"product","2":"type-product","3":"status-publish","4":"has-post-thumbnail","6":"product_cat-geplanter-besuch","7":"product_cat-olivenoeltourismus","9":"first","10":"outofstock","11":"virtual","12":"taxable","13":"product-type-simple"},"acf":[],"_links":{"self":[{"href":"https:\/\/treurer.com\/de\/wp-json\/wp\/v2\/product\/41182","targetHints":{"allow":["GET"]}}],"collection":[{"href":"https:\/\/treurer.com\/de\/wp-json\/wp\/v2\/product"}],"about":[{"href":"https:\/\/treurer.com\/de\/wp-json\/wp\/v2\/types\/product"}],"replies":[{"embeddable":true,"href":"https:\/\/treurer.com\/de\/wp-json\/wp\/v2\/comments?post=41182"}],"version-history":[{"count":16,"href":"https:\/\/treurer.com\/de\/wp-json\/wp\/v2\/product\/41182\/revisions"}],"predecessor-version":[{"id":43747,"href":"https:\/\/treurer.com\/de\/wp-json\/wp\/v2\/product\/41182\/revisions\/43747"}],"wp:featuredmedia":[{"embeddable":true,"href":"https:\/\/treurer.com\/de\/wp-json\/wp\/v2\/media\/18022"}],"wp:attachment":[{"href":"https:\/\/treurer.com\/de\/wp-json\/wp\/v2\/media?parent=41182"}],"wp:term":[{"taxonomy":"product_brand","embeddable":true,"href":"https:\/\/treurer.com\/de\/wp-json\/wp\/v2\/product_brand?post=41182"},{"taxonomy":"product_cat","embeddable":true,"href":"https:\/\/treurer.com\/de\/wp-json\/wp\/v2\/product_cat?post=41182"},{"taxonomy":"product_tag","embeddable":true,"href":"https:\/\/treurer.com\/de\/wp-json\/wp\/v2\/product_tag?post=41182"}],"curies":[{"name":"wp","href":"https:\/\/api.w.org\/{rel}","templated":true}]}}