{"id":39055,"date":"2025-01-15T12:23:54","date_gmt":"2025-01-15T11:23:54","guid":{"rendered":"https:\/\/treurer.com\/producto\/olive-milk-body-milk-300-ml\/"},"modified":"2026-02-24T12:15:11","modified_gmt":"2026-02-24T11:15:11","slug":"olive-milk-body-milk-300-ml","status":"publish","type":"product","link":"https:\/\/treurer.com\/de\/producto\/olive-milk-body-milk-300-ml\/","title":{"rendered":"Olive Milk. Body Milk"},"content":{"rendered":"<p>Oliven\u00f6l-Milch. Eine feuchtigkeitsspendende Milch mit Oliven\u00f6l und Pr\u00e4biotika. Ihre feuchtigkeitsspendenden und n\u00e4hrenden Eigenschaften hydratisieren die Haut von Gesicht und K\u00f6rper.<\/p>\n<p>Pr\u00e4biotika f\u00f6rdern das Wachstum n\u00fctzlicher Mikroorganismen und verringern die M\u00f6glichkeit der Vermehrung sch\u00e4dlicher oder pathogener Bakterien.<\/p>\n<p><strong>96% nat\u00fcrliche Inhaltsstoffe und vegan<\/strong><\/p>\n<p><span style=\"color: #ff0000;\"><strong>Nicht vorr\u00e4tig<\/strong><\/span><\/p>\n","protected":false},"excerpt":{"rendered":"<p>Feuchthalte-Milch mit Oliven\u00f6l und Pr\u00e4biotika.<\/p>\n<p>Ihre feuchtigkeitsspendenden und n\u00e4hrenden Eigenschaften spenden der Haut von Gesicht und K\u00f6rper Feuchtigkeit.<\/p>\n<p><span style=\"color: #ff0000;\"><strong>Nicht vorr\u00e4tig<\/strong><\/span><\/p>\n","protected":false},"featured_media":38860,"comment_status":"closed","ping_status":"closed","template":"","meta":{"_acf_changed":false,"content-type":"","_joinchat":[]},"product_brand":[],"product_cat":[282],"product_tag":[],"class_list":{"0":"post-39055","1":"product","2":"type-product","3":"status-publish","4":"has-post-thumbnail","6":"product_cat-naturkosmetik-auf-olivenol-basis","7":"product_shipping_class-international","9":"first","10":"outofstock","11":"taxable","12":"shipping-taxable","13":"purchasable","14":"product-type-simple"},"acf":[],"_links":{"self":[{"href":"https:\/\/treurer.com\/de\/wp-json\/wp\/v2\/product\/39055","targetHints":{"allow":["GET"]}}],"collection":[{"href":"https:\/\/treurer.com\/de\/wp-json\/wp\/v2\/product"}],"about":[{"href":"https:\/\/treurer.com\/de\/wp-json\/wp\/v2\/types\/product"}],"replies":[{"embeddable":true,"href":"https:\/\/treurer.com\/de\/wp-json\/wp\/v2\/comments?post=39055"}],"version-history":[{"count":4,"href":"https:\/\/treurer.com\/de\/wp-json\/wp\/v2\/product\/39055\/revisions"}],"predecessor-version":[{"id":43621,"href":"https:\/\/treurer.com\/de\/wp-json\/wp\/v2\/product\/39055\/revisions\/43621"}],"wp:featuredmedia":[{"embeddable":true,"href":"https:\/\/treurer.com\/de\/wp-json\/wp\/v2\/media\/38860"}],"wp:attachment":[{"href":"https:\/\/treurer.com\/de\/wp-json\/wp\/v2\/media?parent=39055"}],"wp:term":[{"taxonomy":"product_brand","embeddable":true,"href":"https:\/\/treurer.com\/de\/wp-json\/wp\/v2\/product_brand?post=39055"},{"taxonomy":"product_cat","embeddable":true,"href":"https:\/\/treurer.com\/de\/wp-json\/wp\/v2\/product_cat?post=39055"},{"taxonomy":"product_tag","embeddable":true,"href":"https:\/\/treurer.com\/de\/wp-json\/wp\/v2\/product_tag?post=39055"}],"curies":[{"name":"wp","href":"https:\/\/api.w.org\/{rel}","templated":true}]}}