{"id":39054,"date":"2025-01-22T11:46:12","date_gmt":"2025-01-22T10:46:12","guid":{"rendered":"https:\/\/treurer.com\/producto\/superoil-nutritive-oil-100-ml\/"},"modified":"2026-02-16T12:44:08","modified_gmt":"2026-02-16T11:44:08","slug":"superoil-nutritive-oil-100-ml","status":"publish","type":"product","link":"https:\/\/treurer.com\/de\/producto\/superoil-nutritive-oil-100-ml\/","title":{"rendered":"SuperOil. Nutritive Oil"},"content":{"rendered":"<p>Super\u00d6l. Pflegendes \u00d6l mit Oliven-, Hagebutten- und Traubenkern\u00f6l, das bei der Behandlung von Dehnungsstreifen, Narben, Hautflecken und Austrocknung hilft.<\/p>\n<p>Dieses \u00d6l liefert die notwendigen N\u00e4hrstoffe, um die Haut zu n\u00e4hren und mit Feuchtigkeit zu versorgen, damit sie sich dehnen kann, ohne ihre Struktur zu besch\u00e4digen.<\/p>\n<p><strong>99,8% nat\u00fcrliche Inhaltsstoffe und vegan<\/strong><\/p>\n<p><span style=\"color: #ff0000;\"><strong>Produkt ausverkauft<\/strong><\/span><\/p>\n","protected":false},"excerpt":{"rendered":"<p>Pflegendes \u00d6l mit Oliven\u00f6l, Hagebutte und Traubenkernen, das bei Dehnungsstreifen, Narben, Hautflecken und Austrocknung hilft. <strong>Mit Nativem Oliven\u00f6l Extra aus dem Weingut Treurer.<\/strong><\/p>\n<p><span style=\"color: #ff0000;\"><strong>Produkt ausverkauft<\/strong><\/span><\/p>\n","protected":false},"featured_media":38912,"comment_status":"closed","ping_status":"closed","template":"","meta":{"_acf_changed":false,"content-type":"","_joinchat":[]},"product_brand":[],"product_cat":[282],"product_tag":[],"class_list":{"0":"post-39054","1":"product","2":"type-product","3":"status-publish","4":"has-post-thumbnail","6":"product_cat-naturkosmetik-auf-olivenol-basis","7":"product_shipping_class-international","9":"first","10":"outofstock","11":"taxable","12":"shipping-taxable","13":"purchasable","14":"product-type-simple"},"acf":[],"_links":{"self":[{"href":"https:\/\/treurer.com\/de\/wp-json\/wp\/v2\/product\/39054","targetHints":{"allow":["GET"]}}],"collection":[{"href":"https:\/\/treurer.com\/de\/wp-json\/wp\/v2\/product"}],"about":[{"href":"https:\/\/treurer.com\/de\/wp-json\/wp\/v2\/types\/product"}],"replies":[{"embeddable":true,"href":"https:\/\/treurer.com\/de\/wp-json\/wp\/v2\/comments?post=39054"}],"version-history":[{"count":4,"href":"https:\/\/treurer.com\/de\/wp-json\/wp\/v2\/product\/39054\/revisions"}],"predecessor-version":[{"id":43578,"href":"https:\/\/treurer.com\/de\/wp-json\/wp\/v2\/product\/39054\/revisions\/43578"}],"wp:featuredmedia":[{"embeddable":true,"href":"https:\/\/treurer.com\/de\/wp-json\/wp\/v2\/media\/38912"}],"wp:attachment":[{"href":"https:\/\/treurer.com\/de\/wp-json\/wp\/v2\/media?parent=39054"}],"wp:term":[{"taxonomy":"product_brand","embeddable":true,"href":"https:\/\/treurer.com\/de\/wp-json\/wp\/v2\/product_brand?post=39054"},{"taxonomy":"product_cat","embeddable":true,"href":"https:\/\/treurer.com\/de\/wp-json\/wp\/v2\/product_cat?post=39054"},{"taxonomy":"product_tag","embeddable":true,"href":"https:\/\/treurer.com\/de\/wp-json\/wp\/v2\/product_tag?post=39054"}],"curies":[{"name":"wp","href":"https:\/\/api.w.org\/{rel}","templated":true}]}}