{"id":34988,"date":"2024-05-25T20:00:44","date_gmt":"2024-05-25T18:00:44","guid":{"rendered":"https:\/\/treurer.com\/?post_type=product&#038;p=34988"},"modified":"2024-08-20T16:06:13","modified_gmt":"2024-08-20T14:06:13","slug":"abonnement-fuer-eine-schachtel-mit-6-x-500ml-natives-olivenoel-extra","status":"publish","type":"product","link":"https:\/\/treurer.com\/de\/producto\/abonnement-fuer-eine-schachtel-mit-6-x-500ml-natives-olivenoel-extra\/","title":{"rendered":"Abonnement f\u00fcr eine Schachtel mit 6 x 500ml. Natives Oliven\u00f6l extra"},"content":{"rendered":"<p>Wir ernten zum optimalen Reifezeitpunkt, Anfang Oktober, wenn die Oliven noch gr\u00fcn sind, was bedeutet, dass die maximale \u00d6lgewinnung 15 Liter pro 100 Kilo Oliven betr\u00e4gt \u2013 jedoch von au\u00dfergew\u00f6hnlicher Qualit\u00e4t.<\/p>\n<p>Wir verwenden Erntetechniken, die nachhaltig und respektvoll gegen\u00fcber der Natur sind.<\/p>\n<p>Unser \u00d6l wird durch rein mechanische Verfahren und unter Durchf\u00fchrung einer strengen Temperaturkontrolle gewonnen.<\/p>\n<p>Wir verwenden Edelstahltanks, um das Oliven\u00f6l vor Licht und Sauerstoff zu sch\u00fctzen, daher sind die Tanks mit Stickstoff in Lebensmittelqualit\u00e4t gef\u00fcllt.<\/p>\n<p>Wir halten das ganze Jahr \u00fcber eine konstante Lagertemperatur von etwa 15\u00ba C und kontrollieren die Luftfeuchtigkeit.<\/p>\n<p>Alle unsere Flaschen haben einen UV-Filter und einen nicht nachf\u00fcllbaren Verschluss, sowie ein Anti-Tropf-System.<\/p>\n","protected":false},"excerpt":{"rendered":"<p>Finca-Oliven\u00f6l, natives Oliven\u00f6l extra, zu 100 % aus der Sorte Arbequina hergestellt, ausschlie\u00dflich mit Oliven unserer eigenen Finca.<\/p>\n","protected":false},"featured_media":3838,"comment_status":"closed","ping_status":"closed","template":"","meta":{"_acf_changed":false,"content-type":"","_joinchat":[]},"product_brand":[],"product_cat":[630],"product_tag":[],"class_list":{"0":"post-34988","1":"product","2":"type-product","3":"status-publish","4":"has-post-thumbnail","6":"product_cat-abonnements","8":"first","9":"instock","10":"virtual","11":"purchasable","12":"product-type-subscription"},"acf":[],"_links":{"self":[{"href":"https:\/\/treurer.com\/de\/wp-json\/wp\/v2\/product\/34988","targetHints":{"allow":["GET"]}}],"collection":[{"href":"https:\/\/treurer.com\/de\/wp-json\/wp\/v2\/product"}],"about":[{"href":"https:\/\/treurer.com\/de\/wp-json\/wp\/v2\/types\/product"}],"replies":[{"embeddable":true,"href":"https:\/\/treurer.com\/de\/wp-json\/wp\/v2\/comments?post=34988"}],"version-history":[{"count":2,"href":"https:\/\/treurer.com\/de\/wp-json\/wp\/v2\/product\/34988\/revisions"}],"predecessor-version":[{"id":34991,"href":"https:\/\/treurer.com\/de\/wp-json\/wp\/v2\/product\/34988\/revisions\/34991"}],"wp:featuredmedia":[{"embeddable":true,"href":"https:\/\/treurer.com\/de\/wp-json\/wp\/v2\/media\/3838"}],"wp:attachment":[{"href":"https:\/\/treurer.com\/de\/wp-json\/wp\/v2\/media?parent=34988"}],"wp:term":[{"taxonomy":"product_brand","embeddable":true,"href":"https:\/\/treurer.com\/de\/wp-json\/wp\/v2\/product_brand?post=34988"},{"taxonomy":"product_cat","embeddable":true,"href":"https:\/\/treurer.com\/de\/wp-json\/wp\/v2\/product_cat?post=34988"},{"taxonomy":"product_tag","embeddable":true,"href":"https:\/\/treurer.com\/de\/wp-json\/wp\/v2\/product_tag?post=34988"}],"curies":[{"name":"wp","href":"https:\/\/api.w.org\/{rel}","templated":true}]}}