{"id":30406,"date":"2023-10-09T10:10:15","date_gmt":"2023-10-09T08:10:15","guid":{"rendered":"https:\/\/treurer.com\/?post_type=product&#038;p=30406"},"modified":"2026-04-13T10:38:58","modified_gmt":"2026-04-13T08:38:58","slug":"oli-doliva-novell-nueva-cosecha-2","status":"publish","type":"product","link":"https:\/\/treurer.com\/de\/producto\/oli-doliva-novell-nueva-cosecha-2\/","title":{"rendered":"Oli d\u00b4Oliva Novell Nueva Cosecha"},"content":{"rendered":"<p style=\"font-weight: 400;\">Two islands. One style. The Mediterranean. Jos\u00e9 Mar\u00eda Borras from Menorca and Jos\u00e9 Cort\u00e9s from Mallorca.<\/p>\n<p style=\"font-weight: 400;\">On October 28th, at Treurer, on a unique stage, these two creators merge their perspectives on the same style of cuisine in an exclusive menu for you to savor the essence of the Mediterranean with fresh extra virgin olive oil in its full splendor, as the absolute star.<\/p>\n<p><strong>The evening starts with a guided tour to our olive mill.<\/strong> It allows visitors to immerse themselves in the essence of the art of olive oil production. Led by a member of the Treurer family, our guests can discover how we transform freshly harvested olives into this precious golden liquid known as extra virgin olive oil.<\/p>\n<p style=\"font-weight: 400;\">Men\u00fa<\/p>\n<p>Appetizers<\/p>\n<p>Starter<\/p>\n<p>Fish Main Course<\/p>\n<p>Meat Main Course<\/p>\n<p>Dessert<\/p>\n<p>Water included<\/p>\n","protected":false},"excerpt":{"rendered":"<p>Two islands. One style. Mediterranean. Jos\u00e9 Mar\u00eda Borras from Menorca and Jos\u00e9 Cort\u00e9s from Mallorca.<\/p>\n","protected":false},"featured_media":30334,"comment_status":"closed","ping_status":"closed","template":"","meta":{"_acf_changed":false,"content-type":"","_joinchat":[]},"product_brand":[],"product_cat":[15],"product_tag":[],"class_list":{"0":"post-30406","1":"product","2":"type-product","3":"status-publish","4":"has-post-thumbnail","6":"product_cat-aceite-virgen-extra","8":"first","9":"outofstock","10":"virtual","11":"taxable","12":"product-type-simple"},"acf":[],"_links":{"self":[{"href":"https:\/\/treurer.com\/de\/wp-json\/wp\/v2\/product\/30406","targetHints":{"allow":["GET"]}}],"collection":[{"href":"https:\/\/treurer.com\/de\/wp-json\/wp\/v2\/product"}],"about":[{"href":"https:\/\/treurer.com\/de\/wp-json\/wp\/v2\/types\/product"}],"replies":[{"embeddable":true,"href":"https:\/\/treurer.com\/de\/wp-json\/wp\/v2\/comments?post=30406"}],"version-history":[{"count":4,"href":"https:\/\/treurer.com\/de\/wp-json\/wp\/v2\/product\/30406\/revisions"}],"predecessor-version":[{"id":30412,"href":"https:\/\/treurer.com\/de\/wp-json\/wp\/v2\/product\/30406\/revisions\/30412"}],"wp:featuredmedia":[{"embeddable":true,"href":"https:\/\/treurer.com\/de\/wp-json\/wp\/v2\/media\/30334"}],"wp:attachment":[{"href":"https:\/\/treurer.com\/de\/wp-json\/wp\/v2\/media?parent=30406"}],"wp:term":[{"taxonomy":"product_brand","embeddable":true,"href":"https:\/\/treurer.com\/de\/wp-json\/wp\/v2\/product_brand?post=30406"},{"taxonomy":"product_cat","embeddable":true,"href":"https:\/\/treurer.com\/de\/wp-json\/wp\/v2\/product_cat?post=30406"},{"taxonomy":"product_tag","embeddable":true,"href":"https:\/\/treurer.com\/de\/wp-json\/wp\/v2\/product_tag?post=30406"}],"curies":[{"name":"wp","href":"https:\/\/api.w.org\/{rel}","templated":true}]}}