{"id":27739,"date":"2023-06-27T09:35:01","date_gmt":"2023-06-27T07:35:01","guid":{"rendered":"https:\/\/www.treurer.com\/producto\/treurer-aromen\/"},"modified":"2026-03-04T12:43:39","modified_gmt":"2026-03-04T11:43:39","slug":"treurer-aromen","status":"publish","type":"product","link":"https:\/\/treurer.com\/de\/producto\/treurer-aromen\/","title":{"rendered":"Menu Qanat"},"content":{"rendered":"<p>Dienstags, bei Sonnenuntergang, \u00f6ffnet die Finca Treurer ihre Pforten f\u00fcr ein einzigartiges Erlebnis, das Tradition, Geschmack und Kultur in einer unvergleichlichen Umgebung verbindet. Diese Veranstaltung beginnt unter dem Namen &#8220;Treurer Aromen&#8221; und bietet den G\u00e4sten einen Abend, der mit einer gef\u00fchrten Tour durch das Anwesen beginnt und sich in ein au\u00dfergew\u00f6hnliches gastronomisches Erlebnis verwandelt.<\/p>\n<p>Es beginnt mit einer Oliven\u00f6lverkostung, eine au\u00dfergew\u00f6hnliche Gelegenheit, um in die faszinierende Geschichte und reichhaltige Kultur des Oliven\u00f6ls einzutauchen. Ein Experte f\u00fchrt die Besucher durch die Feinheiten des extra nativen Oliven\u00f6ls von Treurer und zeigt ihnen, wie man die verschiedenen Nuancen zu sch\u00e4tzen lernt.<\/p>\n<p>Chef Jos\u00e9 Cort\u00e9s \u00fcbernimmt das Ruder in der K\u00fcche und verwandelt frische, lokale Zutaten in eine Auswahl an Tapas, die selbst den anspruchsvollsten Gaumen begeistern werden. Jede Tapa ist eine Hommage an die mallorquinische Gastronomie, neu interpretiert mit einem modernen und pers\u00f6nlichen Touch, immer mit dem nativen Oliven\u00f6l Extra von Treurer als Hauptdarsteller.<\/p>\n<div class=\"fhCalendar1\"><script src=\"https:\/\/fareharbor.com\/embeds\/script\/calendar-small\/treurer\/items\/709266\/?fallback=simple&#038;full-items=yes&#038;flow=1579301\"><\/script><\/div>\n<p><script>  \n  jQuery(document).ready(function($){\nvar fhCalendar1 = $('.fhCalendar1');\n$('body > div.elementor.elementor-29348.elementor-27261.elementor-location-single.post-27739.product.type-product.status-publish.has-post-thumbnail.product_cat-gastronomische-erlebnisse.first.instock.virtual.sold-individually.taxable.purchasable.product-type-booking.product > section.elementor-section.elementor-top-section.elementor-element.elementor-element-55dab4e.elementor-section-boxed.elementor-section-height-default.elementor-section-height-default > div > div > div > section.elementor-section.elementor-inner-section.elementor-element.elementor-element-9667657.elementor-section-full_width.elementor-section-content-top.elementor-section-height-default.elementor-section-height-default > div > div.elementor-column.elementor-col-50.elementor-inner-column.elementor-element.elementor-element-d3171b5 > div > div.elementor-element.elementor-element-b37302e.elementor-widget.elementor-widget-heading > div').replaceWith(fhCalendar1);\n  });\n<\/script><\/p>\n","protected":false},"excerpt":{"rendered":"<p>Chef Jos\u00e9 Cort\u00e9s \u00fcbernimmt das Ruder in der K\u00fcche und verwandelt frische, lokale Zutaten in eine Auswahl an Tapas, die selbst den anspruchsvollsten Gaumen begeistern werden. Jede Tapa ist eine Hommage an die mallorquinische Gastronomie, neu interpretiert mit einem modernen und pers\u00f6nlichen Touch, immer mit dem nativen Oliven\u00f6l Extra von Treurer als Hauptdarsteller.<\/p>\n","protected":false},"featured_media":27183,"comment_status":"closed","ping_status":"closed","template":"","meta":{"_acf_changed":false,"content-type":"","_joinchat":[]},"product_brand":[],"product_cat":[313],"product_tag":[],"class_list":{"0":"post-27739","1":"product","2":"type-product","3":"status-publish","4":"has-post-thumbnail","6":"product_cat-gastronomische-erlebnisse","8":"first","9":"outofstock","10":"virtual","11":"taxable","12":"product-type-simple"},"acf":[],"_links":{"self":[{"href":"https:\/\/treurer.com\/de\/wp-json\/wp\/v2\/product\/27739","targetHints":{"allow":["GET"]}}],"collection":[{"href":"https:\/\/treurer.com\/de\/wp-json\/wp\/v2\/product"}],"about":[{"href":"https:\/\/treurer.com\/de\/wp-json\/wp\/v2\/types\/product"}],"replies":[{"embeddable":true,"href":"https:\/\/treurer.com\/de\/wp-json\/wp\/v2\/comments?post=27739"}],"version-history":[{"count":12,"href":"https:\/\/treurer.com\/de\/wp-json\/wp\/v2\/product\/27739\/revisions"}],"predecessor-version":[{"id":43791,"href":"https:\/\/treurer.com\/de\/wp-json\/wp\/v2\/product\/27739\/revisions\/43791"}],"wp:featuredmedia":[{"embeddable":true,"href":"https:\/\/treurer.com\/de\/wp-json\/wp\/v2\/media\/27183"}],"wp:attachment":[{"href":"https:\/\/treurer.com\/de\/wp-json\/wp\/v2\/media?parent=27739"}],"wp:term":[{"taxonomy":"product_brand","embeddable":true,"href":"https:\/\/treurer.com\/de\/wp-json\/wp\/v2\/product_brand?post=27739"},{"taxonomy":"product_cat","embeddable":true,"href":"https:\/\/treurer.com\/de\/wp-json\/wp\/v2\/product_cat?post=27739"},{"taxonomy":"product_tag","embeddable":true,"href":"https:\/\/treurer.com\/de\/wp-json\/wp\/v2\/product_tag?post=27739"}],"curies":[{"name":"wp","href":"https:\/\/api.w.org\/{rel}","templated":true}]}}