{"id":27738,"date":"2023-06-27T10:30:14","date_gmt":"2023-06-27T08:30:14","guid":{"rendered":"https:\/\/www.treurer.com\/producto\/die-nit-de-loli-von-treurer\/"},"modified":"2026-03-03T16:14:14","modified_gmt":"2026-03-03T15:14:14","slug":"die-nit-de-loli-von-treurer","status":"publish","type":"product","link":"https:\/\/treurer.com\/de\/producto\/die-nit-de-loli-von-treurer\/","title":{"rendered":"Die Nit de L\u00b4Oli von Treurer"},"content":{"rendered":"<p>Das Abendessen am Samstag auf der Finca Treurer ist ein Zusammenspiel einzigartiger Aromen und Geschmacksrichtungen unseres nativen Oliven\u00f6ls Extra. Das Erlebnis beginnt wenn der Sonnenuntergang den Himmel in leuchtende Farben taucht und die Lichter auf dem Anwesen zu leuchten beginnen.<\/p>\n<p>Der Abend beginnt mit einer F\u00fchrung durch unsere \u00d6lm\u00fchle. Diese Tour erm\u00f6glicht es den Besuchern, in die Essenz der Kunst der Oliven\u00f6lproduktion einzutauchen. Mit einem Mitglied der Treurer Familie als F\u00fchrer k\u00f6nnen die Teilnehmer entdecken, wie wir frisch geerntete Oliven in den kostbaren goldenen Saft verwandeln, der als extra natives Oliven\u00f6l bekannt ist.<\/p>\n<p>Nach der F\u00fchrung werden die G\u00e4ste zur Terrasse des Hotels gef\u00fchrt. Ein Freiluftbereich, wo der Panoramablick auf das Randa-Tal und den Cura-Berg eine traumhafte Kulisse bilden. Das Licht wird gedimmt, die Kerzen flackern. Es ist Zeit, das Abendessen zu servieren.<\/p>\n<p>Im Anschluss l\u00e4dt unser Chef de Cuisine, Jos\u00e9 Cort\u00e9s, die G\u00e4ste ein, ein liebevoll zubereitetes Gourmet-Men\u00fc zu genie\u00dfen, bei dem unser wertvolles natives Oliven\u00f6l Extra als Hauptzutat verwendet wird. Jedes Gericht ist ein kulinarisches Kunstwerk, eine Fusion aus mallorquinischer Tradition und Innovation, das den Gaumen erfreut.<\/p>\n<p>Der Abend entfaltet sich in einer entspannten und angenehmen Atmosph\u00e4re, in der die G\u00e4ste jeden Bissen genie\u00dfen, die Gesellschaft sch\u00e4tzen und die Sch\u00f6nheit der Umgebung betrachten k\u00f6nnen. Das sanfte Licht und die atemberaubende Aussicht schaffen eine magische Atmosph\u00e4re, ideal zum Entspannen und dieses Erlebnis in vollen Z\u00fcgen zu geniessen.<\/p>\n<p>Diese unvergessliche kulinarische Erfahrung ist eine Investition in Genuss, eine Gelegenheit, das Beste der Insel zu kosten, ihre Kultur zu erkunden und sich an ihrem reichen kulinarischen Erbe zu erfreuen. Kommen Sie zu Treurer und entdecken Sie selbst, was unsere Samstage so besonders macht.<\/p>\n<div class=\"fhCalendar1\"><!-- FareHarbor calendar of item #709278 --><br \/>\n<script src=\"https:\/\/fareharbor.com\/embeds\/script\/calendar-small\/treurer\/items\/709278\/?fallback=simple&#038;full-items=yes&#038;flow=1579301\"><\/script><\/div>\n<p><script>  \n  jQuery(document).ready(function($){\nvar fhCalendar1 = $('.fhCalendar1');\n$('body > div.elementor.elementor-29348.elementor-27261.elementor-location-single.post-27738.product.type-product.status-publish.has-post-thumbnail.product_cat-gastronomische-erlebnisse.first.instock.virtual.sold-individually.taxable.purchasable.product-type-booking.product > section.elementor-section.elementor-top-section.elementor-element.elementor-element-55dab4e.elementor-section-boxed.elementor-section-height-default.elementor-section-height-default > div > div > div > section.elementor-section.elementor-inner-section.elementor-element.elementor-element-9667657.elementor-section-full_width.elementor-section-content-top.elementor-section-height-default.elementor-section-height-default > div > div.elementor-column.elementor-col-50.elementor-inner-column.elementor-element.elementor-element-d3171b5 > div > div.elementor-element.elementor-element-b37302e.elementor-widget.elementor-widget-heading > div').replaceWith(fhCalendar1);\n  });\n<\/script><\/p>\n","protected":false},"excerpt":{"rendered":"<p>Im Anschluss l\u00e4dt unser Chef de Cuisine, Jos\u00e9 Cort\u00e9s, die G\u00e4ste ein, ein liebevoll zubereitetes Gourmet-Men\u00fc zu genie\u00dfen, bei dem unser wertvolles natives Oliven\u00f6l Extra als Hauptzutat verwendet wird. Jedes Gericht ist ein kulinarisches Kunstwerk, eine Fusion aus mallorquinischer Tradition und Innovation, das den Gaumen erfreut.<\/p>\n","protected":false},"featured_media":27235,"comment_status":"closed","ping_status":"closed","template":"","meta":{"_acf_changed":false,"content-type":"","_joinchat":[]},"product_brand":[],"product_cat":[313],"product_tag":[],"class_list":{"0":"post-27738","1":"product","2":"type-product","3":"status-publish","4":"has-post-thumbnail","6":"product_cat-gastronomische-erlebnisse","8":"first","9":"outofstock","10":"virtual","11":"taxable","12":"product-type-simple"},"acf":[],"_links":{"self":[{"href":"https:\/\/treurer.com\/de\/wp-json\/wp\/v2\/product\/27738","targetHints":{"allow":["GET"]}}],"collection":[{"href":"https:\/\/treurer.com\/de\/wp-json\/wp\/v2\/product"}],"about":[{"href":"https:\/\/treurer.com\/de\/wp-json\/wp\/v2\/types\/product"}],"replies":[{"embeddable":true,"href":"https:\/\/treurer.com\/de\/wp-json\/wp\/v2\/comments?post=27738"}],"version-history":[{"count":9,"href":"https:\/\/treurer.com\/de\/wp-json\/wp\/v2\/product\/27738\/revisions"}],"predecessor-version":[{"id":43780,"href":"https:\/\/treurer.com\/de\/wp-json\/wp\/v2\/product\/27738\/revisions\/43780"}],"wp:featuredmedia":[{"embeddable":true,"href":"https:\/\/treurer.com\/de\/wp-json\/wp\/v2\/media\/27235"}],"wp:attachment":[{"href":"https:\/\/treurer.com\/de\/wp-json\/wp\/v2\/media?parent=27738"}],"wp:term":[{"taxonomy":"product_brand","embeddable":true,"href":"https:\/\/treurer.com\/de\/wp-json\/wp\/v2\/product_brand?post=27738"},{"taxonomy":"product_cat","embeddable":true,"href":"https:\/\/treurer.com\/de\/wp-json\/wp\/v2\/product_cat?post=27738"},{"taxonomy":"product_tag","embeddable":true,"href":"https:\/\/treurer.com\/de\/wp-json\/wp\/v2\/product_tag?post=27738"}],"curies":[{"name":"wp","href":"https:\/\/api.w.org\/{rel}","templated":true}]}}