{"id":27737,"date":"2023-06-27T17:04:58","date_gmt":"2023-06-27T15:04:58","guid":{"rendered":"https:\/\/www.treurer.com\/producto\/mediterraner-barbecue-abend-treurer\/"},"modified":"2026-03-03T16:09:55","modified_gmt":"2026-03-03T15:09:55","slug":"mediterraner-barbecue-abend-treurer","status":"publish","type":"product","link":"https:\/\/treurer.com\/de\/producto\/mediterraner-barbecue-abend-treurer\/","title":{"rendered":"Mediterraner Barbecue-Abend Treurer"},"content":{"rendered":"<p>Der &#8220;Mediterrane Barbecue-Abend&#8221; auf der Finca Treurer ist ein Erlebnis, das Tradition neu erfindet. Er beginnt mit einem Spaziergang durch den wundersch\u00f6nen Olivenhain des Anwesens. Hier, in einer Landschaft, in der das Gr\u00fcn der Olivenb\u00e4ume mit dem Blau des Himmels verschmilzt, werden die Besucher eingeladen, in die Kultur der Insel und ihre Liebe zum Land einzutauchen.<\/p>\n<p>Geleitet von einem Experten der Familie Miralles k\u00f6nnen Sie mehr \u00fcber die sorgf\u00e4ltige Pflege der Oliven, die Ernte der Oliven und den Prozess der Herstellung des begehrten nativen Oliven\u00f6ls Extra erfahren, ein Produkt, das das Ergebnis jahrhundertelanger Tradition und Kenntnis ist.<\/p>\n<p>Der eigentliche Star des Abends ist das Grillfest. Wenn Sie allerdings an ein traditionelles Grillfest denken, dann bereiten Sie sich auf eine \u00dcberraschung vor. Unser Chefkoch Jos\u00e9 Cort\u00e9s verwandelt eine traditionelle Grillparty in ein einzigartiges gastronomisches Erlebnis. Jedes Gericht ist eine Symphonie der Aromen, die die lokalen Produkte auf neue H\u00f6hen heben, stets mit der delikaten und k\u00f6stlichen Note des nativen Oliven\u00f6ls Extra von Treurer.<\/p>\n<p>Der &#8220;Mediterrane Grillabend&#8221; ist nicht nur ein Abendessen, sondern eine kulinarische Reise, eine innovative Neugestaltung des Grillens und eine Hommage an die mallorquinische Tradition.<\/p>\n<div class=\"fhCalendar1\"><!-- FareHarbor calendar of item #709278 --><br \/>\n<script src=\"https:\/\/fareharbor.com\/embeds\/script\/calendar-small\/treurer\/items\/709278\/?fallback=simple&#038;full-items=yes&#038;flow=1579301\"><\/script><\/div>\n<p><script>  \n  jQuery(document).ready(function($){\nvar fhCalendar1 = $('.fhCalendar1');\n$('body > div.elementor.elementor-29348.elementor-27261.elementor-location-single.post-27737.product.type-product.status-publish.has-post-thumbnail.product_cat-gastronomische-erlebnisse.first.instock.virtual.sold-individually.taxable.purchasable.product-type-booking.product > section.elementor-section.elementor-top-section.elementor-element.elementor-element-55dab4e.elementor-section-boxed.elementor-section-height-default.elementor-section-height-default > div > div > div > section.elementor-section.elementor-inner-section.elementor-element.elementor-element-9667657.elementor-section-full_width.elementor-section-content-top.elementor-section-height-default.elementor-section-height-default > div > div.elementor-column.elementor-col-50.elementor-inner-column.elementor-element.elementor-element-d3171b5 > div > div.elementor-element.elementor-element-b37302e.elementor-widget.elementor-widget-heading > div').replaceWith(fhCalendar1);\n  });\n<\/script><\/p>\n","protected":false},"excerpt":{"rendered":"<p>Unser Chefkoch Jos\u00e9 Cort\u00e9s verwandelt eine traditionelle Grillparty in ein einzigartiges gastronomisches Erlebnis. Jedes Gericht ist eine Symphonie der Aromen, die die lokalen Produkte auf neue H\u00f6hen heben, stets mit der delikaten und k\u00f6stlichen Note des nativen Oliven\u00f6ls Extra von Treurer.<\/p>\n","protected":false},"featured_media":27305,"comment_status":"closed","ping_status":"closed","template":"","meta":{"_acf_changed":false,"content-type":"","_joinchat":[]},"product_brand":[],"product_cat":[313],"product_tag":[],"class_list":{"0":"post-27737","1":"product","2":"type-product","3":"status-publish","4":"has-post-thumbnail","6":"product_cat-gastronomische-erlebnisse","8":"first","9":"outofstock","10":"virtual","11":"taxable","12":"product-type-simple"},"acf":[],"_links":{"self":[{"href":"https:\/\/treurer.com\/de\/wp-json\/wp\/v2\/product\/27737","targetHints":{"allow":["GET"]}}],"collection":[{"href":"https:\/\/treurer.com\/de\/wp-json\/wp\/v2\/product"}],"about":[{"href":"https:\/\/treurer.com\/de\/wp-json\/wp\/v2\/types\/product"}],"replies":[{"embeddable":true,"href":"https:\/\/treurer.com\/de\/wp-json\/wp\/v2\/comments?post=27737"}],"version-history":[{"count":7,"href":"https:\/\/treurer.com\/de\/wp-json\/wp\/v2\/product\/27737\/revisions"}],"predecessor-version":[{"id":43778,"href":"https:\/\/treurer.com\/de\/wp-json\/wp\/v2\/product\/27737\/revisions\/43778"}],"wp:featuredmedia":[{"embeddable":true,"href":"https:\/\/treurer.com\/de\/wp-json\/wp\/v2\/media\/27305"}],"wp:attachment":[{"href":"https:\/\/treurer.com\/de\/wp-json\/wp\/v2\/media?parent=27737"}],"wp:term":[{"taxonomy":"product_brand","embeddable":true,"href":"https:\/\/treurer.com\/de\/wp-json\/wp\/v2\/product_brand?post=27737"},{"taxonomy":"product_cat","embeddable":true,"href":"https:\/\/treurer.com\/de\/wp-json\/wp\/v2\/product_cat?post=27737"},{"taxonomy":"product_tag","embeddable":true,"href":"https:\/\/treurer.com\/de\/wp-json\/wp\/v2\/product_tag?post=27737"}],"curies":[{"name":"wp","href":"https:\/\/api.w.org\/{rel}","templated":true}]}}