{"id":17656,"date":"2022-09-11T11:55:00","date_gmt":"2022-09-11T09:55:00","guid":{"rendered":"https:\/\/amaraproyectos.com\/treurer2022\/?post_type=product&#038;p=17656"},"modified":"2023-04-18T13:35:30","modified_gmt":"2023-04-18T11:35:30","slug":"natives-olivenoel-extra-arbequina-500-ml","status":"publish","type":"product","link":"https:\/\/treurer.com\/de\/producto\/natives-olivenoel-extra-arbequina-500-ml\/","title":{"rendered":"Natives Oliven\u00f6l Extra Arbequina 500 ml."},"content":{"rendered":"<p>Wir ernten zum optimalen Reifezeitpunkt, Anfang Oktober, wenn die Oliven noch gr\u00fcn sind, was bedeutet, dass die maximale \u00d6lgewinnung 15 Liter pro 100 Kilo Oliven betr\u00e4gt \u2013 jedoch von au\u00dfergew\u00f6hnlicher Qualit\u00e4t.<\/p>\n<p>Wir verwenden Erntetechniken, die nachhaltig und respektvoll gegen\u00fcber der Natur sind.<\/p>\n<p>Unser \u00d6l wird durch rein mechanische Verfahren und unter Durchf\u00fchrung einer strengen Temperaturkontrolle gewonnen.<\/p>\n<p>Wir verwenden Edelstahltanks, um das Oliven\u00f6l vor Licht und Sauerstoff zu sch\u00fctzen, daher sind die Tanks mit Stickstoff in Lebensmittelqualit\u00e4t gef\u00fcllt.<\/p>\n<p>Wir halten das ganze Jahr \u00fcber eine konstante Lagertemperatur von etwa 15\u00ba C und kontrollieren die Luftfeuchtigkeit.<\/p>\n<p>Alle unsere Flaschen haben einen UV-Filter und einen nicht nachf\u00fcllbaren Verschluss, sowie ein Anti-Tropf-System.<\/p>\n<p>Technisches Datenblatt 2022<\/p>\n<p>o Herkunftsbezeichnung: DO Oli de Mallorca<\/p>\n<p>o Chemische Zusammensetzung<\/p>\n<ul>\n<li>S\u00e4ure: 0,13<\/li>\n<li>Peroxidindex: 4,3 meq.<\/li>\n<li>K270: 0,11<\/li>\n<li>K232: 1,58<\/li>\n<\/ul>\n<p>o Organoleptische Eigenschaften<\/p>\n<ul>\n<li>Median Fruchtigkeit: 6,3<\/li>\n<li>Median Bitterkeit: 2,9<\/li>\n<li>Median Sch\u00e4rfe: 3,4<\/li>\n<li>Median des Mehrheitsfehlers: 0<\/li>\n<\/ul>\n<p><strong>Verkostungsnotiz 2022<\/strong>: Ausgepr\u00e4gt fruchtiges Oliven\u00f6l mit Aromen von Mandeln, Apfel und Artischocke mit Noten von Banane. Am Gaumen ist es leicht bitter und mittelw\u00fcrzig.<\/p>\n<p><strong>Empfohlenes Verzehrdatum Ernte 2022<\/strong>: bis 30. Juni 2023<\/p>\n<p><strong>N\u00e4hrwerte pro 100g:<\/strong><\/p>\n<ul>\n<li>Brennwert: 3700 kj\/ 900 kcal<\/li>\n<li>Fette: 100 g davon<\/li>\n<li>Ges\u00e4ttigt: 16 g<\/li>\n<li>Einfach unges\u00e4ttigt: 72 g<\/li>\n<li>Mehrfach unges\u00e4ttigt: 12 g<\/li>\n<li>Vitamin E: 13 mg (108 % des N\u00e4hrstoffbezugswertes)<\/li>\n<\/ul>\n<p>Enth\u00e4lt geringe Mengen an Kohlenhydraten, Eiwei\u00df und Salz<\/p>\n","protected":false},"excerpt":{"rendered":"<p>Finca-Oliven\u00f6l, natives Oliven\u00f6l extra, zu 100 % aus der Sorte Arbequina hergestellt, ausschlie\u00dflich mit Oliven unserer eigenen Finca.<\/p>\n","protected":false},"featured_media":17679,"comment_status":"closed","ping_status":"closed","template":"","meta":{"_acf_changed":false,"content-type":"","_joinchat":[]},"product_brand":[],"product_cat":[277],"product_tag":[],"class_list":{"0":"post-17656","1":"product","2":"type-product","3":"status-publish","4":"has-post-thumbnail","6":"product_cat-natives-olivenoel-extra","7":"product_shipping_class-international","9":"first","10":"instock","11":"shipping-taxable","12":"purchasable","13":"product-type-simple"},"acf":[],"_links":{"self":[{"href":"https:\/\/treurer.com\/de\/wp-json\/wp\/v2\/product\/17656","targetHints":{"allow":["GET"]}}],"collection":[{"href":"https:\/\/treurer.com\/de\/wp-json\/wp\/v2\/product"}],"about":[{"href":"https:\/\/treurer.com\/de\/wp-json\/wp\/v2\/types\/product"}],"replies":[{"embeddable":true,"href":"https:\/\/treurer.com\/de\/wp-json\/wp\/v2\/comments?post=17656"}],"version-history":[{"count":2,"href":"https:\/\/treurer.com\/de\/wp-json\/wp\/v2\/product\/17656\/revisions"}],"predecessor-version":[{"id":25568,"href":"https:\/\/treurer.com\/de\/wp-json\/wp\/v2\/product\/17656\/revisions\/25568"}],"wp:featuredmedia":[{"embeddable":true,"href":"https:\/\/treurer.com\/de\/wp-json\/wp\/v2\/media\/17679"}],"wp:attachment":[{"href":"https:\/\/treurer.com\/de\/wp-json\/wp\/v2\/media?parent=17656"}],"wp:term":[{"taxonomy":"product_brand","embeddable":true,"href":"https:\/\/treurer.com\/de\/wp-json\/wp\/v2\/product_brand?post=17656"},{"taxonomy":"product_cat","embeddable":true,"href":"https:\/\/treurer.com\/de\/wp-json\/wp\/v2\/product_cat?post=17656"},{"taxonomy":"product_tag","embeddable":true,"href":"https:\/\/treurer.com\/de\/wp-json\/wp\/v2\/product_tag?post=17656"}],"curies":[{"name":"wp","href":"https:\/\/api.w.org\/{rel}","templated":true}]}}