{"id":13628,"date":"2022-04-03T17:20:27","date_gmt":"2022-04-03T15:20:27","guid":{"rendered":"https:\/\/www.treurer.com\/producto\/olivenol-mallorca-private-besichtigung-2\/"},"modified":"2024-10-14T16:49:04","modified_gmt":"2024-10-14T14:49:04","slug":"olivenol-mallorca-private-besichtigung-2","status":"publish","type":"product","link":"https:\/\/treurer.com\/de\/producto\/olivenol-mallorca-private-besichtigung-2\/","title":{"rendered":"Oliven\u00f6l Mallorca Private besichtigung"},"content":{"rendered":"\t\t<div data-elementor-type=\"product-post\" data-elementor-id=\"13628\" class=\"elementor elementor-13628 elementor-13616\" data-elementor-post-type=\"product\">\n\t\t\t\t\t\t<section class=\"elementor-section elementor-top-section elementor-element elementor-element-9e25518 elementor-section-boxed elementor-section-height-default elementor-section-height-default\" data-id=\"9e25518\" data-element_type=\"section\">\n\t\t\t\t\t\t<div class=\"elementor-container elementor-column-gap-default\">\n\t\t\t\t\t<div class=\"elementor-column elementor-col-100 elementor-top-column elementor-element elementor-element-7e77644\" data-id=\"7e77644\" data-element_type=\"column\">\n\t\t\t<div class=\"elementor-widget-wrap elementor-element-populated\">\n\t\t\t\t\t\t<div class=\"elementor-element elementor-element-8cf84ed elementor-widget elementor-widget-text-editor\" data-id=\"8cf84ed\" data-element_type=\"widget\" data-widget_type=\"text-editor.default\">\n\t\t\t\t<div class=\"elementor-widget-container\">\n\t\t\t\t\t\t\t\t\t<p>Der Besuch unseres Bauernhofs ist eine Aktivit\u00e4t, die <strong>Spa\u00df und Lernen miteinander verbindet. Sie wird Sie \u00fcberraschen<\/strong> und eine unausl\u00f6schliche Erinnerung an Ihren Besuch auf der Insel hinterlassen. Eine Erinnerung an eine Aktivit\u00e4t, die Ihren kulturellen Hintergrund bereichert und eine <strong>praktische Anwendung im t\u00e4glichen Leben<\/strong> hat, so dass sie noch lange nach Ihrer R\u00fcckkehr bestehen bleibt.<\/p><p>Der <strong>private Besuch auf unserem Bauernhof ist v\u00f6llig individuell gestaltbar<\/strong>. Die Gruppe kann <strong>den Tag und die Uhrzeit<\/strong>, die <strong>Dauer<\/strong> (die durchschnittliche Dauer betr\u00e4gt 2 Stunden), die <strong>durchzuf\u00fchrenden Aktivit\u00e4ten<\/strong> und die <strong>Art der zu verzehrenden Produkte<\/strong> <strong>w\u00e4hlen<\/strong>.<\/p><p>Der Besuch findet in Begleitung eines <b>Mitglieds der Familie statt, die das Weingut besitzt<\/b>, was <b>einen direkten Kontakt mit den f\u00fcr die Oliven\u00f6lproduktion verantwortlichen Personen erm\u00f6glicht<\/b>.<\/p>\t\t\t\t\t\t\t\t<\/div>\n\t\t\t\t<\/div>\n\t\t\t\t<div class=\"elementor-element elementor-element-a2f6caa elementor--h-position-center elementor--v-position-middle elementor-arrows-position-inside elementor-widget elementor-widget-slides\" data-id=\"a2f6caa\" data-element_type=\"widget\" data-settings=\"{&quot;navigation&quot;:&quot;arrows&quot;,&quot;autoplay&quot;:&quot;yes&quot;,&quot;pause_on_hover&quot;:&quot;yes&quot;,&quot;pause_on_interaction&quot;:&quot;yes&quot;,&quot;autoplay_speed&quot;:5000,&quot;infinite&quot;:&quot;yes&quot;,&quot;transition&quot;:&quot;slide&quot;,&quot;transition_speed&quot;:500}\" data-widget_type=\"slides.default\">\n\t\t\t\t<div class=\"elementor-widget-container\">\n\t\t\t\t\t\t\t\t\t<div class=\"elementor-swiper\">\n\t\t\t\t\t<div class=\"elementor-slides-wrapper elementor-main-swiper swiper\" role=\"region\" aria-roledescription=\"carousel\" aria-label=\"Slides\" dir=\"ltr\" data-animation=\"fadeInUp\">\n\t\t\t\t<div class=\"swiper-wrapper elementor-slides\">\n\t\t\t\t\t\t\t\t\t\t<div class=\"elementor-repeater-item-dbeae74 swiper-slide\" role=\"group\" aria-roledescription=\"slide\"><div class=\"swiper-slide-bg\" role=\"img\"><\/div><div class=\"swiper-slide-inner\" ><div class=\"swiper-slide-contents\"><\/div><\/div><\/div><div class=\"elementor-repeater-item-a81fec4 swiper-slide\" role=\"group\" aria-roledescription=\"slide\"><div class=\"swiper-slide-bg\" role=\"img\"><\/div><div class=\"swiper-slide-inner\" ><div class=\"swiper-slide-contents\"><\/div><\/div><\/div><div class=\"elementor-repeater-item-e66061c swiper-slide\" role=\"group\" aria-roledescription=\"slide\"><div class=\"swiper-slide-bg\" role=\"img\"><\/div><div class=\"swiper-slide-inner\" ><div class=\"swiper-slide-contents\"><\/div><\/div><\/div><div class=\"elementor-repeater-item-935ccf7 swiper-slide\" role=\"group\" aria-roledescription=\"slide\"><div class=\"swiper-slide-bg\" role=\"img\"><\/div><div class=\"swiper-slide-inner\" ><div class=\"swiper-slide-contents\"><\/div><\/div><\/div><div class=\"elementor-repeater-item-d11f7cf swiper-slide\" role=\"group\" aria-roledescription=\"slide\"><div class=\"swiper-slide-bg\" role=\"img\"><\/div><div class=\"swiper-slide-inner\" ><div class=\"swiper-slide-contents\"><\/div><\/div><\/div><div class=\"elementor-repeater-item-84519a6 swiper-slide\" role=\"group\" aria-roledescription=\"slide\"><div class=\"swiper-slide-bg\" role=\"img\"><\/div><div class=\"swiper-slide-inner\" ><div class=\"swiper-slide-contents\"><\/div><\/div><\/div><div class=\"elementor-repeater-item-9a0a631 swiper-slide\" role=\"group\" aria-roledescription=\"slide\"><div class=\"swiper-slide-bg\" role=\"img\"><\/div><div class=\"swiper-slide-inner\" ><div class=\"swiper-slide-contents\"><\/div><\/div><\/div><div class=\"elementor-repeater-item-3d5e8aa swiper-slide\" role=\"group\" aria-roledescription=\"slide\"><div class=\"swiper-slide-bg\" role=\"img\"><\/div><div class=\"swiper-slide-inner\" ><div class=\"swiper-slide-contents\"><\/div><\/div><\/div><div class=\"elementor-repeater-item-37f51b2 swiper-slide\" role=\"group\" aria-roledescription=\"slide\"><div class=\"swiper-slide-bg\" role=\"img\"><\/div><div class=\"swiper-slide-inner\" ><div class=\"swiper-slide-contents\"><\/div><\/div><\/div>\t\t\t\t<\/div>\n\t\t\t\t\t\t\t\t\t\t\t\t\t\t\t<div class=\"elementor-swiper-button elementor-swiper-button-prev\" role=\"button\" tabindex=\"0\" aria-label=\"Previous slide\">\n\t\t\t\t\t\t\t<i aria-hidden=\"true\" class=\"eicon-chevron-left\"><\/i>\t\t\t\t\t\t<\/div>\n\t\t\t\t\t\t<div class=\"elementor-swiper-button elementor-swiper-button-next\" role=\"button\" tabindex=\"0\" aria-label=\"Next slide\">\n\t\t\t\t\t\t\t<i aria-hidden=\"true\" class=\"eicon-chevron-right\"><\/i>\t\t\t\t\t\t<\/div>\n\t\t\t\t\t\t\t\t\t\t\t\t\t\t\t\t\t<\/div>\n\t\t\t\t<\/div>\n\t\t\t\t\t\t\t\t<\/div>\n\t\t\t\t<\/div>\n\t\t\t\t<section class=\"elementor-section elementor-inner-section elementor-element elementor-element-dc8ccde elementor-section-boxed elementor-section-height-default elementor-section-height-default\" data-id=\"dc8ccde\" data-element_type=\"section\">\n\t\t\t\t\t\t<div class=\"elementor-container elementor-column-gap-default\">\n\t\t\t\t\t<div class=\"elementor-column elementor-col-50 elementor-inner-column elementor-element elementor-element-8de675e\" data-id=\"8de675e\" data-element_type=\"column\">\n\t\t\t<div class=\"elementor-widget-wrap elementor-element-populated\">\n\t\t\t\t\t\t<div class=\"elementor-element elementor-element-4972283 elementor-widget elementor-widget-text-editor\" data-id=\"4972283\" data-element_type=\"widget\" data-widget_type=\"text-editor.default\">\n\t\t\t\t<div class=\"elementor-widget-container\">\n\t\t\t\t\t\t\t\t\t<h3>Ein Besuch nach Ma\u00df f\u00fcr Sie<\/h3>\n<p>Bei einem Besuch unserer Einrichtungen haben Sie die M\u00f6glichkeit, sich eingehend \u00fcber den Anbau des Olivenbaums, die Ernte der Oliven und den Prozess der \u00d6lherstellung zu informieren.<\/p>\n<p>Die Besucher k\u00f6nnen die <b>Eigenschaften des nativen Oliven\u00f6ls extra und die gesundheitlichen Vorteile seines Verzehrs<\/b> kennenlernen. Sie werden Gerichte der mallorquinischen K\u00fcche probieren, die Teil der mediterranen K\u00fcche ist und mit unserem \u00d6l in Verbindung steht.<\/p>\n<p>Der Besuch kann je nach den Interessen der Besucher individuell gestaltet werden.<\/p>\n<h3>Wie viele Personen k\u00f6nnen eine Gruppe bilden?<\/h3>\n<p>Es gibt keine Mindestteilnehmerzahl f\u00fcr eine private Besichtigung des Landguts. Die <b>H\u00f6chstzahl betr\u00e4gt 30 Personen.<\/b><\/p>\n<h3>Wie hoch sind die Kosten f\u00fcr den Besuch?<\/h3>\n<p>Die Kosten f\u00fcr die Aktivit\u00e4t betragen 48 \u20ac pro Person, mit einem <b>Mindestbetrag von 480 \u20ac, <\/b>entsprechend einem Besuch f\u00fcr eine Gruppe von bis zu 10 Personen, der die Verkostung von Snacks aus mallorquinischen Produkten beinhaltet.<\/p>\n<p>Der private Besuch mit <b>Mittag- oder Abendessen mit Degustationsmen\u00fc<\/b> hat einen <b>Mindestpreis von 1.050,00<\/b> \u20ac f\u00fcr bis zu 10 Personen. Jede weitere Person kostet zus\u00e4tzlich 105,00 \u20ac.<\/p>\n<p>F\u00fcr<b> Sonderw\u00fcnsche<\/b>, kontaktieren Sie uns bitte \u00fcber das Formular auf dieser Seite.<\/p>\n<h3>Wann kann ich das Anwesen besichtigen?<\/h3>\n<p>Jeden Tag. <b>Wir passen den Zeitplan an<\/b> die Bed\u00fcrfnisse und Eigenschaften der Gruppe und die Verf\u00fcgbarkeit der Gastfamilie <b>an<\/b>.<\/p>\n<h3>In welchen Sprachen wird die Tour durchgef\u00fchrt?<\/h3>\n<p>Auf <strong>Englisch, Franz\u00f6sisch, Deutsch, Spanisch und Katalanisch, je nach Wahl des Besuchers<\/strong>. Wenn Menschen mit unterschiedlichem Hintergrund zusammenkommen, kann die F\u00fchrung auch in mehreren Sprachen gleichzeitig stattfinden.<\/p>\n<h3>F\u00fcr wen ist der Besuch geeignet?<\/h3>\n<p>Der Oliven\u00f6ltourismus eignet sich besonders f\u00fcr Personen, die sich f\u00fcr die <strong>mediterrane Ern\u00e4hrung<\/strong>, die <strong>Welt des Oliven\u00f6ls<\/strong> und ganz allgemein f\u00fcr die Geschichte und die <strong>Produkte Mallorcas<\/strong> interessieren.<\/p>\n<h3>Andere Themen<\/h3>\n<p><strong>Parkpl\u00e4tze sind<\/strong> auf dem Gel\u00e4nde <strong>vorhanden<\/strong>.<\/p>\n<p>Die Besichtigung ist aufgrund der Unebenheiten des Gel\u00e4ndes und der vorhandenen Steigungen nicht f\u00fcr Personen mit <strong>eingeschr\u00e4nkter Mobilit\u00e4t<\/strong> geeignet.<\/p>\t\t\t\t\t\t\t\t<\/div>\n\t\t\t\t<\/div>\n\t\t\t\t\t<\/div>\n\t\t<\/div>\n\t\t\t\t<div class=\"elementor-column elementor-col-50 elementor-inner-column elementor-element elementor-element-ef00ec5\" data-id=\"ef00ec5\" data-element_type=\"column\">\n\t\t\t<div class=\"elementor-widget-wrap elementor-element-populated\">\n\t\t\t\t\t\t<div class=\"elementor-element elementor-element-5d3f790 elementor-widget elementor-widget-shortcode\" data-id=\"5d3f790\" data-element_type=\"widget\" data-widget_type=\"shortcode.default\">\n\t\t\t\t<div class=\"elementor-widget-container\">\n\t\t\t\t\t\t\t<div class=\"elementor-shortcode\"><div data-src=\"https:\/\/cdn.trustindex.io\/loader.js?25647a833043435fbd1639d2f5e\"><\/div><\/div>\n\t\t\t\t\t\t<\/div>\n\t\t\t\t<\/div>\n\t\t\t\t<div class=\"elementor-element elementor-element-9441d35 elementor-widget elementor-widget-shortcode\" data-id=\"9441d35\" data-element_type=\"widget\" data-widget_type=\"shortcode.default\">\n\t\t\t\t<div class=\"elementor-widget-container\">\n\t\t\t\t\t\t\t<div class=\"elementor-shortcode\"><div data-src=\"https:\/\/cdn.trustindex.io\/loader.js?c97a9103356443593576a0b1d3a\"><\/div><\/div>\n\t\t\t\t\t\t<\/div>\n\t\t\t\t<\/div>\n\t\t\t\t<div class=\"elementor-element elementor-element-dd8db8f elementor-widget elementor-widget-text-editor\" data-id=\"dd8db8f\" data-element_type=\"widget\" data-widget_type=\"text-editor.default\">\n\t\t\t\t<div class=\"elementor-widget-container\">\n\t\t\t\t\t\t\t\t\t<h3>Kontaktieren Sie uns, um Ihren Besuch bei uns vorzubereiten<\/h3>\r\n\n\t\t\t\t\t\t<script>\n\t\t\t\t\t\t\twindow.hsFormsOnReady = window.hsFormsOnReady || [];\n\t\t\t\t\t\t\twindow.hsFormsOnReady.push(()=>{\n\t\t\t\t\t\t\t\thbspt.forms.create({\n\t\t\t\t\t\t\t\t\tportalId: 7873078,\n\t\t\t\t\t\t\t\t\tformId: \"fb3d6c24-f4b1-46a5-8ed9-96d3ce9488fb\",\n\t\t\t\t\t\t\t\t\ttarget: \"#hbspt-form-1775434109000-5072109941\",\n\t\t\t\t\t\t\t\t\tregion: \"na1\",\n\t\t\t\t\t\t\t\t\t\n\t\t\t\t\t\t\t})});\n\t\t\t\t\t\t<\/script>\n\t\t\t\t\t\t<div class=\"hbspt-form\" id=\"hbspt-form-1775434109000-5072109941\"><\/div>\t\t\t\t\t\t\t\t<\/div>\n\t\t\t\t<\/div>\n\t\t\t\t<div class=\"elementor-element elementor-element-3796f22 elementor-widget elementor-widget-text-editor\" data-id=\"3796f22\" data-element_type=\"widget\" data-widget_type=\"text-editor.default\">\n\t\t\t\t<div class=\"elementor-widget-container\">\n\t\t\t\t\t\t\t\t\t<p>Wenn Sie einen Besuch zu bestimmten Zeiten bevorzugen, bieten wir Ihnen unseren <b><a href=\"https:\/\/treurer.com\/de\/producto\/olivenol-mallorca-programmiert-besichtigung\/\"><b>planm\u00e4\u00dfigen Besuch<\/b><\/a><\/b> an <b>,<\/b> der mittwochs und samstags am Vormittag stattfindet <b>.<\/b><\/p>\t\t\t\t\t\t\t\t<\/div>\n\t\t\t\t<\/div>\n\t\t\t\t<div class=\"elementor-element elementor-element-ca4efcc elementor-widget elementor-widget-text-editor\" data-id=\"ca4efcc\" data-element_type=\"widget\" data-widget_type=\"text-editor.default\">\n\t\t\t\t<div class=\"elementor-widget-container\">\n\t\t\t\t\t\t\t\t\t<p>Und wenn Sie ein <b>gastronomisches Erlebnis<\/b> w\u00fcnschen, bieten wir Ihnen unsere <a href=\"https:\/\/treurer.com\/de\/hotel-mallorca-treurer\/gastronomische-erlebnisse\/\" target=\"_blank\" rel=\"noopener\">drei gastronomischen Erlebnisse mit drei verschiedenen Themen.<\/a><\/p>\t\t\t\t\t\t\t\t<\/div>\n\t\t\t\t<\/div>\n\t\t\t\t\t<\/div>\n\t\t<\/div>\n\t\t\t\t\t<\/div>\n\t\t<\/section>\n\t\t\t\t\t<\/div>\n\t\t<\/div>\n\t\t\t\t\t<\/div>\n\t\t<\/section>\n\t\t\t\t<\/div>\n\t\t","protected":false},"excerpt":{"rendered":"<p>Besichtigung des Weinguts \u201eTreurer\u201c von 1,5 bis 2 Stunden, einschlie\u00dflich Verkostung eines mallorquinischen Aperitifs mit Oliven\u00f6l. Die Tour kann auf Englisch, Franz\u00f6sisch, Spanisch und Katalanisch durchgef\u00fchrt werden.<\/p>\n<p>Die maximale Teilnehmerzahl betr\u00e4gt 12 Personen pro Gruppe, wobei Datum und Uhrzeit frei gew\u00e4hlt werden k\u00f6nnen (Einschr\u00e4nkungen am Mittwochnachmittag und Samstagvormittag).<\/p>\n","protected":false},"featured_media":18022,"comment_status":"closed","ping_status":"closed","template":"","meta":{"_acf_changed":false,"content-type":"","_joinchat":[]},"product_brand":[],"product_cat":[207,220],"product_tag":[],"class_list":{"0":"post-13628","1":"product","2":"type-product","3":"status-publish","4":"has-post-thumbnail","6":"product_cat-olivenoeltourismus","7":"product_cat-privater-besuch","9":"first","10":"instock","11":"virtual","12":"taxable","13":"purchasable","14":"product-type-simple"},"acf":[],"_links":{"self":[{"href":"https:\/\/treurer.com\/de\/wp-json\/wp\/v2\/product\/13628","targetHints":{"allow":["GET"]}}],"collection":[{"href":"https:\/\/treurer.com\/de\/wp-json\/wp\/v2\/product"}],"about":[{"href":"https:\/\/treurer.com\/de\/wp-json\/wp\/v2\/types\/product"}],"replies":[{"embeddable":true,"href":"https:\/\/treurer.com\/de\/wp-json\/wp\/v2\/comments?post=13628"}],"version-history":[{"count":14,"href":"https:\/\/treurer.com\/de\/wp-json\/wp\/v2\/product\/13628\/revisions"}],"predecessor-version":[{"id":38150,"href":"https:\/\/treurer.com\/de\/wp-json\/wp\/v2\/product\/13628\/revisions\/38150"}],"wp:featuredmedia":[{"embeddable":true,"href":"https:\/\/treurer.com\/de\/wp-json\/wp\/v2\/media\/18022"}],"wp:attachment":[{"href":"https:\/\/treurer.com\/de\/wp-json\/wp\/v2\/media?parent=13628"}],"wp:term":[{"taxonomy":"product_brand","embeddable":true,"href":"https:\/\/treurer.com\/de\/wp-json\/wp\/v2\/product_brand?post=13628"},{"taxonomy":"product_cat","embeddable":true,"href":"https:\/\/treurer.com\/de\/wp-json\/wp\/v2\/product_cat?post=13628"},{"taxonomy":"product_tag","embeddable":true,"href":"https:\/\/treurer.com\/de\/wp-json\/wp\/v2\/product_tag?post=13628"}],"curies":[{"name":"wp","href":"https:\/\/api.w.org\/{rel}","templated":true}]}}