{"id":5523,"date":"2020-12-10T21:13:33","date_gmt":"2020-12-10T21:13:33","guid":{"rendered":"https:\/\/www.treurer.com\/?page_id=5523"},"modified":"2021-01-30T00:12:28","modified_gmt":"2021-01-30T00:12:28","slug":"politica-de-privacidad-del-sitio-web","status":"publish","type":"page","link":"https:\/\/treurer.com\/de\/politica-de-privacidad-del-sitio-web\/","title":{"rendered":"Pol\u00edtica de privacidad del sitio web"},"content":{"rendered":"\t\t<div data-elementor-type=\"wp-page\" data-elementor-id=\"5523\" class=\"elementor elementor-5523 elementor-466\" data-elementor-post-type=\"page\">\n\t\t\t\t\t\t<section class=\"elementor-section elementor-top-section elementor-element elementor-element-1099be7d elementor-section-boxed elementor-section-height-default elementor-section-height-default\" data-id=\"1099be7d\" data-element_type=\"section\">\n\t\t\t\t\t\t<div class=\"elementor-container elementor-column-gap-default\">\n\t\t\t\t\t<div class=\"elementor-column elementor-col-100 elementor-top-column elementor-element elementor-element-34097184\" data-id=\"34097184\" data-element_type=\"column\">\n\t\t\t<div class=\"elementor-widget-wrap elementor-element-populated\">\n\t\t\t\t\t\t<div class=\"elementor-element elementor-element-07a9be5 elementor-widget elementor-widget-heading\" data-id=\"07a9be5\" data-element_type=\"widget\" data-widget_type=\"heading.default\">\n\t\t\t\t<div class=\"elementor-widget-container\">\n\t\t\t\t\t<h1 class=\"elementor-heading-title elementor-size-default\">Pol\u00edtica de privacidad del sitio web<\/h1>\t\t\t\t<\/div>\n\t\t\t\t<\/div>\n\t\t\t\t<div class=\"elementor-element elementor-element-3e92b095 elementor-widget elementor-widget-text-editor\" data-id=\"3e92b095\" data-element_type=\"widget\" data-widget_type=\"text-editor.default\">\n\t\t\t\t<div class=\"elementor-widget-container\">\n\t\t\t\t\t\t\t\t\t\n<p><strong><u>I. POL\u00cdTICA DE PRIVACIDAD Y PROTECCI\u00d3N DE DATOS<\/u><\/strong><\/p>\n\n\n\n<p>Respetando lo establecido en la legislaci\u00f3n vigente,&nbsp;Treurer&nbsp;(en adelante, tambi\u00e9n el Sitio Web) se compromete a adoptar las medidas t\u00e9cnicas y organizativas necesarias, seg\u00fan el nivel de seguridad adecuado al riesgo de los datos recogidos.<\/p>\n\n\n\n<p><strong>Leyes que incorpora esta pol\u00edtica de privacidad<\/strong><\/p>\n\n\n\n<p>Esta pol\u00edtica de privacidad est\u00e1 adaptada a la normativa espa\u00f1ola y europea vigente en materia de protecci\u00f3n de datos personales en internet. En concreto, la misma respeta las siguientes normas:<\/p>\n\n\n\n<ul><li>El Reglamento (UE) 2016\/679 del Parlamento Europeo y del Consejo, de 27 de abril de 2016, relativo a la protecci\u00f3n de las personas f\u00edsicas en lo que respecta al tratamiento de datos personales y a la libre circulaci\u00f3n de estos datos (RGPD).<\/li><li>La Ley Org\u00e1nica 3\/2018, de 5 de diciembre, de Protecci\u00f3n de Datos Personales y Garant\u00eda de los Derechos Digitales (LOPD-GDD).<\/li><li>El Real Decreto 1720\/2007, de 21 de diciembre, por el que se aprueba el Reglamento de desarrollo de la Ley Org\u00e1nica 15\/1999, de 13 de diciembre, de Protecci\u00f3n de Datos de Car\u00e1cter Personal (RDLOPD).<\/li><li>La Ley 34\/2002, de 11 de julio, de Servicios de la Sociedad de la Informaci\u00f3n y de Comercio Electr\u00f3nico (LSSI-CE).<\/li><\/ul>\n\n\n\n<p><\/p>\n\n\n\n<p><strong>Identidad del responsable del tratamiento de los datos personales<\/strong><\/p>\n\n\n\n<p>El responsable del tratamiento de los datos personales recogidos en\u00a0Treurer\u00a0es\u00a0\u201cCastellitx Agr\u00edcola, SAT\u201d, con NIF\u00a0V57595316,\u00a0e inscrita en el\u00a0Registro de Sociedades Agrarias de Transformaci\u00f3n\u00a0de la\u00a0Conselleria d&#8217;Agricultura i Pesca de les Illes Balears, cuyo representante es\u00a0Mar\u00eda Sastre L\u00f3pez\u00a0(en adelante, el Responsable del tratamiento). Sus datos de contacto son los siguientes:<\/p>\n\n\n\n<p>Direcci\u00f3n:&nbsp;Xaloc 18. Ctra. Llucmajor-Algaida km. 5,7. 07210. Algaida<\/p>\n\n\n\n<p>Tel\u00e9fono de contacto:&nbsp;971665994<\/p>\n\n\n\n<p>Email de contacto:&nbsp;info@treurer.com<\/p>\n\n\n\n<p><strong>Registro de Datos de Car\u00e1cter Personal<\/strong><\/p>\n\n\n\n<p>En cumplimiento de lo establecido en el RGPD y la LOPD-GDD, le informamos que los datos personales recabados por&nbsp;Treurer, mediante los formularios extendidos en sus p\u00e1ginas, quedar\u00e1n incorporados y ser\u00e1n tratados en nuestro fichero con el fin de poder facilitar, agilizar y cumplir los compromisos establecidos entre&nbsp;Treurer&nbsp;y el Usuario, o el mantenimiento de la relaci\u00f3n que se establezca en los formularios que el Usuario rellene, o para atender una solicitud o consulta del Usuario. Asimismo, de conformidad con lo previsto en el RGPD y la LOPD-GDD, salvo que sea de aplicaci\u00f3n la excepci\u00f3n prevista en el art\u00edculo 30.5 del RGPD, se mantiene un registro de actividades de tratamiento de datos que especifica, seg\u00fan sus finalidades, las actividades de tratamiento llevadas a cabo y las dem\u00e1s circunstancias establecidas en el RGPD.<\/p>\n\n\n\n<p><strong>Principios aplicables al tratamiento de los datos personales<\/strong><\/p>\n\n\n\n<p>El tratamiento de los datos personales del Usuario se someter\u00e1 a los siguientes principios recogidos en el art\u00edculo 5 del RGPD y en el art\u00edculo 4 y siguientes de la LOPD-GDD:<\/p>\n\n\n\n<ul><li>Principio de licitud, lealtad y transparencia: se requerir\u00e1 en todo momento el consentimiento del Usuario, previa informaci\u00f3n completamente transparente de los fines para los cuales se recogen los datos personales.<\/li><li>Principio de limitaci\u00f3n de la finalidad: los datos personales ser\u00e1n recogidos con fines determinados, expl\u00edcitos y leg\u00edtimos.<\/li><li>Principio de minimizaci\u00f3n de datos: los datos personales recogidos ser\u00e1n \u00fanicamente los estrictamente necesarios en relaci\u00f3n con los fines para los que son tratados.<\/li><li>Principio de exactitud: los datos personales deben ser exactos y deben estar siempre actualizados.<\/li><li>Principio de limitaci\u00f3n del plazo de conservaci\u00f3n: los datos personales solo ser\u00e1n mantenidos de forma que se permita la identificaci\u00f3n del Usuario durante el tiempo necesario para los fines de su tratamiento.<\/li><li>Principio de integridad y confidencialidad: los datos personales ser\u00e1n tratados de manera que se garantice su seguridad y confidencialidad.<\/li><li>Principio de responsabilidad proactiva: el Responsable del tratamiento ser\u00e1 responsable de asegurar que los principios anteriores se cumplen.<\/li><\/ul>\n\n\n\n<p><\/p>\n\n\n\n<p><strong>Categor\u00edas de datos personales<\/strong><\/p>\n\n\n\n<p>Las categor\u00edas de datos que se tratan en\u00a0Treurer\u00a0son \u00fanicamente datos identificativos. En ning\u00fan caso, se tratan categor\u00edas especiales de datos personales en el sentido del art\u00edculo 9 del RGPD.<\/p>\n\n\n\n<p><strong>Base legal para el tratamiento de los datos personales<\/strong><\/p>\n\n\n\n<p>La base legal para el tratamiento de los datos personales es el consentimiento.&nbsp;Treurer&nbsp;se compromete a recabar el consentimiento expreso y verificable del Usuario para el tratamiento de sus datos personales para uno o varios fines espec\u00edficos.<\/p>\n\n\n\n<p>El Usuario tendr\u00e1 derecho a retirar su consentimiento en cualquier momento. Ser\u00e1 tan f\u00e1cil retirar el consentimiento como darlo. Como regla general, la retirada del consentimiento no condicionar\u00e1 el uso del Sitio Web.<\/p>\n\n\n\n<p>En las ocasiones en las que el Usuario deba o pueda facilitar sus datos por motivos relacionados con el contenido del Sitio Web, se le informar\u00e1 en caso de que la cumplimentaci\u00f3n de alguno de ellos sea obligatoria debido a que los mismos sean imprescindibles para el correcto desarrollo de la operaci\u00f3n realizada.<\/p>\n\n\n\n<p><strong>Fines del tratamiento a que se destinan los datos personales<\/strong><\/p>\n\n\n\n<p>Los datos personales son recabados y gestionados por&nbsp;Treurer&nbsp;con la finalidad de poder facilitar, agilizar y cumplir los compromisos establecidos entre el Sitio Web y el Usuario, o el mantenimiento de la relaci\u00f3n que se establezca en los formularios que este \u00faltimo rellene, o para atender una solicitud o consulta.<\/p>\n\n\n\n<p>Los datos podr\u00e1n ser utilizados con una finalidad comercial de personalizaci\u00f3n, operativa y estad\u00edstica, vinculada a las actividades propias del objeto social de&nbsp;Treurer, as\u00ed como para mejorar la calidad, el funcionamiento y la navegaci\u00f3n por el Sitio Web.<\/p>\n\n\n\n<p>En el momento en que se obtengan los datos personales, se informar\u00e1 al Usuario acerca del fin o fines espec\u00edficos del tratamiento a que se destinar\u00e1n los datos personales.<\/p>\n\n\n\n<p><strong>Per\u00edodos de conservaci\u00f3n de los datos personales<\/strong><\/p>\n\n\n\n<p>Los datos personales solo ser\u00e1n conservados durante el tiempo m\u00ednimo necesario para los fines de su tratamiento, o hasta que el Usuario solicite su supresi\u00f3n.<\/p>\n\n\n\n<p>En el momento en que se obtengan los datos personales, se informar\u00e1 al Usuario acerca del plazo durante el cual se conservar\u00e1n los datos personales o, cuando eso no sea posible, los criterios utilizados para determinar este plazo.<\/p>\n\n\n\n<p><strong>Destinatarios de los datos personales<\/strong><\/p>\n\n\n\n<p>En caso de que el Responsable del tratamiento tenga la intenci\u00f3n de transferir datos personales a un tercer pa\u00eds u organizaci\u00f3n internacional, en el momento en que se obtengan los datos personales, se informar\u00e1 al Usuario acerca del tercer pa\u00eds u organizaci\u00f3n internacional al cual se tiene la intenci\u00f3n de transferir los datos.<\/p>\n\n\n\n<p><strong>Datos personales de menores de edad<\/strong><\/p>\n\n\n\n<p>Respetando lo establecido en los art\u00edculos 8 del RGPD y 7 de la LOPD-GDD, s\u00f3lo los mayores de 14 a\u00f1os podr\u00e1n otorgar su consentimiento para el tratamiento de sus datos personales de forma l\u00edcita por&nbsp;Treurer. Si se trata de un menor de 14 a\u00f1os, ser\u00e1 necesario el consentimiento de los padres o tutores para el tratamiento, y este consentimiento s\u00f3lo se considerar\u00e1 l\u00edcito en la medida en la que los mismos lo hayan autorizado.<\/p>\n\n\n\n<p><strong>Secreto y seguridad de los datos personales<\/strong><\/p>\n\n\n\n<p>Treurer&nbsp;se compromete a adoptar las medidas t\u00e9cnicas y organizativas necesarias, seg\u00fan el nivel de seguridad adecuado al riesgo de los datos recogidos, de forma que se garantice la seguridad de los datos de car\u00e1cter personal y se evite la destrucci\u00f3n, p\u00e9rdida o alteraci\u00f3n accidental o il\u00edcita de datos personales transmitidos, conservados o tratados, o la comunicaci\u00f3n o acceso no autorizados a dichos datos.<\/p>\n\n\n\n<p>Sin embargo, debido a que&nbsp;Treurer&nbsp;no puede garantizar la inexpugabilidad de internet ni la ausencia total de hackers u otros que accedan de modo fraudulento a los datos personales, el Responsable del tratamiento se compromete a comunicar al Usuario sin dilaci\u00f3n indebida la violaci\u00f3n de la seguridad de los datos personales que sea probable que entra\u00f1e un alto riesgo para los derechos y libertades de las personas f\u00edsicas. Siguiendo lo establecido en el art\u00edculo 4 del RGPD, se entiende por violaci\u00f3n de la seguridad de los datos personales toda violaci\u00f3n de la seguridad que ocasione la destrucci\u00f3n, p\u00e9rdida o alteraci\u00f3n accidental o il\u00edcita de datos personales transmitidos, conservados o tratados de otra forma, o la comunicaci\u00f3n o acceso no autorizados a dichos datos.<\/p>\n\n\n\n<p>Los datos personales ser\u00e1n tratados como confidenciales por el Responsable del tratamiento, quien se compromete a adoptar medidas para que dicha confidencialidad sea respetada por sus empleados, asociados, y toda persona a la cual le haga accesible la informaci\u00f3n.<\/p>\n\n\n\n<p><strong>Derechos derivados del tratamiento de los datos personales<\/strong><\/p>\n\n\n\n<p>El Usuario podr\u00e1 ejercer frente al Responsable del tratamiento los siguientes derechos reconocidos en el RGPD y la LOPD-GDD:<\/p>\n\n\n\n<ul><li>Derecho de acceso:&nbsp;es el derecho del Usuario a obtener confirmaci\u00f3n de si&nbsp;Treurer&nbsp;est\u00e1 tratando o no sus datos personales y, en caso afirmativo, obtener informaci\u00f3n sobre sus datos concretos de car\u00e1cter personal y del tratamiento que&nbsp;Treurer&nbsp;haya realizado.<\/li><li>Derecho de rectificaci\u00f3n:&nbsp;es el derecho del Usuario a que se modifiquen sus datos personales cuando resulten ser inexactos o incompletos.<\/li><li>Derecho de supresi\u00f3n (&#8220;el derecho al olvido&#8221;):&nbsp;es el derecho del Usuario a obtener la eliminaci\u00f3n de sus datos personales en los supuestos previstos en la normativa vigente. Adem\u00e1s de suprimir los datos, el Responsable del tratamiento deber\u00e1 adoptar medidas razonables, teniendo en cuenta la tecnolog\u00eda disponible y el coste de su aplicaci\u00f3n, para informar a los responsables que est\u00e9n tratando los datos personales, de la solicitud del interesado de supresi\u00f3n de cualquier enlace a esos datos personales.<\/li><li>Derecho a la limitaci\u00f3n del tratamiento:&nbsp;es el derecho del Usuario a limitar el tratamiento de sus datos personales. El Usuario tiene derecho a obtener la limitaci\u00f3n del tratamiento en los supuestos previstos en la normativa vigente.<\/li><li>Derecho a la portabilidad de los datos:&nbsp;en caso de que el tratamiento se efect\u00fae por medios automatizados, el Usuario tendr\u00e1 derecho a recibir del Responsable del tratamiento sus datos personales en un formato estructurado, de uso com\u00fan y lectura mec\u00e1nica, y a transmitirlos a otro responsable del tratamiento. Siempre que sea t\u00e9cnicamente posible, el Responsable del tratamiento transmitir\u00e1 directamente los datos a ese otro responsable.<\/li><li>Derecho de oposici\u00f3n:&nbsp;es el derecho del Usuario a que no se lleve a cabo el tratamiento de sus datos de car\u00e1cter personal.<\/li><li>Derecho a no ser objeto de una decisi\u00f3n basada \u00fanicamente en el tratamiento automatizado, incluida la elaboraci\u00f3n de perfiles:&nbsp;es el derecho del Usuario a no ser objeto de una decisi\u00f3n individualizada basada \u00fanicamente en el tratamiento automatizado de sus datos personales, incluida la elaboraci\u00f3n de perfiles, salvo que la legislaci\u00f3n vigente establezca lo contrario.<\/li><\/ul>\n\n\n\n<p>El Usuario podr\u00e1 ejercitar sus derechos mediante comunicaci\u00f3n escrita dirigida al Responsable del tratamiento con la referencia &#8220;RGPD-www.treurer.com&#8221;, especificando:<\/p>\n\n\n\n<ul><li>Nombre y apellidos del Usuario y copia del DNI. En los casos en que se admita la representaci\u00f3n, ser\u00e1 tambi\u00e9n necesaria la identificaci\u00f3n por el mismo medio de la persona que representa al Usuario, as\u00ed como el documento acreditativo de la representaci\u00f3n.<\/li><li>Petici\u00f3n con los motivos espec\u00edficos de la solicitud o informaci\u00f3n a la que se quiere acceder.<\/li><li>Domicilio a efecto de notificaciones.<\/li><li>Fecha y firma del solicitante.<\/li><li>Todo documento que acredite la petici\u00f3n que formula.<\/li><\/ul>\n\n\n\n<p>Esta solicitud se enviar\u00e1 a la siguiente direcci\u00f3n y\/o correo electr\u00f3nico:<\/p>\n\n\n\n<p>Direcci\u00f3n postal:&nbsp;Xaloc 18. Ctra. Llucmajor-Algaida km. 5,7<\/p>\n\n\n\n<p>Correo electr\u00f3nico:&nbsp;info@treurer.com<\/p>\n\n\n\n<p><strong>Enlaces a sitios web de terceros<\/strong><\/p>\n\n\n\n<p>El Sitio Web puede incluir hiperv\u00ednculos o enlaces que permiten acceder a p\u00e1ginas web de terceros distintos de&nbsp;Treurer, y que por tanto no son operados por&nbsp;Treurer. Los titulares de dichos sitios web dispondr\u00e1n de sus propias pol\u00edticas de protecci\u00f3n de datos, siendo ellos mismos, en cada caso, responsables de sus propios ficheros y de sus propias pr\u00e1cticas de privacidad.<\/p>\n\n\n\n<p><strong>Reclamaciones ante la autoridad de control<\/strong><\/p>\n\n\n\n<p>En caso de que el Usuario considere que existe un problema o infracci\u00f3n de la normativa vigente en la forma en la que se est\u00e1n tratando sus datos personales, tendr\u00e1 derecho a la tutela judicial efectiva y a presentar una reclamaci\u00f3n ante la autoridad de control en el Estado en el que tenga su residencia habitual, lugar de trabajo o lugar de la supuesta infracci\u00f3n. En el caso de Espa\u00f1a, la autoridad de control es la Agencia Espa\u00f1ola de Protecci\u00f3n de Datos (http:\/\/www.agpd.es).<\/p>\n\n\n\n<p><strong><u>II. ACEPTACI\u00d3N Y CAMBIOS EN ESTA POL\u00cdTICA DE PRIVACIDAD<\/u><\/strong><\/p>\n\n\n\n<p>Es necesario que el Usuario haya le\u00eddo y est\u00e9 conforme con las condiciones sobre la protecci\u00f3n de datos de car\u00e1cter personal contenidas en esta Pol\u00edtica de Privacidad, as\u00ed como que acepte el tratamiento de sus datos personales para que el Responsable del tratamiento pueda proceder al mismo en los t\u00e9rminos indicados. El uso del Sitio Web implicar\u00e1 la aceptaci\u00f3n de la Pol\u00edtica de Privacidad del mismo.<\/p>\n\n\n\n<p>Treurer\u00a0se reserva el derecho a modificar su Pol\u00edtica de Privacidad, de acuerdo a su propio criterio, o motivado por un cambio legislativo, jurisprudencial o doctrinal de la Agencia Espa\u00f1ola de Protecci\u00f3n de Datos. Los cambios o actualizaciones de esta Pol\u00edtica de Privacidad no ser\u00e1n notificados de forma expl\u00edcita al Usuario. Se recomienda al Usuario consultar esta p\u00e1gina de forma peri\u00f3dica para estar al tanto de los \u00faltimos cambios o actualizaciones.<\/p>\n\n\n\n<p><\/p>\n\n\n\n<p><\/p>\n\n\n\n<p><\/p>\n\n\n\n<p><\/p>\n\n\n\n<p><\/p>\n\t\t\t\t\t\t\t\t<\/div>\n\t\t\t\t<\/div>\n\t\t\t\t\t<\/div>\n\t\t<\/div>\n\t\t\t\t\t<\/div>\n\t\t<\/section>\n\t\t\t\t<\/div>\n\t\t","protected":false},"excerpt":{"rendered":"<p>Pol\u00edtica de privacidad del sitio web I. POL\u00cdTICA DE PRIVACIDAD Y PROTECCI\u00d3N DE DATOS Respetando lo establecido en la legislaci\u00f3n vigente,\u00a0Treurer\u00a0(en adelante, tambi\u00e9n el Sitio Web) se compromete a adoptar las medidas t\u00e9cnicas y organizativas necesarias, seg\u00fan el nivel de seguridad adecuado al riesgo de los datos recogidos. Leyes que incorpora esta pol\u00edtica de privacidad [&hellip;]<\/p>\n","protected":false},"author":4,"featured_media":0,"parent":0,"menu_order":0,"comment_status":"closed","ping_status":"closed","template":"","meta":{"_acf_changed":false,"content-type":"","_joinchat":[],"footnotes":""},"class_list":["post-5523","page","type-page","status-publish","hentry"],"acf":[],"_links":{"self":[{"href":"https:\/\/treurer.com\/de\/wp-json\/wp\/v2\/pages\/5523","targetHints":{"allow":["GET"]}}],"collection":[{"href":"https:\/\/treurer.com\/de\/wp-json\/wp\/v2\/pages"}],"about":[{"href":"https:\/\/treurer.com\/de\/wp-json\/wp\/v2\/types\/page"}],"author":[{"embeddable":true,"href":"https:\/\/treurer.com\/de\/wp-json\/wp\/v2\/users\/4"}],"replies":[{"embeddable":true,"href":"https:\/\/treurer.com\/de\/wp-json\/wp\/v2\/comments?post=5523"}],"version-history":[{"count":0,"href":"https:\/\/treurer.com\/de\/wp-json\/wp\/v2\/pages\/5523\/revisions"}],"wp:attachment":[{"href":"https:\/\/treurer.com\/de\/wp-json\/wp\/v2\/media?parent=5523"}],"curies":[{"name":"wp","href":"https:\/\/api.w.org\/{rel}","templated":true}]}}