{"id":22298,"date":"2023-01-07T22:42:38","date_gmt":"2023-01-07T21:42:38","guid":{"rendered":"https:\/\/www.treurer.com\/?page_id=22298"},"modified":"2023-12-29T12:59:07","modified_gmt":"2023-12-29T11:59:07","slug":"joan-miralles","status":"publish","type":"page","link":"https:\/\/treurer.com\/de\/das-team\/joan-miralles\/","title":{"rendered":"Joan Miralles"},"content":{"rendered":"\t\t<div data-elementor-type=\"wp-page\" data-elementor-id=\"22298\" class=\"elementor elementor-22298 elementor-22296\" data-elementor-post-type=\"page\">\n\t\t\t\t\t\t<section class=\"elementor-section elementor-top-section elementor-element elementor-element-53e981b elementor-section-height-full elementor-section-boxed elementor-section-height-default elementor-section-items-middle\" data-id=\"53e981b\" data-element_type=\"section\" data-settings=\"{&quot;background_background&quot;:&quot;classic&quot;}\">\n\t\t\t\t\t\t\t<div class=\"elementor-background-overlay\"><\/div>\n\t\t\t\t\t\t\t<div class=\"elementor-container elementor-column-gap-default\">\n\t\t\t\t\t<div class=\"elementor-column elementor-col-100 elementor-top-column elementor-element elementor-element-27faee1\" data-id=\"27faee1\" data-element_type=\"column\" data-settings=\"{&quot;background_background&quot;:&quot;classic&quot;}\">\n\t\t\t<div class=\"elementor-widget-wrap elementor-element-populated\">\n\t\t\t\t\t\t<div class=\"elementor-element elementor-element-9c936fd elementor-widget elementor-widget-heading\" data-id=\"9c936fd\" data-element_type=\"widget\" data-widget_type=\"heading.default\">\n\t\t\t\t<div class=\"elementor-widget-container\">\n\t\t\t\t\t<h2 class=\"elementor-heading-title elementor-size-default\">Joan Miralles<\/h2>\t\t\t\t<\/div>\n\t\t\t\t<\/div>\n\t\t\t\t\t<\/div>\n\t\t<\/div>\n\t\t\t\t\t<\/div>\n\t\t<\/section>\n\t\t\t\t<section class=\"elementor-section elementor-top-section elementor-element elementor-element-0fe69d3 elementor-section-boxed elementor-section-height-default elementor-section-height-default\" data-id=\"0fe69d3\" data-element_type=\"section\" data-settings=\"{&quot;background_background&quot;:&quot;classic&quot;}\">\n\t\t\t\t\t\t<div class=\"elementor-container elementor-column-gap-default\">\n\t\t\t\t\t<div class=\"elementor-column elementor-col-100 elementor-top-column elementor-element elementor-element-b4ae016\" data-id=\"b4ae016\" data-element_type=\"column\" data-settings=\"{&quot;background_background&quot;:&quot;classic&quot;}\">\n\t\t\t<div class=\"elementor-widget-wrap elementor-element-populated\">\n\t\t\t\t\t\t<section class=\"elementor-section elementor-inner-section elementor-element elementor-element-0cfe756 elementor-section-boxed elementor-section-height-default elementor-section-height-default\" data-id=\"0cfe756\" data-element_type=\"section\">\n\t\t\t\t\t\t<div class=\"elementor-container elementor-column-gap-default\">\n\t\t\t\t\t<div class=\"elementor-column elementor-col-33 elementor-inner-column elementor-element elementor-element-f8ca508\" data-id=\"f8ca508\" data-element_type=\"column\">\n\t\t\t<div class=\"elementor-widget-wrap\">\n\t\t\t\t\t\t\t<\/div>\n\t\t<\/div>\n\t\t\t\t<div class=\"elementor-column elementor-col-33 elementor-inner-column elementor-element elementor-element-5a4a6b5\" data-id=\"5a4a6b5\" data-element_type=\"column\" data-settings=\"{&quot;background_background&quot;:&quot;classic&quot;}\">\n\t\t\t<div class=\"elementor-widget-wrap elementor-element-populated\">\n\t\t\t\t\t\t<div class=\"elementor-element elementor-element-2208890 elementor-widget elementor-widget-text-editor\" data-id=\"2208890\" data-element_type=\"widget\" data-widget_type=\"text-editor.default\">\n\t\t\t\t<div class=\"elementor-widget-container\">\n\t\t\t\t\t\t\t\t\t<script class=\"kas_online_reception\" src=\"https:\/\/wubook.net\/js\/nebk\/bwidget.jgz\" data-wid=\"087a99d2-0e2d-4398-bbd7-a92ca05df55c\"><\/script>\t\t\t\t\t\t\t\t<\/div>\n\t\t\t\t<\/div>\n\t\t\t\t\t<\/div>\n\t\t<\/div>\n\t\t\t\t<div class=\"elementor-column elementor-col-33 elementor-inner-column elementor-element elementor-element-dc26454\" data-id=\"dc26454\" data-element_type=\"column\">\n\t\t\t<div class=\"elementor-widget-wrap\">\n\t\t\t\t\t\t\t<\/div>\n\t\t<\/div>\n\t\t\t\t\t<\/div>\n\t\t<\/section>\n\t\t\t\t\t<\/div>\n\t\t<\/div>\n\t\t\t\t\t<\/div>\n\t\t<\/section>\n\t\t\t\t<section class=\"elementor-section elementor-top-section elementor-element elementor-element-5ff0b74 elementor-section-boxed elementor-section-height-default elementor-section-height-default\" data-id=\"5ff0b74\" data-element_type=\"section\" data-settings=\"{&quot;background_background&quot;:&quot;classic&quot;}\">\n\t\t\t\t\t\t<div class=\"elementor-container elementor-column-gap-default\">\n\t\t\t\t\t<div class=\"elementor-column elementor-col-100 elementor-top-column elementor-element elementor-element-6627d60\" data-id=\"6627d60\" data-element_type=\"column\">\n\t\t\t<div class=\"elementor-widget-wrap elementor-element-populated\">\n\t\t\t\t\t\t<div class=\"elementor-element elementor-element-229af63 elementor-widget elementor-widget-menu-anchor\" data-id=\"229af63\" data-element_type=\"widget\" data-widget_type=\"menu-anchor.default\">\n\t\t\t\t<div class=\"elementor-widget-container\">\n\t\t\t\t\t\t\t<div class=\"elementor-menu-anchor\" id=\"equipo\"><\/div>\n\t\t\t\t\t\t<\/div>\n\t\t\t\t<\/div>\n\t\t\t\t\t<\/div>\n\t\t<\/div>\n\t\t\t\t\t<\/div>\n\t\t<\/section>\n\t\t\t\t<section class=\"elementor-section elementor-top-section elementor-element elementor-element-6068366 elementor-section-boxed elementor-section-height-default elementor-section-height-default\" data-id=\"6068366\" data-element_type=\"section\" data-settings=\"{&quot;background_background&quot;:&quot;classic&quot;}\">\n\t\t\t\t\t\t<div class=\"elementor-container elementor-column-gap-default\">\n\t\t\t\t\t<div class=\"elementor-column elementor-col-100 elementor-top-column elementor-element elementor-element-34248c4\" data-id=\"34248c4\" data-element_type=\"column\">\n\t\t\t<div class=\"elementor-widget-wrap elementor-element-populated\">\n\t\t\t\t\t\t<section class=\"elementor-section elementor-inner-section elementor-element elementor-element-d3d25b0 elementor-section-boxed elementor-section-height-default elementor-section-height-default\" data-id=\"d3d25b0\" data-element_type=\"section\">\n\t\t\t\t\t\t<div class=\"elementor-container elementor-column-gap-wider\">\n\t\t\t\t\t<div class=\"elementor-column elementor-col-50 elementor-inner-column elementor-element elementor-element-a3c1628\" data-id=\"a3c1628\" data-element_type=\"column\">\n\t\t\t<div class=\"elementor-widget-wrap elementor-element-populated\">\n\t\t\t\t\t\t<div class=\"elementor-element elementor-element-cd6f497 elementor-widget elementor-widget-image\" data-id=\"cd6f497\" data-element_type=\"widget\" data-widget_type=\"image.default\">\n\t\t\t\t<div class=\"elementor-widget-container\">\n\t\t\t\t\t\t\t\t\t\t\t\t\t\t\t<img fetchpriority=\"high\" decoding=\"async\" width=\"1935\" height=\"1935\" src=\"https:\/\/treurer.com\/wp-content\/uploads\/Joan.jpg\" class=\"attachment-full size-full wp-image-22227\" alt=\"\" srcset=\"https:\/\/treurer.com\/wp-content\/uploads\/Joan.jpg 1935w, https:\/\/treurer.com\/wp-content\/uploads\/Joan-768x768.jpg 768w, https:\/\/treurer.com\/wp-content\/uploads\/Joan-1536x1536.jpg 1536w, https:\/\/treurer.com\/wp-content\/uploads\/Joan-300x300.jpg 300w, https:\/\/treurer.com\/wp-content\/uploads\/Joan-600x600.jpg 600w, https:\/\/treurer.com\/wp-content\/uploads\/Joan-100x100.jpg 100w, https:\/\/treurer.com\/wp-content\/uploads\/Joan-64x64.jpg 64w\" sizes=\"(max-width: 1935px) 100vw, 1935px\" title=\"\">\t\t\t\t\t\t\t\t\t\t\t\t\t\t\t<\/div>\n\t\t\t\t<\/div>\n\t\t\t\t\t<\/div>\n\t\t<\/div>\n\t\t\t\t<div class=\"elementor-column elementor-col-50 elementor-inner-column elementor-element elementor-element-02649ed\" data-id=\"02649ed\" data-element_type=\"column\">\n\t\t\t<div class=\"elementor-widget-wrap elementor-element-populated\">\n\t\t\t\t\t\t<div class=\"elementor-element elementor-element-bdd660e elementor-widget elementor-widget-heading\" data-id=\"bdd660e\" data-element_type=\"widget\" data-widget_type=\"heading.default\">\n\t\t\t\t<div class=\"elementor-widget-container\">\n\t\t\t\t\t<h2 class=\"elementor-heading-title elementor-size-default\">Joan Miralles<\/h2>\t\t\t\t<\/div>\n\t\t\t\t<\/div>\n\t\t\t\t<div class=\"elementor-element elementor-element-53f78dd elementor-widget elementor-widget-heading\" data-id=\"53f78dd\" data-element_type=\"widget\" data-widget_type=\"heading.default\">\n\t\t\t\t<div class=\"elementor-widget-container\">\n\t\t\t\t\t<h2 class=\"elementor-heading-title elementor-size-default\">Eigent\u00fcmer und Gr\u00fcnder<\/h2>\t\t\t\t<\/div>\n\t\t\t\t<\/div>\n\t\t\t\t<div class=\"elementor-element elementor-element-0a6d3c1 elementor-widget elementor-widget-text-editor\" data-id=\"0a6d3c1\" data-element_type=\"widget\" data-widget_type=\"text-editor.default\">\n\t\t\t\t<div class=\"elementor-widget-container\">\n\t\t\t\t\t\t\t\t\t<p><strong>Alles hat eine Seele, und Joan ist die Seele von Treurer<\/strong><\/p><p>Als Eigent\u00fcmer und Gr\u00fcnder von Treurer startete er dieses Projekt im Jahr 2000, als er das Treurer-Anwesen erwarb.<\/p><p>Ein dem Tourismus gewidmetes Leben, das er in 2007 beschloss zu beenden, als er endlich gr\u00fcnes Licht f\u00fcr dieses Projekt gab, indem er unsere Olivenb\u00e4ume pflanzte. Nur Joans Beharrlichkeit, Studienkapazit\u00e4t und harte Arbeit konnten ein Projekt wie Treurer ans Licht bringen und als Vorreiter f\u00fcr mallorquinisches Oliven\u00f6l die F\u00fchrung \u00fcbernehmen.<\/p><p>Nicht umsonst exportieren wir in mehr als zehn L\u00e4nder.<\/p><p>Als leidenschaftlicher Mann und Liebhaber von Herausforderungen beschenkt er uns immer noch mit seiner Weisheit, wenn wir ihn brauchen.<\/p>\t\t\t\t\t\t\t\t<\/div>\n\t\t\t\t<\/div>\n\t\t\t\t\t<\/div>\n\t\t<\/div>\n\t\t\t\t\t<\/div>\n\t\t<\/section>\n\t\t\t\t\t<\/div>\n\t\t<\/div>\n\t\t\t\t\t<\/div>\n\t\t<\/section>\n\t\t\t\t<section class=\"elementor-section elementor-top-section elementor-element elementor-element-95c1b2c elementor-section-boxed elementor-section-height-default elementor-section-height-default\" data-id=\"95c1b2c\" data-element_type=\"section\">\n\t\t\t\t\t\t<div class=\"elementor-container elementor-column-gap-default\">\n\t\t\t\t\t<div class=\"elementor-column elementor-col-100 elementor-top-column elementor-element elementor-element-876f5a6\" data-id=\"876f5a6\" data-element_type=\"column\">\n\t\t\t<div class=\"elementor-widget-wrap elementor-element-populated\">\n\t\t\t\t\t\t<section class=\"elementor-section elementor-inner-section elementor-element elementor-element-e68cebe elementor-section-boxed elementor-section-height-default elementor-section-height-default\" data-id=\"e68cebe\" data-element_type=\"section\">\n\t\t\t\t\t\t<div class=\"elementor-container elementor-column-gap-default\">\n\t\t\t\t\t<div class=\"elementor-column elementor-col-100 elementor-inner-column elementor-element elementor-element-4d79d65\" data-id=\"4d79d65\" data-element_type=\"column\">\n\t\t\t<div class=\"elementor-widget-wrap elementor-element-populated\">\n\t\t\t\t\t\t<div class=\"elementor-element elementor-element-6597599 mw300 elementor-widget__width-inherit elementor-widget elementor-widget-heading\" data-id=\"6597599\" data-element_type=\"widget\" data-widget_type=\"heading.default\">\n\t\t\t\t<div class=\"elementor-widget-container\">\n\t\t\t\t\t<h2 class=\"elementor-heading-title elementor-size-default\">K\u00f6nnen wir Ihnen irgendwie helfen?<\/h2>\t\t\t\t<\/div>\n\t\t\t\t<\/div>\n\t\t\t\t<div class=\"elementor-element elementor-element-77e03cb elementor-widget-divider--view-line elementor-widget elementor-widget-divider\" data-id=\"77e03cb\" data-element_type=\"widget\" data-widget_type=\"divider.default\">\n\t\t\t\t<div class=\"elementor-widget-container\">\n\t\t\t\t\t\t\t<div class=\"elementor-divider\">\n\t\t\t<span class=\"elementor-divider-separator\">\n\t\t\t\t\t\t<\/span>\n\t\t<\/div>\n\t\t\t\t\t\t<\/div>\n\t\t\t\t<\/div>\n\t\t\t\t\t<\/div>\n\t\t<\/div>\n\t\t\t\t\t<\/div>\n\t\t<\/section>\n\t\t\t\t<section class=\"elementor-section elementor-inner-section elementor-element elementor-element-21f4bc6 elementor-section-boxed elementor-section-height-default elementor-section-height-default\" data-id=\"21f4bc6\" data-element_type=\"section\">\n\t\t\t\t\t\t<div class=\"elementor-container elementor-column-gap-default\">\n\t\t\t\t\t<div class=\"elementor-column elementor-col-100 elementor-inner-column elementor-element elementor-element-a092fde\" data-id=\"a092fde\" data-element_type=\"column\">\n\t\t\t<div class=\"elementor-widget-wrap elementor-element-populated\">\n\t\t\t\t\t\t<div class=\"elementor-element elementor-element-d8111cb elementor-widget elementor-widget-text-editor\" data-id=\"d8111cb\" data-element_type=\"widget\" data-widget_type=\"text-editor.default\">\n\t\t\t\t<div class=\"elementor-widget-container\">\n\t\t\t\t\t\t\t\t\t\n\t\t\t\t\t\t<script>\n\t\t\t\t\t\t\twindow.hsFormsOnReady = window.hsFormsOnReady || [];\n\t\t\t\t\t\t\twindow.hsFormsOnReady.push(()=>{\n\t\t\t\t\t\t\t\thbspt.forms.create({\n\t\t\t\t\t\t\t\t\tportalId: 7873078,\n\t\t\t\t\t\t\t\t\tformId: \"fb3d6c24-f4b1-46a5-8ed9-96d3ce9488fb\",\n\t\t\t\t\t\t\t\t\ttarget: \"#hbspt-form-1778847979000-3616124901\",\n\t\t\t\t\t\t\t\t\tregion: \"na1\",\n\t\t\t\t\t\t\t\t\t\n\t\t\t\t\t\t\t})});\n\t\t\t\t\t\t<\/script>\n\t\t\t\t\t\t<div class=\"hbspt-form\" id=\"hbspt-form-1778847979000-3616124901\"><\/div>\t\t\t\t\t\t\t\t<\/div>\n\t\t\t\t<\/div>\n\t\t\t\t\t<\/div>\n\t\t<\/div>\n\t\t\t\t\t<\/div>\n\t\t<\/section>\n\t\t\t\t\t<\/div>\n\t\t<\/div>\n\t\t\t\t\t<\/div>\n\t\t<\/section>\n\t\t\t\t<section class=\"elementor-section elementor-top-section elementor-element elementor-element-41d8fe7 elementor-section-boxed elementor-section-height-default elementor-section-height-default\" data-id=\"41d8fe7\" data-element_type=\"section\" data-settings=\"{&quot;background_background&quot;:&quot;classic&quot;}\">\n\t\t\t\t\t\t<div class=\"elementor-container elementor-column-gap-default\">\n\t\t\t\t\t<div class=\"elementor-column elementor-col-100 elementor-top-column elementor-element elementor-element-55f0367\" data-id=\"55f0367\" data-element_type=\"column\">\n\t\t\t<div class=\"elementor-widget-wrap elementor-element-populated\">\n\t\t\t\t\t\t<section class=\"elementor-section elementor-inner-section elementor-element elementor-element-fba6a7d elementor-section-full_width elementor-section-height-default elementor-section-height-default\" data-id=\"fba6a7d\" data-element_type=\"section\">\n\t\t\t\t\t\t<div class=\"elementor-container elementor-column-gap-default\">\n\t\t\t\t\t<div class=\"elementor-column elementor-col-100 elementor-inner-column elementor-element elementor-element-433d39d\" data-id=\"433d39d\" data-element_type=\"column\">\n\t\t\t<div class=\"elementor-widget-wrap elementor-element-populated\">\n\t\t\t\t\t\t<div class=\"elementor-element elementor-element-4817a9e elementor-widget elementor-widget-text-editor\" data-id=\"4817a9e\" data-element_type=\"widget\" data-widget_type=\"text-editor.default\">\n\t\t\t\t<div class=\"elementor-widget-container\">\n\t\t\t\t\t\t\t\t\t<p style=\"text-align: center;\">Ihr Urlaub in unserem Finca-Hotel<\/p>\t\t\t\t\t\t\t\t<\/div>\n\t\t\t\t<\/div>\n\t\t\t\t\t<\/div>\n\t\t<\/div>\n\t\t\t\t\t<\/div>\n\t\t<\/section>\n\t\t\t\t<div class=\"elementor-element elementor-element-b0d29b7 elementor-widget elementor-widget-text-editor\" data-id=\"b0d29b7\" data-element_type=\"widget\" data-widget_type=\"text-editor.default\">\n\t\t\t\t<div class=\"elementor-widget-container\">\n\t\t\t\t\t\t\t\t\t<p style=\"text-align: center;\">Erleben Sie ein ganz besonderes Mallorca und verbringen Sie Ihren Urlaub in unserem Finca-Hotel Treurer. Hier k\u00f6nnen Sie die Ruhe inmitten von Olivenb\u00e4umen und in einer sehr angenehmen und entspannten Umgebung genie\u00dfen.<\/p>\t\t\t\t\t\t\t\t<\/div>\n\t\t\t\t<\/div>\n\t\t\t\t<div class=\"elementor-element elementor-element-95a10ed elementor-align-center elementor-widget elementor-widget-button\" data-id=\"95a10ed\" data-element_type=\"widget\" data-widget_type=\"button.default\">\n\t\t\t\t<div class=\"elementor-widget-container\">\n\t\t\t\t\t\t\t\t\t<div class=\"elementor-button-wrapper\">\n\t\t\t\t\t<a class=\"elementor-button elementor-button-link elementor-size-sm\" href=\"https:\/\/treurer.com\/de\/hotel-mallorca-treurer\/\">\n\t\t\t\t\t\t<span class=\"elementor-button-content-wrapper\">\n\t\t\t\t\t\t\t\t\t<span class=\"elementor-button-text\">Lernen Sie unser Finca-Hotel kennen<\/span>\n\t\t\t\t\t<\/span>\n\t\t\t\t\t<\/a>\n\t\t\t\t<\/div>\n\t\t\t\t\t\t\t\t<\/div>\n\t\t\t\t<\/div>\n\t\t\t\t<section class=\"elementor-section elementor-inner-section elementor-element elementor-element-069fa44 elementor-section-boxed elementor-section-height-default elementor-section-height-default\" data-id=\"069fa44\" data-element_type=\"section\">\n\t\t\t\t\t\t<div class=\"elementor-container elementor-column-gap-default\">\n\t\t\t\t\t<div class=\"elementor-column elementor-col-50 elementor-inner-column elementor-element elementor-element-9409b40\" data-id=\"9409b40\" data-element_type=\"column\">\n\t\t\t<div class=\"elementor-widget-wrap elementor-element-populated\">\n\t\t\t\t\t\t<div class=\"elementor-element elementor-element-8f4fd23 elementor-widget elementor-widget-image\" data-id=\"8f4fd23\" data-element_type=\"widget\" data-widget_type=\"image.default\">\n\t\t\t\t<div class=\"elementor-widget-container\">\n\t\t\t\t\t\t\t\t\t\t\t\t\t\t\t<img decoding=\"async\" width=\"1920\" height=\"1280\" src=\"https:\/\/treurer.com\/wp-content\/uploads\/Junior-Suite-Olivar-12-1.jpg\" class=\"attachment-large size-large wp-image-31674\" alt=\"\" srcset=\"https:\/\/treurer.com\/wp-content\/uploads\/Junior-Suite-Olivar-12-1.jpg 1920w, https:\/\/treurer.com\/wp-content\/uploads\/Junior-Suite-Olivar-12-1-768x512.jpg 768w, https:\/\/treurer.com\/wp-content\/uploads\/Junior-Suite-Olivar-12-1-1536x1024.jpg 1536w, https:\/\/treurer.com\/wp-content\/uploads\/Junior-Suite-Olivar-12-1-300x200.jpg 300w, https:\/\/treurer.com\/wp-content\/uploads\/Junior-Suite-Olivar-12-1-600x400.jpg 600w, https:\/\/treurer.com\/wp-content\/uploads\/Junior-Suite-Olivar-12-1-64x43.jpg 64w\" sizes=\"(max-width: 1920px) 100vw, 1920px\" title=\"\">\t\t\t\t\t\t\t\t\t\t\t\t\t\t\t<\/div>\n\t\t\t\t<\/div>\n\t\t\t\t\t<\/div>\n\t\t<\/div>\n\t\t\t\t<div class=\"elementor-column elementor-col-50 elementor-inner-column elementor-element elementor-element-4dd3e0a\" data-id=\"4dd3e0a\" data-element_type=\"column\">\n\t\t\t<div class=\"elementor-widget-wrap elementor-element-populated\">\n\t\t\t\t\t\t<div class=\"elementor-element elementor-element-57121d2 elementor-widget elementor-widget-image\" data-id=\"57121d2\" data-element_type=\"widget\" data-widget_type=\"image.default\">\n\t\t\t\t<div class=\"elementor-widget-container\">\n\t\t\t\t\t\t\t\t\t\t\t\t\t\t\t<img decoding=\"async\" width=\"1920\" height=\"1280\" src=\"https:\/\/treurer.com\/wp-content\/uploads\/Habitacion-doble-vistas-Randa-b-5.jpg\" class=\"attachment-large size-large wp-image-31762\" alt=\"\" srcset=\"https:\/\/treurer.com\/wp-content\/uploads\/Habitacion-doble-vistas-Randa-b-5.jpg 1920w, https:\/\/treurer.com\/wp-content\/uploads\/Habitacion-doble-vistas-Randa-b-5-768x512.jpg 768w, https:\/\/treurer.com\/wp-content\/uploads\/Habitacion-doble-vistas-Randa-b-5-1536x1024.jpg 1536w, https:\/\/treurer.com\/wp-content\/uploads\/Habitacion-doble-vistas-Randa-b-5-300x200.jpg 300w, https:\/\/treurer.com\/wp-content\/uploads\/Habitacion-doble-vistas-Randa-b-5-600x400.jpg 600w, https:\/\/treurer.com\/wp-content\/uploads\/Habitacion-doble-vistas-Randa-b-5-64x43.jpg 64w\" sizes=\"(max-width: 1920px) 100vw, 1920px\" title=\"\">\t\t\t\t\t\t\t\t\t\t\t\t\t\t\t<\/div>\n\t\t\t\t<\/div>\n\t\t\t\t\t<\/div>\n\t\t<\/div>\n\t\t\t\t\t<\/div>\n\t\t<\/section>\n\t\t\t\t\t<\/div>\n\t\t<\/div>\n\t\t\t\t\t<\/div>\n\t\t<\/section>\n\t\t\t\t<\/div>\n\t\t","protected":false},"excerpt":{"rendered":"<p>Joan Miralles Joan Miralles Eigent\u00fcmer und Gr\u00fcnder Alles hat eine Seele, und Joan ist die Seele von Treurer Als Eigent\u00fcmer und Gr\u00fcnder von Treurer startete er dieses Projekt im Jahr 2000, als er das Treurer-Anwesen erwarb. Ein dem Tourismus gewidmetes Leben, das er in 2007 beschloss zu beenden, als er endlich gr\u00fcnes Licht f\u00fcr dieses [&hellip;]<\/p>\n","protected":false},"author":3,"featured_media":1365,"parent":22199,"menu_order":0,"comment_status":"closed","ping_status":"closed","template":"","meta":{"_acf_changed":false,"content-type":"","_joinchat":[],"footnotes":""},"class_list":["post-22298","page","type-page","status-publish","has-post-thumbnail","hentry"],"acf":[],"_links":{"self":[{"href":"https:\/\/treurer.com\/de\/wp-json\/wp\/v2\/pages\/22298","targetHints":{"allow":["GET"]}}],"collection":[{"href":"https:\/\/treurer.com\/de\/wp-json\/wp\/v2\/pages"}],"about":[{"href":"https:\/\/treurer.com\/de\/wp-json\/wp\/v2\/types\/page"}],"author":[{"embeddable":true,"href":"https:\/\/treurer.com\/de\/wp-json\/wp\/v2\/users\/3"}],"replies":[{"embeddable":true,"href":"https:\/\/treurer.com\/de\/wp-json\/wp\/v2\/comments?post=22298"}],"version-history":[{"count":14,"href":"https:\/\/treurer.com\/de\/wp-json\/wp\/v2\/pages\/22298\/revisions"}],"predecessor-version":[{"id":32141,"href":"https:\/\/treurer.com\/de\/wp-json\/wp\/v2\/pages\/22298\/revisions\/32141"}],"up":[{"embeddable":true,"href":"https:\/\/treurer.com\/de\/wp-json\/wp\/v2\/pages\/22199"}],"wp:featuredmedia":[{"embeddable":true,"href":"https:\/\/treurer.com\/de\/wp-json\/wp\/v2\/media\/1365"}],"wp:attachment":[{"href":"https:\/\/treurer.com\/de\/wp-json\/wp\/v2\/media?parent=22298"}],"curies":[{"name":"wp","href":"https:\/\/api.w.org\/{rel}","templated":true}]}}