{"id":19221,"date":"2022-11-11T14:45:49","date_gmt":"2022-11-11T13:45:49","guid":{"rendered":"https:\/\/amaraproyectos.com\/treurer2022\/?page_id=19221"},"modified":"2024-09-17T15:15:58","modified_gmt":"2024-09-17T13:15:58","slug":"nachrichten","status":"publish","type":"page","link":"https:\/\/treurer.com\/de\/nachrichten\/","title":{"rendered":"Nachrichten"},"content":{"rendered":"\t\t<div data-elementor-type=\"wp-page\" data-elementor-id=\"19221\" class=\"elementor elementor-19221 elementor-19219\" data-elementor-post-type=\"page\">\n\t\t\t\t\t\t<section class=\"elementor-section elementor-top-section elementor-element elementor-element-15ecdcf elementor-section-height-min-height elementor-section-boxed elementor-section-height-default elementor-section-items-middle\" data-id=\"15ecdcf\" data-element_type=\"section\" data-settings=\"{&quot;background_background&quot;:&quot;classic&quot;}\">\n\t\t\t\t\t\t\t<div class=\"elementor-background-overlay\"><\/div>\n\t\t\t\t\t\t\t<div class=\"elementor-container elementor-column-gap-default\">\n\t\t\t\t\t<div class=\"elementor-column elementor-col-100 elementor-top-column elementor-element elementor-element-1c6b06a\" data-id=\"1c6b06a\" data-element_type=\"column\">\n\t\t\t<div class=\"elementor-widget-wrap\">\n\t\t\t\t\t\t\t<\/div>\n\t\t<\/div>\n\t\t\t\t\t<\/div>\n\t\t<\/section>\n\t\t\t\t<section class=\"elementor-section elementor-top-section elementor-element elementor-element-d4f3e58 elementor-section-boxed elementor-section-height-default elementor-section-height-default\" data-id=\"d4f3e58\" data-element_type=\"section\">\n\t\t\t\t\t\t<div class=\"elementor-container elementor-column-gap-default\">\n\t\t\t\t\t<div class=\"elementor-column elementor-col-100 elementor-top-column elementor-element elementor-element-0a7b211\" data-id=\"0a7b211\" data-element_type=\"column\">\n\t\t\t<div class=\"elementor-widget-wrap elementor-element-populated\">\n\t\t\t\t\t\t<div class=\"elementor-element elementor-element-82bec44 elementor-widget elementor-widget-heading\" data-id=\"82bec44\" data-element_type=\"widget\" data-widget_type=\"heading.default\">\n\t\t\t\t<div class=\"elementor-widget-container\">\n\t\t\t\t\t<h1 class=\"elementor-heading-title elementor-size-default\">Treurer Nachrichten<\/h1>\t\t\t\t<\/div>\n\t\t\t\t<\/div>\n\t\t\t\t<div class=\"elementor-element elementor-element-ebc7e0b elementor-widget-divider--view-line elementor-widget elementor-widget-divider\" data-id=\"ebc7e0b\" data-element_type=\"widget\" data-widget_type=\"divider.default\">\n\t\t\t\t<div class=\"elementor-widget-container\">\n\t\t\t\t\t\t\t<div class=\"elementor-divider\">\n\t\t\t<span class=\"elementor-divider-separator\">\n\t\t\t\t\t\t<\/span>\n\t\t<\/div>\n\t\t\t\t\t\t<\/div>\n\t\t\t\t<\/div>\n\t\t\t\t<section class=\"elementor-section elementor-inner-section elementor-element elementor-element-0172f71 elementor-section-boxed elementor-section-height-default elementor-section-height-default\" data-id=\"0172f71\" data-element_type=\"section\">\n\t\t\t\t\t\t<div class=\"elementor-container elementor-column-gap-default\">\n\t\t\t\t\t<div class=\"elementor-column elementor-col-100 elementor-inner-column elementor-element elementor-element-e3d583e\" data-id=\"e3d583e\" data-element_type=\"column\">\n\t\t\t<div class=\"elementor-widget-wrap elementor-element-populated\">\n\t\t\t\t\t\t<div class=\"elementor-element elementor-element-de434b4 bh elementor-grid-tablet-3 elementor-posts--align-left elementor-grid-3 elementor-grid-mobile-1 elementor-posts--thumbnail-top elementor-widget elementor-widget-posts\" data-id=\"de434b4\" data-element_type=\"widget\" id=\"cat1\" data-settings=\"{&quot;classic_columns_tablet&quot;:&quot;3&quot;,&quot;classic_columns&quot;:&quot;3&quot;,&quot;classic_columns_mobile&quot;:&quot;1&quot;,&quot;classic_row_gap&quot;:{&quot;unit&quot;:&quot;px&quot;,&quot;size&quot;:35,&quot;sizes&quot;:[]},&quot;classic_row_gap_tablet&quot;:{&quot;unit&quot;:&quot;px&quot;,&quot;size&quot;:&quot;&quot;,&quot;sizes&quot;:[]},&quot;classic_row_gap_mobile&quot;:{&quot;unit&quot;:&quot;px&quot;,&quot;size&quot;:&quot;&quot;,&quot;sizes&quot;:[]}}\" data-widget_type=\"posts.classic\">\n\t\t\t\t<div class=\"elementor-widget-container\">\n\t\t\t\t\t\t\t<div class=\"elementor-posts-container elementor-posts elementor-posts--skin-classic elementor-grid\">\n\t\t\t\t<article class=\"elementor-post elementor-grid-item post-41130 post type-post status-publish format-standard has-post-thumbnail hentry category-nachrichten\">\n\t\t\t\t<a class=\"elementor-post__thumbnail__link\" href=\"https:\/\/treurer.com\/de\/fuenf-goldmedaillen-2025\/\" tabindex=\"-1\" >\n\t\t\t<div class=\"elementor-post__thumbnail\"><img fetchpriority=\"high\" decoding=\"async\" width=\"1001\" height=\"1001\" src=\"https:\/\/treurer.com\/wp-content\/uploads\/Medallas-Treurer-2025-cuadrado.jpg\" class=\"attachment-medium size-medium wp-image-41011\" alt=\"\" srcset=\"https:\/\/treurer.com\/wp-content\/uploads\/Medallas-Treurer-2025-cuadrado.jpg 1001w, https:\/\/treurer.com\/wp-content\/uploads\/Medallas-Treurer-2025-cuadrado-768x768.jpg 768w, https:\/\/treurer.com\/wp-content\/uploads\/Medallas-Treurer-2025-cuadrado-300x300.jpg 300w, https:\/\/treurer.com\/wp-content\/uploads\/Medallas-Treurer-2025-cuadrado-600x600.jpg 600w, https:\/\/treurer.com\/wp-content\/uploads\/Medallas-Treurer-2025-cuadrado-100x100.jpg 100w, https:\/\/treurer.com\/wp-content\/uploads\/Medallas-Treurer-2025-cuadrado-64x64.jpg 64w\" sizes=\"(max-width: 1001px) 100vw, 1001px\" title=\"\"><\/div>\n\t\t<\/a>\n\t\t\t\t<div class=\"elementor-post__text\">\n\t\t\t\t<h3 class=\"elementor-post__title\">\n\t\t\t<a href=\"https:\/\/treurer.com\/de\/fuenf-goldmedaillen-2025\/\" >\n\t\t\t\tF\u00fcnf Goldmedaillen festigen unsere internationale Pr\u00e4senz\t\t\t<\/a>\n\t\t<\/h3>\n\t\t\t\t<div class=\"elementor-post__excerpt\">\n\t\t\t<p>Nuestro AOVE de cosecha 2024 ha sido premiado con cinco medallas de oro en concursos de Nueva York, Los \u00c1ngeles, Tokio, Berl\u00edn y Londres, consolidando as\u00ed la proyecci\u00f3n internacional de Treurer y nuestro compromiso con la calidad.<\/p>\n\t\t<\/div>\n\t\t\t\t<\/div>\n\t\t\t\t<\/article>\n\t\t\t\t<article class=\"elementor-post elementor-grid-item post-37418 post type-post status-publish format-standard has-post-thumbnail hentry category-nachrichten\">\n\t\t\t\t<a class=\"elementor-post__thumbnail__link\" href=\"https:\/\/treurer.com\/de\/treurer-olive-oil-times\/\" tabindex=\"-1\" >\n\t\t\t<div class=\"elementor-post__thumbnail\"><img decoding=\"async\" width=\"1200\" height=\"628\" src=\"https:\/\/treurer.com\/wp-content\/uploads\/Olive-times.webp\" class=\"attachment-medium size-medium wp-image-33641\" alt=\"Olive times\" srcset=\"https:\/\/treurer.com\/wp-content\/uploads\/Olive-times.webp 1200w, https:\/\/treurer.com\/wp-content\/uploads\/Olive-times-768x402.webp 768w, https:\/\/treurer.com\/wp-content\/uploads\/Olive-times-300x157.webp 300w, https:\/\/treurer.com\/wp-content\/uploads\/Olive-times-600x314.webp 600w, https:\/\/treurer.com\/wp-content\/uploads\/Olive-times-64x33.webp 64w\" sizes=\"(max-width: 1200px) 100vw, 1200px\" title=\"\"><\/div>\n\t\t<\/a>\n\t\t\t\t<div class=\"elementor-post__text\">\n\t\t\t\t<h3 class=\"elementor-post__title\">\n\t\t\t<a href=\"https:\/\/treurer.com\/de\/treurer-olive-oil-times\/\" >\n\t\t\t\tTreurer in Olive Oil Times: ein interessanter Artikel mit dem Schwerpunkt auf Qualit\u00e4t und Nachhaltigkeit\t\t\t<\/a>\n\t\t<\/h3>\n\t\t\t\t<div class=\"elementor-post__excerpt\">\n\t\t\t<p>In diesem Beitrag teilen wir einen Artikel, der in der Olive Oil Times am 7. M\u00e4rz 2024 ver\u00f6ffentlicht wurde. Der von Paolo DeAndreis verfasste Artikel hebt nicht nur die Arbeit von Treurer bei der Herstellung von hochwertigem Oliven\u00f6l hervor, sondern auch unser Engagement f\u00fcr Nachhaltigkeit und den Schutz unserer Umwelt.<\/p>\n\t\t<\/div>\n\t\t\t\t<\/div>\n\t\t\t\t<\/article>\n\t\t\t\t<article class=\"elementor-post elementor-grid-item post-34310 post type-post status-publish format-standard has-post-thumbnail hentry category-nachrichten\">\n\t\t\t\t<a class=\"elementor-post__thumbnail__link\" href=\"https:\/\/treurer.com\/de\/auszeichnungen-2024\/\" tabindex=\"-1\" >\n\t\t\t<div class=\"elementor-post__thumbnail\"><img decoding=\"async\" width=\"1716\" height=\"1164\" src=\"https:\/\/treurer.com\/wp-content\/uploads\/Diploma-NYIOOC.jpg\" class=\"attachment-medium size-medium wp-image-33996\" alt=\"Oli Treurer, Medalla de oro en NYOOC 2024\" srcset=\"https:\/\/treurer.com\/wp-content\/uploads\/Diploma-NYIOOC.jpg 1716w, https:\/\/treurer.com\/wp-content\/uploads\/Diploma-NYIOOC-768x521.jpg 768w, https:\/\/treurer.com\/wp-content\/uploads\/Diploma-NYIOOC-1536x1042.jpg 1536w, https:\/\/treurer.com\/wp-content\/uploads\/Diploma-NYIOOC-300x203.jpg 300w, https:\/\/treurer.com\/wp-content\/uploads\/Diploma-NYIOOC-600x407.jpg 600w, https:\/\/treurer.com\/wp-content\/uploads\/Diploma-NYIOOC-64x43.jpg 64w\" sizes=\"(max-width: 1716px) 100vw, 1716px\" title=\"\"><\/div>\n\t\t<\/a>\n\t\t\t\t<div class=\"elementor-post__text\">\n\t\t\t\t<h3 class=\"elementor-post__title\">\n\t\t\t<a href=\"https:\/\/treurer.com\/de\/auszeichnungen-2024\/\" >\n\t\t\t\tAuszeichnungen 2024 f\u00fcr unser Treurer-\u00d6l\t\t\t<\/a>\n\t\t<\/h3>\n\t\t\t\t<div class=\"elementor-post__excerpt\">\n\t\t\t<p>Auszeichnungen 2024. Iberoleum 2024, erster Platz in den Medien furtados, Goldmedaille in New York &#8211; NYIOOC 2024 und Goldmedaille in Los Angeles Olive Oil Awards 2024.<\/p>\n\t\t<\/div>\n\t\t\t\t<\/div>\n\t\t\t\t<\/article>\n\t\t\t\t<article class=\"elementor-post elementor-grid-item post-33308 post type-post status-publish format-standard has-post-thumbnail hentry category-nachrichten\">\n\t\t\t\t<a class=\"elementor-post__thumbnail__link\" href=\"https:\/\/treurer.com\/de\/fuenf-sterne-treurer\/\" tabindex=\"-1\" >\n\t\t\t<div class=\"elementor-post__thumbnail\"><img loading=\"lazy\" decoding=\"async\" width=\"1024\" height=\"1024\" src=\"https:\/\/treurer.com\/wp-content\/uploads\/paredseca-3.jpg\" class=\"attachment-medium size-medium wp-image-33190\" alt=\"Agroturismo Treurer, cinco estrellas\" srcset=\"https:\/\/treurer.com\/wp-content\/uploads\/paredseca-3.jpg 1024w, https:\/\/treurer.com\/wp-content\/uploads\/paredseca-3-768x768.jpg 768w, https:\/\/treurer.com\/wp-content\/uploads\/paredseca-3-300x300.jpg 300w, https:\/\/treurer.com\/wp-content\/uploads\/paredseca-3-600x600.jpg 600w, https:\/\/treurer.com\/wp-content\/uploads\/paredseca-3-100x100.jpg 100w, https:\/\/treurer.com\/wp-content\/uploads\/paredseca-3-64x64.jpg 64w\" sizes=\"(max-width: 1024px) 100vw, 1024px\" title=\"\"><\/div>\n\t\t<\/a>\n\t\t\t\t<div class=\"elementor-post__text\">\n\t\t\t\t<h3 class=\"elementor-post__title\">\n\t\t\t<a href=\"https:\/\/treurer.com\/de\/fuenf-sterne-treurer\/\" >\n\t\t\t\tF\u00fcnf Sterne f\u00fcr unseren Agritourismus\t\t\t<\/a>\n\t\t<\/h3>\n\t\t\t\t<div class=\"elementor-post__excerpt\">\n\t\t\t<p>Treurer Agritourismus ist stolz darauf, seine bevorstehende Wiederer\u00f6ffnung am 28. Februar anzuk\u00fcndigen, wobei er von 4 auf 5 Sterne aufgewertet wird. Dieses Upgrade geht mit einer deutlichen Verbesserung unserer Einrichtungen und Dienstleistungen einher.<\/p>\n\t\t<\/div>\n\t\t\t\t<\/div>\n\t\t\t\t<\/article>\n\t\t\t\t<article class=\"elementor-post elementor-grid-item post-37304 post type-post status-publish format-standard has-post-thumbnail hentry category-nachrichten\">\n\t\t\t\t<a class=\"elementor-post__thumbnail__link\" href=\"https:\/\/treurer.com\/de\/kreislaufwirtschaft\/\" tabindex=\"-1\" >\n\t\t\t<div class=\"elementor-post__thumbnail\"><img loading=\"lazy\" decoding=\"async\" width=\"696\" height=\"485\" src=\"https:\/\/treurer.com\/wp-content\/uploads\/EconomiaCircular.jpg\" class=\"attachment-medium size-medium wp-image-19336\" alt=\"\" srcset=\"https:\/\/treurer.com\/wp-content\/uploads\/EconomiaCircular.jpg 696w, https:\/\/treurer.com\/wp-content\/uploads\/EconomiaCircular-300x209.jpg 300w, https:\/\/treurer.com\/wp-content\/uploads\/EconomiaCircular-600x418.jpg 600w, https:\/\/treurer.com\/wp-content\/uploads\/EconomiaCircular-64x45.jpg 64w\" sizes=\"(max-width: 696px) 100vw, 696px\" title=\"\"><\/div>\n\t\t<\/a>\n\t\t\t\t<div class=\"elementor-post__text\">\n\t\t\t\t<h3 class=\"elementor-post__title\">\n\t\t\t<a href=\"https:\/\/treurer.com\/de\/kreislaufwirtschaft\/\" >\n\t\t\t\tTreurer f\u00fchrt ein vom Consell de Mallorca finanziertes Projekt zur Kreislaufwirtschaft durch\t\t\t<\/a>\n\t\t<\/h3>\n\t\t\t\t<div class=\"elementor-post__excerpt\">\n\t\t\t<p>Im September 2022 hat Treurer parallel zur Installation seiner neuen M\u00fchle ein Projekt zur Kreislaufwirtschaft durchgef\u00fchrt.<\/p>\n\t\t<\/div>\n\t\t\t\t<\/div>\n\t\t\t\t<\/article>\n\t\t\t\t<article class=\"elementor-post elementor-grid-item post-37231 post type-post status-publish format-standard has-post-thumbnail hentry category-olivenoelkultur category-nachrichten\">\n\t\t\t\t<a class=\"elementor-post__thumbnail__link\" href=\"https:\/\/treurer.com\/de\/treurer-in-der-mallorca-zeitung\/\" tabindex=\"-1\" >\n\t\t\t<div class=\"elementor-post__thumbnail\"><img loading=\"lazy\" decoding=\"async\" width=\"1200\" height=\"600\" src=\"https:\/\/treurer.com\/wp-content\/uploads\/Treurer-Mallorca-Zeitung-1.png\" class=\"attachment-medium size-medium wp-image-2514\" alt=\"Treurer in der Mallorca Zeitung\" srcset=\"https:\/\/treurer.com\/wp-content\/uploads\/Treurer-Mallorca-Zeitung-1.png 1200w, https:\/\/treurer.com\/wp-content\/uploads\/Treurer-Mallorca-Zeitung-1-768x384.png 768w, https:\/\/treurer.com\/wp-content\/uploads\/Treurer-Mallorca-Zeitung-1-300x150.png 300w, https:\/\/treurer.com\/wp-content\/uploads\/Treurer-Mallorca-Zeitung-1-600x300.png 600w\" sizes=\"(max-width: 1200px) 100vw, 1200px\" title=\"\"><\/div>\n\t\t<\/a>\n\t\t\t\t<div class=\"elementor-post__text\">\n\t\t\t\t<h3 class=\"elementor-post__title\">\n\t\t\t<a href=\"https:\/\/treurer.com\/de\/treurer-in-der-mallorca-zeitung\/\" >\n\t\t\t\tTreurer in der Mallorca Zeitung\t\t\t<\/a>\n\t\t<\/h3>\n\t\t\t\t<div class=\"elementor-post__excerpt\">\n\t\t\t<p>Treurer en Mallorca Zeitung<\/p>\n\t\t<\/div>\n\t\t\t\t<\/div>\n\t\t\t\t<\/article>\n\t\t\t\t<\/div>\n\t\t\n\t\t\t\t\t\t<\/div>\n\t\t\t\t<\/div>\n\t\t\t\t\t<\/div>\n\t\t<\/div>\n\t\t\t\t\t<\/div>\n\t\t<\/section>\n\t\t\t\t\t<\/div>\n\t\t<\/div>\n\t\t\t\t\t<\/div>\n\t\t<\/section>\n\t\t\t\t<section class=\"elementor-section elementor-top-section elementor-element elementor-element-b0b2a4a elementor-section-boxed elementor-section-height-default elementor-section-height-default\" data-id=\"b0b2a4a\" data-element_type=\"section\">\n\t\t\t\t\t\t<div class=\"elementor-container elementor-column-gap-default\">\n\t\t\t\t\t<div class=\"elementor-column elementor-col-100 elementor-top-column elementor-element elementor-element-f652e1d\" data-id=\"f652e1d\" data-element_type=\"column\">\n\t\t\t<div class=\"elementor-widget-wrap elementor-element-populated\">\n\t\t\t\t\t\t<div class=\"elementor-element elementor-element-120d48a elementor-widget elementor-widget-html\" data-id=\"120d48a\" data-element_type=\"widget\" data-widget_type=\"html.default\">\n\t\t\t\t<div class=\"elementor-widget-container\">\n\t\t\t\t\t<script>\nfunction hideTerm(term) {\n    css = 'li[data-term*=\"'+term+'\"]{display:none;}'\n    style = $('<style type=\"text\/css\">').text(css)\n    $('head').append(style);\n}<\/script>\t\t\t\t<\/div>\n\t\t\t\t<\/div>\n\t\t\t\t\t<\/div>\n\t\t<\/div>\n\t\t\t\t\t<\/div>\n\t\t<\/section>\n\t\t\t\t<\/div>\n\t\t","protected":false},"excerpt":{"rendered":"<p>Treurer Nachrichten<\/p>\n","protected":false},"author":3,"featured_media":3329,"parent":0,"menu_order":0,"comment_status":"closed","ping_status":"closed","template":"","meta":{"_acf_changed":false,"content-type":"","_joinchat":[],"footnotes":""},"class_list":["post-19221","page","type-page","status-publish","has-post-thumbnail","hentry"],"acf":[],"_links":{"self":[{"href":"https:\/\/treurer.com\/de\/wp-json\/wp\/v2\/pages\/19221","targetHints":{"allow":["GET"]}}],"collection":[{"href":"https:\/\/treurer.com\/de\/wp-json\/wp\/v2\/pages"}],"about":[{"href":"https:\/\/treurer.com\/de\/wp-json\/wp\/v2\/types\/page"}],"author":[{"embeddable":true,"href":"https:\/\/treurer.com\/de\/wp-json\/wp\/v2\/users\/3"}],"replies":[{"embeddable":true,"href":"https:\/\/treurer.com\/de\/wp-json\/wp\/v2\/comments?post=19221"}],"version-history":[{"count":29,"href":"https:\/\/treurer.com\/de\/wp-json\/wp\/v2\/pages\/19221\/revisions"}],"predecessor-version":[{"id":37554,"href":"https:\/\/treurer.com\/de\/wp-json\/wp\/v2\/pages\/19221\/revisions\/37554"}],"wp:featuredmedia":[{"embeddable":true,"href":"https:\/\/treurer.com\/de\/wp-json\/wp\/v2\/media\/3329"}],"wp:attachment":[{"href":"https:\/\/treurer.com\/de\/wp-json\/wp\/v2\/media?parent=19221"}],"curies":[{"name":"wp","href":"https:\/\/api.w.org\/{rel}","templated":true}]}}