{"id":11592,"date":"2021-10-30T11:50:25","date_gmt":"2021-10-30T09:50:25","guid":{"rendered":"https:\/\/www.treurer.com\/novell-shop\/"},"modified":"2025-10-02T23:54:44","modified_gmt":"2025-10-02T21:54:44","slug":"novell-shop","status":"publish","type":"page","link":"https:\/\/treurer.com\/de\/novell-shop\/","title":{"rendered":"Novell Shop"},"content":{"rendered":"\t\t<div data-elementor-type=\"wp-page\" data-elementor-id=\"11592\" class=\"elementor elementor-11592 elementor-11578\" data-elementor-post-type=\"page\">\n\t\t\t\t\t\t<section class=\"elementor-section elementor-top-section elementor-element elementor-element-cd3ccad elementor-section-boxed elementor-section-height-default elementor-section-height-default\" data-id=\"cd3ccad\" data-element_type=\"section\" data-settings=\"{&quot;background_background&quot;:&quot;classic&quot;}\">\n\t\t\t\t\t\t<div class=\"elementor-container elementor-column-gap-default\">\n\t\t\t\t\t<div class=\"elementor-column elementor-col-100 elementor-top-column elementor-element elementor-element-c17aa0f\" data-id=\"c17aa0f\" data-element_type=\"column\">\n\t\t\t<div class=\"elementor-widget-wrap elementor-element-populated\">\n\t\t\t\t\t\t<div class=\"elementor-element elementor-element-1a69e62 elementor-widget elementor-widget-menu-anchor\" data-id=\"1a69e62\" data-element_type=\"widget\" data-widget_type=\"menu-anchor.default\">\n\t\t\t\t<div class=\"elementor-widget-container\">\n\t\t\t\t\t\t\t<div class=\"elementor-menu-anchor\" id=\"tienda-aceite\"><\/div>\n\t\t\t\t\t\t<\/div>\n\t\t\t\t<\/div>\n\t\t\t\t<section class=\"elementor-section elementor-inner-section elementor-element elementor-element-dac3080 elementor-section-boxed elementor-section-height-default elementor-section-height-default\" data-id=\"dac3080\" data-element_type=\"section\">\n\t\t\t\t\t\t<div class=\"elementor-container elementor-column-gap-default\">\n\t\t\t\t\t<div class=\"elementor-column elementor-col-100 elementor-inner-column elementor-element elementor-element-4618550\" data-id=\"4618550\" data-element_type=\"column\">\n\t\t\t<div class=\"elementor-widget-wrap elementor-element-populated\">\n\t\t\t\t\t\t<div class=\"elementor-element elementor-element-2756fd7 elementor-widget elementor-widget-heading\" data-id=\"2756fd7\" data-element_type=\"widget\" data-widget_type=\"heading.default\">\n\t\t\t\t<div class=\"elementor-widget-container\">\n\t\t\t\t\t<h1 class=\"elementor-heading-title elementor-size-default\">Treurer nativen oliven\u00f6l <br>extra online kaufen<\/h1>\t\t\t\t<\/div>\n\t\t\t\t<\/div>\n\t\t\t\t<div class=\"elementor-element elementor-element-e2e5470 elementor-widget elementor-widget-text-editor\" data-id=\"e2e5470\" data-element_type=\"widget\" data-widget_type=\"text-editor.default\">\n\t\t\t\t<div class=\"elementor-widget-container\">\n\t\t\t\t\t\t\t\t\t<p style=\"text-align: center;\">Oli Novell ist das \u00d6l der zuerst gelesenen Oliven, die Anfang Oktober geerntet werden. Die Oliven werden zum Zeitpunkt ihrer optimalen Reifung gepfl\u00fcckt, kurz bevor sie ausgereift sind. <b>Die Farbe des \u00d6ls ist kr\u00e4ftiger, sein Geschmack intensiver und seine Textur geschmeidiger<\/b>. Es ist viel aromatischer und <b>enth\u00e4lt eine F\u00fclle von Polyphenolen <\/b>(nat\u00fcrliche Antioxidantien, die vor Alterung und Krebs sch\u00fctzen). Der Ertrag bei der Herstellung ist zwar geringer (ca. 50 % im Vergleich zur normalen Ernte), aber das <b>Ergebnis in der K\u00fcche ist besser, da die Aromen und Geschmacksstoffe konzentriert sind<\/b>.&nbsp;<\/p>\t\t\t\t\t\t\t\t<\/div>\n\t\t\t\t<\/div>\n\t\t\t\t\t<\/div>\n\t\t<\/div>\n\t\t\t\t\t<\/div>\n\t\t<\/section>\n\t\t\t\t<div class=\"elementor-element elementor-element-3555a5e elementor-widget-divider--view-line elementor-widget elementor-widget-divider\" data-id=\"3555a5e\" data-element_type=\"widget\" data-widget_type=\"divider.default\">\n\t\t\t\t<div class=\"elementor-widget-container\">\n\t\t\t\t\t\t\t<div class=\"elementor-divider\">\n\t\t\t<span class=\"elementor-divider-separator\">\n\t\t\t\t\t\t<\/span>\n\t\t<\/div>\n\t\t\t\t\t\t<\/div>\n\t\t\t\t<\/div>\n\t\t\t\t<section class=\"elementor-section elementor-inner-section elementor-element elementor-element-65958ac elementor-section-boxed elementor-section-height-default elementor-section-height-default\" data-id=\"65958ac\" data-element_type=\"section\">\n\t\t\t\t\t\t<div class=\"elementor-container elementor-column-gap-default\">\n\t\t\t\t\t<div class=\"elementor-column elementor-col-33 elementor-inner-column elementor-element elementor-element-321180c\" data-id=\"321180c\" data-element_type=\"column\">\n\t\t\t<div class=\"elementor-widget-wrap\">\n\t\t\t\t\t\t\t<\/div>\n\t\t<\/div>\n\t\t\t\t<div class=\"elementor-column elementor-col-33 elementor-inner-column elementor-element elementor-element-15b5ec8\" data-id=\"15b5ec8\" data-element_type=\"column\">\n\t\t\t<div class=\"elementor-widget-wrap elementor-element-populated\">\n\t\t\t\t\t\t<section class=\"elementor-section elementor-inner-section elementor-element elementor-element-8dc29b5 elementor-section-boxed elementor-section-height-default elementor-section-height-default\" data-id=\"8dc29b5\" data-element_type=\"section\">\n\t\t\t\t\t\t<div class=\"elementor-container elementor-column-gap-default\">\n\t\t\t\t\t<div class=\"elementor-column elementor-col-33 elementor-inner-column elementor-element elementor-element-07b0f33\" data-id=\"07b0f33\" data-element_type=\"column\">\n\t\t\t<div class=\"elementor-widget-wrap elementor-element-populated\">\n\t\t\t\t\t\t<div class=\"elementor-element elementor-element-785e4be elementor-widget elementor-widget-global elementor-global-10947 elementor-global-2133 elementor-widget-image\" data-id=\"785e4be\" data-element_type=\"widget\" data-widget_type=\"image.default\">\n\t\t\t\t<div class=\"elementor-widget-container\">\n\t\t\t\t\t\t\t\t\t\t\t\t\t\t\t<img fetchpriority=\"high\" decoding=\"async\" width=\"1496\" height=\"900\" src=\"https:\/\/treurer.com\/wp-content\/uploads\/Aceite-Oliva-Virgen-Extra-Mallorca-Novell-1.png\" class=\"attachment-1536x1536 size-1536x1536 wp-image-10968\" alt=\"\" srcset=\"https:\/\/treurer.com\/wp-content\/uploads\/Aceite-Oliva-Virgen-Extra-Mallorca-Novell-1.png 1496w, https:\/\/treurer.com\/wp-content\/uploads\/Aceite-Oliva-Virgen-Extra-Mallorca-Novell-1-768x462.png 768w, https:\/\/treurer.com\/wp-content\/uploads\/Aceite-Oliva-Virgen-Extra-Mallorca-Novell-1-300x180.png 300w, https:\/\/treurer.com\/wp-content\/uploads\/Aceite-Oliva-Virgen-Extra-Mallorca-Novell-1-600x361.png 600w\" sizes=\"(max-width: 1496px) 100vw, 1496px\" title=\"\">\t\t\t\t\t\t\t\t\t\t\t\t\t\t\t<\/div>\n\t\t\t\t<\/div>\n\t\t\t\t\t<\/div>\n\t\t<\/div>\n\t\t\t\t<div class=\"elementor-column elementor-col-66 elementor-inner-column elementor-element elementor-element-28962ca\" data-id=\"28962ca\" data-element_type=\"column\">\n\t\t\t<div class=\"elementor-widget-wrap elementor-element-populated\">\n\t\t\t\t\t\t<div class=\"elementor-element elementor-element-08cbceb elementor-widget elementor-widget-global elementor-global-10945 elementor-global-2136 elementor-widget-heading\" data-id=\"08cbceb\" data-element_type=\"widget\" data-widget_type=\"heading.default\">\n\t\t\t\t<div class=\"elementor-widget-container\">\n\t\t\t\t\t<h3 class=\"elementor-heading-title elementor-size-default\">Novell natives Oliven\u00f6l extra<\/h3>\t\t\t\t<\/div>\n\t\t\t\t<\/div>\n\t\t\t\t<div class=\"elementor-element elementor-element-919bed6 mw550 elementor-widget elementor-widget-global elementor-global-5908 elementor-global-2114 elementor-widget-text-editor\" data-id=\"919bed6\" data-element_type=\"widget\" data-widget_type=\"text-editor.default\">\n\t\t\t\t<div class=\"elementor-widget-container\">\n\t\t\t\t\t\t\t\t\tKiste mit 6 Einheiten \u00e0 500 ml.\t\t\t\t\t\t\t\t<\/div>\n\t\t\t\t<\/div>\n\t\t\t\t<div class=\"elementor-element elementor-element-79461bc mw550 elementor-widget elementor-widget-global elementor-global-10941 elementor-global-2142 elementor-widget-text-editor\" data-id=\"79461bc\" data-element_type=\"widget\" data-widget_type=\"text-editor.default\">\n\t\t\t\t<div class=\"elementor-widget-container\">\n\t\t\t\t\t\t\t\t\t<p>Novell ist das Treurer Marken\u00f6l, das die Fr\u00fcchte der ersten Ernte sammelt. Mit einem intensiveren Geschmack verst\u00e4rkt es seine organoleptischen Eigenschaften.<\/p>\n\t\t\t\t\t\t\t\t<\/div>\n\t\t\t\t<\/div>\n\t\t\t\t<div class=\"elementor-element elementor-element-bc63dea elementor-widget-divider--view-line elementor-widget elementor-widget-divider\" data-id=\"bc63dea\" data-element_type=\"widget\" data-widget_type=\"divider.default\">\n\t\t\t\t<div class=\"elementor-widget-container\">\n\t\t\t\t\t\t\t<div class=\"elementor-divider\">\n\t\t\t<span class=\"elementor-divider-separator\">\n\t\t\t\t\t\t<\/span>\n\t\t<\/div>\n\t\t\t\t\t\t<\/div>\n\t\t\t\t<\/div>\n\t\t\t\t<div class=\"elementor-element elementor-element-244b41c elementor-widget__width-auto elementor-widget elementor-widget-global elementor-global-10939 elementor-global-2145 elementor-widget-heading\" data-id=\"244b41c\" data-element_type=\"widget\" data-widget_type=\"heading.default\">\n\t\t\t\t<div class=\"elementor-widget-container\">\n\t\t\t\t\t<h2 class=\"elementor-heading-title elementor-size-default\">125\u20ac<\/h2>\t\t\t\t<\/div>\n\t\t\t\t<\/div>\n\t\t\t\t<div class=\"elementor-element elementor-element-f810401 elementor-widget-divider--view-line elementor-widget elementor-widget-divider\" data-id=\"f810401\" data-element_type=\"widget\" data-widget_type=\"divider.default\">\n\t\t\t\t<div class=\"elementor-widget-container\">\n\t\t\t\t\t\t\t<div class=\"elementor-divider\">\n\t\t\t<span class=\"elementor-divider-separator\">\n\t\t\t\t\t\t<\/span>\n\t\t<\/div>\n\t\t\t\t\t\t<\/div>\n\t\t\t\t<\/div>\n\t\t\t\t<div class=\"elementor-element elementor-element-1c9b026 elementor-widget elementor-widget-global elementor-global-5872 elementor-global-3904 elementor-widget-text-editor\" data-id=\"1c9b026\" data-element_type=\"widget\" data-widget_type=\"text-editor.default\">\n\t\t\t\t<div class=\"elementor-widget-container\">\n\t\t\t\t\t\t\t\t\t<p>Wir m\u00f6chten, dass Sie jung und gesund bleiben. <strong>Aus diesem Grund bieten wir einen Transportpreis von 30 Euro pro Bestellung an, unabh\u00e4ngig von der Anzahl der Kisten und dem Bestimmungsort<\/strong> (innerhalb Europas). F\u00fcr Sendungen in die <strong>USA<\/strong> betragen die Kosten auch unabh\u00e4ngig von der Anzahl der gekauften Kartons <strong>130 \u20ac<\/strong>. Wenn die Lieferung <strong>in Spanien<\/strong> erfolgt, betragen diese Kosten <strong>20\u20ac<\/strong> und <strong>30\u20ac f\u00fcr UK<\/strong>.<\/p>\t\t\t\t\t\t\t\t<\/div>\n\t\t\t\t<\/div>\n\t\t\t\t\t<\/div>\n\t\t<\/div>\n\t\t\t\t\t<\/div>\n\t\t<\/section>\n\t\t\t\t\t<\/div>\n\t\t<\/div>\n\t\t\t\t<div class=\"elementor-column elementor-col-33 elementor-inner-column elementor-element elementor-element-7c57f13\" data-id=\"7c57f13\" data-element_type=\"column\">\n\t\t\t<div class=\"elementor-widget-wrap\">\n\t\t\t\t\t\t\t<\/div>\n\t\t<\/div>\n\t\t\t\t\t<\/div>\n\t\t<\/section>\n\t\t\t\t\t<\/div>\n\t\t<\/div>\n\t\t\t\t\t<\/div>\n\t\t<\/section>\n\t\t\t\t<section class=\"elementor-section elementor-top-section elementor-element elementor-element-39e072e elementor-section-boxed elementor-section-height-default elementor-section-height-default\" data-id=\"39e072e\" data-element_type=\"section\" data-settings=\"{&quot;background_background&quot;:&quot;classic&quot;}\">\n\t\t\t\t\t\t<div class=\"elementor-container elementor-column-gap-default\">\n\t\t\t\t\t<div class=\"elementor-column elementor-col-100 elementor-top-column elementor-element elementor-element-6c17d0c\" data-id=\"6c17d0c\" data-element_type=\"column\">\n\t\t\t<div class=\"elementor-widget-wrap elementor-element-populated\">\n\t\t\t\t\t\t<div class=\"elementor-element elementor-element-a24a41e elementor-widget elementor-widget-text-editor\" data-id=\"a24a41e\" data-element_type=\"widget\" data-widget_type=\"text-editor.default\">\n\t\t\t\t<div class=\"elementor-widget-container\">\n\t\t\t\t\t\t\t\t\t<h2 style=\"text-align: center;\">Einkaufsbedingungen<\/h2>\n\t\t\t\t\t\t\t\t<\/div>\n\t\t\t\t<\/div>\n\t\t\t\t<div class=\"elementor-element elementor-element-364f27f elementor-widget-divider--view-line elementor-widget elementor-widget-divider\" data-id=\"364f27f\" data-element_type=\"widget\" data-widget_type=\"divider.default\">\n\t\t\t\t<div class=\"elementor-widget-container\">\n\t\t\t\t\t\t\t<div class=\"elementor-divider\">\n\t\t\t<span class=\"elementor-divider-separator\">\n\t\t\t\t\t\t<\/span>\n\t\t<\/div>\n\t\t\t\t\t\t<\/div>\n\t\t\t\t<\/div>\n\t\t\t\t<section class=\"elementor-section elementor-inner-section elementor-element elementor-element-944b540 elementor-section-boxed elementor-section-height-default elementor-section-height-default\" data-id=\"944b540\" data-element_type=\"section\">\n\t\t\t\t\t\t<div class=\"elementor-container elementor-column-gap-default\">\n\t\t\t\t\t<div class=\"elementor-column elementor-col-100 elementor-inner-column elementor-element elementor-element-9d6c547\" data-id=\"9d6c547\" data-element_type=\"column\">\n\t\t\t<div class=\"elementor-widget-wrap elementor-element-populated\">\n\t\t\t\t\t\t<section class=\"elementor-section elementor-inner-section elementor-element elementor-element-25fbb25 elementor-section-boxed elementor-section-height-default elementor-section-height-default\" data-id=\"25fbb25\" data-element_type=\"section\">\n\t\t\t\t\t\t<div class=\"elementor-container elementor-column-gap-default\">\n\t\t\t\t\t<div class=\"elementor-column elementor-col-33 elementor-inner-column elementor-element elementor-element-0b81d56\" data-id=\"0b81d56\" data-element_type=\"column\">\n\t\t\t<div class=\"elementor-widget-wrap elementor-element-populated\">\n\t\t\t\t\t\t<div class=\"elementor-element elementor-element-b9e3d32 elementor-widget elementor-widget-text-editor\" data-id=\"b9e3d32\" data-element_type=\"widget\" data-widget_type=\"text-editor.default\">\n\t\t\t\t<div class=\"elementor-widget-container\">\n\t\t\t\t\t\t\t\t\t<p>Zahlungsinformationen<\/p>\n\t\t\t\t\t\t\t\t<\/div>\n\t\t\t\t<\/div>\n\t\t\t\t<div class=\"elementor-element elementor-element-f4e1fc8 elementor-widget elementor-widget-text-editor\" data-id=\"f4e1fc8\" data-element_type=\"widget\" data-widget_type=\"text-editor.default\">\n\t\t\t\t<div class=\"elementor-widget-container\">\n\t\t\t\t\t\t\t\t\t<p>Wir akzeptieren folgende Zahlungsarten<\/p>\n<p>Kartenzahlungen \u00fcber Stripe werden sofort nach dem Absenden der Bestellung entgegengenommen, und innerhalb von 2,5 Stunden wird per E-Mail-Best\u00e4tigung angezeigt, dass der Betrag abgebucht wurde.<\/p>\n<p>Die Zahlung kann auch per \u00dcberweisung oder Postanweisung erfolgen, und zwar bis zu zwei Tage nach der Online-Bestellung. In diesem Fall muss die Bestellnummer in der Betreffzeile angegeben werden.<\/p>\n\t\t\t\t\t\t\t\t<\/div>\n\t\t\t\t<\/div>\n\t\t\t\t\t<\/div>\n\t\t<\/div>\n\t\t\t\t<div class=\"elementor-column elementor-col-33 elementor-inner-column elementor-element elementor-element-6430700\" data-id=\"6430700\" data-element_type=\"column\">\n\t\t\t<div class=\"elementor-widget-wrap elementor-element-populated\">\n\t\t\t\t\t\t<div class=\"elementor-element elementor-element-c4c2da6 elementor-widget elementor-widget-text-editor\" data-id=\"c4c2da6\" data-element_type=\"widget\" data-widget_type=\"text-editor.default\">\n\t\t\t\t<div class=\"elementor-widget-container\">\n\t\t\t\t\t\t\t\t\t<h3>Versandinformationen<\/h3>\n\t\t\t\t\t\t\t\t<\/div>\n\t\t\t\t<\/div>\n\t\t\t\t<div class=\"elementor-element elementor-element-485fe9d elementor-widget elementor-widget-text-editor\" data-id=\"485fe9d\" data-element_type=\"widget\" data-widget_type=\"text-editor.default\">\n\t\t\t\t<div class=\"elementor-widget-container\">\n\t\t\t\t\t\t\t\t\t<p>Wir versenden weltweit. Alle unsere Sendungen werden zum Schutz des Produkts in einer speziellen Verpackung verschickt.\u00a0<\/p><p><strong>Versandinformationen: EUROPA UND VEREINIGTES K\u00d6NIGREICH<\/strong><\/p><p>Auslieferung auf den Balearen (Spanien) in 2 Werktagen. Transportkosten, 10\u20ac,\u00a0<span style=\"color: var( --e-global-color-text ); font-family: var( --e-global-typography-text-font-family ), Sans-serif; font-size: var( --e-global-typography-text-font-size ); font-weight: var( --e-global-typography-text-font-weight ); background-color: var( --e-global-color-2bada65 );\">unabh\u00e4ngig von der Anzahl der bestellten Kisten.<\/span><\/p><p>Auslieferung in Spanien in 7 Werktagen. Transportkosten, 15 \u20ac, unabh\u00e4ngig von der Anzahl der bestellten Kisten.<\/p><p>Auslieferung in Europa und Vereinigtes K\u00f6nigreich * innerhalb von 7 Werktagen. Versandkosten, 30 \u20ac, unabh\u00e4ngig von der Anzahl der bestellten Kisten.<\/p><p>* WIR BEI TREURER freuen uns sehr, dass Ihr Einkaufserlebnis nach dem Brexit nicht beeintr\u00e4chtigt wird und Sie wie gewohnt weiter bestellen k\u00f6nnen.<\/p><p><strong>Versandinformationen: USA, KANADA &amp; S\u00dcDAMERIKA<\/strong><\/p><p>Pr\u00fcfen Sie die Versandbedingungen unter hello@treurer.com<\/p><p><strong>Versandinformationen: MITTLERER OSTEN<\/strong><\/p><p>Pr\u00fcfen Sie die Versandbedingungen unter hello@treurer.com<\/p><p>Versandinformationen: ASIEN<\/p><p>Pr\u00fcfen Sie die Versandbedingungen unter hello@treurer.com<\/p><p><strong>Versandinfo: OZEANIEN<\/strong><\/p><p>Pr\u00fcfen Sie die Versandbedingungen unter hello@treurer.com<\/p><p><strong>Versandinformationen: REST DER WELT<\/strong><\/p><p>Pr\u00fcfen Sie die Versandbedingungen unter hello@treurer.com<\/p>\t\t\t\t\t\t\t\t<\/div>\n\t\t\t\t<\/div>\n\t\t\t\t\t<\/div>\n\t\t<\/div>\n\t\t\t\t<div class=\"elementor-column elementor-col-33 elementor-inner-column elementor-element elementor-element-7d26e7e\" data-id=\"7d26e7e\" data-element_type=\"column\">\n\t\t\t<div class=\"elementor-widget-wrap elementor-element-populated\">\n\t\t\t\t\t\t<div class=\"elementor-element elementor-element-c3e82de elementor-widget elementor-widget-text-editor\" data-id=\"c3e82de\" data-element_type=\"widget\" data-widget_type=\"text-editor.default\">\n\t\t\t\t<div class=\"elementor-widget-container\">\n\t\t\t\t\t\t\t\t\t<h3>R\u00fcckgabe<\/h3>\n\t\t\t\t\t\t\t\t<\/div>\n\t\t\t\t<\/div>\n\t\t\t\t<div class=\"elementor-element elementor-element-4e75ade elementor-widget elementor-widget-text-editor\" data-id=\"4e75ade\" data-element_type=\"widget\" data-widget_type=\"text-editor.default\">\n\t\t\t\t<div class=\"elementor-widget-container\">\n\t\t\t\t\t\t\t\t\t<p>Unsere R\u00fcckgabebestimmungen sind Teil unserer Verkaufsbedingungen und sollten in Verbindung mit diesen gelesen werden. Wir behalten uns das Recht vor, diese R\u00fcckgabebedingungen jederzeit zu \u00e4ndern.<\/p>\n<p>Es ist wichtig, dass Sie Ihre Bestellung und die Flaschen bei Erhalt und immer vor der Verwendung \u00fcberpr\u00fcfen.<\/p>\n<p>Wenn ein Fehler oder ein Problem auftritt, informieren Sie uns bitte sofort, und wir senden eine neue Sendung.<\/p>\n<p>Wenn Sie eine R\u00fcckgabe vornehmen m\u00f6chten, m\u00fcssen Sie uns benachrichtigen, Sie haben 15 Tage Zeit, das Produkt in der Originalverpackung unter \u00dcbernahme der Versandkosten zur\u00fcckzusenden.<\/p>\n\t\t\t\t\t\t\t\t<\/div>\n\t\t\t\t<\/div>\n\t\t\t\t\t<\/div>\n\t\t<\/div>\n\t\t\t\t\t<\/div>\n\t\t<\/section>\n\t\t\t\t\t<\/div>\n\t\t<\/div>\n\t\t\t\t\t<\/div>\n\t\t<\/section>\n\t\t\t\t\t<\/div>\n\t\t<\/div>\n\t\t\t\t\t<\/div>\n\t\t<\/section>\n\t\t\t\t<\/div>\n\t\t","protected":false},"excerpt":{"rendered":"<p>Treurer nativen oliven\u00f6l extra online kaufen Oli Novell ist das \u00d6l der zuerst gelesenen Oliven, die Anfang Oktober geerntet werden. Die Oliven werden zum Zeitpunkt ihrer optimalen Reifung gepfl\u00fcckt, kurz bevor sie ausgereift sind. Die Farbe des \u00d6ls ist kr\u00e4ftiger, sein Geschmack intensiver und seine Textur geschmeidiger. Es ist viel aromatischer und enth\u00e4lt eine F\u00fclle [&hellip;]<\/p>\n","protected":false},"author":3,"featured_media":0,"parent":0,"menu_order":0,"comment_status":"closed","ping_status":"closed","template":"elementor_header_footer","meta":{"_acf_changed":false,"content-type":"","_joinchat":[],"footnotes":""},"class_list":["post-11592","page","type-page","status-publish","hentry"],"acf":[],"_links":{"self":[{"href":"https:\/\/treurer.com\/de\/wp-json\/wp\/v2\/pages\/11592","targetHints":{"allow":["GET"]}}],"collection":[{"href":"https:\/\/treurer.com\/de\/wp-json\/wp\/v2\/pages"}],"about":[{"href":"https:\/\/treurer.com\/de\/wp-json\/wp\/v2\/types\/page"}],"author":[{"embeddable":true,"href":"https:\/\/treurer.com\/de\/wp-json\/wp\/v2\/users\/3"}],"replies":[{"embeddable":true,"href":"https:\/\/treurer.com\/de\/wp-json\/wp\/v2\/comments?post=11592"}],"version-history":[{"count":22,"href":"https:\/\/treurer.com\/de\/wp-json\/wp\/v2\/pages\/11592\/revisions"}],"predecessor-version":[{"id":41966,"href":"https:\/\/treurer.com\/de\/wp-json\/wp\/v2\/pages\/11592\/revisions\/41966"}],"wp:attachment":[{"href":"https:\/\/treurer.com\/de\/wp-json\/wp\/v2\/media?parent=11592"}],"curies":[{"name":"wp","href":"https:\/\/api.w.org\/{rel}","templated":true}]}}