{"id":9987,"date":"2021-07-01T13:32:18","date_gmt":"2021-07-01T13:32:18","guid":{"rendered":"https:\/\/www.treurer.com\/?post_type=product&#038;p=9987"},"modified":"2026-03-07T13:12:21","modified_gmt":"2026-03-07T12:12:21","slug":"excursion-visita-finca-mallorca","status":"publish","type":"product","link":"https:\/\/treurer.com\/ca\/producto\/excursion-visita-finca-mallorca\/","title":{"rendered":"Visita programada a la finca"},"content":{"rendered":"<h3>\u00bfQuieres visitar nuestra finca?<\/h3>\n<p>La visita a nuestra finca es una actividad que <strong>combina la diversi\u00f3n y el aprendizaje ser\u00e1 perfecta para sorprenderte<\/strong> y dejar un recuerdo imborrable de tu visita a la isla. Un recuerdo de una actividad que enriquece tu bagaje cultural y que tiene una <strong>aplicaci\u00f3n pr\u00e1ctica en la vida diaria<\/strong>, por lo que se prolongar\u00e1 mucho m\u00e1s all\u00e1 a tu vuelta.<\/p>\n<h3>\u00bfDe qu\u00e9 consta una visita a nuestras instalaciones?<\/h3>\n<p>Conocer el olivar, su flora y fauna, pasear entre olivos<br \/>\nAprender cu\u00e1les son los procesos de producci\u00f3n del aceite<br \/>\nReconocer un aceite de oliva virgen extra<br \/>\nDegustar la cocina mallorquina ligada al aceite<br \/>\nConocer las tradiciones mallorquinas de la payes\u00eda<br \/>\nConocer a la familia productora<br \/>\nVisitar la Mallorca interior<\/p>\n<h3>\u00bfCu\u00e1nto dura la visita?<\/h3>\n<p>Entre <strong>1,5 y 2 horas<\/strong><\/p>\n<h3>\u00bfCu\u00e1ndo se puede visitar la finca?<\/h3>\n<p>De lunes a\u00a0 s\u00e1bado a las 11.00h.<strong>\u00a0&#8211; <span style=\"text-decoration: underline;\">Inscripci\u00f3n necesaria<\/span>.<\/strong><\/p>\n<h3>\u00bfEn qu\u00e9 idiomas se realiza la visita?<\/h3>\n<p>En <strong>castellano, catal\u00e1n, ingl\u00e9s y alem\u00e1n a elecci\u00f3n de los visitantes<\/strong>. Se podr\u00e1 realizar en varios idiomas al mismo tiempo si coinciden personas de diversa procedencia.<\/p>\n<h3>\u00bfPara qui\u00e9n est\u00e1 indicada la visita?<\/h3>\n<p>El oleoturismo est\u00e1 especialmente indicado para personas interesadas en la <strong>dieta mediterr\u00e1nea<\/strong>, en el <strong>mundo del aceite<\/strong> y, en general, en la historia y en los <strong>productos de la tierra de Mallorca<\/strong>.<\/p>\n<h3>Otros temas<\/h3>\n<p><strong>Parking disponible<\/strong> en la propia finca.<\/p>\n<p>La visita no est\u00e1 indicada para personas con <strong>problemas de movilidad reducida<\/strong> debido a lo irregular del terreno y los desniveles existentes.<\/p>\n<p>Si tienes alg\u00fan <strong>requerimiento alimentario especial<\/strong> (por ejemplo, vegetarianismo, alergias o intolerancias), por favor av\u00edsanos con antelaci\u00f3n para poder adaptarnos y que tu snack sea adecuado para ti.<\/p>\n<h3><strong>Pol\u00edtica de cambios y anulaci\u00f3n \u2014 Visita guiada<\/strong><\/h3>\n<p><strong>Reservas y confirmaci\u00f3n<\/strong><br \/>\nLa reserva de la visita guiada quedar\u00e1 confirmada al completarse el proceso de compra a trav\u00e9s de cualquiera de las plataformas de venta autorizadas o directamente con el organizador.<\/p>\n<p><strong>Cambios de fecha u horario por parte del cliente<\/strong><\/p>\n<ul>\n<li>Los cambios de fecha pueden solicitarse hasta 24 horas antes del inicio de la visita, sin coste adicional.<\/li>\n<li>Las modificaciones estar\u00e1n siempre sujetas a disponibilidad, pero el organizador har\u00e1 todo lo posible por ofrecer una nueva fecha que se ajuste a las necesidades del cliente.<\/li>\n<li>Si no se puede asistir en la nueva fecha propuesta, se aplicar\u00e1n las condiciones de cancelaci\u00f3n correspondientes.<\/li>\n<\/ul>\n<p><strong>Cancelaciones por parte del cliente<\/strong><\/p>\n<ul>\n<li>Cancelaciones con m\u00e1s de 24 horas de antelaci\u00f3n: reembolso total del importe pagado.<\/li>\n<li>Cancelaciones con menos de 24 horas de antelaci\u00f3n o no presentaci\u00f3n (no-show): no se efectuar\u00e1 reembolso.<\/li>\n<\/ul>\n<p><strong>Cancelaciones o modificaciones por parte del organizador<\/strong><br \/>\nEn caso de causas de fuerza mayor, condiciones meteorol\u00f3gicas adversas o imprevistos que impidan la realizaci\u00f3n de la actividad, el organizador ofrecer\u00e1:<\/p>\n<ul>\n<li>una nueva fecha alternativa, o<\/li>\n<li>el reembolso completo del importe abonado.<\/li>\n<\/ul>\n<p><strong>Reembolsos<\/strong><br \/>\nLos reembolsos, cuando procedan, se efectuar\u00e1n en un plazo m\u00e1ximo de 7 d\u00edas h\u00e1biles, utilizando el mismo m\u00e9todo de pago empleado en la reserva.<\/p>\n<h3>\u00bfAlguna pregunta? H\u00e1znoslo saber.<\/h3>\n<p>&nbsp;<\/p>\n\n\t\t\t\t\t\t<script>\n\t\t\t\t\t\t\twindow.hsFormsOnReady = window.hsFormsOnReady || [];\n\t\t\t\t\t\t\twindow.hsFormsOnReady.push(()=>{\n\t\t\t\t\t\t\t\thbspt.forms.create({\n\t\t\t\t\t\t\t\t\tportalId: 7873078,\n\t\t\t\t\t\t\t\t\tformId: \"0e282d99-d192-46df-84a6-b338b409a49f\",\n\t\t\t\t\t\t\t\t\ttarget: \"#hbspt-form-1776021021000-9513807741\",\n\t\t\t\t\t\t\t\t\tregion: \"na1\",\n\t\t\t\t\t\t\t\t\t\n\t\t\t\t\t\t\t})});\n\t\t\t\t\t\t<\/script>\n\t\t\t\t\t\t<div class=\"hbspt-form\" id=\"hbspt-form-1776021021000-9513807741\"><\/div>\n<p>&nbsp;<\/p>\n","protected":false},"excerpt":{"rendered":"<p>Visita a la finca &#8216;Treurer&#8217; de una <strong>duraci\u00f3n entre 1,5 y 2 horas<\/strong>, incluyendo una <strong>degustaci\u00f3n de un aperitivo mallorqu\u00edn<\/strong> ligado al aceite de oliva. El recorrido se puede realizar en <strong>espa\u00f1ol, catal\u00e1n, ingl\u00e9s y alem\u00e1n.<\/strong><\/p>\n<p>El coste de la visita es de 49,5\u20ac por adulto y 23,70\u20ac por ni\u00f1o de entre 6 y 14 a\u00f1os. La entrada es gratuita para ni\u00f1os menores de 6 a\u00f1os.<\/p>\n<div><!-- FareHarbor calendar of item #709225 --><br \/>\n<script src=\"https:\/\/fareharbor.com\/embeds\/script\/calendar-small\/treurer\/items\/709225\/?fallback=simple&#038;full-items=yes&#038;flow=1579301\"><\/script><\/div>\n","protected":false},"featured_media":18019,"comment_status":"closed","ping_status":"closed","template":"","meta":{"_acf_changed":false,"content-type":"","_joinchat":[]},"product_brand":[],"product_cat":[205,218],"product_tag":[],"class_list":{"0":"post-9987","1":"product","2":"type-product","3":"status-publish","4":"has-post-thumbnail","6":"product_cat-oleoturismo","7":"product_cat-visita-programada","9":"first","10":"outofstock","11":"virtual","12":"taxable","13":"product-type-simple"},"acf":[],"_links":{"self":[{"href":"https:\/\/treurer.com\/ca\/wp-json\/wp\/v2\/product\/9987","targetHints":{"allow":["GET"]}}],"collection":[{"href":"https:\/\/treurer.com\/ca\/wp-json\/wp\/v2\/product"}],"about":[{"href":"https:\/\/treurer.com\/ca\/wp-json\/wp\/v2\/types\/product"}],"replies":[{"embeddable":true,"href":"https:\/\/treurer.com\/ca\/wp-json\/wp\/v2\/comments?post=9987"}],"version-history":[{"count":17,"href":"https:\/\/treurer.com\/ca\/wp-json\/wp\/v2\/product\/9987\/revisions"}],"predecessor-version":[{"id":43828,"href":"https:\/\/treurer.com\/ca\/wp-json\/wp\/v2\/product\/9987\/revisions\/43828"}],"wp:featuredmedia":[{"embeddable":true,"href":"https:\/\/treurer.com\/ca\/wp-json\/wp\/v2\/media\/18019"}],"wp:attachment":[{"href":"https:\/\/treurer.com\/ca\/wp-json\/wp\/v2\/media?parent=9987"}],"wp:term":[{"taxonomy":"product_brand","embeddable":true,"href":"https:\/\/treurer.com\/ca\/wp-json\/wp\/v2\/product_brand?post=9987"},{"taxonomy":"product_cat","embeddable":true,"href":"https:\/\/treurer.com\/ca\/wp-json\/wp\/v2\/product_cat?post=9987"},{"taxonomy":"product_tag","embeddable":true,"href":"https:\/\/treurer.com\/ca\/wp-json\/wp\/v2\/product_tag?post=9987"}],"curies":[{"name":"wp","href":"https:\/\/api.w.org\/{rel}","templated":true}]}}