{"id":39034,"date":"2025-01-22T11:46:12","date_gmt":"2025-01-22T10:46:12","guid":{"rendered":"https:\/\/treurer.com\/?post_type=product&#038;p=39034"},"modified":"2026-02-16T12:39:30","modified_gmt":"2026-02-16T11:39:30","slug":"superoil-nutritive-oill-100-ml","status":"publish","type":"product","link":"https:\/\/treurer.com\/ca\/producto\/superoil-nutritive-oill-100-ml\/","title":{"rendered":"SuperOil. Nutritive Oil."},"content":{"rendered":"<p>SuperOil. Aceite nutritivo con Aceite de Oliva, Rosa Mosqueta y semilla de Uva que ayudan a tratar estr\u00edas, cicatrices, marcas en la piel y deshidrataci\u00f3n. Este aceite aporta los nutrientes necesarios para que la piel est\u00e9 nutrida e hidratada y pueda estirarse sin da\u00f1ar su estructura.<\/p>\n<p><strong>99,8% ingredientes naturales y Vegano<\/strong><\/p>\n<p><strong><span style=\"color: #ff0000;\">Producto agotado<\/span><\/strong><\/p>\n","protected":false},"excerpt":{"rendered":"<p>Aceite nutritivo con Aceite de Oliva, Rosa Mosqueta y semilla de Uva que ayudan a tratar estr\u00edas, cicatrices, marcas en la piel y deshidrataci\u00f3n.<\/p>\n<p><strong><span style=\"color: #ff0000;\">Producto agotado<\/span><\/strong><\/p>\n","protected":false},"featured_media":38909,"comment_status":"closed","ping_status":"closed","template":"","meta":{"_acf_changed":false,"content-type":"","_joinchat":[]},"product_brand":[],"product_cat":[243],"product_tag":[],"class_list":{"0":"post-39034","1":"product","2":"type-product","3":"status-publish","4":"has-post-thumbnail","6":"product_cat-cosmetica-natural","7":"product_shipping_class-internacional","9":"first","10":"outofstock","11":"taxable","12":"shipping-taxable","13":"purchasable","14":"product-type-simple"},"acf":[],"_links":{"self":[{"href":"https:\/\/treurer.com\/ca\/wp-json\/wp\/v2\/product\/39034","targetHints":{"allow":["GET"]}}],"collection":[{"href":"https:\/\/treurer.com\/ca\/wp-json\/wp\/v2\/product"}],"about":[{"href":"https:\/\/treurer.com\/ca\/wp-json\/wp\/v2\/types\/product"}],"replies":[{"embeddable":true,"href":"https:\/\/treurer.com\/ca\/wp-json\/wp\/v2\/comments?post=39034"}],"version-history":[{"count":15,"href":"https:\/\/treurer.com\/ca\/wp-json\/wp\/v2\/product\/39034\/revisions"}],"predecessor-version":[{"id":43574,"href":"https:\/\/treurer.com\/ca\/wp-json\/wp\/v2\/product\/39034\/revisions\/43574"}],"wp:featuredmedia":[{"embeddable":true,"href":"https:\/\/treurer.com\/ca\/wp-json\/wp\/v2\/media\/38909"}],"wp:attachment":[{"href":"https:\/\/treurer.com\/ca\/wp-json\/wp\/v2\/media?parent=39034"}],"wp:term":[{"taxonomy":"product_brand","embeddable":true,"href":"https:\/\/treurer.com\/ca\/wp-json\/wp\/v2\/product_brand?post=39034"},{"taxonomy":"product_cat","embeddable":true,"href":"https:\/\/treurer.com\/ca\/wp-json\/wp\/v2\/product_cat?post=39034"},{"taxonomy":"product_tag","embeddable":true,"href":"https:\/\/treurer.com\/ca\/wp-json\/wp\/v2\/product_tag?post=39034"}],"curies":[{"name":"wp","href":"https:\/\/api.w.org\/{rel}","templated":true}]}}