{"id":39013,"date":"2025-01-15T12:23:54","date_gmt":"2025-01-15T11:23:54","guid":{"rendered":"https:\/\/treurer.com\/?post_type=product&#038;p=39013"},"modified":"2026-02-24T12:09:48","modified_gmt":"2026-02-24T11:09:48","slug":"body-milk-aceite-de-oliva","status":"publish","type":"product","link":"https:\/\/treurer.com\/ca\/producto\/body-milk-aceite-de-oliva\/","title":{"rendered":"Olive Milk. Body Milk"},"content":{"rendered":"<p>Olive Milk. Leche hidratante con aceite de oliva y prebi\u00f3ticos. Sus propiedades humectantes y nutritivas hidratan la piel del rostro y cuerpo. Los prebi\u00f3ticos favorecen el crecimiento de microorganismos beneficiosos, reduciendo la posibilidad de proliferaci\u00f3n de bacterias da\u00f1inas o pat\u00f3genas.<\/p>\n<p><strong>96% ingredientes naturales y Vegano<br \/>\n<span style=\"color: #ff0000;\">Producto agotado<\/span><br \/>\n<\/strong><\/p>\n","protected":false},"excerpt":{"rendered":"<p>Leche hidratante con aceite de oliva y prebi\u00f3ticos. Sus propiedades humectantes y nutritivas hidratan la piel del rostro y cuerpo.<\/p>\n<p><strong><span style=\"color: #ff0000;\">Producto agotado<\/span><\/strong><\/p>\n","protected":false},"featured_media":38857,"comment_status":"closed","ping_status":"closed","template":"","meta":{"_acf_changed":false,"content-type":"","_joinchat":[]},"product_brand":[],"product_cat":[243],"product_tag":[],"class_list":{"0":"post-39013","1":"product","2":"type-product","3":"status-publish","4":"has-post-thumbnail","6":"product_cat-cosmetica-natural","7":"product_shipping_class-internacional","9":"first","10":"outofstock","11":"taxable","12":"shipping-taxable","13":"purchasable","14":"product-type-simple"},"acf":[],"_links":{"self":[{"href":"https:\/\/treurer.com\/ca\/wp-json\/wp\/v2\/product\/39013","targetHints":{"allow":["GET"]}}],"collection":[{"href":"https:\/\/treurer.com\/ca\/wp-json\/wp\/v2\/product"}],"about":[{"href":"https:\/\/treurer.com\/ca\/wp-json\/wp\/v2\/types\/product"}],"replies":[{"embeddable":true,"href":"https:\/\/treurer.com\/ca\/wp-json\/wp\/v2\/comments?post=39013"}],"version-history":[{"count":11,"href":"https:\/\/treurer.com\/ca\/wp-json\/wp\/v2\/product\/39013\/revisions"}],"predecessor-version":[{"id":43618,"href":"https:\/\/treurer.com\/ca\/wp-json\/wp\/v2\/product\/39013\/revisions\/43618"}],"wp:featuredmedia":[{"embeddable":true,"href":"https:\/\/treurer.com\/ca\/wp-json\/wp\/v2\/media\/38857"}],"wp:attachment":[{"href":"https:\/\/treurer.com\/ca\/wp-json\/wp\/v2\/media?parent=39013"}],"wp:term":[{"taxonomy":"product_brand","embeddable":true,"href":"https:\/\/treurer.com\/ca\/wp-json\/wp\/v2\/product_brand?post=39013"},{"taxonomy":"product_cat","embeddable":true,"href":"https:\/\/treurer.com\/ca\/wp-json\/wp\/v2\/product_cat?post=39013"},{"taxonomy":"product_tag","embeddable":true,"href":"https:\/\/treurer.com\/ca\/wp-json\/wp\/v2\/product_tag?post=39013"}],"curies":[{"name":"wp","href":"https:\/\/api.w.org\/{rel}","templated":true}]}}