{"id":39010,"date":"2025-01-15T12:19:12","date_gmt":"2025-01-15T11:19:12","guid":{"rendered":"https:\/\/treurer.com\/?post_type=product&#038;p=39010"},"modified":"2025-02-12T13:39:12","modified_gmt":"2025-02-12T12:39:12","slug":"acondicionadoraceite-de-oliva-300-ml","status":"publish","type":"product","link":"https:\/\/treurer.com\/ca\/producto\/acondicionadoraceite-de-oliva-300-ml\/","title":{"rendered":"Soft &#038; Shiny. Hair Conditioner"},"content":{"rendered":"<p>Soft &amp; Shiny. Acondicionador centrado en evitar el da\u00f1o mec\u00e1nico en el cabello. Su principal funci\u00f3n es desenredar, pero los aceites de oliva, aguacate, jojoba y andiroba aportan un brillo natural al cabello.<\/p>\n<p><strong>98% ingredientes naturales y Vegano<\/strong><\/p>\n","protected":false},"excerpt":{"rendered":"<p>Acondicionador centrado en evitar el da\u00f1o mec\u00e1nico en el cabello. Su principal funci\u00f3n es desenredar, pero los aceites de oliva, aguacate, jojoba y andiroba aportan un brillo natural al cabello.<\/p>\n","protected":false},"featured_media":38869,"comment_status":"closed","ping_status":"closed","template":"","meta":{"_acf_changed":false,"content-type":"","_joinchat":[]},"product_brand":[],"product_cat":[243],"product_tag":[],"class_list":{"0":"post-39010","1":"product","2":"type-product","3":"status-publish","4":"has-post-thumbnail","6":"product_cat-cosmetica-natural","7":"product_shipping_class-internacional","9":"first","10":"instock","11":"taxable","12":"shipping-taxable","13":"purchasable","14":"product-type-simple"},"acf":[],"_links":{"self":[{"href":"https:\/\/treurer.com\/ca\/wp-json\/wp\/v2\/product\/39010","targetHints":{"allow":["GET"]}}],"collection":[{"href":"https:\/\/treurer.com\/ca\/wp-json\/wp\/v2\/product"}],"about":[{"href":"https:\/\/treurer.com\/ca\/wp-json\/wp\/v2\/types\/product"}],"replies":[{"embeddable":true,"href":"https:\/\/treurer.com\/ca\/wp-json\/wp\/v2\/comments?post=39010"}],"version-history":[{"count":5,"href":"https:\/\/treurer.com\/ca\/wp-json\/wp\/v2\/product\/39010\/revisions"}],"predecessor-version":[{"id":39352,"href":"https:\/\/treurer.com\/ca\/wp-json\/wp\/v2\/product\/39010\/revisions\/39352"}],"wp:featuredmedia":[{"embeddable":true,"href":"https:\/\/treurer.com\/ca\/wp-json\/wp\/v2\/media\/38869"}],"wp:attachment":[{"href":"https:\/\/treurer.com\/ca\/wp-json\/wp\/v2\/media?parent=39010"}],"wp:term":[{"taxonomy":"product_brand","embeddable":true,"href":"https:\/\/treurer.com\/ca\/wp-json\/wp\/v2\/product_brand?post=39010"},{"taxonomy":"product_cat","embeddable":true,"href":"https:\/\/treurer.com\/ca\/wp-json\/wp\/v2\/product_cat?post=39010"},{"taxonomy":"product_tag","embeddable":true,"href":"https:\/\/treurer.com\/ca\/wp-json\/wp\/v2\/product_tag?post=39010"}],"curies":[{"name":"wp","href":"https:\/\/api.w.org\/{rel}","templated":true}]}}