{"id":34183,"date":"2024-05-25T20:00:44","date_gmt":"2024-05-25T18:00:44","guid":{"rendered":"https:\/\/treurer.com\/?post_type=product&#038;p=34183"},"modified":"2025-12-01T09:52:29","modified_gmt":"2025-12-01T08:52:29","slug":"suscripcion-caja-de-6-botellas-de-aove-arbequina-500-ml","status":"publish","type":"product","link":"https:\/\/treurer.com\/ca\/producto\/suscripcion-caja-de-6-botellas-de-aove-arbequina-500-ml\/","title":{"rendered":"Suscripci\u00f3n cuatrimestral &#8211; Caja de 6 botellas de AOVE Arbequina 500 ml."},"content":{"rendered":"<p>Cosechamos a principios de octubre en el momento \u00f3ptimo de maduraci\u00f3n, cuando las aceitunas son todav\u00eda verdes, lo que hace que el rendimiento m\u00e1ximo en aceite sea de 15 litros por 100 kilos de aceituna, pero de una calidad extraordinaria.<\/p>\n<p>Utilizamos t\u00e9cnicas de cosecha de gesti\u00f3n sostenible y respetuosa con la naturaleza.<\/p>\n<p>Nuestro aceite se obtiene por procedimientos meramente mec\u00e1nicos y con un control exhaustivo de la temperatura.<\/p>\n<p>Utilizamos tanques de acero inoxidable para preservar el aceite de la luz y del ox\u00edgeno, por lo que los tanques son rellenados con nitr\u00f3geno alimentario.<\/p>\n<p>Mantenemos una temperatura de almacenaje constante durante todo el a\u00f1o de unos 15\u00ba C y controlamos la humedad.<\/p>\n<p>Todas nuestras botellas tienen filtro UV y tap\u00f3n irrellenable y sistema antigoteo.<\/p>\n","protected":false},"excerpt":{"rendered":"<p>Aceite de finca, de oliva virgen extra, elaborado 100% con la variedad Arbequina, \u00fanica y exclusivamente con aceitunas de nuestra propia finca.<\/p>\n","protected":false},"featured_media":3835,"comment_status":"closed","ping_status":"closed","template":"","meta":{"_acf_changed":false,"content-type":"","_joinchat":[]},"product_brand":[],"product_cat":[627],"product_tag":[],"class_list":{"0":"post-34183","1":"product","2":"type-product","3":"status-publish","4":"has-post-thumbnail","6":"product_cat-suscripciones","7":"product_shipping_class-suscripciones","9":"first","10":"instock","11":"virtual","12":"purchasable","13":"product-type-subscription"},"acf":[],"_links":{"self":[{"href":"https:\/\/treurer.com\/ca\/wp-json\/wp\/v2\/product\/34183","targetHints":{"allow":["GET"]}}],"collection":[{"href":"https:\/\/treurer.com\/ca\/wp-json\/wp\/v2\/product"}],"about":[{"href":"https:\/\/treurer.com\/ca\/wp-json\/wp\/v2\/types\/product"}],"replies":[{"embeddable":true,"href":"https:\/\/treurer.com\/ca\/wp-json\/wp\/v2\/comments?post=34183"}],"version-history":[{"count":5,"href":"https:\/\/treurer.com\/ca\/wp-json\/wp\/v2\/product\/34183\/revisions"}],"predecessor-version":[{"id":34962,"href":"https:\/\/treurer.com\/ca\/wp-json\/wp\/v2\/product\/34183\/revisions\/34962"}],"wp:featuredmedia":[{"embeddable":true,"href":"https:\/\/treurer.com\/ca\/wp-json\/wp\/v2\/media\/3835"}],"wp:attachment":[{"href":"https:\/\/treurer.com\/ca\/wp-json\/wp\/v2\/media?parent=34183"}],"wp:term":[{"taxonomy":"product_brand","embeddable":true,"href":"https:\/\/treurer.com\/ca\/wp-json\/wp\/v2\/product_brand?post=34183"},{"taxonomy":"product_cat","embeddable":true,"href":"https:\/\/treurer.com\/ca\/wp-json\/wp\/v2\/product_cat?post=34183"},{"taxonomy":"product_tag","embeddable":true,"href":"https:\/\/treurer.com\/ca\/wp-json\/wp\/v2\/product_tag?post=34183"}],"curies":[{"name":"wp","href":"https:\/\/api.w.org\/{rel}","templated":true}]}}