{"id":27353,"date":"2023-06-27T17:04:58","date_gmt":"2023-06-27T15:04:58","guid":{"rendered":"https:\/\/www.treurer.com\/?post_type=product&#038;p=27353"},"modified":"2026-03-07T13:25:17","modified_gmt":"2026-03-07T12:25:17","slug":"noche-barbacoa-mediterranea","status":"publish","type":"product","link":"https:\/\/treurer.com\/ca\/producto\/noche-barbacoa-mediterranea\/","title":{"rendered":"Noche de barbacoa mediterr\u00e1nea Treurer"},"content":{"rendered":"<p>La &#8220;Noche de barbacoa mediterr\u00e1nea&#8221; en la Finca Treurer es una experiencia que reinventa la tradici\u00f3n. Comienza con un paseo por el majestuoso olivar de la finca. Aqu\u00ed, en un paisaje donde el verde de los olivos se entrelaza con el azul del cielo, se invita a los visitantes a sumergirse en la cultura de la isla y su amor por la tierra.<\/p>\n<p>Guiado por un experto de la familia Miralles, <strong>podr\u00e1s aprender sobre el meticuloso cuidado de los olivos, la recolecci\u00f3n de las aceitunas y el proceso de elaboraci\u00f3n del codiciado aceite de oliva virgen extra,<\/strong> un producto que es el resultado de siglos de tradici\u00f3n y conocimiento.<\/p>\n<p>La verdadera estrella de la noche es la barbacoa. Si est\u00e1s pensando en una barbacoa tradicional, prep\u00e1rate para cambiar de idea. Nuestro Chef Jos\u00e9 Cort\u00e9s <strong>transforma una tradicional barbacoa en una experiencia gastron\u00f3mica sin igual<\/strong>. Cada plato es una sinfon\u00eda de sabores que elevan los productos locales a nuevas alturas, siempre con el toque delicado y sabroso del aceite de oliva virgen extra de Treurer.<\/p>\n<p>La &#8220;Noche de barbacoa mediterr\u00e1nea&#8221; no es solo una cena, es un viaje culinario, una innovadora reinterpretaci\u00f3n de la barbacoa y un homenaje a la tradici\u00f3n mallorquina.<\/p>\n<div class=\"fhCalendar1\">\n<!-- FareHarbor calendar of item #709278 --><br \/>\n<script src=\"https:\/\/fareharbor.com\/embeds\/script\/calendar-small\/treurer\/items\/709278\/?fallback=simple&#038;full-items=yes&#038;flow=1579301\"><\/script>\n<\/div>\n<p><script>  \n  jQuery(document).ready(function($){\nvar fhCalendar1 = $('.fhCalendar1');\n$('body > div.elementor.elementor-27261.elementor-location-single.post-27353.product.type-product.status-publish.has-post-thumbnail.product_cat-experiencia-gastronomica.first.instock.virtual.sold-individually.taxable.purchasable.product-type-booking.product > section.elementor-section.elementor-top-section.elementor-element.elementor-element-55dab4e.elementor-section-boxed.elementor-section-height-default.elementor-section-height-default > div > div > div > section.elementor-section.elementor-inner-section.elementor-element.elementor-element-9667657.elementor-section-full_width.elementor-section-content-top.elementor-section-height-default.elementor-section-height-default > div > div.elementor-column.elementor-col-50.elementor-inner-column.elementor-element.elementor-element-d3171b5 > div > div.elementor-element.elementor-element-b37302e.elementor-widget.elementor-widget-heading > div').replaceWith(fhCalendar1);\n  });\n<\/script><\/p>\n","protected":false},"excerpt":{"rendered":"<p>Nuestro Chef Jos\u00e9 Cort\u00e9s <strong>transforma una tradicional barbacoa en una experiencia gastron\u00f3mica sin igual<\/strong>. Cada plato es una sinfon\u00eda de sabores que elevan los productos locales a nuevas alturas, s<strong>iempre con el toque delicado y sabroso del aceite de oliva virgen extra de Treurer.<\/strong><\/p>\n","protected":false},"featured_media":27302,"comment_status":"closed","ping_status":"closed","template":"","meta":{"_acf_changed":false,"content-type":"","_joinchat":[]},"product_brand":[],"product_cat":[311],"product_tag":[],"class_list":{"0":"post-27353","1":"product","2":"type-product","3":"status-publish","4":"has-post-thumbnail","6":"product_cat-experiencia-gastronomica","8":"first","9":"outofstock","10":"virtual","11":"taxable","12":"product-type-simple"},"acf":[],"_links":{"self":[{"href":"https:\/\/treurer.com\/ca\/wp-json\/wp\/v2\/product\/27353","targetHints":{"allow":["GET"]}}],"collection":[{"href":"https:\/\/treurer.com\/ca\/wp-json\/wp\/v2\/product"}],"about":[{"href":"https:\/\/treurer.com\/ca\/wp-json\/wp\/v2\/types\/product"}],"replies":[{"embeddable":true,"href":"https:\/\/treurer.com\/ca\/wp-json\/wp\/v2\/comments?post=27353"}],"version-history":[{"count":19,"href":"https:\/\/treurer.com\/ca\/wp-json\/wp\/v2\/product\/27353\/revisions"}],"predecessor-version":[{"id":43776,"href":"https:\/\/treurer.com\/ca\/wp-json\/wp\/v2\/product\/27353\/revisions\/43776"}],"wp:featuredmedia":[{"embeddable":true,"href":"https:\/\/treurer.com\/ca\/wp-json\/wp\/v2\/media\/27302"}],"wp:attachment":[{"href":"https:\/\/treurer.com\/ca\/wp-json\/wp\/v2\/media?parent=27353"}],"wp:term":[{"taxonomy":"product_brand","embeddable":true,"href":"https:\/\/treurer.com\/ca\/wp-json\/wp\/v2\/product_brand?post=27353"},{"taxonomy":"product_cat","embeddable":true,"href":"https:\/\/treurer.com\/ca\/wp-json\/wp\/v2\/product_cat?post=27353"},{"taxonomy":"product_tag","embeddable":true,"href":"https:\/\/treurer.com\/ca\/wp-json\/wp\/v2\/product_tag?post=27353"}],"curies":[{"name":"wp","href":"https:\/\/api.w.org\/{rel}","templated":true}]}}