{"id":27256,"date":"2023-06-27T10:30:14","date_gmt":"2023-06-27T08:30:14","guid":{"rendered":"https:\/\/www.treurer.com\/?post_type=product&#038;p=27256"},"modified":"2026-03-07T13:25:08","modified_gmt":"2026-03-07T12:25:08","slug":"la-nit-de-loli-de-treurer","status":"publish","type":"product","link":"https:\/\/treurer.com\/ca\/producto\/la-nit-de-loli-de-treurer\/","title":{"rendered":"La Nit de L\u00b4Oli de Treurer"},"content":{"rendered":"<p>La cena de los s\u00e1bados en la Finca Treurer es una celebraci\u00f3n de los sabores y aromas \u00fanicos de nuestro aceite de oliva virgen extra. La experiencia comienza con la puesta del sol llenando el cielo de colores vibrantes y las luces de la finca comenzando a brillar.<\/p>\n<p><strong>La velada se inicia con una visita guiada a nuestra almazara<\/strong>. Este recorrido permite a los visitantes sumergirse en la esencia del arte de la producci\u00f3n de aceite de oliva. Con un miembro de la familia Treurer como gu\u00eda, los asistentes podr\u00e1n descubrir c\u00f3mo transformamos las aceitunas reci\u00e9n recolectadas en el preciado l\u00edquido dorado, conocido como aceite de oliva virgen extra.<\/p>\n<p>Tras la visita, los invitados son conducidos a la terraza del agroturismo. Un espacio al aire libre, donde la vista panor\u00e1mica del valle de Randa y la monta\u00f1a de Cura configuran un escenario de ensue\u00f1o. Las luces se aten\u00faan, las velas parpadean. Es el momento de dar comienzo a la cena.<\/p>\n<p>A continuaci\u00f3n, nuestro chef, Jos\u00e9 Cort\u00e9s, invita a los comensales a disfrutar de un men\u00fa gourmet, elaborado con esmero y cari\u00f1o, <strong>utilizando nuestro preciado aceite de oliva virgen extra como ingrediente estrella<\/strong>. Cada plato es una obra de arte culinaria, una fusi\u00f3n de la tradici\u00f3n mallorquina y la innovaci\u00f3n, dise\u00f1ada para deleitar el paladar.<\/p>\n<p>La noche se despliega en un ambiente relajado y amigable, donde los comensales pueden deleitarse con cada bocado, disfrutar de la compa\u00f1\u00eda y contemplar la belleza de los alrededores. La iluminaci\u00f3n suave y las vistas impresionantes crean un ambiente m\u00e1gico, ideal para relajarse y disfrutar de la experiencia al m\u00e1ximo.<\/p>\n<p>Esta inolvidable experiencia gastron\u00f3mica, es una inversi\u00f3n en placer, una oportunidad para degustar lo mejor de la isla, explorar su cultura y deleitarse con la riqueza de su patrimonio culinario. Ven a Treurer y descubre por ti mismo lo que hace que nuestros s\u00e1bados sean tan especiales.<\/p>\n<div class=\"fhCalendar1\"><!-- FareHarbor calendar of item #709278 --><br \/>\n<script src=\"https:\/\/fareharbor.com\/embeds\/script\/calendar-small\/treurer\/items\/709278\/?fallback=simple&#038;full-items=yes&#038;flow=1579301\"><\/script><\/div>\n<p><script>  \n  jQuery(document).ready(function($){\nvar fhCalendar1 = $('.fhCalendar1');\n$('body > div.elementor.elementor-27261.elementor-location-single.post-27256.product.type-product.status-publish.has-post-thumbnail.product_cat-experiencia-gastronomica.product_tag-promocionable.first.instock.virtual.sold-individually.taxable.purchasable.product-type-booking.product > section.elementor-section.elementor-top-section.elementor-element.elementor-element-55dab4e.elementor-section-boxed.elementor-section-height-default.elementor-section-height-default > div > div > div > section.elementor-section.elementor-inner-section.elementor-element.elementor-element-9667657.elementor-section-full_width.elementor-section-content-top.elementor-section-height-default.elementor-section-height-default > div > div.elementor-column.elementor-col-50.elementor-inner-column.elementor-element.elementor-element-d3171b5 > div > div.elementor-element.elementor-element-b37302e.elementor-widget.elementor-widget-heading > div').replaceWith(fhCalendar1);\n  });\n<\/script><\/p>\n","protected":false},"excerpt":{"rendered":"<p>Nuestro chef privado, Jos\u00e9 Cort\u00e9s, invita a los comensales a disfrutar de un men\u00fa gourmet, elaborado con esmero y cari\u00f1o, <strong>utilizando nuestro preciado aceite de oliva virgen extra como ingrediente estrella<\/strong>. Cada plato es una obra de arte culinaria, una fusi\u00f3n de la tradici\u00f3n mallorquina y la innovaci\u00f3n, dise\u00f1ada para deleitar el paladar.<\/p>\n","protected":false},"featured_media":27232,"comment_status":"closed","ping_status":"closed","template":"","meta":{"_acf_changed":false,"content-type":"","_joinchat":[]},"product_brand":[],"product_cat":[311],"product_tag":[643],"class_list":{"0":"post-27256","1":"product","2":"type-product","3":"status-publish","4":"has-post-thumbnail","6":"product_cat-experiencia-gastronomica","7":"product_tag-promocionable","9":"first","10":"outofstock","11":"virtual","12":"taxable","13":"product-type-simple"},"acf":[],"_links":{"self":[{"href":"https:\/\/treurer.com\/ca\/wp-json\/wp\/v2\/product\/27256","targetHints":{"allow":["GET"]}}],"collection":[{"href":"https:\/\/treurer.com\/ca\/wp-json\/wp\/v2\/product"}],"about":[{"href":"https:\/\/treurer.com\/ca\/wp-json\/wp\/v2\/types\/product"}],"replies":[{"embeddable":true,"href":"https:\/\/treurer.com\/ca\/wp-json\/wp\/v2\/comments?post=27256"}],"version-history":[{"count":17,"href":"https:\/\/treurer.com\/ca\/wp-json\/wp\/v2\/product\/27256\/revisions"}],"predecessor-version":[{"id":43781,"href":"https:\/\/treurer.com\/ca\/wp-json\/wp\/v2\/product\/27256\/revisions\/43781"}],"wp:featuredmedia":[{"embeddable":true,"href":"https:\/\/treurer.com\/ca\/wp-json\/wp\/v2\/media\/27232"}],"wp:attachment":[{"href":"https:\/\/treurer.com\/ca\/wp-json\/wp\/v2\/media?parent=27256"}],"wp:term":[{"taxonomy":"product_brand","embeddable":true,"href":"https:\/\/treurer.com\/ca\/wp-json\/wp\/v2\/product_brand?post=27256"},{"taxonomy":"product_cat","embeddable":true,"href":"https:\/\/treurer.com\/ca\/wp-json\/wp\/v2\/product_cat?post=27256"},{"taxonomy":"product_tag","embeddable":true,"href":"https:\/\/treurer.com\/ca\/wp-json\/wp\/v2\/product_tag?post=27256"}],"curies":[{"name":"wp","href":"https:\/\/api.w.org\/{rel}","templated":true}]}}