{"id":13616,"date":"2022-04-03T17:20:27","date_gmt":"2022-04-03T15:20:27","guid":{"rendered":"https:\/\/www.treurer.com\/?post_type=product&#038;p=13616"},"modified":"2024-10-14T16:47:05","modified_gmt":"2024-10-14T14:47:05","slug":"visita-particular-finca-mallorca","status":"publish","type":"product","link":"https:\/\/treurer.com\/ca\/producto\/visita-particular-finca-mallorca\/","title":{"rendered":"Visita privada a la finca"},"content":{"rendered":"\t\t<div data-elementor-type=\"product-post\" data-elementor-id=\"13616\" class=\"elementor elementor-13616\" data-elementor-post-type=\"product\">\n\t\t\t\t\t\t<section class=\"elementor-section elementor-top-section elementor-element elementor-element-9e25518 elementor-section-boxed elementor-section-height-default elementor-section-height-default\" data-id=\"9e25518\" data-element_type=\"section\">\n\t\t\t\t\t\t<div class=\"elementor-container elementor-column-gap-default\">\n\t\t\t\t\t<div class=\"elementor-column elementor-col-100 elementor-top-column elementor-element elementor-element-7e77644\" data-id=\"7e77644\" data-element_type=\"column\">\n\t\t\t<div class=\"elementor-widget-wrap elementor-element-populated\">\n\t\t\t\t\t\t<div class=\"elementor-element elementor-element-8cf84ed elementor-widget elementor-widget-text-editor\" data-id=\"8cf84ed\" data-element_type=\"widget\" data-widget_type=\"text-editor.default\">\n\t\t\t\t<div class=\"elementor-widget-container\">\n\t\t\t\t\t\t\t\t\t<p>La visita a nuestra finca es una actividad que <strong>combina la diversi\u00f3n y el aprendizaje ser\u00e1 perfecta para sorprenderte<\/strong> y dejar un recuerdo imborrable de tu visita a la isla. Un recuerdo de una actividad que enriquece tu bagaje cultural y que tiene una <strong>aplicaci\u00f3n pr\u00e1ctica en la vida diaria<\/strong>, por lo que se prolongar\u00e1 mucho m\u00e1s all\u00e1 a tu vuelta.<\/p><p>La <strong>visita privada a nuestra finca es totalmente personalizable<\/strong>. El grupo puede <strong>escoger d\u00eda y hora<\/strong>, <strong>duraci\u00f3n<\/strong> (lo habitual es una duraci\u00f3n media de 2h.), <strong>actividades a realizar<\/strong> y el <strong>tipo de\u00a0 consumici\u00f3n de productos<\/strong> que quiere realizar.<\/p><p>La visita se realiza con una <b>persona perteneciente a la familia propietaria de la Finca<\/b>,\u00a0lo que <b>permite tener un contacto directo con las personas encargadas de la producci\u00f3n del aceite de oliva<\/b>.<\/p>\t\t\t\t\t\t\t\t<\/div>\n\t\t\t\t<\/div>\n\t\t\t\t<div class=\"elementor-element elementor-element-a2f6caa elementor--h-position-center elementor--v-position-middle elementor-arrows-position-inside elementor-widget elementor-widget-slides\" data-id=\"a2f6caa\" data-element_type=\"widget\" data-settings=\"{&quot;navigation&quot;:&quot;arrows&quot;,&quot;autoplay&quot;:&quot;yes&quot;,&quot;pause_on_hover&quot;:&quot;yes&quot;,&quot;pause_on_interaction&quot;:&quot;yes&quot;,&quot;autoplay_speed&quot;:5000,&quot;infinite&quot;:&quot;yes&quot;,&quot;transition&quot;:&quot;slide&quot;,&quot;transition_speed&quot;:500}\" data-widget_type=\"slides.default\">\n\t\t\t\t<div class=\"elementor-widget-container\">\n\t\t\t\t\t\t\t\t\t<div class=\"elementor-swiper\">\n\t\t\t\t\t<div class=\"elementor-slides-wrapper elementor-main-swiper swiper\" role=\"region\" aria-roledescription=\"carousel\" aria-label=\"Slides\" dir=\"ltr\" data-animation=\"fadeInUp\">\n\t\t\t\t<div class=\"swiper-wrapper elementor-slides\">\n\t\t\t\t\t\t\t\t\t\t<div class=\"elementor-repeater-item-dbeae74 swiper-slide\" role=\"group\" aria-roledescription=\"slide\"><div class=\"swiper-slide-bg\" role=\"img\"><\/div><div class=\"swiper-slide-inner\" ><div class=\"swiper-slide-contents\"><\/div><\/div><\/div><div class=\"elementor-repeater-item-a81fec4 swiper-slide\" role=\"group\" aria-roledescription=\"slide\"><div class=\"swiper-slide-bg\" role=\"img\"><\/div><div class=\"swiper-slide-inner\" ><div class=\"swiper-slide-contents\"><\/div><\/div><\/div><div class=\"elementor-repeater-item-e66061c swiper-slide\" role=\"group\" aria-roledescription=\"slide\"><div class=\"swiper-slide-bg\" role=\"img\"><\/div><div class=\"swiper-slide-inner\" ><div class=\"swiper-slide-contents\"><\/div><\/div><\/div><div class=\"elementor-repeater-item-935ccf7 swiper-slide\" role=\"group\" aria-roledescription=\"slide\"><div class=\"swiper-slide-bg\" role=\"img\"><\/div><div class=\"swiper-slide-inner\" ><div class=\"swiper-slide-contents\"><\/div><\/div><\/div><div class=\"elementor-repeater-item-d11f7cf swiper-slide\" role=\"group\" aria-roledescription=\"slide\"><div class=\"swiper-slide-bg\" role=\"img\"><\/div><div class=\"swiper-slide-inner\" ><div class=\"swiper-slide-contents\"><\/div><\/div><\/div><div class=\"elementor-repeater-item-84519a6 swiper-slide\" role=\"group\" aria-roledescription=\"slide\"><div class=\"swiper-slide-bg\" role=\"img\"><\/div><div class=\"swiper-slide-inner\" ><div class=\"swiper-slide-contents\"><\/div><\/div><\/div><div class=\"elementor-repeater-item-9a0a631 swiper-slide\" role=\"group\" aria-roledescription=\"slide\"><div class=\"swiper-slide-bg\" role=\"img\"><\/div><div class=\"swiper-slide-inner\" ><div class=\"swiper-slide-contents\"><\/div><\/div><\/div><div class=\"elementor-repeater-item-3d5e8aa swiper-slide\" role=\"group\" aria-roledescription=\"slide\"><div class=\"swiper-slide-bg\" role=\"img\"><\/div><div class=\"swiper-slide-inner\" ><div class=\"swiper-slide-contents\"><\/div><\/div><\/div><div class=\"elementor-repeater-item-37f51b2 swiper-slide\" role=\"group\" aria-roledescription=\"slide\"><div class=\"swiper-slide-bg\" role=\"img\"><\/div><div class=\"swiper-slide-inner\" ><div class=\"swiper-slide-contents\"><\/div><\/div><\/div>\t\t\t\t<\/div>\n\t\t\t\t\t\t\t\t\t\t\t\t\t\t\t<div class=\"elementor-swiper-button elementor-swiper-button-prev\" role=\"button\" tabindex=\"0\" aria-label=\"Previous slide\">\n\t\t\t\t\t\t\t<i aria-hidden=\"true\" class=\"eicon-chevron-left\"><\/i>\t\t\t\t\t\t<\/div>\n\t\t\t\t\t\t<div class=\"elementor-swiper-button elementor-swiper-button-next\" role=\"button\" tabindex=\"0\" aria-label=\"Next slide\">\n\t\t\t\t\t\t\t<i aria-hidden=\"true\" class=\"eicon-chevron-right\"><\/i>\t\t\t\t\t\t<\/div>\n\t\t\t\t\t\t\t\t\t\t\t\t\t\t\t\t\t<\/div>\n\t\t\t\t<\/div>\n\t\t\t\t\t\t\t\t<\/div>\n\t\t\t\t<\/div>\n\t\t\t\t<section class=\"elementor-section elementor-inner-section elementor-element elementor-element-dc8ccde elementor-section-boxed elementor-section-height-default elementor-section-height-default\" data-id=\"dc8ccde\" data-element_type=\"section\">\n\t\t\t\t\t\t<div class=\"elementor-container elementor-column-gap-default\">\n\t\t\t\t\t<div class=\"elementor-column elementor-col-50 elementor-inner-column elementor-element elementor-element-8de675e\" data-id=\"8de675e\" data-element_type=\"column\">\n\t\t\t<div class=\"elementor-widget-wrap elementor-element-populated\">\n\t\t\t\t\t\t<div class=\"elementor-element elementor-element-4972283 elementor-widget elementor-widget-text-editor\" data-id=\"4972283\" data-element_type=\"widget\" data-widget_type=\"text-editor.default\">\n\t\t\t\t<div class=\"elementor-widget-container\">\n\t\t\t\t\t\t\t\t\t<h3>Una visita hecha a vuestra medida<\/h3><p>Una visita a nuestras instalaciones ofrece la posibilidad de conocer con profundidad el cultivo del olivo, la recolecci\u00f3n de la aceituna y el proceso de producci\u00f3n del aceite.<\/p><p>Los visitantes ser\u00e1n capaces de reconocer las <b>caracter\u00edsticas de un aceite de oliva virgen extra y las bondades para la salud de su consumo<\/b>. Degustar\u00e1n platos de la cocina mallorquina, parte de la cocina mediterr\u00e1nea,\u00a0 ligados a nuestro aceite.<\/p><p>La visita es personalizable seg\u00fan los intereses de los visitantes.<\/p><h3>\u00bfCu\u00e1ntas personas pueden componer un grupo?<\/h3><p>No existe un m\u00ednimo para la realizaci\u00f3n de una visita particular a la finca. El <b>m\u00e1ximo es de 30 personas.<\/b><\/p><h3>\u00bfCu\u00e1l es el coste de la visita?<\/h3><p>El coste de la actividad es de 48\u20ac por persona, con un\u00a0<b>importe m\u00ednimo de 480\u20ac,\u00a0<\/b>correspondiente a la visita de un grupo de hasta 10 personas que incluye la degustaci\u00f3n de snacks de productos mallorquines.<\/p><p>La visita privada\u00a0con <b>comida o cena con men\u00fa degustaci\u00f3n<\/b>\u00a0tiene un <b>precio m\u00ednimo de 1.050,00\u20ac<\/b> hasta 10 personas. Cada persona extra tiene un coste adicional de 105,00\u20ac.<\/p><p>Para peticiones con<b> caracter\u00edsticas especiales<\/b>, contacta con nosotros a trav\u00e9s del formulario situado en esta p\u00e1gina.<\/p><h3>\u00bfCu\u00e1ndo se puede visitar la finca?<\/h3><p>Cualquier d\u00eda. <b>Adaptaremos el horario<\/b> a las necesidades y caracter\u00edsticas del grupo y de la disponibilidad de la familia propietaria.<\/p><h3>\u00bfEn qu\u00e9 idiomas se realiza la visita?<\/h3><p>En <strong>ingl\u00e9s, franc\u00e9s, alem\u00e1n, castellano y catal\u00e1n a elecci\u00f3n de los visitantes<\/strong>. Se podr\u00e1 realizar en varios idiomas al mismo tiempo si coinciden personas de diversa procedencia.<\/p><h3>\u00bfPara qui\u00e9n est\u00e1 indicada la visita?<\/h3><p>El oleoturismo est\u00e1 especialmente indicado para personas interesadas en la <strong>dieta mediterr\u00e1nea<\/strong>, en el <strong>mundo del aceite<\/strong> y, en general, en la historia y en los <strong>productos de la tierra de Mallorca<\/strong>.<\/p><h3>Otros temas<\/h3><p><strong>Parking disponible<\/strong> en la propia finca.<\/p><p>La visita no est\u00e1 indicada para personas con <strong>problemas de movilidad reducida<\/strong> debido a lo irregular del terreno y los desniveles existentes.<\/p>\t\t\t\t\t\t\t\t<\/div>\n\t\t\t\t<\/div>\n\t\t\t\t\t<\/div>\n\t\t<\/div>\n\t\t\t\t<div class=\"elementor-column elementor-col-50 elementor-inner-column elementor-element elementor-element-ef00ec5\" data-id=\"ef00ec5\" data-element_type=\"column\">\n\t\t\t<div class=\"elementor-widget-wrap elementor-element-populated\">\n\t\t\t\t\t\t<div class=\"elementor-element elementor-element-d432e8f elementor-widget elementor-widget-shortcode\" data-id=\"d432e8f\" data-element_type=\"widget\" data-widget_type=\"shortcode.default\">\n\t\t\t\t<div class=\"elementor-widget-container\">\n\t\t\t\t\t\t\t<div class=\"elementor-shortcode\"><div data-src=\"https:\/\/cdn.trustindex.io\/loader.js?25647a833043435fbd1639d2f5e\"><\/div><\/div>\n\t\t\t\t\t\t<\/div>\n\t\t\t\t<\/div>\n\t\t\t\t<div class=\"elementor-element elementor-element-af26b89 elementor-widget elementor-widget-shortcode\" data-id=\"af26b89\" data-element_type=\"widget\" data-widget_type=\"shortcode.default\">\n\t\t\t\t<div class=\"elementor-widget-container\">\n\t\t\t\t\t\t\t<div class=\"elementor-shortcode\"><div data-src=\"https:\/\/cdn.trustindex.io\/loader.js?c97a9103356443593576a0b1d3a\"><\/div><\/div>\n\t\t\t\t\t\t<\/div>\n\t\t\t\t<\/div>\n\t\t\t\t<div class=\"elementor-element elementor-element-dd8db8f elementor-widget elementor-widget-text-editor\" data-id=\"dd8db8f\" data-element_type=\"widget\" data-widget_type=\"text-editor.default\">\n\t\t\t\t<div class=\"elementor-widget-container\">\n\t\t\t\t\t\t\t\t\t<h3>Contacta con nosotros para preparar tu visita<\/h3>\n\t\t\t\t\t\t<script>\n\t\t\t\t\t\t\twindow.hsFormsOnReady = window.hsFormsOnReady || [];\n\t\t\t\t\t\t\twindow.hsFormsOnReady.push(()=>{\n\t\t\t\t\t\t\t\thbspt.forms.create({\n\t\t\t\t\t\t\t\t\tportalId: 7873078,\n\t\t\t\t\t\t\t\t\tformId: \"bcb89868-4c9d-41f5-8c6f-f231dcfe5f61\",\n\t\t\t\t\t\t\t\t\ttarget: \"#hbspt-form-1776029476000-1302449742\",\n\t\t\t\t\t\t\t\t\tregion: \"na1\",\n\t\t\t\t\t\t\t\t\t\n\t\t\t\t\t\t\t})});\n\t\t\t\t\t\t<\/script>\n\t\t\t\t\t\t<div class=\"hbspt-form\" id=\"hbspt-form-1776029476000-1302449742\"><\/div>\t\t\t\t\t\t\t\t<\/div>\n\t\t\t\t<\/div>\n\t\t\t\t<div class=\"elementor-element elementor-element-570a958 elementor-widget elementor-widget-text-editor\" data-id=\"570a958\" data-element_type=\"widget\" data-widget_type=\"text-editor.default\">\n\t\t\t\t<div class=\"elementor-widget-container\">\n\t\t\t\t\t\t\t\t\t<p>Si prefieres realizar la visita en horarios programados, te ofrecemos nuestra <b><a href=\"https:\/\/treurer.com\/producto\/excursion-visita-finca-mallorca\/\"><b>visita programada<\/b><\/a>,<\/b> que se realiza los mi\u00e9rcoles y s\u00e1bados en horario de ma\u00f1ana.<\/p>\t\t\t\t\t\t\t\t<\/div>\n\t\t\t\t<\/div>\n\t\t\t\t<div class=\"elementor-element elementor-element-0f27dba elementor-widget elementor-widget-text-editor\" data-id=\"0f27dba\" data-element_type=\"widget\" data-widget_type=\"text-editor.default\">\n\t\t\t\t<div class=\"elementor-widget-container\">\n\t\t\t\t\t\t\t\t\t<p>Y si deseas una <b>experiencia gastron\u00f3mica<\/b>, ponemos a tu disposici\u00f3n nuestras <a href=\"https:\/\/treurer.com\/hotel-treurer\/experiencias-gastronomicas\/\" target=\"_blank\" rel=\"noopener\">tres experiencias gastron\u00f3micas con tres tem\u00e1ticas diferentes.<\/a><\/p>\t\t\t\t\t\t\t\t<\/div>\n\t\t\t\t<\/div>\n\t\t\t\t\t<\/div>\n\t\t<\/div>\n\t\t\t\t\t<\/div>\n\t\t<\/section>\n\t\t\t\t\t<\/div>\n\t\t<\/div>\n\t\t\t\t\t<\/div>\n\t\t<\/section>\n\t\t\t\t<\/div>\n\t\t","protected":false},"excerpt":{"rendered":"<p>Visita a la finca &#8216;Treurer&#8217; de una <strong>duraci\u00f3n entre 1,5 y 2 horas<\/strong>, incluyendo una <strong>degustaci\u00f3n de un aperitivo mallorqu\u00edn<\/strong> ligado al aceite de oliva. El recorrido se puede realizar en <strong>ingl\u00e9s, alem\u00e1n, franc\u00e9s, espa\u00f1ol y catal\u00e1n.<\/strong><\/p>\n<p>El m\u00e1ximo es de 12 personas por grupo, pudiendo elegir fecha y hora (restricciones tardes de mi\u00e9rcoles y ma\u00f1anas de s\u00e1bado).<\/p>\n","protected":false},"featured_media":18019,"comment_status":"open","ping_status":"closed","template":"","meta":{"_acf_changed":false,"content-type":"","_joinchat":[]},"product_brand":[],"product_cat":[228,229],"product_tag":[],"class_list":{"0":"post-13616","1":"product","2":"type-product","3":"status-publish","4":"has-post-thumbnail","6":"product_cat-activitats","7":"product_cat-visita-particular-ca","9":"first","10":"instock","11":"virtual","12":"taxable","13":"purchasable","14":"product-type-simple"},"acf":[],"_links":{"self":[{"href":"https:\/\/treurer.com\/ca\/wp-json\/wp\/v2\/product\/13616","targetHints":{"allow":["GET"]}}],"collection":[{"href":"https:\/\/treurer.com\/ca\/wp-json\/wp\/v2\/product"}],"about":[{"href":"https:\/\/treurer.com\/ca\/wp-json\/wp\/v2\/types\/product"}],"replies":[{"embeddable":true,"href":"https:\/\/treurer.com\/ca\/wp-json\/wp\/v2\/comments?post=13616"}],"version-history":[{"count":43,"href":"https:\/\/treurer.com\/ca\/wp-json\/wp\/v2\/product\/13616\/revisions"}],"predecessor-version":[{"id":38146,"href":"https:\/\/treurer.com\/ca\/wp-json\/wp\/v2\/product\/13616\/revisions\/38146"}],"wp:featuredmedia":[{"embeddable":true,"href":"https:\/\/treurer.com\/ca\/wp-json\/wp\/v2\/media\/18019"}],"wp:attachment":[{"href":"https:\/\/treurer.com\/ca\/wp-json\/wp\/v2\/media?parent=13616"}],"wp:term":[{"taxonomy":"product_brand","embeddable":true,"href":"https:\/\/treurer.com\/ca\/wp-json\/wp\/v2\/product_brand?post=13616"},{"taxonomy":"product_cat","embeddable":true,"href":"https:\/\/treurer.com\/ca\/wp-json\/wp\/v2\/product_cat?post=13616"},{"taxonomy":"product_tag","embeddable":true,"href":"https:\/\/treurer.com\/ca\/wp-json\/wp\/v2\/product_tag?post=13616"}],"curies":[{"name":"wp","href":"https:\/\/api.w.org\/{rel}","templated":true}]}}