{"id":6314,"date":"2020-10-06T09:14:02","date_gmt":"2020-10-06T07:14:02","guid":{"rendered":"https:\/\/www.treurer.com\/?page_id=6314"},"modified":"2021-03-23T21:05:59","modified_gmt":"2021-03-23T21:05:59","slug":"hotel-algaida","status":"publish","type":"page","link":"https:\/\/treurer.com\/ca\/hotel-algaida\/","title":{"rendered":"Hotel a Algaida"},"content":{"rendered":"\t\t<div data-elementor-type=\"wp-page\" data-elementor-id=\"6314\" class=\"elementor elementor-6314 elementor-1555\" data-elementor-post-type=\"page\">\n\t\t\t\t\t\t<section class=\"elementor-section elementor-top-section elementor-element elementor-element-3a28b9f elementor-section-boxed elementor-section-height-default elementor-section-height-default\" data-id=\"3a28b9f\" data-element_type=\"section\" data-settings=\"{&quot;background_background&quot;:&quot;classic&quot;}\">\n\t\t\t\t\t\t\t<div class=\"elementor-background-overlay\"><\/div>\n\t\t\t\t\t\t\t<div class=\"elementor-container elementor-column-gap-default\">\n\t\t\t\t\t<div class=\"elementor-column elementor-col-100 elementor-top-column elementor-element elementor-element-819ea62\" data-id=\"819ea62\" data-element_type=\"column\" data-settings=\"{&quot;background_background&quot;:&quot;classic&quot;}\">\n\t\t\t<div class=\"elementor-widget-wrap elementor-element-populated\">\n\t\t\t\t\t\t<div class=\"elementor-element elementor-element-528ea4a elementor-widget elementor-widget-heading\" data-id=\"528ea4a\" data-element_type=\"widget\" data-widget_type=\"heading.default\">\n\t\t\t\t<div class=\"elementor-widget-container\">\n\t\t\t\t\t<h1 class=\"elementor-heading-title elementor-size-default\">Treurer hotel boutique<\/h1>\t\t\t\t<\/div>\n\t\t\t\t<\/div>\n\t\t\t\t<section class=\"elementor-section elementor-inner-section elementor-element elementor-element-e10d718 elementor-section-boxed elementor-section-height-default elementor-section-height-default\" data-id=\"e10d718\" data-element_type=\"section\">\n\t\t\t\t\t\t<div class=\"elementor-container elementor-column-gap-default\">\n\t\t\t\t\t<div class=\"elementor-column elementor-col-50 elementor-inner-column elementor-element elementor-element-becd9f8\" data-id=\"becd9f8\" data-element_type=\"column\" data-settings=\"{&quot;background_background&quot;:&quot;classic&quot;}\">\n\t\t\t<div class=\"elementor-widget-wrap elementor-element-populated\">\n\t\t\t\t\t\t<div class=\"elementor-element elementor-element-a1ff0ef elementor-align-left btnh elementor-widget elementor-widget-button\" data-id=\"a1ff0ef\" data-element_type=\"widget\" data-widget_type=\"button.default\">\n\t\t\t\t<div class=\"elementor-widget-container\">\n\t\t\t\t\t\t\t\t\t<div class=\"elementor-button-wrapper\">\n\t\t\t\t\t<a class=\"elementor-button elementor-button-link elementor-size-xl\" href=\"https:\/\/treurer.com\/ca\/oleoturisme-mallorca\/\">\n\t\t\t\t\t\t<span class=\"elementor-button-content-wrapper\">\n\t\t\t\t\t\t<span class=\"elementor-button-icon\">\n\t\t\t\t<svg xmlns=\"http:\/\/www.w3.org\/2000\/svg\" xmlns:xlink=\"http:\/\/www.w3.org\/1999\/xlink\" id=\"Capa_1\" x=\"0px\" y=\"0px\" viewBox=\"0 0 50.3056068 26.9587593\" style=\"enable-background:new 0 0 50.3056068 26.9587593;\" xml:space=\"preserve\"><style type=\"text\/css\">\t.st0{fill:#8E9C9C;stroke:#FFFFFF;stroke-linecap:round;stroke-linejoin:round;stroke-miterlimit:10;}<\/style><g>\t<line class=\"st0\" x1=\"3.6613507\" y1=\"13.6930695\" x2=\"46.0218163\" y2=\"13.6930695\"><\/line>\t<line class=\"st0\" x1=\"30.5122108\" y1=\"4.0576105\" x2=\"45.7432022\" y2=\"13.7162876\"><\/line>\t<line class=\"st0\" x1=\"45.7432022\" y1=\"13.6698513\" x2=\"30.5122108\" y2=\"23.3285275\"><\/line><\/g><\/svg>\t\t\t<\/span>\n\t\t\t\t\t\t\t\t\t<span class=\"elementor-button-text\"><span class=\"btnh1\">Visita<\/span><br>la nostra finca<\/span>\n\t\t\t\t\t<\/span>\n\t\t\t\t\t<\/a>\n\t\t\t\t<\/div>\n\t\t\t\t\t\t\t\t<\/div>\n\t\t\t\t<\/div>\n\t\t\t\t\t<\/div>\n\t\t<\/div>\n\t\t\t\t<div class=\"elementor-column elementor-col-50 elementor-inner-column elementor-element elementor-element-9c1eae5\" data-id=\"9c1eae5\" data-element_type=\"column\" data-settings=\"{&quot;background_background&quot;:&quot;classic&quot;}\">\n\t\t\t<div class=\"elementor-widget-wrap\">\n\t\t\t\t\t\t\t<\/div>\n\t\t<\/div>\n\t\t\t\t\t<\/div>\n\t\t<\/section>\n\t\t\t\t\t<\/div>\n\t\t<\/div>\n\t\t\t\t\t<\/div>\n\t\t<\/section>\n\t\t\t\t<section class=\"elementor-section elementor-top-section elementor-element elementor-element-ac3acb4 elementor-section-boxed elementor-section-height-default elementor-section-height-default\" data-id=\"ac3acb4\" data-element_type=\"section\" data-settings=\"{&quot;background_background&quot;:&quot;classic&quot;}\">\n\t\t\t\t\t\t<div class=\"elementor-container elementor-column-gap-default\">\n\t\t\t\t\t<div class=\"elementor-column elementor-col-100 elementor-top-column elementor-element elementor-element-09871ad\" data-id=\"09871ad\" data-element_type=\"column\">\n\t\t\t<div class=\"elementor-widget-wrap elementor-element-populated\">\n\t\t\t\t\t\t<section class=\"elementor-section elementor-inner-section elementor-element elementor-element-11b7d1b elementor-section-boxed elementor-section-height-default elementor-section-height-default\" data-id=\"11b7d1b\" data-element_type=\"section\">\n\t\t\t\t\t\t<div class=\"elementor-container elementor-column-gap-wider\">\n\t\t\t\t\t<div class=\"elementor-column elementor-col-50 elementor-inner-column elementor-element elementor-element-39ad0cb\" data-id=\"39ad0cb\" data-element_type=\"column\">\n\t\t\t<div class=\"elementor-widget-wrap elementor-element-populated\">\n\t\t\t\t\t\t<div class=\"elementor-element elementor-element-5f799d8 elementor-widget elementor-widget-text-editor\" data-id=\"5f799d8\" data-element_type=\"widget\" data-widget_type=\"text-editor.default\">\n\t\t\t\t<div class=\"elementor-widget-container\">\n\t\t\t\t\t\t\t\t\t<p>Des de fa anys, al nostre projecte com a productors d&#8217;oli li hem afegit una nova il\u00b7lusi\u00f3: compartir, amb tots els nostres visitants, una experi\u00e8ncia complerta en oleoturisme.<\/p>\t\t\t\t\t\t\t\t<\/div>\n\t\t\t\t<\/div>\n\t\t\t\t\t<\/div>\n\t\t<\/div>\n\t\t\t\t<div class=\"elementor-column elementor-col-50 elementor-inner-column elementor-element elementor-element-901fcd1\" data-id=\"901fcd1\" data-element_type=\"column\">\n\t\t\t<div class=\"elementor-widget-wrap elementor-element-populated\">\n\t\t\t\t\t\t<div class=\"elementor-element elementor-element-6e32ac3 elementor-widget elementor-widget-text-editor\" data-id=\"6e32ac3\" data-element_type=\"widget\" data-widget_type=\"text-editor.default\">\n\t\t\t\t<div class=\"elementor-widget-container\">\n\t\t\t\t\t\t\t\t\t<p>Per aquesta ra\u00f3, hem dissenyat un petit hotel situat a les cases originals de sa possessi\u00f3. L&#8217;estada a aquest hotel boutique permetr\u00e0, als amants de l&#8217;oli, combinar la visita a sa nostra illa amb una experi\u00e8ncia en qu\u00e8 es coneixer\u00e0 amb profunditat el m\u00f3n de l&#8217;oli.<\/p>\t\t\t\t\t\t\t\t<\/div>\n\t\t\t\t<\/div>\n\t\t\t\t\t<\/div>\n\t\t<\/div>\n\t\t\t\t\t<\/div>\n\t\t<\/section>\n\t\t\t\t\t<\/div>\n\t\t<\/div>\n\t\t\t\t\t<\/div>\n\t\t<\/section>\n\t\t\t\t<section class=\"elementor-section elementor-top-section elementor-element elementor-element-f8082fc elementor-section-full_width elementor-section-height-default elementor-section-height-default\" data-id=\"f8082fc\" data-element_type=\"section\">\n\t\t\t\t\t\t<div class=\"elementor-container elementor-column-gap-default\">\n\t\t\t\t\t<div class=\"elementor-column elementor-col-100 elementor-top-column elementor-element elementor-element-f72bf56\" data-id=\"f72bf56\" data-element_type=\"column\">\n\t\t\t<div class=\"elementor-widget-wrap elementor-element-populated\">\n\t\t\t\t\t\t<div class=\"elementor-element elementor-element-2604245 elementor-widget elementor-widget-gallery\" data-id=\"2604245\" data-element_type=\"widget\" data-settings=\"{&quot;gap&quot;:{&quot;unit&quot;:&quot;px&quot;,&quot;size&quot;:1,&quot;sizes&quot;:[]},&quot;aspect_ratio&quot;:&quot;16:9&quot;,&quot;columns&quot;:2,&quot;gallery_layout&quot;:&quot;grid&quot;,&quot;columns_tablet&quot;:2,&quot;columns_mobile&quot;:1,&quot;gap_tablet&quot;:{&quot;unit&quot;:&quot;px&quot;,&quot;size&quot;:10,&quot;sizes&quot;:[]},&quot;gap_mobile&quot;:{&quot;unit&quot;:&quot;px&quot;,&quot;size&quot;:10,&quot;sizes&quot;:[]},&quot;link_to&quot;:&quot;file&quot;,&quot;overlay_background&quot;:&quot;yes&quot;,&quot;content_hover_animation&quot;:&quot;fade-in&quot;}\" data-widget_type=\"gallery.default\">\n\t\t\t\t<div class=\"elementor-widget-container\">\n\t\t\t\t\t\t\t<div class=\"elementor-gallery__container\">\n\t\t\t\t\t\t\t<a class=\"e-gallery-item elementor-gallery-item elementor-animated-content\" href=\"https:\/\/treurer.com\/wp-content\/uploads\/Hotel-Boutique-Mallorca-Jardines.jpg\">\n\t\t\t\t\t<div class=\"e-gallery-image elementor-gallery-item__image\" data-thumbnail=\"https:\/\/treurer.com\/wp-content\/uploads\/Hotel-Boutique-Mallorca-Jardines.jpg\" data-width=\"1920\" data-height=\"1440\" aria-label=\"Agroturismo en Mallorca Treuer Algaida\" role=\"img\" ><\/div>\n\t\t\t\t\t\t\t\t\t\t\t<div class=\"elementor-gallery-item__overlay\"><\/div>\n\t\t\t\t\t\t\t\t\t\t\t\t\t\t<\/a>\n\t\t\t\t\t\t\t<a class=\"e-gallery-item elementor-gallery-item elementor-animated-content\" href=\"https:\/\/treurer.com\/wp-content\/uploads\/Hotel-Boutique-Mallorca-Piscina.jpg\">\n\t\t\t\t\t<div class=\"e-gallery-image elementor-gallery-item__image\" data-thumbnail=\"https:\/\/treurer.com\/wp-content\/uploads\/Hotel-Boutique-Mallorca-Piscina.jpg\" data-width=\"1920\" data-height=\"1440\" aria-label=\"Agroturismo en Mallorca Treuer Algaida\" role=\"img\" ><\/div>\n\t\t\t\t\t\t\t\t\t\t\t<div class=\"elementor-gallery-item__overlay\"><\/div>\n\t\t\t\t\t\t\t\t\t\t\t\t\t\t<\/a>\n\t\t\t\t\t\t\t<a class=\"e-gallery-item elementor-gallery-item elementor-animated-content\" href=\"https:\/\/treurer.com\/wp-content\/uploads\/Hotel-Treuer-Algaida-Mallorca-09-scaled.jpg\">\n\t\t\t\t\t<div class=\"e-gallery-image elementor-gallery-item__image\" data-thumbnail=\"https:\/\/treurer.com\/wp-content\/uploads\/Hotel-Treuer-Algaida-Mallorca-09-scaled.jpg\" data-width=\"2560\" data-height=\"1707\" aria-label=\"Agroturismo en Mallorca Treuer Algaida\" role=\"img\" ><\/div>\n\t\t\t\t\t\t\t\t\t\t\t<div class=\"elementor-gallery-item__overlay\"><\/div>\n\t\t\t\t\t\t\t\t\t\t\t\t\t\t<\/a>\n\t\t\t\t\t<\/div>\n\t\t\t\t\t<\/div>\n\t\t\t\t<\/div>\n\t\t\t\t\t<\/div>\n\t\t<\/div>\n\t\t\t\t\t<\/div>\n\t\t<\/section>\n\t\t\t\t<section class=\"elementor-section elementor-top-section elementor-element elementor-element-4e968a1 elementor-section-boxed elementor-section-height-default elementor-section-height-default\" data-id=\"4e968a1\" data-element_type=\"section\">\n\t\t\t\t\t\t<div class=\"elementor-container elementor-column-gap-default\">\n\t\t\t\t\t<div class=\"elementor-column elementor-col-100 elementor-top-column elementor-element elementor-element-8277eb2\" data-id=\"8277eb2\" data-element_type=\"column\">\n\t\t\t<div class=\"elementor-widget-wrap elementor-element-populated\">\n\t\t\t\t\t\t<div class=\"elementor-element elementor-element-b84f90c elementor-widget elementor-widget-heading\" data-id=\"b84f90c\" data-element_type=\"widget\" data-widget_type=\"heading.default\">\n\t\t\t\t<div class=\"elementor-widget-container\">\n\t\t\t\t\t<h2 class=\"elementor-heading-title elementor-size-default\">T'interessa el nostre projecte? T'agradaria ser el primer hoste?<\/h2>\t\t\t\t<\/div>\n\t\t\t\t<\/div>\n\t\t\t\t<div class=\"elementor-element elementor-element-47de991 elementor-widget-divider--view-line elementor-widget elementor-widget-divider\" data-id=\"47de991\" data-element_type=\"widget\" data-widget_type=\"divider.default\">\n\t\t\t\t<div class=\"elementor-widget-container\">\n\t\t\t\t\t\t\t<div class=\"elementor-divider\">\n\t\t\t<span class=\"elementor-divider-separator\">\n\t\t\t\t\t\t<\/span>\n\t\t<\/div>\n\t\t\t\t\t\t<\/div>\n\t\t\t\t<\/div>\n\t\t\t\t<div class=\"elementor-element elementor-element-f64b8f2 mw800 elementor-widget elementor-widget-text-editor\" data-id=\"f64b8f2\" data-element_type=\"widget\" data-widget_type=\"text-editor.default\">\n\t\t\t\t<div class=\"elementor-widget-container\">\n\t\t\t\t\t\t\t\t\t<p>Deixa&#8217;ns les teves dades i et mantindrem informat<\/p>\n\t\t\t\t\t\t<script>\n\t\t\t\t\t\t\twindow.hsFormsOnReady = window.hsFormsOnReady || [];\n\t\t\t\t\t\t\twindow.hsFormsOnReady.push(()=>{\n\t\t\t\t\t\t\t\thbspt.forms.create({\n\t\t\t\t\t\t\t\t\tportalId: 7873078,\n\t\t\t\t\t\t\t\t\tformId: \"be73e7a7-fff1-4e7a-a8e4-f8f962e58163\",\n\t\t\t\t\t\t\t\t\ttarget: \"#hbspt-form-1778168541000-2531512354\",\n\t\t\t\t\t\t\t\t\tregion: \"na1\",\n\t\t\t\t\t\t\t\t\t\n\t\t\t\t\t\t\t})});\n\t\t\t\t\t\t<\/script>\n\t\t\t\t\t\t<div class=\"hbspt-form\" id=\"hbspt-form-1778168541000-2531512354\"><\/div>\t\t\t\t\t\t\t\t<\/div>\n\t\t\t\t<\/div>\n\t\t\t\t\t<\/div>\n\t\t<\/div>\n\t\t\t\t\t<\/div>\n\t\t<\/section>\n\t\t\t\t<section class=\"elementor-section elementor-top-section elementor-element elementor-element-bd5a942 elementor-section-full_width elementor-hidden-desktop elementor-hidden-tablet elementor-hidden-phone elementor-section-height-default elementor-section-height-default\" data-id=\"bd5a942\" data-element_type=\"section\">\n\t\t\t\t\t\t<div class=\"elementor-container elementor-column-gap-default\">\n\t\t\t\t\t<div class=\"elementor-column elementor-col-100 elementor-top-column elementor-element elementor-element-57cd812\" data-id=\"57cd812\" data-element_type=\"column\">\n\t\t\t<div class=\"elementor-widget-wrap elementor-element-populated\">\n\t\t\t\t\t\t<div class=\"elementor-element elementor-element-6e81fdb elementor-widget elementor-widget-image\" data-id=\"6e81fdb\" data-element_type=\"widget\" data-widget_type=\"image.default\">\n\t\t\t\t<div class=\"elementor-widget-container\">\n\t\t\t\t\t\t\t\t\t\t\t\t\t\t\t<img fetchpriority=\"high\" decoding=\"async\" width=\"1925\" height=\"421\" src=\"https:\/\/treurer.com\/wp-content\/uploads\/Treurer-Acomodacio\u0301n.jpg\" class=\"attachment-large size-large wp-image-1559\" alt=\"\" srcset=\"https:\/\/treurer.com\/wp-content\/uploads\/Treurer-Acomodacio\u0301n.jpg 1925w, https:\/\/treurer.com\/wp-content\/uploads\/Treurer-Acomodacio\u0301n-300x66.jpg 300w, https:\/\/treurer.com\/wp-content\/uploads\/Treurer-Acomodacio\u0301n-600x131.jpg 600w, https:\/\/treurer.com\/wp-content\/uploads\/Treurer-Acomodacio\u0301n-768x168.jpg 768w, https:\/\/treurer.com\/wp-content\/uploads\/Treurer-Acomodacio\u0301n-1536x336.jpg 1536w\" sizes=\"(max-width: 1925px) 100vw, 1925px\" title=\"\">\t\t\t\t\t\t\t\t\t\t\t\t\t\t\t<\/div>\n\t\t\t\t<\/div>\n\t\t\t\t\t<\/div>\n\t\t<\/div>\n\t\t\t\t\t<\/div>\n\t\t<\/section>\n\t\t\t\t<section class=\"elementor-section elementor-top-section elementor-element elementor-element-f787650 elementor-section-full_width elementor-section-height-default elementor-section-height-default\" data-id=\"f787650\" data-element_type=\"section\">\n\t\t\t\t\t\t<div class=\"elementor-container elementor-column-gap-default\">\n\t\t\t\t\t<div class=\"elementor-column elementor-col-100 elementor-top-column elementor-element elementor-element-d1d6a8c\" data-id=\"d1d6a8c\" data-element_type=\"column\">\n\t\t\t<div class=\"elementor-widget-wrap elementor-element-populated\">\n\t\t\t\t\t\t<div class=\"elementor-element elementor-element-614b201 elementor-widget elementor-widget-image\" data-id=\"614b201\" data-element_type=\"widget\" data-widget_type=\"image.default\">\n\t\t\t\t<div class=\"elementor-widget-container\">\n\t\t\t\t\t\t\t\t\t\t\t\t\t\t\t<img decoding=\"async\" width=\"1920\" height=\"939\" src=\"https:\/\/treurer.com\/wp-content\/uploads\/Treurer-Hotel-Mallorca.jpg\" class=\"attachment-large size-large wp-image-1567\" alt=\"\" srcset=\"https:\/\/treurer.com\/wp-content\/uploads\/Treurer-Hotel-Mallorca.jpg 1920w, https:\/\/treurer.com\/wp-content\/uploads\/Treurer-Hotel-Mallorca-300x147.jpg 300w, https:\/\/treurer.com\/wp-content\/uploads\/Treurer-Hotel-Mallorca-600x293.jpg 600w, https:\/\/treurer.com\/wp-content\/uploads\/Treurer-Hotel-Mallorca-768x376.jpg 768w, https:\/\/treurer.com\/wp-content\/uploads\/Treurer-Hotel-Mallorca-1536x751.jpg 1536w\" sizes=\"(max-width: 1920px) 100vw, 1920px\" title=\"\">\t\t\t\t\t\t\t\t\t\t\t\t\t\t\t<\/div>\n\t\t\t\t<\/div>\n\t\t\t\t\t<\/div>\n\t\t<\/div>\n\t\t\t\t\t<\/div>\n\t\t<\/section>\n\t\t\t\t<\/div>\n\t\t","protected":false},"excerpt":{"rendered":"<p>Treurer hotel boutique \u00a0 Visita la nostra finca Des de fa anys, al nostre projecte com a productors d&#8217;oli li hem afegit una nova il\u00b7lusi\u00f3: compartir, amb tots els nostres visitants, una experi\u00e8ncia complerta en oleoturisme. Per aquesta ra\u00f3, hem dissenyat un petit hotel situat a les cases originals de sa possessi\u00f3. L&#8217;estada a aquest [&hellip;]<\/p>\n","protected":false},"author":3,"featured_media":1245,"parent":0,"menu_order":0,"comment_status":"closed","ping_status":"closed","template":"","meta":{"_acf_changed":false,"content-type":"","_joinchat":[],"footnotes":""},"class_list":["post-6314","page","type-page","status-publish","has-post-thumbnail","hentry"],"acf":[],"_links":{"self":[{"href":"https:\/\/treurer.com\/ca\/wp-json\/wp\/v2\/pages\/6314","targetHints":{"allow":["GET"]}}],"collection":[{"href":"https:\/\/treurer.com\/ca\/wp-json\/wp\/v2\/pages"}],"about":[{"href":"https:\/\/treurer.com\/ca\/wp-json\/wp\/v2\/types\/page"}],"author":[{"embeddable":true,"href":"https:\/\/treurer.com\/ca\/wp-json\/wp\/v2\/users\/3"}],"replies":[{"embeddable":true,"href":"https:\/\/treurer.com\/ca\/wp-json\/wp\/v2\/comments?post=6314"}],"version-history":[{"count":0,"href":"https:\/\/treurer.com\/ca\/wp-json\/wp\/v2\/pages\/6314\/revisions"}],"wp:featuredmedia":[{"embeddable":true,"href":"https:\/\/treurer.com\/ca\/wp-json\/wp\/v2\/media\/1245"}],"wp:attachment":[{"href":"https:\/\/treurer.com\/ca\/wp-json\/wp\/v2\/media?parent=6314"}],"curies":[{"name":"wp","href":"https:\/\/api.w.org\/{rel}","templated":true}]}}