{"id":6293,"date":"2020-09-09T09:28:51","date_gmt":"2020-09-09T07:28:51","guid":{"rendered":"https:\/\/www.treurer.com\/?page_id=6293"},"modified":"2021-01-31T15:50:40","modified_gmt":"2021-01-31T15:50:40","slug":"finca-esdeveniments-mallorca","status":"publish","type":"page","link":"https:\/\/treurer.com\/ca\/finca-esdeveniments-mallorca\/","title":{"rendered":"Esdeveniment"},"content":{"rendered":"\t\t<div data-elementor-type=\"wp-page\" data-elementor-id=\"6293\" class=\"elementor elementor-6293 elementor-97\" data-elementor-post-type=\"page\">\n\t\t\t\t\t\t<section class=\"elementor-section elementor-top-section elementor-element elementor-element-f9ee08a elementor-section-boxed elementor-section-height-default elementor-section-height-default\" data-id=\"f9ee08a\" data-element_type=\"section\" data-settings=\"{&quot;background_background&quot;:&quot;classic&quot;}\">\n\t\t\t\t\t\t\t<div class=\"elementor-background-overlay\"><\/div>\n\t\t\t\t\t\t\t<div class=\"elementor-container elementor-column-gap-default\">\n\t\t\t\t\t<div class=\"elementor-column elementor-col-100 elementor-top-column elementor-element elementor-element-c27a0e8\" data-id=\"c27a0e8\" data-element_type=\"column\">\n\t\t\t<div class=\"elementor-widget-wrap elementor-element-populated\">\n\t\t\t\t\t\t<div class=\"elementor-element elementor-element-fb5b76a mw1 elementor-widget elementor-widget-heading\" data-id=\"fb5b76a\" data-element_type=\"widget\" data-widget_type=\"heading.default\">\n\t\t\t\t<div class=\"elementor-widget-container\">\n\t\t\t\t\t<h1 class=\"elementor-heading-title elementor-size-default\">Una experi\u00e8ncia inoblidable per als teus clients<\/h1>\t\t\t\t<\/div>\n\t\t\t\t<\/div>\n\t\t\t\t<section class=\"elementor-section elementor-inner-section elementor-element elementor-element-05a7868 elementor-section-boxed elementor-section-height-default elementor-section-height-default\" data-id=\"05a7868\" data-element_type=\"section\">\n\t\t\t\t\t\t<div class=\"elementor-container elementor-column-gap-default\">\n\t\t\t\t\t<div class=\"elementor-column elementor-col-50 elementor-inner-column elementor-element elementor-element-bcf08aa\" data-id=\"bcf08aa\" data-element_type=\"column\" data-settings=\"{&quot;background_background&quot;:&quot;classic&quot;}\">\n\t\t\t<div class=\"elementor-widget-wrap elementor-element-populated\">\n\t\t\t\t\t\t<div class=\"elementor-element elementor-element-7dcf0d5 elementor-align-left btnh elementor-widget elementor-widget-button\" data-id=\"7dcf0d5\" data-element_type=\"widget\" data-widget_type=\"button.default\">\n\t\t\t\t<div class=\"elementor-widget-container\">\n\t\t\t\t\t\t\t\t\t<div class=\"elementor-button-wrapper\">\n\t\t\t\t\t<a class=\"elementor-button elementor-button-link elementor-size-xl\" href=\"https:\/\/treurer.com\/ca\/oleoturisme-mallorca\/\">\n\t\t\t\t\t\t<span class=\"elementor-button-content-wrapper\">\n\t\t\t\t\t\t<span class=\"elementor-button-icon\">\n\t\t\t\t<svg xmlns=\"http:\/\/www.w3.org\/2000\/svg\" xmlns:xlink=\"http:\/\/www.w3.org\/1999\/xlink\" id=\"Capa_1\" x=\"0px\" y=\"0px\" viewBox=\"0 0 50.3056068 26.9587593\" style=\"enable-background:new 0 0 50.3056068 26.9587593;\" xml:space=\"preserve\"><style type=\"text\/css\">\t.st0{fill:#8E9C9C;stroke:#FFFFFF;stroke-linecap:round;stroke-linejoin:round;stroke-miterlimit:10;}<\/style><g>\t<line class=\"st0\" x1=\"3.6613507\" y1=\"13.6930695\" x2=\"46.0218163\" y2=\"13.6930695\"><\/line>\t<line class=\"st0\" x1=\"30.5122108\" y1=\"4.0576105\" x2=\"45.7432022\" y2=\"13.7162876\"><\/line>\t<line class=\"st0\" x1=\"45.7432022\" y1=\"13.6698513\" x2=\"30.5122108\" y2=\"23.3285275\"><\/line><\/g><\/svg>\t\t\t<\/span>\n\t\t\t\t\t\t\t\t\t<span class=\"elementor-button-text\"><span class=\"btnh1\">Visita<\/span><br>el nostre Oleoturisme<\/span>\n\t\t\t\t\t<\/span>\n\t\t\t\t\t<\/a>\n\t\t\t\t<\/div>\n\t\t\t\t\t\t\t\t<\/div>\n\t\t\t\t<\/div>\n\t\t\t\t\t<\/div>\n\t\t<\/div>\n\t\t\t\t<div class=\"elementor-column elementor-col-50 elementor-inner-column elementor-element elementor-element-181ea59\" data-id=\"181ea59\" data-element_type=\"column\" data-settings=\"{&quot;background_background&quot;:&quot;classic&quot;}\">\n\t\t\t<div class=\"elementor-widget-wrap\">\n\t\t\t\t\t\t\t<\/div>\n\t\t<\/div>\n\t\t\t\t\t<\/div>\n\t\t<\/section>\n\t\t\t\t\t<\/div>\n\t\t<\/div>\n\t\t\t\t\t<\/div>\n\t\t<\/section>\n\t\t\t\t<section class=\"elementor-section elementor-top-section elementor-element elementor-element-4db934d elementor-section-boxed elementor-section-height-default elementor-section-height-default\" data-id=\"4db934d\" data-element_type=\"section\">\n\t\t\t\t\t\t<div class=\"elementor-container elementor-column-gap-default\">\n\t\t\t\t\t<div class=\"elementor-column elementor-col-100 elementor-top-column elementor-element elementor-element-c976f10\" data-id=\"c976f10\" data-element_type=\"column\">\n\t\t\t<div class=\"elementor-widget-wrap elementor-element-populated\">\n\t\t\t\t\t\t<div class=\"elementor-element elementor-element-bfda40c mw800 elementor-widget elementor-widget-heading\" data-id=\"bfda40c\" data-element_type=\"widget\" data-widget_type=\"heading.default\">\n\t\t\t\t<div class=\"elementor-widget-container\">\n\t\t\t\t\t<h2 class=\"elementor-heading-title elementor-size-default\">Finca per a esdeveniments a Mallorca<\/h2>\t\t\t\t<\/div>\n\t\t\t\t<\/div>\n\t\t\t\t<div class=\"elementor-element elementor-element-1932bf5 mw800 elementor-widget elementor-widget-text-editor\" data-id=\"1932bf5\" data-element_type=\"widget\" data-widget_type=\"text-editor.default\">\n\t\t\t\t<div class=\"elementor-widget-container\">\n\t\t\t\t\t\t\t\t\t<p>La nostra propietat \u00e9s el paisatge ideal per con\u00e8ixer la hist\u00f2ria, la cultura i les tradicions dels pagesos de Mallorca mitjan\u00e7ant el cultiu d\u2019oli d\u2019oliva. Hem preparat les nostres instal\u00b7lacions perqu\u00e8 la rebuda i estada dels nostres convidats sigui perfecta. A m\u00e9s, els nostres clients gaudiran d\u2019un pla perfectament programat tant en el temps com en les activitats.<\/p>\t\t\t\t\t\t\t\t<\/div>\n\t\t\t\t<\/div>\n\t\t\t\t\t<\/div>\n\t\t<\/div>\n\t\t\t\t\t<\/div>\n\t\t<\/section>\n\t\t\t\t<section class=\"elementor-section elementor-top-section elementor-element elementor-element-1966390 elementor-section-boxed elementor-section-height-default elementor-section-height-default\" data-id=\"1966390\" data-element_type=\"section\" data-settings=\"{&quot;background_background&quot;:&quot;classic&quot;}\">\n\t\t\t\t\t\t<div class=\"elementor-container elementor-column-gap-default\">\n\t\t\t\t\t<div class=\"elementor-column elementor-col-100 elementor-top-column elementor-element elementor-element-0e8a3e9\" data-id=\"0e8a3e9\" data-element_type=\"column\">\n\t\t\t<div class=\"elementor-widget-wrap elementor-element-populated\">\n\t\t\t\t\t\t<div class=\"elementor-element elementor-element-2c68c5a mw800 elementor-widget elementor-widget-heading\" data-id=\"2c68c5a\" data-element_type=\"widget\" data-widget_type=\"heading.default\">\n\t\t\t\t<div class=\"elementor-widget-container\">\n\t\t\t\t\t<h2 class=\"elementor-heading-title elementor-size-default\">Una activitat original que combina l'oci i l'aprenentatge<\/h2>\t\t\t\t<\/div>\n\t\t\t\t<\/div>\n\t\t\t\t<div class=\"elementor-element elementor-element-ee907ff elementor-widget-divider--view-line elementor-widget elementor-widget-divider\" data-id=\"ee907ff\" data-element_type=\"widget\" data-widget_type=\"divider.default\">\n\t\t\t\t<div class=\"elementor-widget-container\">\n\t\t\t\t\t\t\t<div class=\"elementor-divider\">\n\t\t\t<span class=\"elementor-divider-separator\">\n\t\t\t\t\t\t<\/span>\n\t\t<\/div>\n\t\t\t\t\t\t<\/div>\n\t\t\t\t<\/div>\n\t\t\t\t<div class=\"elementor-element elementor-element-ae84985 mw800 elementor-widget elementor-widget-text-editor\" data-id=\"ae84985\" data-element_type=\"widget\" data-widget_type=\"text-editor.default\">\n\t\t\t\t<div class=\"elementor-widget-container\">\n\t\t\t\t\t\t\t\t\t<p>Quan es tracta d\u2019esdeveniments, hi ha vegades que no \u00e9s f\u00e0cil sorprendre als seus clients amb noves experi\u00e8ncies.<\/p>\t\t\t\t\t\t\t\t<\/div>\n\t\t\t\t<\/div>\n\t\t\t\t<div class=\"elementor-element elementor-element-d672a51 mw800 elementor-widget elementor-widget-text-editor\" data-id=\"d672a51\" data-element_type=\"widget\" data-widget_type=\"text-editor.default\">\n\t\t\t\t<div class=\"elementor-widget-container\">\n\t\t\t\t\t\t\t\t\t<p>Per tant, combinar activitats l\u00fadiques i educatives ser\u00e0 perfecte per sorprendre\u2019ls i oferir-los una experi\u00e8ncia que mai no oblidaran. Una cosa \u00e9s segura! Aquesta experi\u00e8ncia els enriquir\u00e0 amb coneixements culturals i pr\u00e0ctics que podran aplicar en la seva vida quotidiana, m\u00e9s enll\u00e0 de la seva estada amb nosaltres.<\/p>\t\t\t\t\t\t\t\t<\/div>\n\t\t\t\t<\/div>\n\t\t\t\t<div class=\"elementor-element elementor-element-193e96b elementor-widget elementor-widget-spacer\" data-id=\"193e96b\" data-element_type=\"widget\" data-widget_type=\"spacer.default\">\n\t\t\t\t<div class=\"elementor-widget-container\">\n\t\t\t\t\t\t\t<div class=\"elementor-spacer\">\n\t\t\t<div class=\"elementor-spacer-inner\"><\/div>\n\t\t<\/div>\n\t\t\t\t\t\t<\/div>\n\t\t\t\t<\/div>\n\t\t\t\t<section class=\"elementor-section elementor-inner-section elementor-element elementor-element-e38102d elementor-section-boxed elementor-section-height-default elementor-section-height-default\" data-id=\"e38102d\" data-element_type=\"section\">\n\t\t\t\t\t\t<div class=\"elementor-container elementor-column-gap-default\">\n\t\t\t\t\t<div class=\"elementor-column elementor-col-50 elementor-inner-column elementor-element elementor-element-3e91ba4\" data-id=\"3e91ba4\" data-element_type=\"column\">\n\t\t\t<div class=\"elementor-widget-wrap elementor-element-populated\">\n\t\t\t\t\t\t<div class=\"elementor-element elementor-element-713c4b9 elementor-widget elementor-widget-heading\" data-id=\"713c4b9\" data-element_type=\"widget\" data-widget_type=\"heading.default\">\n\t\t\t\t<div class=\"elementor-widget-container\">\n\t\t\t\t\t<h3 class=\"elementor-heading-title elementor-size-default\">En qu\u00e8 consisteix la visita a les nostres instal\u00b7lacions?<\/h3>\t\t\t\t<\/div>\n\t\t\t\t<\/div>\n\t\t\t\t<div class=\"elementor-element elementor-element-5e12d05 elementor-align-left elementor-icon-list--layout-traditional elementor-list-item-link-full_width elementor-widget elementor-widget-icon-list\" data-id=\"5e12d05\" data-element_type=\"widget\" data-widget_type=\"icon-list.default\">\n\t\t\t\t<div class=\"elementor-widget-container\">\n\t\t\t\t\t\t\t<ul class=\"elementor-icon-list-items\">\n\t\t\t\t\t\t\t<li class=\"elementor-icon-list-item\">\n\t\t\t\t\t\t\t\t\t\t\t<span class=\"elementor-icon-list-icon\">\n\t\t\t\t\t\t\t<svg xmlns=\"http:\/\/www.w3.org\/2000\/svg\" xmlns:xlink=\"http:\/\/www.w3.org\/1999\/xlink\" id=\"Capa_1\" x=\"0px\" y=\"0px\" viewBox=\"0 0 29.040041 29.0309944\" style=\"enable-background:new 0 0 29.040041 29.0309944;\" xml:space=\"preserve\"><style type=\"text\/css\">\t.st0{fill:none;stroke:#97A3AE;stroke-miterlimit:10;}<\/style><g>\t<circle class=\"st0\" cx=\"14.5375814\" cy=\"14.5056114\" r=\"13.9283857\"><\/circle>\t<polyline class=\"st0\" points=\"8.5268393,13.8227835 12.7009459,20.0130978 22.2768383,10.0547657  \"><\/polyline><\/g><\/svg>\t\t\t\t\t\t<\/span>\n\t\t\t\t\t\t\t\t\t\t<span class=\"elementor-icon-list-text\">Con\u00e8ixer l'olivar, la seva flora i fauna, passejar entre oliveres<\/span>\n\t\t\t\t\t\t\t\t\t<\/li>\n\t\t\t\t\t\t\t\t<li class=\"elementor-icon-list-item\">\n\t\t\t\t\t\t\t\t\t\t\t<span class=\"elementor-icon-list-icon\">\n\t\t\t\t\t\t\t<svg xmlns=\"http:\/\/www.w3.org\/2000\/svg\" xmlns:xlink=\"http:\/\/www.w3.org\/1999\/xlink\" id=\"Capa_1\" x=\"0px\" y=\"0px\" viewBox=\"0 0 29.040041 29.0309944\" style=\"enable-background:new 0 0 29.040041 29.0309944;\" xml:space=\"preserve\"><style type=\"text\/css\">\t.st0{fill:none;stroke:#97A3AE;stroke-miterlimit:10;}<\/style><g>\t<circle class=\"st0\" cx=\"14.5375814\" cy=\"14.5056114\" r=\"13.9283857\"><\/circle>\t<polyline class=\"st0\" points=\"8.5268393,13.8227835 12.7009459,20.0130978 22.2768383,10.0547657  \"><\/polyline><\/g><\/svg>\t\t\t\t\t\t<\/span>\n\t\t\t\t\t\t\t\t\t\t<span class=\"elementor-icon-list-text\">Aprendre quins s\u00f3n els processos de producci\u00f3 de l'oli<\/span>\n\t\t\t\t\t\t\t\t\t<\/li>\n\t\t\t\t\t\t\t\t<li class=\"elementor-icon-list-item\">\n\t\t\t\t\t\t\t\t\t\t\t<span class=\"elementor-icon-list-icon\">\n\t\t\t\t\t\t\t<svg xmlns=\"http:\/\/www.w3.org\/2000\/svg\" xmlns:xlink=\"http:\/\/www.w3.org\/1999\/xlink\" id=\"Capa_1\" x=\"0px\" y=\"0px\" viewBox=\"0 0 29.040041 29.0309944\" style=\"enable-background:new 0 0 29.040041 29.0309944;\" xml:space=\"preserve\"><style type=\"text\/css\">\t.st0{fill:none;stroke:#97A3AE;stroke-miterlimit:10;}<\/style><g>\t<circle class=\"st0\" cx=\"14.5375814\" cy=\"14.5056114\" r=\"13.9283857\"><\/circle>\t<polyline class=\"st0\" points=\"8.5268393,13.8227835 12.7009459,20.0130978 22.2768383,10.0547657  \"><\/polyline><\/g><\/svg>\t\t\t\t\t\t<\/span>\n\t\t\t\t\t\t\t\t\t\t<span class=\"elementor-icon-list-text\">Recon\u00e8ixer un oli d'oliva verge extra<\/span>\n\t\t\t\t\t\t\t\t\t<\/li>\n\t\t\t\t\t\t\t\t<li class=\"elementor-icon-list-item\">\n\t\t\t\t\t\t\t\t\t\t\t<span class=\"elementor-icon-list-icon\">\n\t\t\t\t\t\t\t<svg xmlns=\"http:\/\/www.w3.org\/2000\/svg\" xmlns:xlink=\"http:\/\/www.w3.org\/1999\/xlink\" id=\"Capa_1\" x=\"0px\" y=\"0px\" viewBox=\"0 0 29.040041 29.0309944\" style=\"enable-background:new 0 0 29.040041 29.0309944;\" xml:space=\"preserve\"><style type=\"text\/css\">\t.st0{fill:none;stroke:#97A3AE;stroke-miterlimit:10;}<\/style><g>\t<circle class=\"st0\" cx=\"14.5375814\" cy=\"14.5056114\" r=\"13.9283857\"><\/circle>\t<polyline class=\"st0\" points=\"8.5268393,13.8227835 12.7009459,20.0130978 22.2768383,10.0547657  \"><\/polyline><\/g><\/svg>\t\t\t\t\t\t<\/span>\n\t\t\t\t\t\t\t\t\t\t<span class=\"elementor-icon-list-text\">Degustar la cuina mallorquina lligada a l'oli<\/span>\n\t\t\t\t\t\t\t\t\t<\/li>\n\t\t\t\t\t\t\t\t<li class=\"elementor-icon-list-item\">\n\t\t\t\t\t\t\t\t\t\t\t<span class=\"elementor-icon-list-icon\">\n\t\t\t\t\t\t\t<svg xmlns=\"http:\/\/www.w3.org\/2000\/svg\" xmlns:xlink=\"http:\/\/www.w3.org\/1999\/xlink\" id=\"Capa_1\" x=\"0px\" y=\"0px\" viewBox=\"0 0 29.040041 29.0309944\" style=\"enable-background:new 0 0 29.040041 29.0309944;\" xml:space=\"preserve\"><style type=\"text\/css\">\t.st0{fill:none;stroke:#97A3AE;stroke-miterlimit:10;}<\/style><g>\t<circle class=\"st0\" cx=\"14.5375814\" cy=\"14.5056114\" r=\"13.9283857\"><\/circle>\t<polyline class=\"st0\" points=\"8.5268393,13.8227835 12.7009459,20.0130978 22.2768383,10.0547657  \"><\/polyline><\/g><\/svg>\t\t\t\t\t\t<\/span>\n\t\t\t\t\t\t\t\t\t\t<span class=\"elementor-icon-list-text\">Con\u00e8ixer les tradicions mallorquines de la pagesia<\/span>\n\t\t\t\t\t\t\t\t\t<\/li>\n\t\t\t\t\t\t\t\t<li class=\"elementor-icon-list-item\">\n\t\t\t\t\t\t\t\t\t\t\t<span class=\"elementor-icon-list-icon\">\n\t\t\t\t\t\t\t<svg xmlns=\"http:\/\/www.w3.org\/2000\/svg\" xmlns:xlink=\"http:\/\/www.w3.org\/1999\/xlink\" id=\"Capa_1\" x=\"0px\" y=\"0px\" viewBox=\"0 0 29.040041 29.0309944\" style=\"enable-background:new 0 0 29.040041 29.0309944;\" xml:space=\"preserve\"><style type=\"text\/css\">\t.st0{fill:none;stroke:#97A3AE;stroke-miterlimit:10;}<\/style><g>\t<circle class=\"st0\" cx=\"14.5375814\" cy=\"14.5056114\" r=\"13.9283857\"><\/circle>\t<polyline class=\"st0\" points=\"8.5268393,13.8227835 12.7009459,20.0130978 22.2768383,10.0547657  \"><\/polyline><\/g><\/svg>\t\t\t\t\t\t<\/span>\n\t\t\t\t\t\t\t\t\t\t<span class=\"elementor-icon-list-text\">Con\u00e8ixer a la fam\u00edlia productora<\/span>\n\t\t\t\t\t\t\t\t\t<\/li>\n\t\t\t\t\t\t\t\t<li class=\"elementor-icon-list-item\">\n\t\t\t\t\t\t\t\t\t\t\t<span class=\"elementor-icon-list-icon\">\n\t\t\t\t\t\t\t<svg xmlns=\"http:\/\/www.w3.org\/2000\/svg\" xmlns:xlink=\"http:\/\/www.w3.org\/1999\/xlink\" id=\"Capa_1\" x=\"0px\" y=\"0px\" viewBox=\"0 0 29.040041 29.0309944\" style=\"enable-background:new 0 0 29.040041 29.0309944;\" xml:space=\"preserve\"><style type=\"text\/css\">\t.st0{fill:none;stroke:#97A3AE;stroke-miterlimit:10;}<\/style><g>\t<circle class=\"st0\" cx=\"14.5375814\" cy=\"14.5056114\" r=\"13.9283857\"><\/circle>\t<polyline class=\"st0\" points=\"8.5268393,13.8227835 12.7009459,20.0130978 22.2768383,10.0547657  \"><\/polyline><\/g><\/svg>\t\t\t\t\t\t<\/span>\n\t\t\t\t\t\t\t\t\t\t<span class=\"elementor-icon-list-text\">Visitar la Mallorca interior<\/span>\n\t\t\t\t\t\t\t\t\t<\/li>\n\t\t\t\t\t\t<\/ul>\n\t\t\t\t\t\t<\/div>\n\t\t\t\t<\/div>\n\t\t\t\t\t<\/div>\n\t\t<\/div>\n\t\t\t\t<div class=\"elementor-column elementor-col-50 elementor-inner-column elementor-element elementor-element-72fdcf0\" data-id=\"72fdcf0\" data-element_type=\"column\">\n\t\t\t<div class=\"elementor-widget-wrap elementor-element-populated\">\n\t\t\t\t\t\t<div class=\"elementor-element elementor-element-9c51b68 elementor-widget elementor-widget-heading\" data-id=\"9c51b68\" data-element_type=\"widget\" data-widget_type=\"heading.default\">\n\t\t\t\t<div class=\"elementor-widget-container\">\n\t\t\t\t\t<h3 class=\"elementor-heading-title elementor-size-default\">Qu\u00e8 visitarem durant el recorregut?<\/h3>\t\t\t\t<\/div>\n\t\t\t\t<\/div>\n\t\t\t\t<div class=\"elementor-element elementor-element-ebacea8 elementor-widget elementor-widget-text-editor\" data-id=\"ebacea8\" data-element_type=\"widget\" data-widget_type=\"text-editor.default\">\n\t\t\t\t<div class=\"elementor-widget-container\">\n\t\t\t\t\t\t\t\t\t<p>Olivar &#8211; Casa des Garriguer Segle XVIII &#8211; Magatzem<\/p>\t\t\t\t\t\t\t\t<\/div>\n\t\t\t\t<\/div>\n\t\t\t\t<div class=\"elementor-element elementor-element-2d8ecf4 elementor-widget elementor-widget-heading\" data-id=\"2d8ecf4\" data-element_type=\"widget\" data-widget_type=\"heading.default\">\n\t\t\t\t<div class=\"elementor-widget-container\">\n\t\t\t\t\t<h3 class=\"elementor-heading-title elementor-size-default\">Per a qui est\u00e0 indicada la visita?<\/h3>\t\t\t\t<\/div>\n\t\t\t\t<\/div>\n\t\t\t\t<div class=\"elementor-element elementor-element-7137e15 elementor-widget elementor-widget-text-editor\" data-id=\"7137e15\" data-element_type=\"widget\" data-widget_type=\"text-editor.default\">\n\t\t\t\t<div class=\"elementor-widget-container\">\n\t\t\t\t\t\t\t\t\t<p>El oleoturisme est\u00e0 especialment indicat per a persones interessades en la dieta mediterr\u00e0nia, en el m\u00f3n de l&#8217;oli i, en general, en la hist\u00f2ria i en els productes de la terra de Mallorca.<\/p>\t\t\t\t\t\t\t\t<\/div>\n\t\t\t\t<\/div>\n\t\t\t\t<div class=\"elementor-element elementor-element-dcc5bf1 elementor-widget elementor-widget-heading\" data-id=\"dcc5bf1\" data-element_type=\"widget\" data-widget_type=\"heading.default\">\n\t\t\t\t<div class=\"elementor-widget-container\">\n\t\t\t\t\t<h3 class=\"elementor-heading-title elementor-size-default\">Esdeveniments privats<\/h3>\t\t\t\t<\/div>\n\t\t\t\t<\/div>\n\t\t\t\t<div class=\"elementor-element elementor-element-119a843 elementor-widget elementor-widget-text-editor\" data-id=\"119a843\" data-element_type=\"widget\" data-widget_type=\"text-editor.default\">\n\t\t\t\t<div class=\"elementor-widget-container\">\n\t\t\t\t\t\t\t\t\t<p>La nostra finca \u00e9s un marc que converteix qualsevol esdeveniment en un acte especial. Amb un p\u00e0rquing ampli, vistes des de les nostres cases fins a la vall, on acaba la finca i la possibilitat de contractar un xef que elabori plats de la nostra cuina lligats \u00edntimament al nostre oli i a la nostra tradici\u00f3.<\/p>\t\t\t\t\t\t\t\t<\/div>\n\t\t\t\t<\/div>\n\t\t\t\t\t<\/div>\n\t\t<\/div>\n\t\t\t\t\t<\/div>\n\t\t<\/section>\n\t\t\t\t\t<\/div>\n\t\t<\/div>\n\t\t\t\t\t<\/div>\n\t\t<\/section>\n\t\t\t\t<section class=\"elementor-section elementor-top-section elementor-element elementor-element-44e4181 elementor-section-boxed elementor-section-height-default elementor-section-height-default\" data-id=\"44e4181\" data-element_type=\"section\">\n\t\t\t\t\t\t<div class=\"elementor-container elementor-column-gap-default\">\n\t\t\t\t\t<div class=\"elementor-column elementor-col-100 elementor-top-column elementor-element elementor-element-53d232b\" data-id=\"53d232b\" data-element_type=\"column\">\n\t\t\t<div class=\"elementor-widget-wrap elementor-element-populated\">\n\t\t\t\t\t\t<div class=\"elementor-element elementor-element-548b268 mw800 elementor-widget elementor-widget-text-editor\" data-id=\"548b268\" data-element_type=\"widget\" data-widget_type=\"text-editor.default\">\n\t\t\t\t<div class=\"elementor-widget-container\">\n\t\t\t\t\t\t\t\t\t<p>Un lloc especial que recordaran tots els assistents al teu esdeveniment. Eleg\u00e0ncia, originalitat i molt d&#8217;afecte en els detalls.<\/p>\t\t\t\t\t\t\t\t<\/div>\n\t\t\t\t<\/div>\n\t\t\t\t<div class=\"elementor-element elementor-element-96e50b2 elementor-widget elementor-widget-heading\" data-id=\"96e50b2\" data-element_type=\"widget\" data-widget_type=\"heading.default\">\n\t\t\t\t<div class=\"elementor-widget-container\">\n\t\t\t\t\t<h2 class=\"elementor-heading-title elementor-size-default\">Parlem del teu esdeveniment?<\/h2>\t\t\t\t<\/div>\n\t\t\t\t<\/div>\n\t\t\t\t<div class=\"elementor-element elementor-element-78551b7 elementor-widget elementor-widget-text-editor\" data-id=\"78551b7\" data-element_type=\"widget\" data-widget_type=\"text-editor.default\">\n\t\t\t\t<div class=\"elementor-widget-container\">\n\t\t\t\t\t\t\t\t\t\n\t\t\t\t\t\t<script>\n\t\t\t\t\t\t\twindow.hsFormsOnReady = window.hsFormsOnReady || [];\n\t\t\t\t\t\t\twindow.hsFormsOnReady.push(()=>{\n\t\t\t\t\t\t\t\thbspt.forms.create({\n\t\t\t\t\t\t\t\t\tportalId: 7873078,\n\t\t\t\t\t\t\t\t\tformId: \"be73e7a7-fff1-4e7a-a8e4-f8f962e58163\",\n\t\t\t\t\t\t\t\t\ttarget: \"#hbspt-form-1775571126000-3436839907\",\n\t\t\t\t\t\t\t\t\tregion: \"na1\",\n\t\t\t\t\t\t\t\t\t\n\t\t\t\t\t\t\t})});\n\t\t\t\t\t\t<\/script>\n\t\t\t\t\t\t<div class=\"hbspt-form\" id=\"hbspt-form-1775571126000-3436839907\"><\/div>\t\t\t\t\t\t\t\t<\/div>\n\t\t\t\t<\/div>\n\t\t\t\t\t<\/div>\n\t\t<\/div>\n\t\t\t\t\t<\/div>\n\t\t<\/section>\n\t\t\t\t<section class=\"elementor-section elementor-top-section elementor-element elementor-element-3772aa2 elementor-section-boxed elementor-section-height-default elementor-section-height-default\" data-id=\"3772aa2\" data-element_type=\"section\">\n\t\t\t\t\t\t<div class=\"elementor-container elementor-column-gap-default\">\n\t\t\t\t\t<div class=\"elementor-column elementor-col-100 elementor-top-column elementor-element elementor-element-064b6a7\" data-id=\"064b6a7\" data-element_type=\"column\">\n\t\t\t<div class=\"elementor-widget-wrap elementor-element-populated\">\n\t\t\t\t\t\t<div class=\"elementor-element elementor-element-daab5e6 elementor-widget elementor-widget-video\" data-id=\"daab5e6\" data-element_type=\"widget\" data-settings=\"{&quot;youtube_url&quot;:&quot;https:\\\/\\\/youtu.be\\\/nPTlAARyggs&quot;,&quot;video_type&quot;:&quot;youtube&quot;,&quot;controls&quot;:&quot;yes&quot;}\" data-widget_type=\"video.default\">\n\t\t\t\t<div class=\"elementor-widget-container\">\n\t\t\t\t\t\t\t<div class=\"elementor-wrapper elementor-open-inline\">\n\t\t\t<div class=\"elementor-video\"><\/div>\t\t<\/div>\n\t\t\t\t\t\t<\/div>\n\t\t\t\t<\/div>\n\t\t\t\t<div class=\"elementor-element elementor-element-fded803 elementor-widget elementor-widget-video\" data-id=\"fded803\" data-element_type=\"widget\" data-settings=\"{&quot;youtube_url&quot;:&quot;https:\\\/\\\/www.youtube.com\\\/watch?v=W93pE3HMHgQ&quot;,&quot;video_type&quot;:&quot;youtube&quot;,&quot;controls&quot;:&quot;yes&quot;}\" data-widget_type=\"video.default\">\n\t\t\t\t<div class=\"elementor-widget-container\">\n\t\t\t\t\t\t\t<div class=\"elementor-wrapper elementor-open-inline\">\n\t\t\t<div class=\"elementor-video\"><\/div>\t\t<\/div>\n\t\t\t\t\t\t<\/div>\n\t\t\t\t<\/div>\n\t\t\t\t\t<\/div>\n\t\t<\/div>\n\t\t\t\t\t<\/div>\n\t\t<\/section>\n\t\t\t\t<\/div>\n\t\t","protected":false},"excerpt":{"rendered":"<p>Una experi\u00e8ncia inoblidable per als teus clients \u00a0 Visita el nostre Oleoturisme Finca per a esdeveniments a Mallorca La nostra propietat \u00e9s el paisatge ideal per con\u00e8ixer la hist\u00f2ria, la cultura i les tradicions dels pagesos de Mallorca mitjan\u00e7ant el cultiu d\u2019oli d\u2019oliva. Hem preparat les nostres instal\u00b7lacions perqu\u00e8 la rebuda i estada dels nostres [&hellip;]<\/p>\n","protected":false},"author":3,"featured_media":1477,"parent":0,"menu_order":0,"comment_status":"closed","ping_status":"closed","template":"","meta":{"_acf_changed":false,"content-type":"","_joinchat":[],"footnotes":""},"class_list":["post-6293","page","type-page","status-publish","has-post-thumbnail","hentry"],"acf":[],"_links":{"self":[{"href":"https:\/\/treurer.com\/ca\/wp-json\/wp\/v2\/pages\/6293","targetHints":{"allow":["GET"]}}],"collection":[{"href":"https:\/\/treurer.com\/ca\/wp-json\/wp\/v2\/pages"}],"about":[{"href":"https:\/\/treurer.com\/ca\/wp-json\/wp\/v2\/types\/page"}],"author":[{"embeddable":true,"href":"https:\/\/treurer.com\/ca\/wp-json\/wp\/v2\/users\/3"}],"replies":[{"embeddable":true,"href":"https:\/\/treurer.com\/ca\/wp-json\/wp\/v2\/comments?post=6293"}],"version-history":[{"count":0,"href":"https:\/\/treurer.com\/ca\/wp-json\/wp\/v2\/pages\/6293\/revisions"}],"wp:featuredmedia":[{"embeddable":true,"href":"https:\/\/treurer.com\/ca\/wp-json\/wp\/v2\/media\/1477"}],"wp:attachment":[{"href":"https:\/\/treurer.com\/ca\/wp-json\/wp\/v2\/media?parent=6293"}],"curies":[{"name":"wp","href":"https:\/\/api.w.org\/{rel}","templated":true}]}}